{"id":376,"date":"2018-10-12T09:29:29","date_gmt":"2018-10-12T06:29:29","guid":{"rendered":"https:\/\/stocklot.com.tr\/?post_type=product&#038;p=376"},"modified":"2018-10-26T17:27:20","modified_gmt":"2018-10-26T14:27:20","slug":"duvar-dekorasyon","status":"publish","type":"product","link":"https:\/\/stocklot.com.tr\/en\/product\/duvar-dekorasyon\/","title":{"rendered":"Wall Decoration"},"content":{"rendered":"<h5>Durable Decorative and Hygienic Applications<\/h5>\n<p>Stocklot decoration wall and ceiling coverings are ideal for private and public constructions and renovations. Optimum technical features combined with excellent printability allow unlimited application. Due to the easy and clean installation, even large decoration projects can be carried out easily and quickly with the most modern and classical methods.<\/p>\n<p>Cancelled orders, unsuitability according to European standards, false-sized, expired shelf-life, unfinished stocks, off-season designs, bankruptcy goods and surplus products from the leading factories of Europe are presented to our precious customers with competitive prices. With our professional staff we keep the imports and sale processes on track. You can always trust our delivery speed and product quality. Contact us for further information. <\/p>","protected":false},"excerpt":{"rendered":"<h5>Range of Applications<\/h5>\n<ul>\n<li>Wall Coverings<\/li>\n<li>Ceiling Suspension<\/li>\n<li>Fair and Merchandising<\/li>\n<\/ul>\n<h5>Specialties<\/h5>\n<ul>\n<li>Uninterrupted Width Printing Up to 510 cm<\/li>\n<li>Antistatic and Dust-Free<\/li>\n<li>\u062c\u0645\u0639 \u0628\u0633\u064a\u0637 \u0648\u0646\u0638\u064a\u0641 \u0648\u0633\u0631\u064a\u0639<\/li>\n<li>\u0628\u0646\u064a\u0629 \u0646\u0633\u064a\u062c \u0628\u0635\u0631\u064a\u0629 \u0639\u0627\u0644\u064a\u0629 \u0627\u0644\u062c\u0648\u062f\u0629<\/li>\n<li>Tension according to standard EN 14716<\/li>\n<li>Suitable for Durable and Damp Rooms<\/li>\n<li>PVC and Phthalate Free<\/li>\n<li>Does Not Contain Volatile Organic Compounds (VOC, SVOC, CMR)<\/li>\n<li>CE Certificated<\/li>\n<li>Insensitive to Temperature Fluctuations<\/li>\n<\/ul>","protected":false},"featured_media":377,"template":"","meta":[],"product_brand":[],"product_cat":[129],"product_tag":[],"class_list":{"0":"post-376","1":"product","2":"type-product","3":"status-publish","4":"has-post-thumbnail","6":"product_cat-dekorasyon","8":"first","9":"instock","10":"shipping-taxable","11":"product-type-simple"},"yoast_head":"<!-- This site is optimized with the Yoast SEO plugin v25.3.1 - https:\/\/yoast.com\/wordpress\/plugins\/seo\/ -->\n<title>Duvar Dekorasyon<\/title>\n<meta name=\"robots\" content=\"index, follow, max-snippet:-1, max-image-preview:large, max-video-preview:-1\" \/>\n<link rel=\"canonical\" href=\"https:\/\/stocklot.com.tr\/en\/product\/duvar-dekorasyon\/\" \/>\n<meta property=\"og:locale\" content=\"en_US\" \/>\n<meta property=\"og:type\" content=\"article\" \/>\n<meta property=\"og:title\" content=\"Duvar Dekorasyon\" \/>\n<meta property=\"og:description\" content=\"Uygulama Alanlar\u0131   Duvar Kaplamas\u0131  Tavan S\u00fcspansiyonu  Fuar ve Ma\u011fazac\u0131l\u0131k  \u00d6zellikleri   510 cm&#039;ye Kadar Kesintisiz Geni\u015flikte Yazd\u0131rma  Antistatik ve Tozsuz  Basit, Temiz ve H\u0131zl\u0131 Montaj  Y\u00fcksek Kaliteli Optikli Tekstil Yap\u0131s\u0131  Gerginlik \u00d6rt\u00fc Standard\u0131na G\u00f6re EN 14716  Dayan\u0131kl\u0131 ve Nemli Odalar \u0130\u00e7in Uygundur  PVC ve Ftalat \u0130\u00e7ermez  U\u00e7ucu Organik Bile\u015fikler \u0130\u00e7ermez (VOC, SVOC, CMR)  CE Sertifikal\u0131  S\u0131cakl\u0131k Dalgalanmalar\u0131na Duyars\u0131z\" \/>\n<meta property=\"og:url\" content=\"https:\/\/stocklot.com.tr\/en\/product\/duvar-dekorasyon\/\" \/>\n<meta property=\"og:site_name\" content=\"Stocklot D\u0131\u015f Ticaret\" \/>\n<meta property=\"article:publisher\" content=\"https:\/\/www.facebook.com\/stocklot.branda.7\" \/>\n<meta property=\"article:modified_time\" content=\"2018-10-26T14:27:20+00:00\" \/>\n<meta property=\"og:image\" content=\"https:\/\/stocklot.com.tr\/wp-content\/uploads\/2018\/10\/duvar-kaplama.png\" \/>\n\t<meta property=\"og:image:width\" content=\"500\" \/>\n\t<meta property=\"og:image:height\" content=\"590\" \/>\n\t<meta property=\"og:image:type\" content=\"image\/png\" \/>\n<meta name=\"twitter:card\" content=\"summary_large_image\" \/>\n<meta name=\"twitter:site\" content=\"@stocklottr\" \/>\n<meta name=\"twitter:label1\" content=\"Est. reading time\" \/>\n\t<meta name=\"twitter:data1\" content=\"1 minute\" \/>\n<script type=\"application\/ld+json\" class=\"yoast-schema-graph\">{\"@context\":\"https:\/\/schema.org\",\"@graph\":[{\"@type\":\"WebPage\",\"@id\":\"https:\/\/stocklot.com.tr\/urun\/duvar-dekorasyon\/\",\"url\":\"https:\/\/stocklot.com.tr\/urun\/duvar-dekorasyon\/\",\"name\":\"Duvar Dekorasyon\",\"isPartOf\":{\"@id\":\"https:\/\/stocklot.com.tr\/#website\"},\"primaryImageOfPage\":{\"@id\":\"https:\/\/stocklot.com.tr\/urun\/duvar-dekorasyon\/#primaryimage\"},\"image\":{\"@id\":\"https:\/\/stocklot.com.tr\/urun\/duvar-dekorasyon\/#primaryimage\"},\"thumbnailUrl\":\"https:\/\/stocklot.com.tr\/wp-content\/uploads\/2018\/10\/duvar-kaplama.png\",\"datePublished\":\"2018-10-12T06:29:29+00:00\",\"dateModified\":\"2018-10-26T14:27:20+00:00\",\"breadcrumb\":{\"@id\":\"https:\/\/stocklot.com.tr\/urun\/duvar-dekorasyon\/#breadcrumb\"},\"inLanguage\":\"en-US\",\"potentialAction\":[{\"@type\":\"ReadAction\",\"target\":[\"https:\/\/stocklot.com.tr\/urun\/duvar-dekorasyon\/\"]}]},{\"@type\":\"ImageObject\",\"inLanguage\":\"en-US\",\"@id\":\"https:\/\/stocklot.com.tr\/urun\/duvar-dekorasyon\/#primaryimage\",\"url\":\"https:\/\/stocklot.com.tr\/wp-content\/uploads\/2018\/10\/duvar-kaplama.png\",\"contentUrl\":\"https:\/\/stocklot.com.tr\/wp-content\/uploads\/2018\/10\/duvar-kaplama.png\",\"width\":500,\"height\":590},{\"@type\":\"BreadcrumbList\",\"@id\":\"https:\/\/stocklot.com.tr\/urun\/duvar-dekorasyon\/#breadcrumb\",\"itemListElement\":[{\"@type\":\"ListItem\",\"position\":1,\"name\":\"Ana sayfa\",\"item\":\"https:\/\/stocklot.com.tr\/\"},{\"@type\":\"ListItem\",\"position\":2,\"name\":\"Tedarik A\u011f\u0131m\u0131z\",\"item\":\"https:\/\/stocklot.com.tr\/supply-network\/\"},{\"@type\":\"ListItem\",\"position\":3,\"name\":\"Duvar Dekorasyon\"}]},{\"@type\":\"WebSite\",\"@id\":\"https:\/\/stocklot.com.tr\/#website\",\"url\":\"https:\/\/stocklot.com.tr\/\",\"name\":\"Stocklot D\u0131\u015f Ticaret\",\"description\":\"\",\"publisher\":{\"@id\":\"https:\/\/stocklot.com.tr\/#organization\"},\"potentialAction\":[{\"@type\":\"SearchAction\",\"target\":{\"@type\":\"EntryPoint\",\"urlTemplate\":\"https:\/\/stocklot.com.tr\/?s={search_term_string}\"},\"query-input\":{\"@type\":\"PropertyValueSpecification\",\"valueRequired\":true,\"valueName\":\"search_term_string\"}}],\"inLanguage\":\"en-US\"},{\"@type\":\"Organization\",\"@id\":\"https:\/\/stocklot.com.tr\/#organization\",\"name\":\"Stocklot D\u0131\u015f Ticaret LTD \u015eT\u0130\",\"url\":\"https:\/\/stocklot.com.tr\/\",\"logo\":{\"@type\":\"ImageObject\",\"inLanguage\":\"en-US\",\"@id\":\"https:\/\/stocklot.com.tr\/#\/schema\/logo\/image\/\",\"url\":\"https:\/\/stocklot.com.tr\/wp-content\/uploads\/2018\/08\/logo.png\",\"contentUrl\":\"https:\/\/stocklot.com.tr\/wp-content\/uploads\/2018\/08\/logo.png\",\"width\":329,\"height\":100,\"caption\":\"Stocklot D\u0131\u015f Ticaret LTD \u015eT\u0130\"},\"image\":{\"@id\":\"https:\/\/stocklot.com.tr\/#\/schema\/logo\/image\/\"},\"sameAs\":[\"https:\/\/www.facebook.com\/stocklot.branda.7\",\"https:\/\/x.com\/stocklottr\",\"https:\/\/www.instagram.com\/stocklot.tr\/\",\"https:\/\/www.linkedin.com\/company\/stocklot-dis-ticaret\/\",\"http:\/\/www.youtube.com\/channel\/UC3vVOrCxsWCI7flcrjAglzA\"]}]}<\/script>\n<!-- \/ Yoast SEO plugin. -->","yoast_head_json":{"title":"Duvar Dekorasyon","robots":{"index":"index","follow":"follow","max-snippet":"max-snippet:-1","max-image-preview":"max-image-preview:large","max-video-preview":"max-video-preview:-1"},"canonical":"https:\/\/stocklot.com.tr\/en\/product\/duvar-dekorasyon\/","og_locale":"en_US","og_type":"article","og_title":"Duvar Dekorasyon","og_description":"Uygulama Alanlar\u0131   Duvar Kaplamas\u0131  Tavan S\u00fcspansiyonu  Fuar ve Ma\u011fazac\u0131l\u0131k  \u00d6zellikleri   510 cm'ye Kadar Kesintisiz Geni\u015flikte Yazd\u0131rma  Antistatik ve Tozsuz  Basit, Temiz ve H\u0131zl\u0131 Montaj  Y\u00fcksek Kaliteli Optikli Tekstil Yap\u0131s\u0131  Gerginlik \u00d6rt\u00fc Standard\u0131na G\u00f6re EN 14716  Dayan\u0131kl\u0131 ve Nemli Odalar \u0130\u00e7in Uygundur  PVC ve Ftalat \u0130\u00e7ermez  U\u00e7ucu Organik Bile\u015fikler \u0130\u00e7ermez (VOC, SVOC, CMR)  CE Sertifikal\u0131  S\u0131cakl\u0131k Dalgalanmalar\u0131na Duyars\u0131z","og_url":"https:\/\/stocklot.com.tr\/en\/product\/duvar-dekorasyon\/","og_site_name":"Stocklot D\u0131\u015f Ticaret","article_publisher":"https:\/\/www.facebook.com\/stocklot.branda.7","article_modified_time":"2018-10-26T14:27:20+00:00","og_image":[{"width":500,"height":590,"url":"https:\/\/stocklot.com.tr\/wp-content\/uploads\/2018\/10\/duvar-kaplama.png","type":"image\/png"}],"twitter_card":"summary_large_image","twitter_site":"@stocklottr","twitter_misc":{"Est. reading time":"1 minute"},"schema":{"@context":"https:\/\/schema.org","@graph":[{"@type":"WebPage","@id":"https:\/\/stocklot.com.tr\/urun\/duvar-dekorasyon\/","url":"https:\/\/stocklot.com.tr\/urun\/duvar-dekorasyon\/","name":"Duvar Dekorasyon","isPartOf":{"@id":"https:\/\/stocklot.com.tr\/#website"},"primaryImageOfPage":{"@id":"https:\/\/stocklot.com.tr\/urun\/duvar-dekorasyon\/#primaryimage"},"image":{"@id":"https:\/\/stocklot.com.tr\/urun\/duvar-dekorasyon\/#primaryimage"},"thumbnailUrl":"https:\/\/stocklot.com.tr\/wp-content\/uploads\/2018\/10\/duvar-kaplama.png","datePublished":"2018-10-12T06:29:29+00:00","dateModified":"2018-10-26T14:27:20+00:00","breadcrumb":{"@id":"https:\/\/stocklot.com.tr\/urun\/duvar-dekorasyon\/#breadcrumb"},"inLanguage":"en-US","potentialAction":[{"@type":"ReadAction","target":["https:\/\/stocklot.com.tr\/urun\/duvar-dekorasyon\/"]}]},{"@type":"ImageObject","inLanguage":"en-US","@id":"https:\/\/stocklot.com.tr\/urun\/duvar-dekorasyon\/#primaryimage","url":"https:\/\/stocklot.com.tr\/wp-content\/uploads\/2018\/10\/duvar-kaplama.png","contentUrl":"https:\/\/stocklot.com.tr\/wp-content\/uploads\/2018\/10\/duvar-kaplama.png","width":500,"height":590},{"@type":"BreadcrumbList","@id":"https:\/\/stocklot.com.tr\/urun\/duvar-dekorasyon\/#breadcrumb","itemListElement":[{"@type":"ListItem","position":1,"name":"Ana sayfa","item":"https:\/\/stocklot.com.tr\/"},{"@type":"ListItem","position":2,"name":"Tedarik A\u011f\u0131m\u0131z","item":"https:\/\/stocklot.com.tr\/supply-network\/"},{"@type":"ListItem","position":3,"name":"Duvar Dekorasyon"}]},{"@type":"WebSite","@id":"https:\/\/stocklot.com.tr\/#website","url":"https:\/\/stocklot.com.tr\/","name":"Stocklot D\u0131\u015f Ticaret","description":"","publisher":{"@id":"https:\/\/stocklot.com.tr\/#organization"},"potentialAction":[{"@type":"SearchAction","target":{"@type":"EntryPoint","urlTemplate":"https:\/\/stocklot.com.tr\/?s={search_term_string}"},"query-input":{"@type":"PropertyValueSpecification","valueRequired":true,"valueName":"search_term_string"}}],"inLanguage":"en-US"},{"@type":"Organization","@id":"https:\/\/stocklot.com.tr\/#organization","name":"Stocklot D\u0131\u015f Ticaret LTD \u015eT\u0130","url":"https:\/\/stocklot.com.tr\/","logo":{"@type":"ImageObject","inLanguage":"en-US","@id":"https:\/\/stocklot.com.tr\/#\/schema\/logo\/image\/","url":"https:\/\/stocklot.com.tr\/wp-content\/uploads\/2018\/08\/logo.png","contentUrl":"https:\/\/stocklot.com.tr\/wp-content\/uploads\/2018\/08\/logo.png","width":329,"height":100,"caption":"Stocklot D\u0131\u015f Ticaret LTD \u015eT\u0130"},"image":{"@id":"https:\/\/stocklot.com.tr\/#\/schema\/logo\/image\/"},"sameAs":["https:\/\/www.facebook.com\/stocklot.branda.7","https:\/\/x.com\/stocklottr","https:\/\/www.instagram.com\/stocklot.tr\/","https:\/\/www.linkedin.com\/company\/stocklot-dis-ticaret\/","http:\/\/www.youtube.com\/channel\/UC3vVOrCxsWCI7flcrjAglzA"]}]}},"_links":{"self":[{"href":"https:\/\/stocklot.com.tr\/en\/wp-json\/wp\/v2\/product\/376","targetHints":{"allow":["GET"]}}],"collection":[{"href":"https:\/\/stocklot.com.tr\/en\/wp-json\/wp\/v2\/product"}],"about":[{"href":"https:\/\/stocklot.com.tr\/en\/wp-json\/wp\/v2\/types\/product"}],"wp:featuredmedia":[{"embeddable":true,"href":"https:\/\/stocklot.com.tr\/en\/wp-json\/wp\/v2\/media\/377"}],"wp:attachment":[{"href":"https:\/\/stocklot.com.tr\/en\/wp-json\/wp\/v2\/media?parent=376"}],"wp:term":[{"taxonomy":"product_brand","embeddable":true,"href":"https:\/\/stocklot.com.tr\/en\/wp-json\/wp\/v2\/product_brand?post=376"},{"taxonomy":"product_cat","embeddable":true,"href":"https:\/\/stocklot.com.tr\/en\/wp-json\/wp\/v2\/product_cat?post=376"},{"taxonomy":"product_tag","embeddable":true,"href":"https:\/\/stocklot.com.tr\/en\/wp-json\/wp\/v2\/product_tag?post=376"}],"curies":[{"name":"wp","href":"https:\/\/api.w.org\/{rel}","templated":true}]}}