{"id":374,"date":"2018-10-12T09:30:40","date_gmt":"2018-10-12T06:30:40","guid":{"rendered":"https:\/\/stocklot.com.tr\/?post_type=product&#038;p=374"},"modified":"2018-10-26T17:34:05","modified_gmt":"2018-10-26T14:34:05","slug":"kanvas","status":"publish","type":"product","link":"https:\/\/stocklot.com.tr\/en\/product\/kanvas\/","title":{"rendered":"Canvas"},"content":{"rendered":"<h5>Durable and Vivid Print Quality<\/h5>\n<p>The front and back sides are the same, with a thick structure of linen fabrics are called canvas. Canvas fabrics have a certain point structure. It is a very durable fabric. One of the areas where it is used is the advertising sector. It can be used for many purposes by printing on it. It can also be used as a decor tool by printing in various styles on it and it can also be used as a wall table by wrapping it on pulleys. It is one of the most used fabric types in the textile sector as well as in the advertising sector.<\/p>\n<p>Canvas sportswear brands between fabric and jeans as the structure is indispensable. Those who like to wear sportswear are usually made of canvas fabric. The clothes produced with canvas are both stylish and comfortable. The canvas fabric is durable, combining elegance and comfort to its user. Clothes made of canvas fabric can be used for many years. It is a durable fabric with its heavy and rustic structure. A cotton fabric allows the user to use the summer and winter comfortably. In addition to advertising and textile sector, te canvas fabric takes the first place in upholstery.<\/p>\n<p>Cancelled orders, unsuitability according to European standards, false-sized, expired shelf-life, unfinished stocks, off-season designs, bankruptcy goods and surplus products from the leading factories of Europe are presented to our precious customers with competitive prices. With our professional staff we keep the imports and sale processes on track. You can always trust our delivery speed and product quality. Contact us for further information. <\/p>","protected":false},"excerpt":{"rendered":"<h5>Range of Applications<\/h5>\n<ul>\n<li>Flags and Pennants<\/li>\n<li>Sport Clothes<\/li>\n<li>Canvas and Paintings<\/li>\n<li>Duvet Cover Sets<\/li>\n<li>Billboards<\/li>\n<li>Promotion Products<\/li>\n<\/ul>\n<h5>Specialties<\/h5>\n<ul>\n<li>Very Good Flatness<\/li>\n<li>Easiness in Processing<\/li>\n<li>High Printing Quality<\/li>\n<li>Durable Fabric Quality<\/li>\n<li>Up to 500 cm Production Width<\/li>\n<li>Soft Textile Surface Structure<\/li>\n<li>Printing on One Side with Ordinary Systems<\/li>\n<\/ul>","protected":false},"featured_media":375,"template":"","meta":[],"product_brand":[],"product_cat":[129],"product_tag":[],"class_list":{"0":"post-374","1":"product","2":"type-product","3":"status-publish","4":"has-post-thumbnail","6":"product_cat-dekorasyon","8":"first","9":"instock","10":"shipping-taxable","11":"product-type-simple"},"yoast_head":"<!-- This site is optimized with the Yoast SEO plugin v25.3.1 - https:\/\/yoast.com\/wordpress\/plugins\/seo\/ -->\n<title>Kanvas<\/title>\n<meta name=\"robots\" content=\"index, follow, max-snippet:-1, max-image-preview:large, max-video-preview:-1\" \/>\n<link rel=\"canonical\" href=\"https:\/\/stocklot.com.tr\/en\/produkt\/kanvas\/\" \/>\n<meta property=\"og:locale\" content=\"en_US\" \/>\n<meta property=\"og:type\" content=\"article\" \/>\n<meta property=\"og:title\" content=\"Kanvas\" \/>\n<meta property=\"og:description\" content=\"Uygulama Alanlar\u0131   Bayrak ve Flamalar  Spor Giyim  Tablo ve Boyamalar  Nevresim Yatak \u00d6rt\u00fc Tak\u0131mlar\u0131  Reklam Panolar\u0131  Promosyon \u00dcr\u00fcnleri   \u00d6zellikleri   \u00c7ok \u0130yi D\u00fczl\u00fck  Kolay \u0130\u015flenebilirlik  \u00c7ok \u0130yi Bask\u0131 Kalitesi  Dayan\u0131kl\u0131 Kuma\u015f Kalitesi  500 cm&#039;ye Kadar \u00dcretim Geni\u015fli\u011fi  Yumu\u015fak Tekstil Y\u00fczey Yap\u0131s\u0131  Ola\u011fan Sistemlerle Bir Y\u00fcze Bas\u0131labilme\" \/>\n<meta property=\"og:url\" content=\"https:\/\/stocklot.com.tr\/en\/produkt\/kanvas\/\" \/>\n<meta property=\"og:site_name\" content=\"Stocklot D\u0131\u015f Ticaret\" \/>\n<meta property=\"article:publisher\" content=\"https:\/\/www.facebook.com\/stocklot.branda.7\" \/>\n<meta property=\"article:modified_time\" content=\"2018-10-26T14:34:05+00:00\" \/>\n<meta property=\"og:image\" content=\"https:\/\/stocklot.com.tr\/wp-content\/uploads\/2018\/10\/kanvas.png\" \/>\n\t<meta property=\"og:image:width\" content=\"500\" \/>\n\t<meta property=\"og:image:height\" content=\"590\" \/>\n\t<meta property=\"og:image:type\" content=\"image\/png\" \/>\n<meta name=\"twitter:card\" content=\"summary_large_image\" \/>\n<meta name=\"twitter:site\" content=\"@stocklottr\" \/>\n<meta name=\"twitter:label1\" content=\"Est. reading time\" \/>\n\t<meta name=\"twitter:data1\" content=\"2 minutes\" \/>\n<script type=\"application\/ld+json\" class=\"yoast-schema-graph\">{\"@context\":\"https:\/\/schema.org\",\"@graph\":[{\"@type\":\"WebPage\",\"@id\":\"https:\/\/stocklot.com.tr\/de\/produkt\/kanvas\/\",\"url\":\"https:\/\/stocklot.com.tr\/de\/produkt\/kanvas\/\",\"name\":\"Kanvas\",\"isPartOf\":{\"@id\":\"https:\/\/stocklot.com.tr\/#website\"},\"primaryImageOfPage\":{\"@id\":\"https:\/\/stocklot.com.tr\/de\/produkt\/kanvas\/#primaryimage\"},\"image\":{\"@id\":\"https:\/\/stocklot.com.tr\/de\/produkt\/kanvas\/#primaryimage\"},\"thumbnailUrl\":\"https:\/\/stocklot.com.tr\/wp-content\/uploads\/2018\/10\/kanvas.png\",\"datePublished\":\"2018-10-12T06:30:40+00:00\",\"dateModified\":\"2018-10-26T14:34:05+00:00\",\"breadcrumb\":{\"@id\":\"https:\/\/stocklot.com.tr\/de\/produkt\/kanvas\/#breadcrumb\"},\"inLanguage\":\"en-US\",\"potentialAction\":[{\"@type\":\"ReadAction\",\"target\":[\"https:\/\/stocklot.com.tr\/de\/produkt\/kanvas\/\"]}]},{\"@type\":\"ImageObject\",\"inLanguage\":\"en-US\",\"@id\":\"https:\/\/stocklot.com.tr\/de\/produkt\/kanvas\/#primaryimage\",\"url\":\"https:\/\/stocklot.com.tr\/wp-content\/uploads\/2018\/10\/kanvas.png\",\"contentUrl\":\"https:\/\/stocklot.com.tr\/wp-content\/uploads\/2018\/10\/kanvas.png\",\"width\":500,\"height\":590},{\"@type\":\"BreadcrumbList\",\"@id\":\"https:\/\/stocklot.com.tr\/de\/produkt\/kanvas\/#breadcrumb\",\"itemListElement\":[{\"@type\":\"ListItem\",\"position\":1,\"name\":\"Ana sayfa\",\"item\":\"https:\/\/stocklot.com.tr\/\"},{\"@type\":\"ListItem\",\"position\":2,\"name\":\"Tedarik A\u011f\u0131m\u0131z\",\"item\":\"https:\/\/stocklot.com.tr\/supply-network\/\"},{\"@type\":\"ListItem\",\"position\":3,\"name\":\"Kanvas\"}]},{\"@type\":\"WebSite\",\"@id\":\"https:\/\/stocklot.com.tr\/#website\",\"url\":\"https:\/\/stocklot.com.tr\/\",\"name\":\"Stocklot D\u0131\u015f Ticaret\",\"description\":\"\",\"publisher\":{\"@id\":\"https:\/\/stocklot.com.tr\/#organization\"},\"potentialAction\":[{\"@type\":\"SearchAction\",\"target\":{\"@type\":\"EntryPoint\",\"urlTemplate\":\"https:\/\/stocklot.com.tr\/?s={search_term_string}\"},\"query-input\":{\"@type\":\"PropertyValueSpecification\",\"valueRequired\":true,\"valueName\":\"search_term_string\"}}],\"inLanguage\":\"en-US\"},{\"@type\":\"Organization\",\"@id\":\"https:\/\/stocklot.com.tr\/#organization\",\"name\":\"Stocklot D\u0131\u015f Ticaret LTD \u015eT\u0130\",\"url\":\"https:\/\/stocklot.com.tr\/\",\"logo\":{\"@type\":\"ImageObject\",\"inLanguage\":\"en-US\",\"@id\":\"https:\/\/stocklot.com.tr\/#\/schema\/logo\/image\/\",\"url\":\"https:\/\/stocklot.com.tr\/wp-content\/uploads\/2018\/08\/logo.png\",\"contentUrl\":\"https:\/\/stocklot.com.tr\/wp-content\/uploads\/2018\/08\/logo.png\",\"width\":329,\"height\":100,\"caption\":\"Stocklot D\u0131\u015f Ticaret LTD \u015eT\u0130\"},\"image\":{\"@id\":\"https:\/\/stocklot.com.tr\/#\/schema\/logo\/image\/\"},\"sameAs\":[\"https:\/\/www.facebook.com\/stocklot.branda.7\",\"https:\/\/x.com\/stocklottr\",\"https:\/\/www.instagram.com\/stocklot.tr\/\",\"https:\/\/www.linkedin.com\/company\/stocklot-dis-ticaret\/\",\"http:\/\/www.youtube.com\/channel\/UC3vVOrCxsWCI7flcrjAglzA\"]}]}<\/script>\n<!-- \/ Yoast SEO plugin. -->","yoast_head_json":{"title":"Kanvas","robots":{"index":"index","follow":"follow","max-snippet":"max-snippet:-1","max-image-preview":"max-image-preview:large","max-video-preview":"max-video-preview:-1"},"canonical":"https:\/\/stocklot.com.tr\/en\/produkt\/kanvas\/","og_locale":"en_US","og_type":"article","og_title":"Kanvas","og_description":"Uygulama Alanlar\u0131   Bayrak ve Flamalar  Spor Giyim  Tablo ve Boyamalar  Nevresim Yatak \u00d6rt\u00fc Tak\u0131mlar\u0131  Reklam Panolar\u0131  Promosyon \u00dcr\u00fcnleri   \u00d6zellikleri   \u00c7ok \u0130yi D\u00fczl\u00fck  Kolay \u0130\u015flenebilirlik  \u00c7ok \u0130yi Bask\u0131 Kalitesi  Dayan\u0131kl\u0131 Kuma\u015f Kalitesi  500 cm'ye Kadar \u00dcretim Geni\u015fli\u011fi  Yumu\u015fak Tekstil Y\u00fczey Yap\u0131s\u0131  Ola\u011fan Sistemlerle Bir Y\u00fcze Bas\u0131labilme","og_url":"https:\/\/stocklot.com.tr\/en\/produkt\/kanvas\/","og_site_name":"Stocklot D\u0131\u015f Ticaret","article_publisher":"https:\/\/www.facebook.com\/stocklot.branda.7","article_modified_time":"2018-10-26T14:34:05+00:00","og_image":[{"width":500,"height":590,"url":"https:\/\/stocklot.com.tr\/wp-content\/uploads\/2018\/10\/kanvas.png","type":"image\/png"}],"twitter_card":"summary_large_image","twitter_site":"@stocklottr","twitter_misc":{"Est. reading time":"2 minutes"},"schema":{"@context":"https:\/\/schema.org","@graph":[{"@type":"WebPage","@id":"https:\/\/stocklot.com.tr\/de\/produkt\/kanvas\/","url":"https:\/\/stocklot.com.tr\/de\/produkt\/kanvas\/","name":"Kanvas","isPartOf":{"@id":"https:\/\/stocklot.com.tr\/#website"},"primaryImageOfPage":{"@id":"https:\/\/stocklot.com.tr\/de\/produkt\/kanvas\/#primaryimage"},"image":{"@id":"https:\/\/stocklot.com.tr\/de\/produkt\/kanvas\/#primaryimage"},"thumbnailUrl":"https:\/\/stocklot.com.tr\/wp-content\/uploads\/2018\/10\/kanvas.png","datePublished":"2018-10-12T06:30:40+00:00","dateModified":"2018-10-26T14:34:05+00:00","breadcrumb":{"@id":"https:\/\/stocklot.com.tr\/de\/produkt\/kanvas\/#breadcrumb"},"inLanguage":"en-US","potentialAction":[{"@type":"ReadAction","target":["https:\/\/stocklot.com.tr\/de\/produkt\/kanvas\/"]}]},{"@type":"ImageObject","inLanguage":"en-US","@id":"https:\/\/stocklot.com.tr\/de\/produkt\/kanvas\/#primaryimage","url":"https:\/\/stocklot.com.tr\/wp-content\/uploads\/2018\/10\/kanvas.png","contentUrl":"https:\/\/stocklot.com.tr\/wp-content\/uploads\/2018\/10\/kanvas.png","width":500,"height":590},{"@type":"BreadcrumbList","@id":"https:\/\/stocklot.com.tr\/de\/produkt\/kanvas\/#breadcrumb","itemListElement":[{"@type":"ListItem","position":1,"name":"Ana sayfa","item":"https:\/\/stocklot.com.tr\/"},{"@type":"ListItem","position":2,"name":"Tedarik A\u011f\u0131m\u0131z","item":"https:\/\/stocklot.com.tr\/supply-network\/"},{"@type":"ListItem","position":3,"name":"Kanvas"}]},{"@type":"WebSite","@id":"https:\/\/stocklot.com.tr\/#website","url":"https:\/\/stocklot.com.tr\/","name":"Stocklot D\u0131\u015f Ticaret","description":"","publisher":{"@id":"https:\/\/stocklot.com.tr\/#organization"},"potentialAction":[{"@type":"SearchAction","target":{"@type":"EntryPoint","urlTemplate":"https:\/\/stocklot.com.tr\/?s={search_term_string}"},"query-input":{"@type":"PropertyValueSpecification","valueRequired":true,"valueName":"search_term_string"}}],"inLanguage":"en-US"},{"@type":"Organization","@id":"https:\/\/stocklot.com.tr\/#organization","name":"Stocklot D\u0131\u015f Ticaret LTD \u015eT\u0130","url":"https:\/\/stocklot.com.tr\/","logo":{"@type":"ImageObject","inLanguage":"en-US","@id":"https:\/\/stocklot.com.tr\/#\/schema\/logo\/image\/","url":"https:\/\/stocklot.com.tr\/wp-content\/uploads\/2018\/08\/logo.png","contentUrl":"https:\/\/stocklot.com.tr\/wp-content\/uploads\/2018\/08\/logo.png","width":329,"height":100,"caption":"Stocklot D\u0131\u015f Ticaret LTD \u015eT\u0130"},"image":{"@id":"https:\/\/stocklot.com.tr\/#\/schema\/logo\/image\/"},"sameAs":["https:\/\/www.facebook.com\/stocklot.branda.7","https:\/\/x.com\/stocklottr","https:\/\/www.instagram.com\/stocklot.tr\/","https:\/\/www.linkedin.com\/company\/stocklot-dis-ticaret\/","http:\/\/www.youtube.com\/channel\/UC3vVOrCxsWCI7flcrjAglzA"]}]}},"_links":{"self":[{"href":"https:\/\/stocklot.com.tr\/en\/wp-json\/wp\/v2\/product\/374","targetHints":{"allow":["GET"]}}],"collection":[{"href":"https:\/\/stocklot.com.tr\/en\/wp-json\/wp\/v2\/product"}],"about":[{"href":"https:\/\/stocklot.com.tr\/en\/wp-json\/wp\/v2\/types\/product"}],"wp:featuredmedia":[{"embeddable":true,"href":"https:\/\/stocklot.com.tr\/en\/wp-json\/wp\/v2\/media\/375"}],"wp:attachment":[{"href":"https:\/\/stocklot.com.tr\/en\/wp-json\/wp\/v2\/media?parent=374"}],"wp:term":[{"taxonomy":"product_brand","embeddable":true,"href":"https:\/\/stocklot.com.tr\/en\/wp-json\/wp\/v2\/product_brand?post=374"},{"taxonomy":"product_cat","embeddable":true,"href":"https:\/\/stocklot.com.tr\/en\/wp-json\/wp\/v2\/product_cat?post=374"},{"taxonomy":"product_tag","embeddable":true,"href":"https:\/\/stocklot.com.tr\/en\/wp-json\/wp\/v2\/product_tag?post=374"}],"curies":[{"name":"wp","href":"https:\/\/api.w.org\/{rel}","templated":true}]}}