{"id":372,"date":"2018-10-12T09:31:10","date_gmt":"2018-10-12T06:31:10","guid":{"rendered":"https:\/\/stocklot.com.tr\/?post_type=product&#038;p=372"},"modified":"2018-10-26T17:34:34","modified_gmt":"2018-10-26T14:34:34","slug":"ofset-kagit-grubu","status":"publish","type":"product","link":"https:\/\/stocklot.com.tr\/en\/product\/ofset-kagit-grubu\/","title":{"rendered":"Offset Paper Category"},"content":{"rendered":"<h5>The Most Vivid Colors with Stable Resistance<\/h5>\n<p>Offset name is switched from ''OFF-SET'' from English to Turkish and allows printing on paper and paper-like material up to certain weight. Today, printing of books, magazines, newspapers, brochures and business cards is the most preferred printing system. The preferred method for the printing of daily newspapers is offset printing, especially since a large number of products can be printed at the same time. In offset printing, which is one of the newest printing techniques, the image is drawn on a flattened limestone with an oil-based ink.<\/p>\n<p>A special solution applied after this process is absorbed by the places where the image is not contained and does not penetrate the oily regions forming the image. In offset printing, which is a flat printing technique, hand-made or fabricated molds are used. Although the cost of fabrication molds is slightly higher, the quality is higher than the hand prepared molds. In other words, preferential fabrication in offset printing allows printing to be of higher quality.<\/p>\n<p>Cancelled orders, unsuitability according to European standards, false-sized, expired shelf-life, unfinished stocks, off-season designs, bankruptcy goods and surplus products from the leading factories of Europe are presented to our precious customers with competitive prices. With our professional staff we keep the imports and sale processes on track. You can always trust our delivery speed and product quality. Contact us for further information. <\/p>","protected":false},"excerpt":{"rendered":"<h5>Range of Applications<\/h5>\n<ul>\n<li>Billboards<\/li>\n<li>Banners<\/li>\n<li>Large Format Advertising<\/li>\n<li>Stand Design<\/li>\n<li>Outdoor Advertising<\/li>\n<\/ul>\n<h5>Specialties<\/h5>\n<ul>\n<li>Resistance to Wear and Chemicals<\/li>\n<li>Resistance to abrasion<\/li>\n<li>Unaffected by Light and Colorfast.<\/li>\n<li>Very Good Printability<\/li>\n<li>UV Resistance<\/li>\n<\/ul>","protected":false},"featured_media":373,"template":"","meta":[],"product_brand":[],"product_cat":[40],"product_tag":[],"class_list":{"0":"post-372","1":"product","2":"type-product","3":"status-publish","4":"has-post-thumbnail","6":"product_cat-genel","8":"first","9":"instock","10":"shipping-taxable","11":"product-type-simple"},"yoast_head":"<!-- This site is optimized with the Yoast SEO plugin v25.3.1 - https:\/\/yoast.com\/wordpress\/plugins\/seo\/ -->\n<title>Ofset Ka\u011f\u0131t Grubu<\/title>\n<meta name=\"robots\" content=\"index, follow, max-snippet:-1, max-image-preview:large, max-video-preview:-1\" \/>\n<link rel=\"canonical\" href=\"https:\/\/stocklot.com.tr\/en\/product\/ofset-kagit-grubu\/\" \/>\n<meta property=\"og:locale\" content=\"en_US\" \/>\n<meta property=\"og:type\" content=\"article\" \/>\n<meta property=\"og:title\" content=\"Ofset Ka\u011f\u0131t Grubu\" \/>\n<meta property=\"og:description\" content=\"Uygulama Alanlar\u0131   Reklam Panolar\u0131  Afi\u015fler  Geni\u015f Formatl\u0131 Reklam  Stand Tasar\u0131m\u0131  A\u00e7\u0131k Hava Reklam  \u00d6zellikleri   A\u015f\u0131nmaya ve Kimyasallara Kar\u015f\u0131 Dayan\u0131kl\u0131l\u0131k  S\u00fcrt\u00fcnmeye ve A\u015f\u0131nmaya Kar\u015f\u0131 Diren\u00e7  I\u015f\u0131ktan Etkilenmez ve Solmaz.  \u00c7ok \u0130yi Bas\u0131labilirlik  UV Direnci\" \/>\n<meta property=\"og:url\" content=\"https:\/\/stocklot.com.tr\/en\/product\/ofset-kagit-grubu\/\" \/>\n<meta property=\"og:site_name\" content=\"Stocklot D\u0131\u015f Ticaret\" \/>\n<meta property=\"article:publisher\" content=\"https:\/\/www.facebook.com\/stocklot.branda.7\" \/>\n<meta property=\"article:modified_time\" content=\"2018-10-26T14:34:34+00:00\" \/>\n<meta property=\"og:image\" content=\"https:\/\/stocklot.com.tr\/wp-content\/uploads\/2018\/10\/ofset-kagit.png\" \/>\n\t<meta property=\"og:image:width\" content=\"500\" \/>\n\t<meta property=\"og:image:height\" content=\"590\" \/>\n\t<meta property=\"og:image:type\" content=\"image\/png\" \/>\n<meta name=\"twitter:card\" content=\"summary_large_image\" \/>\n<meta name=\"twitter:site\" content=\"@stocklottr\" \/>\n<meta name=\"twitter:label1\" content=\"Est. reading time\" \/>\n\t<meta name=\"twitter:data1\" content=\"2 minutes\" \/>\n<script type=\"application\/ld+json\" class=\"yoast-schema-graph\">{\"@context\":\"https:\/\/schema.org\",\"@graph\":[{\"@type\":\"WebPage\",\"@id\":\"https:\/\/stocklot.com.tr\/ar\/product\/ofset-kagit-grubu\/\",\"url\":\"https:\/\/stocklot.com.tr\/ar\/product\/ofset-kagit-grubu\/\",\"name\":\"Ofset Ka\u011f\u0131t Grubu\",\"isPartOf\":{\"@id\":\"https:\/\/stocklot.com.tr\/#website\"},\"primaryImageOfPage\":{\"@id\":\"https:\/\/stocklot.com.tr\/ar\/product\/ofset-kagit-grubu\/#primaryimage\"},\"image\":{\"@id\":\"https:\/\/stocklot.com.tr\/ar\/product\/ofset-kagit-grubu\/#primaryimage\"},\"thumbnailUrl\":\"https:\/\/stocklot.com.tr\/wp-content\/uploads\/2018\/10\/ofset-kagit.png\",\"datePublished\":\"2018-10-12T06:31:10+00:00\",\"dateModified\":\"2018-10-26T14:34:34+00:00\",\"breadcrumb\":{\"@id\":\"https:\/\/stocklot.com.tr\/ar\/product\/ofset-kagit-grubu\/#breadcrumb\"},\"inLanguage\":\"en-US\",\"potentialAction\":[{\"@type\":\"ReadAction\",\"target\":[\"https:\/\/stocklot.com.tr\/ar\/product\/ofset-kagit-grubu\/\"]}]},{\"@type\":\"ImageObject\",\"inLanguage\":\"en-US\",\"@id\":\"https:\/\/stocklot.com.tr\/ar\/product\/ofset-kagit-grubu\/#primaryimage\",\"url\":\"https:\/\/stocklot.com.tr\/wp-content\/uploads\/2018\/10\/ofset-kagit.png\",\"contentUrl\":\"https:\/\/stocklot.com.tr\/wp-content\/uploads\/2018\/10\/ofset-kagit.png\",\"width\":500,\"height\":590},{\"@type\":\"BreadcrumbList\",\"@id\":\"https:\/\/stocklot.com.tr\/ar\/product\/ofset-kagit-grubu\/#breadcrumb\",\"itemListElement\":[{\"@type\":\"ListItem\",\"position\":1,\"name\":\"Ana sayfa\",\"item\":\"https:\/\/stocklot.com.tr\/\"},{\"@type\":\"ListItem\",\"position\":2,\"name\":\"Tedarik A\u011f\u0131m\u0131z\",\"item\":\"https:\/\/stocklot.com.tr\/supply-network\/\"},{\"@type\":\"ListItem\",\"position\":3,\"name\":\"Ofset Ka\u011f\u0131t Grubu\"}]},{\"@type\":\"WebSite\",\"@id\":\"https:\/\/stocklot.com.tr\/#website\",\"url\":\"https:\/\/stocklot.com.tr\/\",\"name\":\"Stocklot D\u0131\u015f Ticaret\",\"description\":\"\",\"publisher\":{\"@id\":\"https:\/\/stocklot.com.tr\/#organization\"},\"potentialAction\":[{\"@type\":\"SearchAction\",\"target\":{\"@type\":\"EntryPoint\",\"urlTemplate\":\"https:\/\/stocklot.com.tr\/?s={search_term_string}\"},\"query-input\":{\"@type\":\"PropertyValueSpecification\",\"valueRequired\":true,\"valueName\":\"search_term_string\"}}],\"inLanguage\":\"en-US\"},{\"@type\":\"Organization\",\"@id\":\"https:\/\/stocklot.com.tr\/#organization\",\"name\":\"Stocklot D\u0131\u015f Ticaret LTD \u015eT\u0130\",\"url\":\"https:\/\/stocklot.com.tr\/\",\"logo\":{\"@type\":\"ImageObject\",\"inLanguage\":\"en-US\",\"@id\":\"https:\/\/stocklot.com.tr\/#\/schema\/logo\/image\/\",\"url\":\"https:\/\/stocklot.com.tr\/wp-content\/uploads\/2018\/08\/logo.png\",\"contentUrl\":\"https:\/\/stocklot.com.tr\/wp-content\/uploads\/2018\/08\/logo.png\",\"width\":329,\"height\":100,\"caption\":\"Stocklot D\u0131\u015f Ticaret LTD \u015eT\u0130\"},\"image\":{\"@id\":\"https:\/\/stocklot.com.tr\/#\/schema\/logo\/image\/\"},\"sameAs\":[\"https:\/\/www.facebook.com\/stocklot.branda.7\",\"https:\/\/x.com\/stocklottr\",\"https:\/\/www.instagram.com\/stocklot.tr\/\",\"https:\/\/www.linkedin.com\/company\/stocklot-dis-ticaret\/\",\"http:\/\/www.youtube.com\/channel\/UC3vVOrCxsWCI7flcrjAglzA\"]}]}<\/script>\n<!-- \/ Yoast SEO plugin. -->","yoast_head_json":{"title":"Ofset Ka\u011f\u0131t Grubu","robots":{"index":"index","follow":"follow","max-snippet":"max-snippet:-1","max-image-preview":"max-image-preview:large","max-video-preview":"max-video-preview:-1"},"canonical":"https:\/\/stocklot.com.tr\/en\/product\/ofset-kagit-grubu\/","og_locale":"en_US","og_type":"article","og_title":"Ofset Ka\u011f\u0131t Grubu","og_description":"Uygulama Alanlar\u0131   Reklam Panolar\u0131  Afi\u015fler  Geni\u015f Formatl\u0131 Reklam  Stand Tasar\u0131m\u0131  A\u00e7\u0131k Hava Reklam  \u00d6zellikleri   A\u015f\u0131nmaya ve Kimyasallara Kar\u015f\u0131 Dayan\u0131kl\u0131l\u0131k  S\u00fcrt\u00fcnmeye ve A\u015f\u0131nmaya Kar\u015f\u0131 Diren\u00e7  I\u015f\u0131ktan Etkilenmez ve Solmaz.  \u00c7ok \u0130yi Bas\u0131labilirlik  UV Direnci","og_url":"https:\/\/stocklot.com.tr\/en\/product\/ofset-kagit-grubu\/","og_site_name":"Stocklot D\u0131\u015f Ticaret","article_publisher":"https:\/\/www.facebook.com\/stocklot.branda.7","article_modified_time":"2018-10-26T14:34:34+00:00","og_image":[{"width":500,"height":590,"url":"https:\/\/stocklot.com.tr\/wp-content\/uploads\/2018\/10\/ofset-kagit.png","type":"image\/png"}],"twitter_card":"summary_large_image","twitter_site":"@stocklottr","twitter_misc":{"Est. reading time":"2 minutes"},"schema":{"@context":"https:\/\/schema.org","@graph":[{"@type":"WebPage","@id":"https:\/\/stocklot.com.tr\/ar\/product\/ofset-kagit-grubu\/","url":"https:\/\/stocklot.com.tr\/ar\/product\/ofset-kagit-grubu\/","name":"Ofset Ka\u011f\u0131t Grubu","isPartOf":{"@id":"https:\/\/stocklot.com.tr\/#website"},"primaryImageOfPage":{"@id":"https:\/\/stocklot.com.tr\/ar\/product\/ofset-kagit-grubu\/#primaryimage"},"image":{"@id":"https:\/\/stocklot.com.tr\/ar\/product\/ofset-kagit-grubu\/#primaryimage"},"thumbnailUrl":"https:\/\/stocklot.com.tr\/wp-content\/uploads\/2018\/10\/ofset-kagit.png","datePublished":"2018-10-12T06:31:10+00:00","dateModified":"2018-10-26T14:34:34+00:00","breadcrumb":{"@id":"https:\/\/stocklot.com.tr\/ar\/product\/ofset-kagit-grubu\/#breadcrumb"},"inLanguage":"en-US","potentialAction":[{"@type":"ReadAction","target":["https:\/\/stocklot.com.tr\/ar\/product\/ofset-kagit-grubu\/"]}]},{"@type":"ImageObject","inLanguage":"en-US","@id":"https:\/\/stocklot.com.tr\/ar\/product\/ofset-kagit-grubu\/#primaryimage","url":"https:\/\/stocklot.com.tr\/wp-content\/uploads\/2018\/10\/ofset-kagit.png","contentUrl":"https:\/\/stocklot.com.tr\/wp-content\/uploads\/2018\/10\/ofset-kagit.png","width":500,"height":590},{"@type":"BreadcrumbList","@id":"https:\/\/stocklot.com.tr\/ar\/product\/ofset-kagit-grubu\/#breadcrumb","itemListElement":[{"@type":"ListItem","position":1,"name":"Ana sayfa","item":"https:\/\/stocklot.com.tr\/"},{"@type":"ListItem","position":2,"name":"Tedarik A\u011f\u0131m\u0131z","item":"https:\/\/stocklot.com.tr\/supply-network\/"},{"@type":"ListItem","position":3,"name":"Ofset Ka\u011f\u0131t Grubu"}]},{"@type":"WebSite","@id":"https:\/\/stocklot.com.tr\/#website","url":"https:\/\/stocklot.com.tr\/","name":"Stocklot D\u0131\u015f Ticaret","description":"","publisher":{"@id":"https:\/\/stocklot.com.tr\/#organization"},"potentialAction":[{"@type":"SearchAction","target":{"@type":"EntryPoint","urlTemplate":"https:\/\/stocklot.com.tr\/?s={search_term_string}"},"query-input":{"@type":"PropertyValueSpecification","valueRequired":true,"valueName":"search_term_string"}}],"inLanguage":"en-US"},{"@type":"Organization","@id":"https:\/\/stocklot.com.tr\/#organization","name":"Stocklot D\u0131\u015f Ticaret LTD \u015eT\u0130","url":"https:\/\/stocklot.com.tr\/","logo":{"@type":"ImageObject","inLanguage":"en-US","@id":"https:\/\/stocklot.com.tr\/#\/schema\/logo\/image\/","url":"https:\/\/stocklot.com.tr\/wp-content\/uploads\/2018\/08\/logo.png","contentUrl":"https:\/\/stocklot.com.tr\/wp-content\/uploads\/2018\/08\/logo.png","width":329,"height":100,"caption":"Stocklot D\u0131\u015f Ticaret LTD \u015eT\u0130"},"image":{"@id":"https:\/\/stocklot.com.tr\/#\/schema\/logo\/image\/"},"sameAs":["https:\/\/www.facebook.com\/stocklot.branda.7","https:\/\/x.com\/stocklottr","https:\/\/www.instagram.com\/stocklot.tr\/","https:\/\/www.linkedin.com\/company\/stocklot-dis-ticaret\/","http:\/\/www.youtube.com\/channel\/UC3vVOrCxsWCI7flcrjAglzA"]}]}},"_links":{"self":[{"href":"https:\/\/stocklot.com.tr\/en\/wp-json\/wp\/v2\/product\/372","targetHints":{"allow":["GET"]}}],"collection":[{"href":"https:\/\/stocklot.com.tr\/en\/wp-json\/wp\/v2\/product"}],"about":[{"href":"https:\/\/stocklot.com.tr\/en\/wp-json\/wp\/v2\/types\/product"}],"wp:featuredmedia":[{"embeddable":true,"href":"https:\/\/stocklot.com.tr\/en\/wp-json\/wp\/v2\/media\/373"}],"wp:attachment":[{"href":"https:\/\/stocklot.com.tr\/en\/wp-json\/wp\/v2\/media?parent=372"}],"wp:term":[{"taxonomy":"product_brand","embeddable":true,"href":"https:\/\/stocklot.com.tr\/en\/wp-json\/wp\/v2\/product_brand?post=372"},{"taxonomy":"product_cat","embeddable":true,"href":"https:\/\/stocklot.com.tr\/en\/wp-json\/wp\/v2\/product_cat?post=372"},{"taxonomy":"product_tag","embeddable":true,"href":"https:\/\/stocklot.com.tr\/en\/wp-json\/wp\/v2\/product_tag?post=372"}],"curies":[{"name":"wp","href":"https:\/\/api.w.org\/{rel}","templated":true}]}}