{"id":353,"date":"2018-10-12T09:44:49","date_gmt":"2018-10-12T06:44:49","guid":{"rendered":"https:\/\/stocklot.com.tr\/?post_type=product&#038;p=353"},"modified":"2018-10-18T17:02:32","modified_gmt":"2018-10-18T14:02:32","slug":"koli-bandi-ve-spesifik-bantlar","status":"publish","type":"product","link":"https:\/\/stocklot.com.tr\/en\/product\/koli-bandi-ve-spesifik-bantlar\/","title":{"rendered":"Duct Tape and Specific Tapes"},"content":{"rendered":"<h5>Practical Applications<\/h5>\n<p>While the duct tape appears to be an auxiliary packaging material during the packaging stages, the duct tape serves as the main material rather than an auxiliary material, because the products you have packaged will change a lot of hands until the last point you will reach and the quality of the duct tape you use will prevent your products from being opened safely. Keeps your products safe until they open and arrive smoothly. Packaging and packaging products Stocklot offering solutions to your needs; offers quality products, product guarantee, reasonable prices and 100% customer satisfaction.<\/p>\n<p>Cancelled orders, unsuitability according to European standards, false-sized, expired shelf-life, unfinished stocks, off-season designs, bankruptcy goods and surplus products from the leading factories of Europe are presented to our precious customers with competitive prices. With our professional staff we keep the imports and sale processes on track. You can always trust our delivery speed and product quality. Contact us for further information <\/p>","protected":false},"excerpt":{"rendered":"<h5>Range of Applications<\/h5>\n<ul>\n<li>Repairs and Reforms<\/li>\n<li>Decoration<\/li>\n<li>Packaging<\/li>\n<li>Medical Applications<\/li>\n<li>Promotion<\/li>\n<\/ul>\n<h5>Specialties<\/h5>\n<ul>\n<li>High Quality Adhesion<\/li>\n<li>All Types of Sizes<\/li>\n<li>Two-Side Use<\/li>\n<li>Wear Resistance<\/li>\n<li>Hygienic Chemical<\/li>\n<\/ul>","protected":false},"featured_media":354,"template":"","meta":[],"product_brand":[],"product_cat":[40],"product_tag":[],"class_list":{"0":"post-353","1":"product","2":"type-product","3":"status-publish","4":"has-post-thumbnail","6":"product_cat-genel","8":"first","9":"instock","10":"shipping-taxable","11":"product-type-simple"},"yoast_head":"<!-- This site is optimized with the Yoast SEO plugin v25.3.1 - https:\/\/yoast.com\/wordpress\/plugins\/seo\/ -->\n<title>Koli Band\u0131 ve Spesifik Bantlar<\/title>\n<meta name=\"robots\" content=\"index, follow, max-snippet:-1, max-image-preview:large, max-video-preview:-1\" \/>\n<link rel=\"canonical\" href=\"https:\/\/stocklot.com.tr\/en\/product\/koli-bandi-ve-spesifik-bantlar\/\" \/>\n<meta property=\"og:locale\" content=\"en_US\" \/>\n<meta property=\"og:type\" content=\"article\" \/>\n<meta property=\"og:title\" content=\"Koli Band\u0131 ve Spesifik Bantlar\" \/>\n<meta property=\"og:description\" content=\"Uygulama Alanlar\u0131   Tamirat Tadilat  Dekorasyon  Paketleme  Sa\u011fl\u0131k Uygulamalar\u0131  Promosyon  \u00d6zellikleri   Y\u00fcksek Kalitede Yap\u0131\u015fma  Her \u00c7e\u015fit Boy ve Ebat  \u00c7ift Tarafl\u0131 Kullan\u0131m  A\u015f\u0131nmaya Kar\u015f\u0131 Diren\u00e7  Hijyenik Kimyasal\" \/>\n<meta property=\"og:url\" content=\"https:\/\/stocklot.com.tr\/en\/product\/koli-bandi-ve-spesifik-bantlar\/\" \/>\n<meta property=\"og:site_name\" content=\"Stocklot D\u0131\u015f Ticaret\" \/>\n<meta property=\"article:publisher\" content=\"https:\/\/www.facebook.com\/stocklot.branda.7\" \/>\n<meta property=\"article:modified_time\" content=\"2018-10-18T14:02:32+00:00\" \/>\n<meta property=\"og:image\" content=\"https:\/\/stocklot.com.tr\/wp-content\/uploads\/2018\/10\/koli-bandi-ve-spesifik-bantlar.png\" \/>\n\t<meta property=\"og:image:width\" content=\"500\" \/>\n\t<meta property=\"og:image:height\" content=\"590\" \/>\n\t<meta property=\"og:image:type\" content=\"image\/png\" \/>\n<meta name=\"twitter:card\" content=\"summary_large_image\" \/>\n<meta name=\"twitter:site\" content=\"@stocklottr\" \/>\n<meta name=\"twitter:label1\" content=\"Est. reading time\" \/>\n\t<meta name=\"twitter:data1\" content=\"1 minute\" \/>\n<script type=\"application\/ld+json\" class=\"yoast-schema-graph\">{\"@context\":\"https:\/\/schema.org\",\"@graph\":[{\"@type\":\"WebPage\",\"@id\":\"https:\/\/stocklot.com.tr\/ar\/product\/koli-bandi-ve-spesifik-bantlar\/\",\"url\":\"https:\/\/stocklot.com.tr\/ar\/product\/koli-bandi-ve-spesifik-bantlar\/\",\"name\":\"Koli Band\u0131 ve Spesifik Bantlar\",\"isPartOf\":{\"@id\":\"https:\/\/stocklot.com.tr\/#website\"},\"primaryImageOfPage\":{\"@id\":\"https:\/\/stocklot.com.tr\/ar\/product\/koli-bandi-ve-spesifik-bantlar\/#primaryimage\"},\"image\":{\"@id\":\"https:\/\/stocklot.com.tr\/ar\/product\/koli-bandi-ve-spesifik-bantlar\/#primaryimage\"},\"thumbnailUrl\":\"https:\/\/stocklot.com.tr\/wp-content\/uploads\/2018\/10\/koli-bandi-ve-spesifik-bantlar.png\",\"datePublished\":\"2018-10-12T06:44:49+00:00\",\"dateModified\":\"2018-10-18T14:02:32+00:00\",\"breadcrumb\":{\"@id\":\"https:\/\/stocklot.com.tr\/ar\/product\/koli-bandi-ve-spesifik-bantlar\/#breadcrumb\"},\"inLanguage\":\"en-US\",\"potentialAction\":[{\"@type\":\"ReadAction\",\"target\":[\"https:\/\/stocklot.com.tr\/ar\/product\/koli-bandi-ve-spesifik-bantlar\/\"]}]},{\"@type\":\"ImageObject\",\"inLanguage\":\"en-US\",\"@id\":\"https:\/\/stocklot.com.tr\/ar\/product\/koli-bandi-ve-spesifik-bantlar\/#primaryimage\",\"url\":\"https:\/\/stocklot.com.tr\/wp-content\/uploads\/2018\/10\/koli-bandi-ve-spesifik-bantlar.png\",\"contentUrl\":\"https:\/\/stocklot.com.tr\/wp-content\/uploads\/2018\/10\/koli-bandi-ve-spesifik-bantlar.png\",\"width\":500,\"height\":590},{\"@type\":\"BreadcrumbList\",\"@id\":\"https:\/\/stocklot.com.tr\/ar\/product\/koli-bandi-ve-spesifik-bantlar\/#breadcrumb\",\"itemListElement\":[{\"@type\":\"ListItem\",\"position\":1,\"name\":\"Ana sayfa\",\"item\":\"https:\/\/stocklot.com.tr\/\"},{\"@type\":\"ListItem\",\"position\":2,\"name\":\"Tedarik A\u011f\u0131m\u0131z\",\"item\":\"https:\/\/stocklot.com.tr\/supply-network\/\"},{\"@type\":\"ListItem\",\"position\":3,\"name\":\"Koli Band\u0131 ve Spesifik Bantlar\"}]},{\"@type\":\"WebSite\",\"@id\":\"https:\/\/stocklot.com.tr\/#website\",\"url\":\"https:\/\/stocklot.com.tr\/\",\"name\":\"Stocklot D\u0131\u015f Ticaret\",\"description\":\"\",\"publisher\":{\"@id\":\"https:\/\/stocklot.com.tr\/#organization\"},\"potentialAction\":[{\"@type\":\"SearchAction\",\"target\":{\"@type\":\"EntryPoint\",\"urlTemplate\":\"https:\/\/stocklot.com.tr\/?s={search_term_string}\"},\"query-input\":{\"@type\":\"PropertyValueSpecification\",\"valueRequired\":true,\"valueName\":\"search_term_string\"}}],\"inLanguage\":\"en-US\"},{\"@type\":\"Organization\",\"@id\":\"https:\/\/stocklot.com.tr\/#organization\",\"name\":\"Stocklot D\u0131\u015f Ticaret LTD \u015eT\u0130\",\"url\":\"https:\/\/stocklot.com.tr\/\",\"logo\":{\"@type\":\"ImageObject\",\"inLanguage\":\"en-US\",\"@id\":\"https:\/\/stocklot.com.tr\/#\/schema\/logo\/image\/\",\"url\":\"https:\/\/stocklot.com.tr\/wp-content\/uploads\/2018\/08\/logo.png\",\"contentUrl\":\"https:\/\/stocklot.com.tr\/wp-content\/uploads\/2018\/08\/logo.png\",\"width\":329,\"height\":100,\"caption\":\"Stocklot D\u0131\u015f Ticaret LTD \u015eT\u0130\"},\"image\":{\"@id\":\"https:\/\/stocklot.com.tr\/#\/schema\/logo\/image\/\"},\"sameAs\":[\"https:\/\/www.facebook.com\/stocklot.branda.7\",\"https:\/\/x.com\/stocklottr\",\"https:\/\/www.instagram.com\/stocklot.tr\/\",\"https:\/\/www.linkedin.com\/company\/stocklot-dis-ticaret\/\",\"http:\/\/www.youtube.com\/channel\/UC3vVOrCxsWCI7flcrjAglzA\"]}]}<\/script>\n<!-- \/ Yoast SEO plugin. -->","yoast_head_json":{"title":"Koli Band\u0131 ve Spesifik Bantlar","robots":{"index":"index","follow":"follow","max-snippet":"max-snippet:-1","max-image-preview":"max-image-preview:large","max-video-preview":"max-video-preview:-1"},"canonical":"https:\/\/stocklot.com.tr\/en\/product\/koli-bandi-ve-spesifik-bantlar\/","og_locale":"en_US","og_type":"article","og_title":"Koli Band\u0131 ve Spesifik Bantlar","og_description":"Uygulama Alanlar\u0131   Tamirat Tadilat  Dekorasyon  Paketleme  Sa\u011fl\u0131k Uygulamalar\u0131  Promosyon  \u00d6zellikleri   Y\u00fcksek Kalitede Yap\u0131\u015fma  Her \u00c7e\u015fit Boy ve Ebat  \u00c7ift Tarafl\u0131 Kullan\u0131m  A\u015f\u0131nmaya Kar\u015f\u0131 Diren\u00e7  Hijyenik Kimyasal","og_url":"https:\/\/stocklot.com.tr\/en\/product\/koli-bandi-ve-spesifik-bantlar\/","og_site_name":"Stocklot D\u0131\u015f Ticaret","article_publisher":"https:\/\/www.facebook.com\/stocklot.branda.7","article_modified_time":"2018-10-18T14:02:32+00:00","og_image":[{"width":500,"height":590,"url":"https:\/\/stocklot.com.tr\/wp-content\/uploads\/2018\/10\/koli-bandi-ve-spesifik-bantlar.png","type":"image\/png"}],"twitter_card":"summary_large_image","twitter_site":"@stocklottr","twitter_misc":{"Est. reading time":"1 minute"},"schema":{"@context":"https:\/\/schema.org","@graph":[{"@type":"WebPage","@id":"https:\/\/stocklot.com.tr\/ar\/product\/koli-bandi-ve-spesifik-bantlar\/","url":"https:\/\/stocklot.com.tr\/ar\/product\/koli-bandi-ve-spesifik-bantlar\/","name":"Koli Band\u0131 ve Spesifik Bantlar","isPartOf":{"@id":"https:\/\/stocklot.com.tr\/#website"},"primaryImageOfPage":{"@id":"https:\/\/stocklot.com.tr\/ar\/product\/koli-bandi-ve-spesifik-bantlar\/#primaryimage"},"image":{"@id":"https:\/\/stocklot.com.tr\/ar\/product\/koli-bandi-ve-spesifik-bantlar\/#primaryimage"},"thumbnailUrl":"https:\/\/stocklot.com.tr\/wp-content\/uploads\/2018\/10\/koli-bandi-ve-spesifik-bantlar.png","datePublished":"2018-10-12T06:44:49+00:00","dateModified":"2018-10-18T14:02:32+00:00","breadcrumb":{"@id":"https:\/\/stocklot.com.tr\/ar\/product\/koli-bandi-ve-spesifik-bantlar\/#breadcrumb"},"inLanguage":"en-US","potentialAction":[{"@type":"ReadAction","target":["https:\/\/stocklot.com.tr\/ar\/product\/koli-bandi-ve-spesifik-bantlar\/"]}]},{"@type":"ImageObject","inLanguage":"en-US","@id":"https:\/\/stocklot.com.tr\/ar\/product\/koli-bandi-ve-spesifik-bantlar\/#primaryimage","url":"https:\/\/stocklot.com.tr\/wp-content\/uploads\/2018\/10\/koli-bandi-ve-spesifik-bantlar.png","contentUrl":"https:\/\/stocklot.com.tr\/wp-content\/uploads\/2018\/10\/koli-bandi-ve-spesifik-bantlar.png","width":500,"height":590},{"@type":"BreadcrumbList","@id":"https:\/\/stocklot.com.tr\/ar\/product\/koli-bandi-ve-spesifik-bantlar\/#breadcrumb","itemListElement":[{"@type":"ListItem","position":1,"name":"Ana sayfa","item":"https:\/\/stocklot.com.tr\/"},{"@type":"ListItem","position":2,"name":"Tedarik A\u011f\u0131m\u0131z","item":"https:\/\/stocklot.com.tr\/supply-network\/"},{"@type":"ListItem","position":3,"name":"Koli Band\u0131 ve Spesifik Bantlar"}]},{"@type":"WebSite","@id":"https:\/\/stocklot.com.tr\/#website","url":"https:\/\/stocklot.com.tr\/","name":"Stocklot D\u0131\u015f Ticaret","description":"","publisher":{"@id":"https:\/\/stocklot.com.tr\/#organization"},"potentialAction":[{"@type":"SearchAction","target":{"@type":"EntryPoint","urlTemplate":"https:\/\/stocklot.com.tr\/?s={search_term_string}"},"query-input":{"@type":"PropertyValueSpecification","valueRequired":true,"valueName":"search_term_string"}}],"inLanguage":"en-US"},{"@type":"Organization","@id":"https:\/\/stocklot.com.tr\/#organization","name":"Stocklot D\u0131\u015f Ticaret LTD \u015eT\u0130","url":"https:\/\/stocklot.com.tr\/","logo":{"@type":"ImageObject","inLanguage":"en-US","@id":"https:\/\/stocklot.com.tr\/#\/schema\/logo\/image\/","url":"https:\/\/stocklot.com.tr\/wp-content\/uploads\/2018\/08\/logo.png","contentUrl":"https:\/\/stocklot.com.tr\/wp-content\/uploads\/2018\/08\/logo.png","width":329,"height":100,"caption":"Stocklot D\u0131\u015f Ticaret LTD \u015eT\u0130"},"image":{"@id":"https:\/\/stocklot.com.tr\/#\/schema\/logo\/image\/"},"sameAs":["https:\/\/www.facebook.com\/stocklot.branda.7","https:\/\/x.com\/stocklottr","https:\/\/www.instagram.com\/stocklot.tr\/","https:\/\/www.linkedin.com\/company\/stocklot-dis-ticaret\/","http:\/\/www.youtube.com\/channel\/UC3vVOrCxsWCI7flcrjAglzA"]}]}},"_links":{"self":[{"href":"https:\/\/stocklot.com.tr\/en\/wp-json\/wp\/v2\/product\/353","targetHints":{"allow":["GET"]}}],"collection":[{"href":"https:\/\/stocklot.com.tr\/en\/wp-json\/wp\/v2\/product"}],"about":[{"href":"https:\/\/stocklot.com.tr\/en\/wp-json\/wp\/v2\/types\/product"}],"wp:featuredmedia":[{"embeddable":true,"href":"https:\/\/stocklot.com.tr\/en\/wp-json\/wp\/v2\/media\/354"}],"wp:attachment":[{"href":"https:\/\/stocklot.com.tr\/en\/wp-json\/wp\/v2\/media?parent=353"}],"wp:term":[{"taxonomy":"product_brand","embeddable":true,"href":"https:\/\/stocklot.com.tr\/en\/wp-json\/wp\/v2\/product_brand?post=353"},{"taxonomy":"product_cat","embeddable":true,"href":"https:\/\/stocklot.com.tr\/en\/wp-json\/wp\/v2\/product_cat?post=353"},{"taxonomy":"product_tag","embeddable":true,"href":"https:\/\/stocklot.com.tr\/en\/wp-json\/wp\/v2\/product_tag?post=353"}],"curies":[{"name":"wp","href":"https:\/\/api.w.org\/{rel}","templated":true}]}}