{"id":174,"date":"2018-10-12T09:54:11","date_gmt":"2018-10-12T06:54:11","guid":{"rendered":"https:\/\/stocklot.com.tr\/?post_type=product&#038;p=174"},"modified":"2018-11-10T10:38:20","modified_gmt":"2018-11-10T07:38:20","slug":"frontlit-tex-kumas","status":"publish","type":"product","link":"https:\/\/stocklot.com.tr\/en\/product\/frontlit-tex-kumas\/","title":{"rendered":"Frontlit Tex Fabric"},"content":{"rendered":"<h5>Eye-catching Modular Designs<\/h5>\n<p>These banners, which are one of the most economical and well-known methods of the advertising sector, have a very modest budget in terms of cost, while they are among the main elements of dissemination, attention and preference. One of the most important elements of these products, which are devoted to many product groups within themselves and emerged with different qualities and missions, is undoubtedly frontlit tex fabrics.<\/p>\n<p>Excellent color brightness and ecological sustainability - StocklotTex - textiles! Due to the different materials and coatings, StocklotTex - textile is the ideal solution for different applications. The comprehensive textile range is part of the environmentally friendly StocklotTex concept and is the perfect solution for all installed indoor applications. Without exception, all types of StocklotTex - textile products are heavy metals and PVC-free and are suitable for Reach.<\/p>\n<p>If you are interested in this product you can reach us from our communication info or by filling the form on our <a href=\"https:\/\/stocklot.com.tr\/en\/contact\/\">Contact<\/a> page.<\/p>","protected":false},"excerpt":{"rendered":"<h5>Range of Applications<\/h5>\n<ul>\n<li>Large Format Advertising<\/li>\n<li>Aluminum Framing Systems with Silicone Seal<\/li>\n<li>Polyester Decoration Textiles<\/li>\n<li>Exhibition Stands<\/li>\n<li>More Applications<\/li>\n<\/ul>\n<h5>Specialties<\/h5>\n<ul>\n<li>Up to 500 cm (197 in.) Production Width.<\/li>\n<li>Flame Delayer<\/li>\n<\/ul>","protected":false},"featured_media":175,"template":"","meta":[],"product_brand":[],"product_cat":[98],"product_tag":[74,100,99],"class_list":{"0":"post-174","1":"product","2":"type-product","3":"status-publish","4":"has-post-thumbnail","6":"product_cat-dijital-baski-tekstil","7":"product_tag-frontlit","8":"product_tag-kumas","9":"product_tag-tex","11":"first","12":"instock","13":"shipping-taxable","14":"product-type-simple"},"yoast_head":"<!-- This site is optimized with the Yoast SEO plugin v25.3.1 - https:\/\/yoast.com\/wordpress\/plugins\/seo\/ -->\n<title>Frontlit Tex Kuma\u015f<\/title>\n<meta name=\"robots\" content=\"index, follow, max-snippet:-1, max-image-preview:large, max-video-preview:-1\" \/>\n<link rel=\"canonical\" href=\"https:\/\/stocklot.com.tr\/en\/product\/frontlit-tex-kumas\/\" \/>\n<meta property=\"og:locale\" content=\"en_US\" \/>\n<meta property=\"og:type\" content=\"article\" \/>\n<meta property=\"og:title\" content=\"Frontlit Tex Kuma\u015f\" \/>\n<meta property=\"og:description\" content=\"Uygulama Alanlar\u0131  Geni\u015f Formatl\u0131 Reklam Silikon Fitilli Al\u00fcminyum \u00c7er\u00e7eve Sistemleri Polyester Dekorasyon Tekstilleri Sergi Standlar\u0131 Daha Bir\u00e7ok Uygulama Alan\u0131  \u00d6zellikleri  500 cm&#039;ye (197 in\u00e7) Kadar \u00dcretim Geni\u015fli\u011fi Alev Geciktirici\" \/>\n<meta property=\"og:url\" content=\"https:\/\/stocklot.com.tr\/en\/product\/frontlit-tex-kumas\/\" \/>\n<meta property=\"og:site_name\" content=\"Stocklot D\u0131\u015f Ticaret\" \/>\n<meta property=\"article:publisher\" content=\"https:\/\/www.facebook.com\/stocklot.branda.7\" \/>\n<meta property=\"article:modified_time\" content=\"2018-11-10T07:38:20+00:00\" \/>\n<meta property=\"og:image\" content=\"https:\/\/stocklot.com.tr\/wp-content\/uploads\/2018\/10\/frontlit-tex-kumas.png\" \/>\n\t<meta property=\"og:image:width\" content=\"500\" \/>\n\t<meta property=\"og:image:height\" content=\"590\" \/>\n\t<meta property=\"og:image:type\" content=\"image\/png\" \/>\n<meta name=\"twitter:card\" content=\"summary_large_image\" \/>\n<meta name=\"twitter:site\" content=\"@stocklottr\" \/>\n<meta name=\"twitter:label1\" content=\"Est. reading time\" \/>\n\t<meta name=\"twitter:data1\" content=\"1 minute\" \/>\n<script type=\"application\/ld+json\" class=\"yoast-schema-graph\">{\"@context\":\"https:\/\/schema.org\",\"@graph\":[{\"@type\":\"WebPage\",\"@id\":\"https:\/\/stocklot.com.tr\/ar\/product\/frontlit-tex-kumas\/\",\"url\":\"https:\/\/stocklot.com.tr\/ar\/product\/frontlit-tex-kumas\/\",\"name\":\"Frontlit Tex Kuma\u015f\",\"isPartOf\":{\"@id\":\"https:\/\/stocklot.com.tr\/#website\"},\"primaryImageOfPage\":{\"@id\":\"https:\/\/stocklot.com.tr\/ar\/product\/frontlit-tex-kumas\/#primaryimage\"},\"image\":{\"@id\":\"https:\/\/stocklot.com.tr\/ar\/product\/frontlit-tex-kumas\/#primaryimage\"},\"thumbnailUrl\":\"https:\/\/stocklot.com.tr\/wp-content\/uploads\/2018\/10\/frontlit-tex-kumas.png\",\"datePublished\":\"2018-10-12T06:54:11+00:00\",\"dateModified\":\"2018-11-10T07:38:20+00:00\",\"breadcrumb\":{\"@id\":\"https:\/\/stocklot.com.tr\/ar\/product\/frontlit-tex-kumas\/#breadcrumb\"},\"inLanguage\":\"en-US\",\"potentialAction\":[{\"@type\":\"ReadAction\",\"target\":[\"https:\/\/stocklot.com.tr\/ar\/product\/frontlit-tex-kumas\/\"]}]},{\"@type\":\"ImageObject\",\"inLanguage\":\"en-US\",\"@id\":\"https:\/\/stocklot.com.tr\/ar\/product\/frontlit-tex-kumas\/#primaryimage\",\"url\":\"https:\/\/stocklot.com.tr\/wp-content\/uploads\/2018\/10\/frontlit-tex-kumas.png\",\"contentUrl\":\"https:\/\/stocklot.com.tr\/wp-content\/uploads\/2018\/10\/frontlit-tex-kumas.png\",\"width\":500,\"height\":590},{\"@type\":\"BreadcrumbList\",\"@id\":\"https:\/\/stocklot.com.tr\/ar\/product\/frontlit-tex-kumas\/#breadcrumb\",\"itemListElement\":[{\"@type\":\"ListItem\",\"position\":1,\"name\":\"Ana sayfa\",\"item\":\"https:\/\/stocklot.com.tr\/\"},{\"@type\":\"ListItem\",\"position\":2,\"name\":\"Tedarik A\u011f\u0131m\u0131z\",\"item\":\"https:\/\/stocklot.com.tr\/supply-network\/\"},{\"@type\":\"ListItem\",\"position\":3,\"name\":\"Frontlit Tex Kuma\u015f\"}]},{\"@type\":\"WebSite\",\"@id\":\"https:\/\/stocklot.com.tr\/#website\",\"url\":\"https:\/\/stocklot.com.tr\/\",\"name\":\"Stocklot D\u0131\u015f Ticaret\",\"description\":\"\",\"publisher\":{\"@id\":\"https:\/\/stocklot.com.tr\/#organization\"},\"potentialAction\":[{\"@type\":\"SearchAction\",\"target\":{\"@type\":\"EntryPoint\",\"urlTemplate\":\"https:\/\/stocklot.com.tr\/?s={search_term_string}\"},\"query-input\":{\"@type\":\"PropertyValueSpecification\",\"valueRequired\":true,\"valueName\":\"search_term_string\"}}],\"inLanguage\":\"en-US\"},{\"@type\":\"Organization\",\"@id\":\"https:\/\/stocklot.com.tr\/#organization\",\"name\":\"Stocklot D\u0131\u015f Ticaret LTD \u015eT\u0130\",\"url\":\"https:\/\/stocklot.com.tr\/\",\"logo\":{\"@type\":\"ImageObject\",\"inLanguage\":\"en-US\",\"@id\":\"https:\/\/stocklot.com.tr\/#\/schema\/logo\/image\/\",\"url\":\"https:\/\/stocklot.com.tr\/wp-content\/uploads\/2018\/08\/logo.png\",\"contentUrl\":\"https:\/\/stocklot.com.tr\/wp-content\/uploads\/2018\/08\/logo.png\",\"width\":329,\"height\":100,\"caption\":\"Stocklot D\u0131\u015f Ticaret LTD \u015eT\u0130\"},\"image\":{\"@id\":\"https:\/\/stocklot.com.tr\/#\/schema\/logo\/image\/\"},\"sameAs\":[\"https:\/\/www.facebook.com\/stocklot.branda.7\",\"https:\/\/x.com\/stocklottr\",\"https:\/\/www.instagram.com\/stocklot.tr\/\",\"https:\/\/www.linkedin.com\/company\/stocklot-dis-ticaret\/\",\"http:\/\/www.youtube.com\/channel\/UC3vVOrCxsWCI7flcrjAglzA\"]}]}<\/script>\n<!-- \/ Yoast SEO plugin. -->","yoast_head_json":{"title":"Frontlit Tex Kuma\u015f","robots":{"index":"index","follow":"follow","max-snippet":"max-snippet:-1","max-image-preview":"max-image-preview:large","max-video-preview":"max-video-preview:-1"},"canonical":"https:\/\/stocklot.com.tr\/en\/product\/frontlit-tex-kumas\/","og_locale":"en_US","og_type":"article","og_title":"Frontlit Tex Kuma\u015f","og_description":"Uygulama Alanlar\u0131  Geni\u015f Formatl\u0131 Reklam Silikon Fitilli Al\u00fcminyum \u00c7er\u00e7eve Sistemleri Polyester Dekorasyon Tekstilleri Sergi Standlar\u0131 Daha Bir\u00e7ok Uygulama Alan\u0131  \u00d6zellikleri  500 cm'ye (197 in\u00e7) Kadar \u00dcretim Geni\u015fli\u011fi Alev Geciktirici","og_url":"https:\/\/stocklot.com.tr\/en\/product\/frontlit-tex-kumas\/","og_site_name":"Stocklot D\u0131\u015f Ticaret","article_publisher":"https:\/\/www.facebook.com\/stocklot.branda.7","article_modified_time":"2018-11-10T07:38:20+00:00","og_image":[{"width":500,"height":590,"url":"https:\/\/stocklot.com.tr\/wp-content\/uploads\/2018\/10\/frontlit-tex-kumas.png","type":"image\/png"}],"twitter_card":"summary_large_image","twitter_site":"@stocklottr","twitter_misc":{"Est. reading time":"1 minute"},"schema":{"@context":"https:\/\/schema.org","@graph":[{"@type":"WebPage","@id":"https:\/\/stocklot.com.tr\/ar\/product\/frontlit-tex-kumas\/","url":"https:\/\/stocklot.com.tr\/ar\/product\/frontlit-tex-kumas\/","name":"Frontlit Tex Kuma\u015f","isPartOf":{"@id":"https:\/\/stocklot.com.tr\/#website"},"primaryImageOfPage":{"@id":"https:\/\/stocklot.com.tr\/ar\/product\/frontlit-tex-kumas\/#primaryimage"},"image":{"@id":"https:\/\/stocklot.com.tr\/ar\/product\/frontlit-tex-kumas\/#primaryimage"},"thumbnailUrl":"https:\/\/stocklot.com.tr\/wp-content\/uploads\/2018\/10\/frontlit-tex-kumas.png","datePublished":"2018-10-12T06:54:11+00:00","dateModified":"2018-11-10T07:38:20+00:00","breadcrumb":{"@id":"https:\/\/stocklot.com.tr\/ar\/product\/frontlit-tex-kumas\/#breadcrumb"},"inLanguage":"en-US","potentialAction":[{"@type":"ReadAction","target":["https:\/\/stocklot.com.tr\/ar\/product\/frontlit-tex-kumas\/"]}]},{"@type":"ImageObject","inLanguage":"en-US","@id":"https:\/\/stocklot.com.tr\/ar\/product\/frontlit-tex-kumas\/#primaryimage","url":"https:\/\/stocklot.com.tr\/wp-content\/uploads\/2018\/10\/frontlit-tex-kumas.png","contentUrl":"https:\/\/stocklot.com.tr\/wp-content\/uploads\/2018\/10\/frontlit-tex-kumas.png","width":500,"height":590},{"@type":"BreadcrumbList","@id":"https:\/\/stocklot.com.tr\/ar\/product\/frontlit-tex-kumas\/#breadcrumb","itemListElement":[{"@type":"ListItem","position":1,"name":"Ana sayfa","item":"https:\/\/stocklot.com.tr\/"},{"@type":"ListItem","position":2,"name":"Tedarik A\u011f\u0131m\u0131z","item":"https:\/\/stocklot.com.tr\/supply-network\/"},{"@type":"ListItem","position":3,"name":"Frontlit Tex Kuma\u015f"}]},{"@type":"WebSite","@id":"https:\/\/stocklot.com.tr\/#website","url":"https:\/\/stocklot.com.tr\/","name":"Stocklot D\u0131\u015f Ticaret","description":"","publisher":{"@id":"https:\/\/stocklot.com.tr\/#organization"},"potentialAction":[{"@type":"SearchAction","target":{"@type":"EntryPoint","urlTemplate":"https:\/\/stocklot.com.tr\/?s={search_term_string}"},"query-input":{"@type":"PropertyValueSpecification","valueRequired":true,"valueName":"search_term_string"}}],"inLanguage":"en-US"},{"@type":"Organization","@id":"https:\/\/stocklot.com.tr\/#organization","name":"Stocklot D\u0131\u015f Ticaret LTD \u015eT\u0130","url":"https:\/\/stocklot.com.tr\/","logo":{"@type":"ImageObject","inLanguage":"en-US","@id":"https:\/\/stocklot.com.tr\/#\/schema\/logo\/image\/","url":"https:\/\/stocklot.com.tr\/wp-content\/uploads\/2018\/08\/logo.png","contentUrl":"https:\/\/stocklot.com.tr\/wp-content\/uploads\/2018\/08\/logo.png","width":329,"height":100,"caption":"Stocklot D\u0131\u015f Ticaret LTD \u015eT\u0130"},"image":{"@id":"https:\/\/stocklot.com.tr\/#\/schema\/logo\/image\/"},"sameAs":["https:\/\/www.facebook.com\/stocklot.branda.7","https:\/\/x.com\/stocklottr","https:\/\/www.instagram.com\/stocklot.tr\/","https:\/\/www.linkedin.com\/company\/stocklot-dis-ticaret\/","http:\/\/www.youtube.com\/channel\/UC3vVOrCxsWCI7flcrjAglzA"]}]}},"_links":{"self":[{"href":"https:\/\/stocklot.com.tr\/en\/wp-json\/wp\/v2\/product\/174","targetHints":{"allow":["GET"]}}],"collection":[{"href":"https:\/\/stocklot.com.tr\/en\/wp-json\/wp\/v2\/product"}],"about":[{"href":"https:\/\/stocklot.com.tr\/en\/wp-json\/wp\/v2\/types\/product"}],"wp:featuredmedia":[{"embeddable":true,"href":"https:\/\/stocklot.com.tr\/en\/wp-json\/wp\/v2\/media\/175"}],"wp:attachment":[{"href":"https:\/\/stocklot.com.tr\/en\/wp-json\/wp\/v2\/media?parent=174"}],"wp:term":[{"taxonomy":"product_brand","embeddable":true,"href":"https:\/\/stocklot.com.tr\/en\/wp-json\/wp\/v2\/product_brand?post=174"},{"taxonomy":"product_cat","embeddable":true,"href":"https:\/\/stocklot.com.tr\/en\/wp-json\/wp\/v2\/product_cat?post=174"},{"taxonomy":"product_tag","embeddable":true,"href":"https:\/\/stocklot.com.tr\/en\/wp-json\/wp\/v2\/product_tag?post=174"}],"curies":[{"name":"wp","href":"https:\/\/api.w.org\/{rel}","templated":true}]}}