{"id":163,"date":"2018-10-12T09:41:42","date_gmt":"2018-10-12T06:41:42","guid":{"rendered":"https:\/\/stocklot.com.tr\/?post_type=product&#038;p=163"},"modified":"2018-10-18T17:06:30","modified_gmt":"2018-10-18T14:06:30","slug":"ambalaj-filmleri","status":"publish","type":"product","link":"https:\/\/stocklot.com.tr\/en\/product\/ambalaj-filmleri\/","title":{"rendered":"Packaging and Laminating Films"},"content":{"rendered":"<h5>Durable and Hygienic Long Shelf Life<\/h5>\n<p>Stocklot; provides food packaging films for packaging foodstuffs, cleaning products, promotional products and ex-factory goods. The quality of our films, ensuring the shelf life and safety of products, being environmentally friendly, adapting to high speed packaging machines and high barrier properties meet the expectations of our customers at the highest level. Our product groups are; PET, PE, PP, OPP, BOPP, PP, PETMET, PET \/ ALU \/ PE, PET \/ PE.<\/p>\n<p>Cancelled orders, unsuitability according to European standards, false-sized, expired shelf-life, unfinished stocks, off-season designs, bankruptcy goods and surplus products from the leading factories of Europe are presented to our precious customers with competitive prices. With our professional staff we keep the imports and sale processes on track. You can always trust our delivery speed and product quality. Contact us for further information.<\/p>","protected":false},"excerpt":{"rendered":"<h5>Range of Applications<\/h5>\n<ul>\n<li>Food Packages<\/li>\n<li>Promotion Boxes<\/li>\n<li>Material Packaging<\/li>\n<li>Wet Wipes Packaging<\/li>\n<\/ul>\n<h5>Specialties<\/h5>\n<ul>\n<li>Very Good Flatness<\/li>\n<li>Easiness in Processing<\/li>\n<li>Waterproofness<\/li>\n<li>Durable Surface Structure<\/li>\n<\/ul>","protected":false},"featured_media":164,"template":"","meta":[],"product_brand":[],"product_cat":[40],"product_tag":[88,89,90],"class_list":{"0":"post-163","1":"product","2":"type-product","3":"status-publish","4":"has-post-thumbnail","6":"product_cat-genel","7":"product_tag-ambalaj","8":"product_tag-film","9":"product_tag-laminasyon","11":"first","12":"instock","13":"shipping-taxable","14":"product-type-simple"},"yoast_head":"<!-- This site is optimized with the Yoast SEO plugin v25.3.1 - https:\/\/yoast.com\/wordpress\/plugins\/seo\/ -->\n<title>Ambalaj ve Laminasyon Filmleri<\/title>\n<meta name=\"robots\" content=\"index, follow, max-snippet:-1, max-image-preview:large, max-video-preview:-1\" \/>\n<link rel=\"canonical\" href=\"https:\/\/stocklot.com.tr\/en\/product\/ambalaj-filmleri\/\" \/>\n<meta property=\"og:locale\" content=\"en_US\" \/>\n<meta property=\"og:type\" content=\"article\" \/>\n<meta property=\"og:title\" content=\"Ambalaj ve Laminasyon Filmleri\" \/>\n<meta property=\"og:description\" content=\"Uygulama Alanlar\u0131  G\u0131da Paketler Promosyon Kutular\u0131 Malzeme Ambalajlar\u0131 Islak Mendil Ambalajlar\u0131  \u00d6zellikleri  \u00c7ok \u0130yi D\u00fczl\u00fck Kolay \u0130\u015flenebilirlik Su Ge\u00e7irmezlik Dayan\u0131kl\u0131 Y\u00fczey Yap\u0131s\u0131\" \/>\n<meta property=\"og:url\" content=\"https:\/\/stocklot.com.tr\/en\/product\/ambalaj-filmleri\/\" \/>\n<meta property=\"og:site_name\" content=\"Stocklot D\u0131\u015f Ticaret\" \/>\n<meta property=\"article:publisher\" content=\"https:\/\/www.facebook.com\/stocklot.branda.7\" \/>\n<meta property=\"article:modified_time\" content=\"2018-10-18T14:06:30+00:00\" \/>\n<meta property=\"og:image\" content=\"https:\/\/stocklot.com.tr\/wp-content\/uploads\/2018\/10\/ambalaj-filmleri.png\" \/>\n\t<meta property=\"og:image:width\" content=\"500\" \/>\n\t<meta property=\"og:image:height\" content=\"590\" \/>\n\t<meta property=\"og:image:type\" content=\"image\/png\" \/>\n<meta name=\"twitter:card\" content=\"summary_large_image\" \/>\n<meta name=\"twitter:site\" content=\"@stocklottr\" \/>\n<meta name=\"twitter:label1\" content=\"Est. reading time\" \/>\n\t<meta name=\"twitter:data1\" content=\"1 minute\" \/>\n<script type=\"application\/ld+json\" class=\"yoast-schema-graph\">{\"@context\":\"https:\/\/schema.org\",\"@graph\":[{\"@type\":\"WebPage\",\"@id\":\"https:\/\/stocklot.com.tr\/en\/product\/ambalaj-filmleri\/\",\"url\":\"https:\/\/stocklot.com.tr\/en\/product\/ambalaj-filmleri\/\",\"name\":\"Ambalaj ve Laminasyon Filmleri\",\"isPartOf\":{\"@id\":\"https:\/\/stocklot.com.tr\/#website\"},\"primaryImageOfPage\":{\"@id\":\"https:\/\/stocklot.com.tr\/en\/product\/ambalaj-filmleri\/#primaryimage\"},\"image\":{\"@id\":\"https:\/\/stocklot.com.tr\/en\/product\/ambalaj-filmleri\/#primaryimage\"},\"thumbnailUrl\":\"https:\/\/stocklot.com.tr\/wp-content\/uploads\/2018\/10\/ambalaj-filmleri.png\",\"datePublished\":\"2018-10-12T06:41:42+00:00\",\"dateModified\":\"2018-10-18T14:06:30+00:00\",\"breadcrumb\":{\"@id\":\"https:\/\/stocklot.com.tr\/en\/product\/ambalaj-filmleri\/#breadcrumb\"},\"inLanguage\":\"en-US\",\"potentialAction\":[{\"@type\":\"ReadAction\",\"target\":[\"https:\/\/stocklot.com.tr\/en\/product\/ambalaj-filmleri\/\"]}]},{\"@type\":\"ImageObject\",\"inLanguage\":\"en-US\",\"@id\":\"https:\/\/stocklot.com.tr\/en\/product\/ambalaj-filmleri\/#primaryimage\",\"url\":\"https:\/\/stocklot.com.tr\/wp-content\/uploads\/2018\/10\/ambalaj-filmleri.png\",\"contentUrl\":\"https:\/\/stocklot.com.tr\/wp-content\/uploads\/2018\/10\/ambalaj-filmleri.png\",\"width\":500,\"height\":590},{\"@type\":\"BreadcrumbList\",\"@id\":\"https:\/\/stocklot.com.tr\/en\/product\/ambalaj-filmleri\/#breadcrumb\",\"itemListElement\":[{\"@type\":\"ListItem\",\"position\":1,\"name\":\"Ana sayfa\",\"item\":\"https:\/\/stocklot.com.tr\/\"},{\"@type\":\"ListItem\",\"position\":2,\"name\":\"Tedarik A\u011f\u0131m\u0131z\",\"item\":\"https:\/\/stocklot.com.tr\/supply-network\/\"},{\"@type\":\"ListItem\",\"position\":3,\"name\":\"Ambalaj ve Laminasyon Filmleri\"}]},{\"@type\":\"WebSite\",\"@id\":\"https:\/\/stocklot.com.tr\/#website\",\"url\":\"https:\/\/stocklot.com.tr\/\",\"name\":\"Stocklot D\u0131\u015f Ticaret\",\"description\":\"\",\"publisher\":{\"@id\":\"https:\/\/stocklot.com.tr\/#organization\"},\"potentialAction\":[{\"@type\":\"SearchAction\",\"target\":{\"@type\":\"EntryPoint\",\"urlTemplate\":\"https:\/\/stocklot.com.tr\/?s={search_term_string}\"},\"query-input\":{\"@type\":\"PropertyValueSpecification\",\"valueRequired\":true,\"valueName\":\"search_term_string\"}}],\"inLanguage\":\"en-US\"},{\"@type\":\"Organization\",\"@id\":\"https:\/\/stocklot.com.tr\/#organization\",\"name\":\"Stocklot D\u0131\u015f Ticaret LTD \u015eT\u0130\",\"url\":\"https:\/\/stocklot.com.tr\/\",\"logo\":{\"@type\":\"ImageObject\",\"inLanguage\":\"en-US\",\"@id\":\"https:\/\/stocklot.com.tr\/#\/schema\/logo\/image\/\",\"url\":\"https:\/\/stocklot.com.tr\/wp-content\/uploads\/2018\/08\/logo.png\",\"contentUrl\":\"https:\/\/stocklot.com.tr\/wp-content\/uploads\/2018\/08\/logo.png\",\"width\":329,\"height\":100,\"caption\":\"Stocklot D\u0131\u015f Ticaret LTD \u015eT\u0130\"},\"image\":{\"@id\":\"https:\/\/stocklot.com.tr\/#\/schema\/logo\/image\/\"},\"sameAs\":[\"https:\/\/www.facebook.com\/stocklot.branda.7\",\"https:\/\/x.com\/stocklottr\",\"https:\/\/www.instagram.com\/stocklot.tr\/\",\"https:\/\/www.linkedin.com\/company\/stocklot-dis-ticaret\/\",\"http:\/\/www.youtube.com\/channel\/UC3vVOrCxsWCI7flcrjAglzA\"]}]}<\/script>\n<!-- \/ Yoast SEO plugin. -->","yoast_head_json":{"title":"Ambalaj ve Laminasyon Filmleri","robots":{"index":"index","follow":"follow","max-snippet":"max-snippet:-1","max-image-preview":"max-image-preview:large","max-video-preview":"max-video-preview:-1"},"canonical":"https:\/\/stocklot.com.tr\/en\/product\/ambalaj-filmleri\/","og_locale":"en_US","og_type":"article","og_title":"Ambalaj ve Laminasyon Filmleri","og_description":"Uygulama Alanlar\u0131  G\u0131da Paketler Promosyon Kutular\u0131 Malzeme Ambalajlar\u0131 Islak Mendil Ambalajlar\u0131  \u00d6zellikleri  \u00c7ok \u0130yi D\u00fczl\u00fck Kolay \u0130\u015flenebilirlik Su Ge\u00e7irmezlik Dayan\u0131kl\u0131 Y\u00fczey Yap\u0131s\u0131","og_url":"https:\/\/stocklot.com.tr\/en\/product\/ambalaj-filmleri\/","og_site_name":"Stocklot D\u0131\u015f Ticaret","article_publisher":"https:\/\/www.facebook.com\/stocklot.branda.7","article_modified_time":"2018-10-18T14:06:30+00:00","og_image":[{"width":500,"height":590,"url":"https:\/\/stocklot.com.tr\/wp-content\/uploads\/2018\/10\/ambalaj-filmleri.png","type":"image\/png"}],"twitter_card":"summary_large_image","twitter_site":"@stocklottr","twitter_misc":{"Est. reading time":"1 minute"},"schema":{"@context":"https:\/\/schema.org","@graph":[{"@type":"WebPage","@id":"https:\/\/stocklot.com.tr\/en\/product\/ambalaj-filmleri\/","url":"https:\/\/stocklot.com.tr\/en\/product\/ambalaj-filmleri\/","name":"Ambalaj ve Laminasyon Filmleri","isPartOf":{"@id":"https:\/\/stocklot.com.tr\/#website"},"primaryImageOfPage":{"@id":"https:\/\/stocklot.com.tr\/en\/product\/ambalaj-filmleri\/#primaryimage"},"image":{"@id":"https:\/\/stocklot.com.tr\/en\/product\/ambalaj-filmleri\/#primaryimage"},"thumbnailUrl":"https:\/\/stocklot.com.tr\/wp-content\/uploads\/2018\/10\/ambalaj-filmleri.png","datePublished":"2018-10-12T06:41:42+00:00","dateModified":"2018-10-18T14:06:30+00:00","breadcrumb":{"@id":"https:\/\/stocklot.com.tr\/en\/product\/ambalaj-filmleri\/#breadcrumb"},"inLanguage":"en-US","potentialAction":[{"@type":"ReadAction","target":["https:\/\/stocklot.com.tr\/en\/product\/ambalaj-filmleri\/"]}]},{"@type":"ImageObject","inLanguage":"en-US","@id":"https:\/\/stocklot.com.tr\/en\/product\/ambalaj-filmleri\/#primaryimage","url":"https:\/\/stocklot.com.tr\/wp-content\/uploads\/2018\/10\/ambalaj-filmleri.png","contentUrl":"https:\/\/stocklot.com.tr\/wp-content\/uploads\/2018\/10\/ambalaj-filmleri.png","width":500,"height":590},{"@type":"BreadcrumbList","@id":"https:\/\/stocklot.com.tr\/en\/product\/ambalaj-filmleri\/#breadcrumb","itemListElement":[{"@type":"ListItem","position":1,"name":"Ana sayfa","item":"https:\/\/stocklot.com.tr\/"},{"@type":"ListItem","position":2,"name":"Tedarik A\u011f\u0131m\u0131z","item":"https:\/\/stocklot.com.tr\/supply-network\/"},{"@type":"ListItem","position":3,"name":"Ambalaj ve Laminasyon Filmleri"}]},{"@type":"WebSite","@id":"https:\/\/stocklot.com.tr\/#website","url":"https:\/\/stocklot.com.tr\/","name":"Stocklot D\u0131\u015f Ticaret","description":"","publisher":{"@id":"https:\/\/stocklot.com.tr\/#organization"},"potentialAction":[{"@type":"SearchAction","target":{"@type":"EntryPoint","urlTemplate":"https:\/\/stocklot.com.tr\/?s={search_term_string}"},"query-input":{"@type":"PropertyValueSpecification","valueRequired":true,"valueName":"search_term_string"}}],"inLanguage":"en-US"},{"@type":"Organization","@id":"https:\/\/stocklot.com.tr\/#organization","name":"Stocklot D\u0131\u015f Ticaret LTD \u015eT\u0130","url":"https:\/\/stocklot.com.tr\/","logo":{"@type":"ImageObject","inLanguage":"en-US","@id":"https:\/\/stocklot.com.tr\/#\/schema\/logo\/image\/","url":"https:\/\/stocklot.com.tr\/wp-content\/uploads\/2018\/08\/logo.png","contentUrl":"https:\/\/stocklot.com.tr\/wp-content\/uploads\/2018\/08\/logo.png","width":329,"height":100,"caption":"Stocklot D\u0131\u015f Ticaret LTD \u015eT\u0130"},"image":{"@id":"https:\/\/stocklot.com.tr\/#\/schema\/logo\/image\/"},"sameAs":["https:\/\/www.facebook.com\/stocklot.branda.7","https:\/\/x.com\/stocklottr","https:\/\/www.instagram.com\/stocklot.tr\/","https:\/\/www.linkedin.com\/company\/stocklot-dis-ticaret\/","http:\/\/www.youtube.com\/channel\/UC3vVOrCxsWCI7flcrjAglzA"]}]}},"_links":{"self":[{"href":"https:\/\/stocklot.com.tr\/en\/wp-json\/wp\/v2\/product\/163","targetHints":{"allow":["GET"]}}],"collection":[{"href":"https:\/\/stocklot.com.tr\/en\/wp-json\/wp\/v2\/product"}],"about":[{"href":"https:\/\/stocklot.com.tr\/en\/wp-json\/wp\/v2\/types\/product"}],"wp:featuredmedia":[{"embeddable":true,"href":"https:\/\/stocklot.com.tr\/en\/wp-json\/wp\/v2\/media\/164"}],"wp:attachment":[{"href":"https:\/\/stocklot.com.tr\/en\/wp-json\/wp\/v2\/media?parent=163"}],"wp:term":[{"taxonomy":"product_brand","embeddable":true,"href":"https:\/\/stocklot.com.tr\/en\/wp-json\/wp\/v2\/product_brand?post=163"},{"taxonomy":"product_cat","embeddable":true,"href":"https:\/\/stocklot.com.tr\/en\/wp-json\/wp\/v2\/product_cat?post=163"},{"taxonomy":"product_tag","embeddable":true,"href":"https:\/\/stocklot.com.tr\/en\/wp-json\/wp\/v2\/product_tag?post=163"}],"curies":[{"name":"wp","href":"https:\/\/api.w.org\/{rel}","templated":true}]}}