{"id":149,"date":"2018-10-12T09:47:07","date_gmt":"2018-10-12T06:47:07","guid":{"rendered":"https:\/\/stocklot.com.tr\/?post_type=product&#038;p=149"},"modified":"2018-10-18T16:55:43","modified_gmt":"2018-10-18T13:55:43","slug":"su-yalitim-membranlari","status":"publish","type":"product","link":"https:\/\/stocklot.com.tr\/en\/product\/su-yalitim-membranlari\/","title":{"rendered":"Waterproofing Membranes"},"content":{"rendered":"<h5>Reliable and Durable Waterproofing Coatings<\/h5>\n<p>It is a general name of the material used to prevent the buildings from being damaged by contact with water and not to have a water passage inside or outside. Only one type of membrane is available. There are many types of membranes depending on both price and quality.<\/p>\n<p>Structures are exposed to pressurized groundwater that is leaky or temporary. If waterproofing is not mandatory, the earthquake destroys more. It is observed that 79% of the buildings collapsed after the earthquake and one of the most important reasons of the earthquake of the Istanbul earthquake is the collapse of the carrier system.<\/p>\n<p>Drainage works around the structure will only be effective in reducing the pressure of underground water. However, it does not provide the waterproofing as a result of the water impermeability property of the concrete. The water that will enter the concrete from the uninsulated surfaces causes corrosion in the steel reinforcement. Corrosion is one of the most terrible results that will shorten the life of the structure. However, polymer bitumen-modified products and the structure of the outside of the structure of the so-called bundling method of waterproofing system prevents the corrosion by extending the life of the structure.<\/p>\n<p>The waterproofing memabranes, which take place in our supply network, are found in various types and characteristics. Cancelled orders, unsuitability according to European standards, false-sized, expired shelf-life, unfinished stocks, off-season designs, bankruptcy goods and surplus products from the leading factories of Europe are presented to our precious customers with competitive prices. With our professional staff we keep the imports and sale processes on track. You can always trust our delivery speed and product quality. You can find these on our periodical stocks time-by-time. Contact us for further information.<\/p>","protected":false},"excerpt":{"rendered":"<h5>Range of Applications<\/h5>\n<ul>\n<li>Pools<\/li>\n<li>Water Tanks<\/li>\n<li>Water Insulation Areas<\/li>\n<li>Building Insulation<\/li>\n<li>Pipe Systems<\/li>\n<\/ul>\n<h5>Specialties<\/h5>\n<ul>\n<li>Very Good Flatness<\/li>\n<li>Easiness in Processing<\/li>\n<li>Easy Weldability<\/li>\n<li>Durable Surface Quality<\/li>\n<li>High Heat and Liquid Insulation<\/li>\n<\/ul>","protected":false},"featured_media":150,"template":"","meta":[],"product_brand":[],"product_cat":[40],"product_tag":[86,85,87],"class_list":{"0":"post-149","1":"product","2":"type-product","3":"status-publish","4":"has-post-thumbnail","6":"product_cat-genel","7":"product_tag-membran","8":"product_tag-su-yalitim","9":"product_tag-yalitim","11":"first","12":"instock","13":"shipping-taxable","14":"product-type-simple"},"yoast_head":"<!-- This site is optimized with the Yoast SEO plugin v25.3.1 - https:\/\/yoast.com\/wordpress\/plugins\/seo\/ -->\n<title>Su Yal\u0131t\u0131m Membranlar\u0131<\/title>\n<meta name=\"robots\" content=\"index, follow, max-snippet:-1, max-image-preview:large, max-video-preview:-1\" \/>\n<link rel=\"canonical\" href=\"https:\/\/stocklot.com.tr\/en\/produkt\/su-yalitim-membranlari\/\" \/>\n<meta property=\"og:locale\" content=\"en_US\" \/>\n<meta property=\"og:type\" content=\"article\" \/>\n<meta property=\"og:title\" content=\"Su Yal\u0131t\u0131m Membranlar\u0131\" \/>\n<meta property=\"og:description\" content=\"Uygulama Alanlar\u0131  Havuzlar Su Depolar\u0131 Su Tahliye Alanlar\u0131 Bina Yal\u0131t\u0131m\u0131 Boru Sistemleri  \u00d6zellikleri  \u00c7ok \u0130yi D\u00fczl\u00fck Kolay \u0130\u015flenebilirlik Kolay Kaynaklanabilme Dayan\u0131kl\u0131 Y\u00fczey Kalitesi Y\u00fcksek Is\u0131 ve S\u0131v\u0131 Yal\u0131tkanl\u0131\u011f\u0131\" \/>\n<meta property=\"og:url\" content=\"https:\/\/stocklot.com.tr\/en\/produkt\/su-yalitim-membranlari\/\" \/>\n<meta property=\"og:site_name\" content=\"Stocklot D\u0131\u015f Ticaret\" \/>\n<meta property=\"article:publisher\" content=\"https:\/\/www.facebook.com\/stocklot.branda.7\" \/>\n<meta property=\"article:modified_time\" content=\"2018-10-18T13:55:43+00:00\" \/>\n<meta property=\"og:image\" content=\"https:\/\/stocklot.com.tr\/wp-content\/uploads\/2018\/10\/su-yalitim-membranlari.png\" \/>\n\t<meta property=\"og:image:width\" content=\"500\" \/>\n\t<meta property=\"og:image:height\" content=\"590\" \/>\n\t<meta property=\"og:image:type\" content=\"image\/png\" \/>\n<meta name=\"twitter:card\" content=\"summary_large_image\" \/>\n<meta name=\"twitter:site\" content=\"@stocklottr\" \/>\n<meta name=\"twitter:label1\" content=\"Est. reading time\" \/>\n\t<meta name=\"twitter:data1\" content=\"2 minutes\" \/>\n<script type=\"application\/ld+json\" class=\"yoast-schema-graph\">{\"@context\":\"https:\/\/schema.org\",\"@graph\":[{\"@type\":\"WebPage\",\"@id\":\"https:\/\/stocklot.com.tr\/de\/produkt\/su-yalitim-membranlari\/\",\"url\":\"https:\/\/stocklot.com.tr\/de\/produkt\/su-yalitim-membranlari\/\",\"name\":\"Su Yal\u0131t\u0131m Membranlar\u0131\",\"isPartOf\":{\"@id\":\"https:\/\/stocklot.com.tr\/#website\"},\"primaryImageOfPage\":{\"@id\":\"https:\/\/stocklot.com.tr\/de\/produkt\/su-yalitim-membranlari\/#primaryimage\"},\"image\":{\"@id\":\"https:\/\/stocklot.com.tr\/de\/produkt\/su-yalitim-membranlari\/#primaryimage\"},\"thumbnailUrl\":\"https:\/\/stocklot.com.tr\/wp-content\/uploads\/2018\/10\/su-yalitim-membranlari.png\",\"datePublished\":\"2018-10-12T06:47:07+00:00\",\"dateModified\":\"2018-10-18T13:55:43+00:00\",\"breadcrumb\":{\"@id\":\"https:\/\/stocklot.com.tr\/de\/produkt\/su-yalitim-membranlari\/#breadcrumb\"},\"inLanguage\":\"en-US\",\"potentialAction\":[{\"@type\":\"ReadAction\",\"target\":[\"https:\/\/stocklot.com.tr\/de\/produkt\/su-yalitim-membranlari\/\"]}]},{\"@type\":\"ImageObject\",\"inLanguage\":\"en-US\",\"@id\":\"https:\/\/stocklot.com.tr\/de\/produkt\/su-yalitim-membranlari\/#primaryimage\",\"url\":\"https:\/\/stocklot.com.tr\/wp-content\/uploads\/2018\/10\/su-yalitim-membranlari.png\",\"contentUrl\":\"https:\/\/stocklot.com.tr\/wp-content\/uploads\/2018\/10\/su-yalitim-membranlari.png\",\"width\":500,\"height\":590},{\"@type\":\"BreadcrumbList\",\"@id\":\"https:\/\/stocklot.com.tr\/de\/produkt\/su-yalitim-membranlari\/#breadcrumb\",\"itemListElement\":[{\"@type\":\"ListItem\",\"position\":1,\"name\":\"Ana sayfa\",\"item\":\"https:\/\/stocklot.com.tr\/\"},{\"@type\":\"ListItem\",\"position\":2,\"name\":\"Tedarik A\u011f\u0131m\u0131z\",\"item\":\"https:\/\/stocklot.com.tr\/supply-network\/\"},{\"@type\":\"ListItem\",\"position\":3,\"name\":\"Su Yal\u0131t\u0131m Membranlar\u0131\"}]},{\"@type\":\"WebSite\",\"@id\":\"https:\/\/stocklot.com.tr\/#website\",\"url\":\"https:\/\/stocklot.com.tr\/\",\"name\":\"Stocklot D\u0131\u015f Ticaret\",\"description\":\"\",\"publisher\":{\"@id\":\"https:\/\/stocklot.com.tr\/#organization\"},\"potentialAction\":[{\"@type\":\"SearchAction\",\"target\":{\"@type\":\"EntryPoint\",\"urlTemplate\":\"https:\/\/stocklot.com.tr\/?s={search_term_string}\"},\"query-input\":{\"@type\":\"PropertyValueSpecification\",\"valueRequired\":true,\"valueName\":\"search_term_string\"}}],\"inLanguage\":\"en-US\"},{\"@type\":\"Organization\",\"@id\":\"https:\/\/stocklot.com.tr\/#organization\",\"name\":\"Stocklot D\u0131\u015f Ticaret LTD \u015eT\u0130\",\"url\":\"https:\/\/stocklot.com.tr\/\",\"logo\":{\"@type\":\"ImageObject\",\"inLanguage\":\"en-US\",\"@id\":\"https:\/\/stocklot.com.tr\/#\/schema\/logo\/image\/\",\"url\":\"https:\/\/stocklot.com.tr\/wp-content\/uploads\/2018\/08\/logo.png\",\"contentUrl\":\"https:\/\/stocklot.com.tr\/wp-content\/uploads\/2018\/08\/logo.png\",\"width\":329,\"height\":100,\"caption\":\"Stocklot D\u0131\u015f Ticaret LTD \u015eT\u0130\"},\"image\":{\"@id\":\"https:\/\/stocklot.com.tr\/#\/schema\/logo\/image\/\"},\"sameAs\":[\"https:\/\/www.facebook.com\/stocklot.branda.7\",\"https:\/\/x.com\/stocklottr\",\"https:\/\/www.instagram.com\/stocklot.tr\/\",\"https:\/\/www.linkedin.com\/company\/stocklot-dis-ticaret\/\",\"http:\/\/www.youtube.com\/channel\/UC3vVOrCxsWCI7flcrjAglzA\"]}]}<\/script>\n<!-- \/ Yoast SEO plugin. -->","yoast_head_json":{"title":"Su Yal\u0131t\u0131m Membranlar\u0131","robots":{"index":"index","follow":"follow","max-snippet":"max-snippet:-1","max-image-preview":"max-image-preview:large","max-video-preview":"max-video-preview:-1"},"canonical":"https:\/\/stocklot.com.tr\/en\/produkt\/su-yalitim-membranlari\/","og_locale":"en_US","og_type":"article","og_title":"Su Yal\u0131t\u0131m Membranlar\u0131","og_description":"Uygulama Alanlar\u0131  Havuzlar Su Depolar\u0131 Su Tahliye Alanlar\u0131 Bina Yal\u0131t\u0131m\u0131 Boru Sistemleri  \u00d6zellikleri  \u00c7ok \u0130yi D\u00fczl\u00fck Kolay \u0130\u015flenebilirlik Kolay Kaynaklanabilme Dayan\u0131kl\u0131 Y\u00fczey Kalitesi Y\u00fcksek Is\u0131 ve S\u0131v\u0131 Yal\u0131tkanl\u0131\u011f\u0131","og_url":"https:\/\/stocklot.com.tr\/en\/produkt\/su-yalitim-membranlari\/","og_site_name":"Stocklot D\u0131\u015f Ticaret","article_publisher":"https:\/\/www.facebook.com\/stocklot.branda.7","article_modified_time":"2018-10-18T13:55:43+00:00","og_image":[{"width":500,"height":590,"url":"https:\/\/stocklot.com.tr\/wp-content\/uploads\/2018\/10\/su-yalitim-membranlari.png","type":"image\/png"}],"twitter_card":"summary_large_image","twitter_site":"@stocklottr","twitter_misc":{"Est. reading time":"2 minutes"},"schema":{"@context":"https:\/\/schema.org","@graph":[{"@type":"WebPage","@id":"https:\/\/stocklot.com.tr\/de\/produkt\/su-yalitim-membranlari\/","url":"https:\/\/stocklot.com.tr\/de\/produkt\/su-yalitim-membranlari\/","name":"Su Yal\u0131t\u0131m Membranlar\u0131","isPartOf":{"@id":"https:\/\/stocklot.com.tr\/#website"},"primaryImageOfPage":{"@id":"https:\/\/stocklot.com.tr\/de\/produkt\/su-yalitim-membranlari\/#primaryimage"},"image":{"@id":"https:\/\/stocklot.com.tr\/de\/produkt\/su-yalitim-membranlari\/#primaryimage"},"thumbnailUrl":"https:\/\/stocklot.com.tr\/wp-content\/uploads\/2018\/10\/su-yalitim-membranlari.png","datePublished":"2018-10-12T06:47:07+00:00","dateModified":"2018-10-18T13:55:43+00:00","breadcrumb":{"@id":"https:\/\/stocklot.com.tr\/de\/produkt\/su-yalitim-membranlari\/#breadcrumb"},"inLanguage":"en-US","potentialAction":[{"@type":"ReadAction","target":["https:\/\/stocklot.com.tr\/de\/produkt\/su-yalitim-membranlari\/"]}]},{"@type":"ImageObject","inLanguage":"en-US","@id":"https:\/\/stocklot.com.tr\/de\/produkt\/su-yalitim-membranlari\/#primaryimage","url":"https:\/\/stocklot.com.tr\/wp-content\/uploads\/2018\/10\/su-yalitim-membranlari.png","contentUrl":"https:\/\/stocklot.com.tr\/wp-content\/uploads\/2018\/10\/su-yalitim-membranlari.png","width":500,"height":590},{"@type":"BreadcrumbList","@id":"https:\/\/stocklot.com.tr\/de\/produkt\/su-yalitim-membranlari\/#breadcrumb","itemListElement":[{"@type":"ListItem","position":1,"name":"Ana sayfa","item":"https:\/\/stocklot.com.tr\/"},{"@type":"ListItem","position":2,"name":"Tedarik A\u011f\u0131m\u0131z","item":"https:\/\/stocklot.com.tr\/supply-network\/"},{"@type":"ListItem","position":3,"name":"Su Yal\u0131t\u0131m Membranlar\u0131"}]},{"@type":"WebSite","@id":"https:\/\/stocklot.com.tr\/#website","url":"https:\/\/stocklot.com.tr\/","name":"Stocklot D\u0131\u015f Ticaret","description":"","publisher":{"@id":"https:\/\/stocklot.com.tr\/#organization"},"potentialAction":[{"@type":"SearchAction","target":{"@type":"EntryPoint","urlTemplate":"https:\/\/stocklot.com.tr\/?s={search_term_string}"},"query-input":{"@type":"PropertyValueSpecification","valueRequired":true,"valueName":"search_term_string"}}],"inLanguage":"en-US"},{"@type":"Organization","@id":"https:\/\/stocklot.com.tr\/#organization","name":"Stocklot D\u0131\u015f Ticaret LTD \u015eT\u0130","url":"https:\/\/stocklot.com.tr\/","logo":{"@type":"ImageObject","inLanguage":"en-US","@id":"https:\/\/stocklot.com.tr\/#\/schema\/logo\/image\/","url":"https:\/\/stocklot.com.tr\/wp-content\/uploads\/2018\/08\/logo.png","contentUrl":"https:\/\/stocklot.com.tr\/wp-content\/uploads\/2018\/08\/logo.png","width":329,"height":100,"caption":"Stocklot D\u0131\u015f Ticaret LTD \u015eT\u0130"},"image":{"@id":"https:\/\/stocklot.com.tr\/#\/schema\/logo\/image\/"},"sameAs":["https:\/\/www.facebook.com\/stocklot.branda.7","https:\/\/x.com\/stocklottr","https:\/\/www.instagram.com\/stocklot.tr\/","https:\/\/www.linkedin.com\/company\/stocklot-dis-ticaret\/","http:\/\/www.youtube.com\/channel\/UC3vVOrCxsWCI7flcrjAglzA"]}]}},"_links":{"self":[{"href":"https:\/\/stocklot.com.tr\/en\/wp-json\/wp\/v2\/product\/149","targetHints":{"allow":["GET"]}}],"collection":[{"href":"https:\/\/stocklot.com.tr\/en\/wp-json\/wp\/v2\/product"}],"about":[{"href":"https:\/\/stocklot.com.tr\/en\/wp-json\/wp\/v2\/types\/product"}],"wp:featuredmedia":[{"embeddable":true,"href":"https:\/\/stocklot.com.tr\/en\/wp-json\/wp\/v2\/media\/150"}],"wp:attachment":[{"href":"https:\/\/stocklot.com.tr\/en\/wp-json\/wp\/v2\/media?parent=149"}],"wp:term":[{"taxonomy":"product_brand","embeddable":true,"href":"https:\/\/stocklot.com.tr\/en\/wp-json\/wp\/v2\/product_brand?post=149"},{"taxonomy":"product_cat","embeddable":true,"href":"https:\/\/stocklot.com.tr\/en\/wp-json\/wp\/v2\/product_cat?post=149"},{"taxonomy":"product_tag","embeddable":true,"href":"https:\/\/stocklot.com.tr\/en\/wp-json\/wp\/v2\/product_tag?post=149"}],"curies":[{"name":"wp","href":"https:\/\/api.w.org\/{rel}","templated":true}]}}