{"id":143,"date":"2018-10-12T09:57:55","date_gmt":"2018-10-12T06:57:55","guid":{"rendered":"https:\/\/stocklot.com.tr\/?post_type=product&#038;p=143"},"modified":"2023-08-29T23:20:22","modified_gmt":"2023-08-29T20:20:22","slug":"backlit-branda","status":"publish","type":"product","link":"https:\/\/stocklot.com.tr\/en\/product\/backlit-branda\/","title":{"rendered":"Backlit Banner"},"content":{"rendered":"<h5>Glamorous Colors Huge Applications<\/h5>\n<p>The reason why signs used frequently in advertising sector are preferred is that they are attractive. Depending on the quality and mission, many different product groups are used in the construction of advertising signs.\nAmong these products, one of the most frequently used and most important ones of the last decades is Backlit Banner.<\/p>\n<p>Backlit banners are used with digital printing methods for printing of desired text and pictures with composites with fluorescent or led lighting. Thanks to its translucent structure, it reflects the light and has an eye-catching look. This ensures that what's printed on it appear clearly and vividly. It is one of the most effective and radical inventions of the advertising industry with its durable long life, the least affected structure, decorative appearance and aesthetic stance.<\/p>\n<p>If you are interested in this product you can reach us from our communication info or by filling the form on our <a href=\"https:\/\/stocklot.com.tr\/en\/contact\/\">Contact<\/a> page.<\/p>","protected":false},"excerpt":{"rendered":"<h5>Range of Applications<\/h5>\n<ul>\n<li>Billboards<\/li>\n<li>Banners<\/li>\n<li>Large Format Advertising<\/li>\n<li>Stand Design<\/li>\n<li>Outdoor Advertising<\/li>\n<\/ul>\n<h5>Specialties<\/h5>\n<ul>\n<li>Waterproofness<\/li>\n<li>Resistance to Wear and Chemicals<\/li>\n<li>Low Smoke During Processing<\/li>\n<li>Resistance to abrasion<\/li>\n<li>Unaffected from Light and Colorfast<\/li>\n<li>Very Good Printability<\/li>\n<li>Heat, Electricity and Sound Insulation<\/li>\n<li>UV Resistance<\/li>\n<\/ul>","protected":false},"featured_media":6932,"template":"","meta":[],"product_brand":[],"product_cat":[73],"product_tag":[79,78,55,75,76],"class_list":{"0":"post-143","1":"product","2":"type-product","3":"status-publish","4":"has-post-thumbnail","6":"product_cat-dijital-baski-brandalari","7":"product_tag-arkadan-isikli","8":"product_tag-backlit","9":"product_tag-branda","10":"product_tag-reklam","11":"product_tag-tabela","13":"first","14":"instock","15":"shipping-taxable","16":"product-type-simple"},"yoast_head":"<!-- This site is optimized with the Yoast SEO plugin v25.3.1 - https:\/\/yoast.com\/wordpress\/plugins\/seo\/ -->\n<title>Backlit Branda<\/title>\n<meta name=\"robots\" content=\"index, follow, max-snippet:-1, max-image-preview:large, max-video-preview:-1\" \/>\n<link rel=\"canonical\" href=\"https:\/\/stocklot.com.tr\/en\/product\/backlit-branda\/\" \/>\n<meta property=\"og:locale\" content=\"en_US\" \/>\n<meta property=\"og:type\" content=\"article\" \/>\n<meta property=\"og:title\" content=\"Backlit Branda\" \/>\n<meta property=\"og:description\" content=\"Uygulama Alanlar\u0131   Reklam Panolar\u0131  Afi\u015fler  Geni\u015f Formatl\u0131 Reklam  Stand Tasar\u0131m\u0131  A\u00e7\u0131k Hava Reklam  \u00d6zellikleri   Su Ge\u00e7irmezlik  A\u015f\u0131nmaya ve Kimyasallara Kar\u015f\u0131 Dayan\u0131kl\u0131l\u0131k  \u0130\u015fleme S\u0131ras\u0131nda D\u00fc\u015f\u00fck Duman  S\u00fcrt\u00fcnmeye ve A\u015f\u0131nmaya Kar\u015f\u0131 Diren\u00e7  I\u015f\u0131ktan Etkilenmez ve Solmaz  \u00c7ok \u0130yi Bas\u0131labilirlik  Is\u0131, Elektrik ve Ses Yal\u0131t\u0131m\u0131  UV Direnci\" \/>\n<meta property=\"og:url\" content=\"https:\/\/stocklot.com.tr\/en\/product\/backlit-branda\/\" \/>\n<meta property=\"og:site_name\" content=\"Stocklot D\u0131\u015f Ticaret\" \/>\n<meta property=\"article:publisher\" content=\"https:\/\/www.facebook.com\/stocklot.branda.7\" \/>\n<meta property=\"article:modified_time\" content=\"2023-08-29T20:20:22+00:00\" \/>\n<meta property=\"og:image\" content=\"https:\/\/stocklot.com.tr\/wp-content\/uploads\/2018\/10\/backlit.png\" \/>\n\t<meta property=\"og:image:width\" content=\"500\" \/>\n\t<meta property=\"og:image:height\" content=\"590\" \/>\n\t<meta property=\"og:image:type\" content=\"image\/png\" \/>\n<meta name=\"twitter:card\" content=\"summary_large_image\" \/>\n<meta name=\"twitter:site\" content=\"@stocklottr\" \/>\n<meta name=\"twitter:label1\" content=\"Est. reading time\" \/>\n\t<meta name=\"twitter:data1\" content=\"1 minute\" \/>\n<script type=\"application\/ld+json\" class=\"yoast-schema-graph\">{\"@context\":\"https:\/\/schema.org\",\"@graph\":[{\"@type\":\"WebPage\",\"@id\":\"https:\/\/stocklot.com.tr\/urun\/backlit-branda\/\",\"url\":\"https:\/\/stocklot.com.tr\/urun\/backlit-branda\/\",\"name\":\"Backlit Branda\",\"isPartOf\":{\"@id\":\"https:\/\/stocklot.com.tr\/#website\"},\"primaryImageOfPage\":{\"@id\":\"https:\/\/stocklot.com.tr\/urun\/backlit-branda\/#primaryimage\"},\"image\":{\"@id\":\"https:\/\/stocklot.com.tr\/urun\/backlit-branda\/#primaryimage\"},\"thumbnailUrl\":\"https:\/\/stocklot.com.tr\/wp-content\/uploads\/2018\/10\/backlit.png\",\"datePublished\":\"2018-10-12T06:57:55+00:00\",\"dateModified\":\"2023-08-29T20:20:22+00:00\",\"breadcrumb\":{\"@id\":\"https:\/\/stocklot.com.tr\/urun\/backlit-branda\/#breadcrumb\"},\"inLanguage\":\"en-US\",\"potentialAction\":[{\"@type\":\"ReadAction\",\"target\":[\"https:\/\/stocklot.com.tr\/urun\/backlit-branda\/\"]}]},{\"@type\":\"ImageObject\",\"inLanguage\":\"en-US\",\"@id\":\"https:\/\/stocklot.com.tr\/urun\/backlit-branda\/#primaryimage\",\"url\":\"https:\/\/stocklot.com.tr\/wp-content\/uploads\/2018\/10\/backlit.png\",\"contentUrl\":\"https:\/\/stocklot.com.tr\/wp-content\/uploads\/2018\/10\/backlit.png\",\"width\":500,\"height\":590},{\"@type\":\"BreadcrumbList\",\"@id\":\"https:\/\/stocklot.com.tr\/urun\/backlit-branda\/#breadcrumb\",\"itemListElement\":[{\"@type\":\"ListItem\",\"position\":1,\"name\":\"Ana sayfa\",\"item\":\"https:\/\/stocklot.com.tr\/\"},{\"@type\":\"ListItem\",\"position\":2,\"name\":\"Tedarik A\u011f\u0131m\u0131z\",\"item\":\"https:\/\/stocklot.com.tr\/supply-network\/\"},{\"@type\":\"ListItem\",\"position\":3,\"name\":\"Backlit Branda\"}]},{\"@type\":\"WebSite\",\"@id\":\"https:\/\/stocklot.com.tr\/#website\",\"url\":\"https:\/\/stocklot.com.tr\/\",\"name\":\"Stocklot D\u0131\u015f Ticaret\",\"description\":\"\",\"publisher\":{\"@id\":\"https:\/\/stocklot.com.tr\/#organization\"},\"potentialAction\":[{\"@type\":\"SearchAction\",\"target\":{\"@type\":\"EntryPoint\",\"urlTemplate\":\"https:\/\/stocklot.com.tr\/?s={search_term_string}\"},\"query-input\":{\"@type\":\"PropertyValueSpecification\",\"valueRequired\":true,\"valueName\":\"search_term_string\"}}],\"inLanguage\":\"en-US\"},{\"@type\":\"Organization\",\"@id\":\"https:\/\/stocklot.com.tr\/#organization\",\"name\":\"Stocklot D\u0131\u015f Ticaret LTD \u015eT\u0130\",\"url\":\"https:\/\/stocklot.com.tr\/\",\"logo\":{\"@type\":\"ImageObject\",\"inLanguage\":\"en-US\",\"@id\":\"https:\/\/stocklot.com.tr\/#\/schema\/logo\/image\/\",\"url\":\"https:\/\/stocklot.com.tr\/wp-content\/uploads\/2018\/08\/logo.png\",\"contentUrl\":\"https:\/\/stocklot.com.tr\/wp-content\/uploads\/2018\/08\/logo.png\",\"width\":329,\"height\":100,\"caption\":\"Stocklot D\u0131\u015f Ticaret LTD \u015eT\u0130\"},\"image\":{\"@id\":\"https:\/\/stocklot.com.tr\/#\/schema\/logo\/image\/\"},\"sameAs\":[\"https:\/\/www.facebook.com\/stocklot.branda.7\",\"https:\/\/x.com\/stocklottr\",\"https:\/\/www.instagram.com\/stocklot.tr\/\",\"https:\/\/www.linkedin.com\/company\/stocklot-dis-ticaret\/\",\"http:\/\/www.youtube.com\/channel\/UC3vVOrCxsWCI7flcrjAglzA\"]}]}<\/script>\n<!-- \/ Yoast SEO plugin. -->","yoast_head_json":{"title":"Backlit Branda","robots":{"index":"index","follow":"follow","max-snippet":"max-snippet:-1","max-image-preview":"max-image-preview:large","max-video-preview":"max-video-preview:-1"},"canonical":"https:\/\/stocklot.com.tr\/en\/product\/backlit-branda\/","og_locale":"en_US","og_type":"article","og_title":"Backlit Branda","og_description":"Uygulama Alanlar\u0131   Reklam Panolar\u0131  Afi\u015fler  Geni\u015f Formatl\u0131 Reklam  Stand Tasar\u0131m\u0131  A\u00e7\u0131k Hava Reklam  \u00d6zellikleri   Su Ge\u00e7irmezlik  A\u015f\u0131nmaya ve Kimyasallara Kar\u015f\u0131 Dayan\u0131kl\u0131l\u0131k  \u0130\u015fleme S\u0131ras\u0131nda D\u00fc\u015f\u00fck Duman  S\u00fcrt\u00fcnmeye ve A\u015f\u0131nmaya Kar\u015f\u0131 Diren\u00e7  I\u015f\u0131ktan Etkilenmez ve Solmaz  \u00c7ok \u0130yi Bas\u0131labilirlik  Is\u0131, Elektrik ve Ses Yal\u0131t\u0131m\u0131  UV Direnci","og_url":"https:\/\/stocklot.com.tr\/en\/product\/backlit-branda\/","og_site_name":"Stocklot D\u0131\u015f Ticaret","article_publisher":"https:\/\/www.facebook.com\/stocklot.branda.7","article_modified_time":"2023-08-29T20:20:22+00:00","og_image":[{"width":500,"height":590,"url":"https:\/\/stocklot.com.tr\/wp-content\/uploads\/2018\/10\/backlit.png","type":"image\/png"}],"twitter_card":"summary_large_image","twitter_site":"@stocklottr","twitter_misc":{"Est. reading time":"1 minute"},"schema":{"@context":"https:\/\/schema.org","@graph":[{"@type":"WebPage","@id":"https:\/\/stocklot.com.tr\/urun\/backlit-branda\/","url":"https:\/\/stocklot.com.tr\/urun\/backlit-branda\/","name":"Backlit Branda","isPartOf":{"@id":"https:\/\/stocklot.com.tr\/#website"},"primaryImageOfPage":{"@id":"https:\/\/stocklot.com.tr\/urun\/backlit-branda\/#primaryimage"},"image":{"@id":"https:\/\/stocklot.com.tr\/urun\/backlit-branda\/#primaryimage"},"thumbnailUrl":"https:\/\/stocklot.com.tr\/wp-content\/uploads\/2018\/10\/backlit.png","datePublished":"2018-10-12T06:57:55+00:00","dateModified":"2023-08-29T20:20:22+00:00","breadcrumb":{"@id":"https:\/\/stocklot.com.tr\/urun\/backlit-branda\/#breadcrumb"},"inLanguage":"en-US","potentialAction":[{"@type":"ReadAction","target":["https:\/\/stocklot.com.tr\/urun\/backlit-branda\/"]}]},{"@type":"ImageObject","inLanguage":"en-US","@id":"https:\/\/stocklot.com.tr\/urun\/backlit-branda\/#primaryimage","url":"https:\/\/stocklot.com.tr\/wp-content\/uploads\/2018\/10\/backlit.png","contentUrl":"https:\/\/stocklot.com.tr\/wp-content\/uploads\/2018\/10\/backlit.png","width":500,"height":590},{"@type":"BreadcrumbList","@id":"https:\/\/stocklot.com.tr\/urun\/backlit-branda\/#breadcrumb","itemListElement":[{"@type":"ListItem","position":1,"name":"Ana sayfa","item":"https:\/\/stocklot.com.tr\/"},{"@type":"ListItem","position":2,"name":"Tedarik A\u011f\u0131m\u0131z","item":"https:\/\/stocklot.com.tr\/supply-network\/"},{"@type":"ListItem","position":3,"name":"Backlit Branda"}]},{"@type":"WebSite","@id":"https:\/\/stocklot.com.tr\/#website","url":"https:\/\/stocklot.com.tr\/","name":"Stocklot D\u0131\u015f Ticaret","description":"","publisher":{"@id":"https:\/\/stocklot.com.tr\/#organization"},"potentialAction":[{"@type":"SearchAction","target":{"@type":"EntryPoint","urlTemplate":"https:\/\/stocklot.com.tr\/?s={search_term_string}"},"query-input":{"@type":"PropertyValueSpecification","valueRequired":true,"valueName":"search_term_string"}}],"inLanguage":"en-US"},{"@type":"Organization","@id":"https:\/\/stocklot.com.tr\/#organization","name":"Stocklot D\u0131\u015f Ticaret LTD \u015eT\u0130","url":"https:\/\/stocklot.com.tr\/","logo":{"@type":"ImageObject","inLanguage":"en-US","@id":"https:\/\/stocklot.com.tr\/#\/schema\/logo\/image\/","url":"https:\/\/stocklot.com.tr\/wp-content\/uploads\/2018\/08\/logo.png","contentUrl":"https:\/\/stocklot.com.tr\/wp-content\/uploads\/2018\/08\/logo.png","width":329,"height":100,"caption":"Stocklot D\u0131\u015f Ticaret LTD \u015eT\u0130"},"image":{"@id":"https:\/\/stocklot.com.tr\/#\/schema\/logo\/image\/"},"sameAs":["https:\/\/www.facebook.com\/stocklot.branda.7","https:\/\/x.com\/stocklottr","https:\/\/www.instagram.com\/stocklot.tr\/","https:\/\/www.linkedin.com\/company\/stocklot-dis-ticaret\/","http:\/\/www.youtube.com\/channel\/UC3vVOrCxsWCI7flcrjAglzA"]}]}},"_links":{"self":[{"href":"https:\/\/stocklot.com.tr\/en\/wp-json\/wp\/v2\/product\/143","targetHints":{"allow":["GET"]}}],"collection":[{"href":"https:\/\/stocklot.com.tr\/en\/wp-json\/wp\/v2\/product"}],"about":[{"href":"https:\/\/stocklot.com.tr\/en\/wp-json\/wp\/v2\/types\/product"}],"wp:featuredmedia":[{"embeddable":true,"href":"https:\/\/stocklot.com.tr\/en\/wp-json\/wp\/v2\/media\/6932"}],"wp:attachment":[{"href":"https:\/\/stocklot.com.tr\/en\/wp-json\/wp\/v2\/media?parent=143"}],"wp:term":[{"taxonomy":"product_brand","embeddable":true,"href":"https:\/\/stocklot.com.tr\/en\/wp-json\/wp\/v2\/product_brand?post=143"},{"taxonomy":"product_cat","embeddable":true,"href":"https:\/\/stocklot.com.tr\/en\/wp-json\/wp\/v2\/product_cat?post=143"},{"taxonomy":"product_tag","embeddable":true,"href":"https:\/\/stocklot.com.tr\/en\/wp-json\/wp\/v2\/product_tag?post=143"}],"curies":[{"name":"wp","href":"https:\/\/api.w.org\/{rel}","templated":true}]}}