{"id":6804,"date":"2018-03-16T10:36:14","date_gmt":"2018-03-16T07:36:14","guid":{"rendered":"https:\/\/stocklot.com.tr\/?post_type=product&#038;p=6804"},"modified":"2023-08-04T13:23:58","modified_gmt":"2023-08-04T10:23:58","slug":"tir-brandasi","status":"publish","type":"product","link":"https:\/\/stocklot.com.tr\/de\/produkt\/tir-brandasi\/","title":{"rendered":"T\u0131r Brandas\u0131"},"content":{"rendered":"<h5>Yol i\u00e7in bir\u00e7ok farkl\u0131 renk<\/h5>\n<p>HEYcargo malzemeleri son derece dayan\u0131kl\u0131 ve solmaz kamyon ve treyler brandalar\u0131 olarak kullan\u0131l\u0131r. \u00d6zellikle p\u00fcr\u00fczs\u00fcz parlak y\u00fczeyleri, bask\u0131 ve yap\u0131\u015ft\u0131rma i\u00e7in m\u00fckemmel uygunlu\u011fu ile ikna eder. Kirlilik direnci m\u00fckemmeldir. 300 cm geni\u015fli\u011fe kadar, \u00e7ok iyi kaynaklanabilir brandalar bir\u00e7ok farkl\u0131 renkte mevcuttur. HEYcargo koleksiyonunun bir ba\u015fka \u00f6zelli\u011fi: T\u00fcm brandalar <strong>RAL standartlar\u0131na<\/strong> g\u00f6re \u00fcretilmi\u015ftir, <em>neredeyse her renk m\u00fcmk\u00fcnd\u00fcr<\/em>. Ara\u00e7 ve branda aras\u0131ndaki \u00e7ekici olmayan renk de\u011fi\u015fimleri ge\u00e7mi\u015fte kald\u0131.<\/p>\n<h5>Teknik Veri &#8211; HEYcargo Parlak Seri<\/h5>\n<table>\n<tbody>\n<tr style=\"background-color: #efefef;\">\n<th><\/th>\n<th>tectaplan 8\/8<\/th>\n<th>tectaplan hp 8\/8<\/th>\n<th>tectaplan 9\/9<\/th>\n<\/tr>\n<tr>\n<th>\u00fcr\u00fcn no.<\/th>\n<td>H5618<\/td>\n<td>H6518<\/td>\n<td>H5660<\/td>\n<\/tr>\n<tr>\n<th>uygulama<\/th>\n<td>\u00e7at\u0131 brandalar\u0131<\/td>\n<td>\u00e7at\u0131 brandalar\u0131<\/td>\n<td>\u00e7at\u0131 brandalar\u0131<\/td>\n<\/tr>\n<tr>\n<th>kaplama<\/th>\n<td>PVC<\/td>\n<td>PVC<\/td>\n<td>PVC<\/td>\n<\/tr>\n<tr>\n<th>a\u011f\u0131rl\u0131k<\/th>\n<td>650 g\/m\u00b2<br \/>\n<span style=\"color: #0080c2;\">19 oz\/yd\u00b2<\/span><\/td>\n<td>650 g\/m\u00b2<br \/>\n<span style=\"color: #0080c2;\">19 oz\/yd\u00b2<\/span><\/td>\n<td>680 g\/m\u00b2<br \/>\n<span style=\"color: #0080c2;\">20 oz\/yd\u00b2<\/span><\/td>\n<\/tr>\n<tr>\n<th>gerilme direnci<\/th>\n<td>2900\/2900 N\/5 cm<br \/>\n<span style=\"color: #0080c2;\">331\/331 lbs\/inch<\/span><\/td>\n<td>2800\/2600 N\/5 cm<br \/>\n<span style=\"color: #0080c2;\">320\/297 lbs\/inch<\/span><\/td>\n<td>3000\/2900 N\/5 cm<br \/>\n<span style=\"color: #0080c2;\">343\/331 lbs\/inch<\/span><\/td>\n<\/tr>\n<tr>\n<th>s\u0131cakl\u0131k dayan\u0131m\u0131<\/th>\n<td>-30\u00b0C\/+70\u00b0C<br \/>\n<span style=\"color: #0080c2;\">-22\u00b0F\/+158\u00b0F<\/span><\/td>\n<td>-30\u00b0C\/+70\u00b0C<br \/>\n<span style=\"color: #0080c2;\">-22\u00b0F\/+158\u00b0F<\/span><\/td>\n<td>-30\u00b0C\/+70\u00b0C<br \/>\n<span style=\"color: #0080c2;\">-22\u00b0F\/+158\u00b0F<\/span><\/td>\n<\/tr>\n<tr>\n<th>y\u0131rt\u0131lma dayan\u0131m\u0131<\/th>\n<td>350\/320 N<br \/>\n<span style=\"color: #0080c2;\">79\/72 lbs<\/span><\/td>\n<td>330\/390 N<br \/>\n<span style=\"color: #0080c2;\">74\/88 lbs<\/span><\/td>\n<td>340\/320 N<br \/>\n<span style=\"color: #0080c2;\">76\/72 lbs<\/span><\/td>\n<\/tr>\n<tr>\n<th>\u0131\u015f\u0131k dayan\u0131m\u0131<\/th>\n<td>7-8<\/td>\n<td>7-8<\/td>\n<td>7-8<\/td>\n<\/tr>\n<tr>\n<th>alev geciktirici<\/th>\n<td>yakla\u015f\u0131k 100 mm\/dk<\/td>\n<td>yakla\u015f\u0131k 100 mm\/dk<\/td>\n<td>yakla\u015f\u0131k 100 mm\/dk<\/td>\n<\/tr>\n<tr>\n<th>yap\u0131\u015fma<\/th>\n<td>120 N\/5 cm<br \/>\n<span style=\"color: #0080c2;\">14 lbs\/inch<\/span><\/td>\n<td>120 N\/5 cm<br \/>\n<span style=\"color: #0080c2;\">14 lbs\/inch<\/span><\/td>\n<td>110 N\/5 cm<br \/>\n<span style=\"color: #0080c2;\">13 lbs\/inch<\/span><\/td>\n<\/tr>\n<tr>\n<th>g\u00f6r\u00fcn\u00fcm<\/th>\n<td>parlak<\/td>\n<td>parlak<\/td>\n<td>parlak<\/td>\n<\/tr>\n<\/tbody>\n<\/table>\n<h5>Teknik Veri &#8211; HEYcargo Tren Serisi<\/h5>\n<table>\n<tbody>\n<tr style=\"background-color: #efefef;\">\n<th><\/th>\n<th>traintarp 750 FR<\/th>\n<th>traintarp 850 FR<\/th>\n<th>traintarp 880<\/th>\n<th>traintarp 900 FR<\/th>\n<\/tr>\n<tr>\n<th>\u00fcr\u00fcn no.<\/th>\n<td>H5768<\/td>\n<td>H5568<\/td>\n<td>H5653<\/td>\n<td>H5673<\/td>\n<\/tr>\n<tr>\n<th>uygulama<\/th>\n<td>vagon brandalar\u0131<\/td>\n<td>vagon brandalar\u0131<\/td>\n<td>vagon brandalar\u0131<\/td>\n<td>vagon brandalar\u0131<\/td>\n<\/tr>\n<tr>\n<th>kaplama<\/th>\n<td>PVC<\/td>\n<td>PVC<\/td>\n<td>PVC<\/td>\n<\/tr>\n<tr>\n<th>a\u011f\u0131rl\u0131k<\/th>\n<td>750 g\/m\u00b2<br \/>\n<span style=\"color: #0080c2;\">22 oz\/yd\u00b2<\/span><\/td>\n<td>850 g\/m\u00b2<br \/>\n<span style=\"color: #0080c2;\">25 oz\/yd\u00b2<\/span><\/td>\n<td>880 g\/m\u00b2<br \/>\n<span style=\"color: #0080c2;\">26 oz\/yd\u00b2<\/span><\/td>\n<td>900 g\/m\u00b2<br \/>\n<span style=\"color: #0080c2;\">27 oz\/yd\u00b2<\/span><\/td>\n<\/tr>\n<tr>\n<th>gerilme direnci<\/th>\n<td>&nbsp;<\/td>\n<td>3200\/3000 N\/5 cm<br \/>\n<span style=\"color: #0080c2;\">365\/343 lbs\/inch<\/span><\/td>\n<td>4300\/4200 N\/5 cm<br \/>\n<span style=\"color: #0080c2;\">497\/480 lbs\/inch<\/span><\/td>\n<td>3000\/2900 N\/5 cm<br \/>\n<span style=\"color: #0080c2;\">497\/480 lbs\/inch<\/span><\/td>\n<\/tr>\n<tr>\n<th>alev geciktirici<\/th>\n<td>&nbsp;<\/td>\n<td>DIN 4102 B1<\/td>\n<td>&nbsp;<\/td>\n<td>DIN 4102 B1<\/td>\n<\/tr>\n<tr>\n<th>so\u011fu\u011fa dayan\u0131m\u0131<\/th>\n<td>&nbsp;<\/td>\n<td>&nbsp;<\/td>\n<td>-40\u00b0C (-40\u00b0F)&#8217;ye kadar<\/td>\n<td>&nbsp;<\/td>\n<\/tr>\n<tr>\n<th>di\u011fer \u00f6zellikler<\/th>\n<td>&nbsp;<\/td>\n<td>y\u00fcksek esneklik<\/td>\n<td>y\u00fcksek gerlme mukavemeti<\/td>\n<td>y\u00fcksek gerilme mukavemeti<\/td>\n<\/tr>\n<\/tbody>\n<\/table>","protected":false},"excerpt":{"rendered":"<h5>Anwendungsbereiche<\/h5>\n<ul>\n<li>Kamyon brandalar\u0131<\/li>\n<li>R\u00f6mork brandalar\u0131<\/li>\n<li>Yan perdeler<\/li>\n<li>Gazete \u00e7antalar\u0131<\/li>\n<li>Tank kapaklar\u0131<\/li>\n<li>\u0130skele ve bina kaplamalar\u0131<\/li>\n<li>Katlan\u0131r kap\u0131lar<\/li>\n<li>Depolama raflar\u0131 i\u00e7in kapaklar<\/li>\n<\/ul>\n<h5>Eigenschaften<\/h5>\n<ul>\n<li>\u00c7ok iyi d\u00fczl\u00fck<\/li>\n<li>Kolay kaynak yap\u0131labilirlik (y\u00fcksek frekans, s\u0131cak hava, kama)<\/li>\n<li>\u0130\u015fleme s\u0131ras\u0131nda d\u00fc\u015f\u00fck duman ve koku geli\u015fimi<\/li>\n<li>Kolay temizlenebilir parlak kaplama<\/li>\n<li>Geni\u015f RAL se\u00e7enekleri<\/li>\n<li>\u00c7ok iyi yazd\u0131r\u0131labilirlik<\/li>\n<li>Parlak, b\u00fck\u00fclmeye kar\u015f\u0131 dayan\u0131kl\u0131 \u201cG\u00fcm\u00fc\u015f\u201d<\/li>\n<li>DIN 18204-1 uyumlu<\/li>\n<\/ul>","protected":false},"featured_media":6807,"template":"","meta":[],"product_brand":[],"product_cat":[72],"product_tag":[],"class_list":{"0":"post-6804","1":"product","2":"type-product","3":"status-publish","4":"has-post-thumbnail","6":"product_cat-branda","8":"first","9":"instock","10":"shipping-taxable","11":"product-type-simple"},"yoast_head":"<!-- This site is optimized with the Yoast SEO plugin v25.3.1 - https:\/\/yoast.com\/wordpress\/plugins\/seo\/ -->\n<title>T\u0131r Brandas\u0131 | Stocklot D\u0131\u015f Ticaret<\/title>\n<meta name=\"description\" content=\"Profesyonel veya \u00f6zel gereksinimler i\u00e7in: HEYtent malzemeleri en y\u00fcksek standartlar\u0131 kar\u015f\u0131lar. Stocklot, Heytex&#039;in T\u00fcrkiye&#039;deki yetkili tedarik\u00e7isidir.\" \/>\n<meta name=\"robots\" content=\"index, follow, max-snippet:-1, max-image-preview:large, max-video-preview:-1\" \/>\n<link rel=\"canonical\" href=\"https:\/\/stocklot.com.tr\/de\/produkt\/tir-brandasi\/\" \/>\n<meta property=\"og:locale\" content=\"de_DE\" \/>\n<meta property=\"og:type\" content=\"article\" \/>\n<meta property=\"og:title\" content=\"T\u0131r Brandas\u0131 | Stocklot D\u0131\u015f Ticaret\" \/>\n<meta property=\"og:description\" content=\"Profesyonel veya \u00f6zel gereksinimler i\u00e7in: HEYtent malzemeleri en y\u00fcksek standartlar\u0131 kar\u015f\u0131lar. Stocklot, Heytex&#039;in T\u00fcrkiye&#039;deki yetkili tedarik\u00e7isidir.\" \/>\n<meta property=\"og:url\" content=\"https:\/\/stocklot.com.tr\/de\/produkt\/tir-brandasi\/\" \/>\n<meta property=\"og:site_name\" content=\"Stocklot D\u0131\u015f Ticaret\" \/>\n<meta property=\"article:publisher\" content=\"https:\/\/www.facebook.com\/stocklot.branda.7\" \/>\n<meta property=\"article:modified_time\" content=\"2023-08-04T10:23:58+00:00\" \/>\n<meta property=\"og:image\" content=\"https:\/\/stocklot.com.tr\/wp-content\/uploads\/2020\/03\/HEYcargo.jpg\" \/>\n\t<meta property=\"og:image:width\" content=\"500\" \/>\n\t<meta property=\"og:image:height\" content=\"590\" \/>\n\t<meta property=\"og:image:type\" content=\"image\/jpeg\" \/>\n<meta name=\"twitter:card\" content=\"summary_large_image\" \/>\n<meta name=\"twitter:site\" content=\"@stocklottr\" \/>\n<meta name=\"twitter:label1\" content=\"Gesch\u00e4tzte Lesezeit\" \/>\n\t<meta name=\"twitter:data1\" content=\"2\u00a0Minuten\" \/>\n<script type=\"application\/ld+json\" class=\"yoast-schema-graph\">{\"@context\":\"https:\/\/schema.org\",\"@graph\":[{\"@type\":\"WebPage\",\"@id\":\"https:\/\/stocklot.com.tr\/urun\/tir-brandasi\/\",\"url\":\"https:\/\/stocklot.com.tr\/urun\/tir-brandasi\/\",\"name\":\"T\u0131r Brandas\u0131 | Stocklot D\u0131\u015f Ticaret\",\"isPartOf\":{\"@id\":\"https:\/\/stocklot.com.tr\/#website\"},\"primaryImageOfPage\":{\"@id\":\"https:\/\/stocklot.com.tr\/urun\/tir-brandasi\/#primaryimage\"},\"image\":{\"@id\":\"https:\/\/stocklot.com.tr\/urun\/tir-brandasi\/#primaryimage\"},\"thumbnailUrl\":\"https:\/\/stocklot.com.tr\/wp-content\/uploads\/2020\/03\/HEYcargo.jpg\",\"datePublished\":\"2018-03-16T07:36:14+00:00\",\"dateModified\":\"2023-08-04T10:23:58+00:00\",\"description\":\"Profesyonel veya \u00f6zel gereksinimler i\u00e7in: HEYtent malzemeleri en y\u00fcksek standartlar\u0131 kar\u015f\u0131lar. Stocklot, Heytex'in T\u00fcrkiye'deki yetkili tedarik\u00e7isidir.\",\"breadcrumb\":{\"@id\":\"https:\/\/stocklot.com.tr\/urun\/tir-brandasi\/#breadcrumb\"},\"inLanguage\":\"de\",\"potentialAction\":[{\"@type\":\"ReadAction\",\"target\":[\"https:\/\/stocklot.com.tr\/urun\/tir-brandasi\/\"]}]},{\"@type\":\"ImageObject\",\"inLanguage\":\"de\",\"@id\":\"https:\/\/stocklot.com.tr\/urun\/tir-brandasi\/#primaryimage\",\"url\":\"https:\/\/stocklot.com.tr\/wp-content\/uploads\/2020\/03\/HEYcargo.jpg\",\"contentUrl\":\"https:\/\/stocklot.com.tr\/wp-content\/uploads\/2020\/03\/HEYcargo.jpg\",\"width\":500,\"height\":590},{\"@type\":\"BreadcrumbList\",\"@id\":\"https:\/\/stocklot.com.tr\/urun\/tir-brandasi\/#breadcrumb\",\"itemListElement\":[{\"@type\":\"ListItem\",\"position\":1,\"name\":\"Ana sayfa\",\"item\":\"https:\/\/stocklot.com.tr\/\"},{\"@type\":\"ListItem\",\"position\":2,\"name\":\"Tedarik A\u011f\u0131m\u0131z\",\"item\":\"https:\/\/stocklot.com.tr\/supply-network\/\"},{\"@type\":\"ListItem\",\"position\":3,\"name\":\"T\u0131r Brandas\u0131\"}]},{\"@type\":\"WebSite\",\"@id\":\"https:\/\/stocklot.com.tr\/#website\",\"url\":\"https:\/\/stocklot.com.tr\/\",\"name\":\"Stocklot D\u0131\u015f Ticaret\",\"description\":\"\",\"publisher\":{\"@id\":\"https:\/\/stocklot.com.tr\/#organization\"},\"potentialAction\":[{\"@type\":\"SearchAction\",\"target\":{\"@type\":\"EntryPoint\",\"urlTemplate\":\"https:\/\/stocklot.com.tr\/?s={search_term_string}\"},\"query-input\":{\"@type\":\"PropertyValueSpecification\",\"valueRequired\":true,\"valueName\":\"search_term_string\"}}],\"inLanguage\":\"de\"},{\"@type\":\"Organization\",\"@id\":\"https:\/\/stocklot.com.tr\/#organization\",\"name\":\"Stocklot D\u0131\u015f Ticaret LTD \u015eT\u0130\",\"url\":\"https:\/\/stocklot.com.tr\/\",\"logo\":{\"@type\":\"ImageObject\",\"inLanguage\":\"de\",\"@id\":\"https:\/\/stocklot.com.tr\/#\/schema\/logo\/image\/\",\"url\":\"https:\/\/stocklot.com.tr\/wp-content\/uploads\/2018\/08\/logo.png\",\"contentUrl\":\"https:\/\/stocklot.com.tr\/wp-content\/uploads\/2018\/08\/logo.png\",\"width\":329,\"height\":100,\"caption\":\"Stocklot D\u0131\u015f Ticaret LTD \u015eT\u0130\"},\"image\":{\"@id\":\"https:\/\/stocklot.com.tr\/#\/schema\/logo\/image\/\"},\"sameAs\":[\"https:\/\/www.facebook.com\/stocklot.branda.7\",\"https:\/\/x.com\/stocklottr\",\"https:\/\/www.instagram.com\/stocklot.tr\/\",\"https:\/\/www.linkedin.com\/company\/stocklot-dis-ticaret\/\",\"http:\/\/www.youtube.com\/channel\/UC3vVOrCxsWCI7flcrjAglzA\"]}]}<\/script>\n<!-- \/ Yoast SEO plugin. -->","yoast_head_json":{"title":"T\u0131r Brandas\u0131 | Stocklot D\u0131\u015f Ticaret","description":"Profesyonel veya \u00f6zel gereksinimler i\u00e7in: HEYtent malzemeleri en y\u00fcksek standartlar\u0131 kar\u015f\u0131lar. Stocklot, Heytex'in T\u00fcrkiye'deki yetkili tedarik\u00e7isidir.","robots":{"index":"index","follow":"follow","max-snippet":"max-snippet:-1","max-image-preview":"max-image-preview:large","max-video-preview":"max-video-preview:-1"},"canonical":"https:\/\/stocklot.com.tr\/de\/produkt\/tir-brandasi\/","og_locale":"de_DE","og_type":"article","og_title":"T\u0131r Brandas\u0131 | Stocklot D\u0131\u015f Ticaret","og_description":"Profesyonel veya \u00f6zel gereksinimler i\u00e7in: HEYtent malzemeleri en y\u00fcksek standartlar\u0131 kar\u015f\u0131lar. Stocklot, Heytex'in T\u00fcrkiye'deki yetkili tedarik\u00e7isidir.","og_url":"https:\/\/stocklot.com.tr\/de\/produkt\/tir-brandasi\/","og_site_name":"Stocklot D\u0131\u015f Ticaret","article_publisher":"https:\/\/www.facebook.com\/stocklot.branda.7","article_modified_time":"2023-08-04T10:23:58+00:00","og_image":[{"width":500,"height":590,"url":"https:\/\/stocklot.com.tr\/wp-content\/uploads\/2020\/03\/HEYcargo.jpg","type":"image\/jpeg"}],"twitter_card":"summary_large_image","twitter_site":"@stocklottr","twitter_misc":{"Gesch\u00e4tzte Lesezeit":"2\u00a0Minuten"},"schema":{"@context":"https:\/\/schema.org","@graph":[{"@type":"WebPage","@id":"https:\/\/stocklot.com.tr\/urun\/tir-brandasi\/","url":"https:\/\/stocklot.com.tr\/urun\/tir-brandasi\/","name":"T\u0131r Brandas\u0131 | Stocklot D\u0131\u015f Ticaret","isPartOf":{"@id":"https:\/\/stocklot.com.tr\/#website"},"primaryImageOfPage":{"@id":"https:\/\/stocklot.com.tr\/urun\/tir-brandasi\/#primaryimage"},"image":{"@id":"https:\/\/stocklot.com.tr\/urun\/tir-brandasi\/#primaryimage"},"thumbnailUrl":"https:\/\/stocklot.com.tr\/wp-content\/uploads\/2020\/03\/HEYcargo.jpg","datePublished":"2018-03-16T07:36:14+00:00","dateModified":"2023-08-04T10:23:58+00:00","description":"Profesyonel veya \u00f6zel gereksinimler i\u00e7in: HEYtent malzemeleri en y\u00fcksek standartlar\u0131 kar\u015f\u0131lar. Stocklot, Heytex'in T\u00fcrkiye'deki yetkili tedarik\u00e7isidir.","breadcrumb":{"@id":"https:\/\/stocklot.com.tr\/urun\/tir-brandasi\/#breadcrumb"},"inLanguage":"de","potentialAction":[{"@type":"ReadAction","target":["https:\/\/stocklot.com.tr\/urun\/tir-brandasi\/"]}]},{"@type":"ImageObject","inLanguage":"de","@id":"https:\/\/stocklot.com.tr\/urun\/tir-brandasi\/#primaryimage","url":"https:\/\/stocklot.com.tr\/wp-content\/uploads\/2020\/03\/HEYcargo.jpg","contentUrl":"https:\/\/stocklot.com.tr\/wp-content\/uploads\/2020\/03\/HEYcargo.jpg","width":500,"height":590},{"@type":"BreadcrumbList","@id":"https:\/\/stocklot.com.tr\/urun\/tir-brandasi\/#breadcrumb","itemListElement":[{"@type":"ListItem","position":1,"name":"Ana sayfa","item":"https:\/\/stocklot.com.tr\/"},{"@type":"ListItem","position":2,"name":"Tedarik A\u011f\u0131m\u0131z","item":"https:\/\/stocklot.com.tr\/supply-network\/"},{"@type":"ListItem","position":3,"name":"T\u0131r Brandas\u0131"}]},{"@type":"WebSite","@id":"https:\/\/stocklot.com.tr\/#website","url":"https:\/\/stocklot.com.tr\/","name":"Stocklot D\u0131\u015f Ticaret","description":"","publisher":{"@id":"https:\/\/stocklot.com.tr\/#organization"},"potentialAction":[{"@type":"SearchAction","target":{"@type":"EntryPoint","urlTemplate":"https:\/\/stocklot.com.tr\/?s={search_term_string}"},"query-input":{"@type":"PropertyValueSpecification","valueRequired":true,"valueName":"search_term_string"}}],"inLanguage":"de"},{"@type":"Organization","@id":"https:\/\/stocklot.com.tr\/#organization","name":"Stocklot D\u0131\u015f Ticaret LTD \u015eT\u0130","url":"https:\/\/stocklot.com.tr\/","logo":{"@type":"ImageObject","inLanguage":"de","@id":"https:\/\/stocklot.com.tr\/#\/schema\/logo\/image\/","url":"https:\/\/stocklot.com.tr\/wp-content\/uploads\/2018\/08\/logo.png","contentUrl":"https:\/\/stocklot.com.tr\/wp-content\/uploads\/2018\/08\/logo.png","width":329,"height":100,"caption":"Stocklot D\u0131\u015f Ticaret LTD \u015eT\u0130"},"image":{"@id":"https:\/\/stocklot.com.tr\/#\/schema\/logo\/image\/"},"sameAs":["https:\/\/www.facebook.com\/stocklot.branda.7","https:\/\/x.com\/stocklottr","https:\/\/www.instagram.com\/stocklot.tr\/","https:\/\/www.linkedin.com\/company\/stocklot-dis-ticaret\/","http:\/\/www.youtube.com\/channel\/UC3vVOrCxsWCI7flcrjAglzA"]}]}},"_links":{"self":[{"href":"https:\/\/stocklot.com.tr\/de\/wp-json\/wp\/v2\/product\/6804","targetHints":{"allow":["GET"]}}],"collection":[{"href":"https:\/\/stocklot.com.tr\/de\/wp-json\/wp\/v2\/product"}],"about":[{"href":"https:\/\/stocklot.com.tr\/de\/wp-json\/wp\/v2\/types\/product"}],"wp:featuredmedia":[{"embeddable":true,"href":"https:\/\/stocklot.com.tr\/de\/wp-json\/wp\/v2\/media\/6807"}],"wp:attachment":[{"href":"https:\/\/stocklot.com.tr\/de\/wp-json\/wp\/v2\/media?parent=6804"}],"wp:term":[{"taxonomy":"product_brand","embeddable":true,"href":"https:\/\/stocklot.com.tr\/de\/wp-json\/wp\/v2\/product_brand?post=6804"},{"taxonomy":"product_cat","embeddable":true,"href":"https:\/\/stocklot.com.tr\/de\/wp-json\/wp\/v2\/product_cat?post=6804"},{"taxonomy":"product_tag","embeddable":true,"href":"https:\/\/stocklot.com.tr\/de\/wp-json\/wp\/v2\/product_tag?post=6804"}],"curies":[{"name":"wp","href":"https:\/\/api.w.org\/{rel}","templated":true}]}}