{"id":6794,"date":"2018-03-11T19:34:37","date_gmt":"2018-03-11T16:34:37","guid":{"rendered":"https:\/\/stocklot.com.tr\/?post_type=product&#038;p=6794"},"modified":"2023-08-04T13:24:11","modified_gmt":"2023-08-04T10:24:11","slug":"banners-truck","status":"publish","type":"product","link":"https:\/\/stocklot.com.tr\/de\/produkt\/banners-truck\/","title":{"rendered":"LKW-Plane"},"content":{"rendered":"<h5>Mobil reklamc\u0131l\u0131k<\/h5>\n<p>T\u0131r brandas\u0131 veya afi\u015f olarak: reklam\u0131n\u0131z HEYsign afi\u015fleri ile ikna ediyor.<\/p>\n<p>&nbsp;<\/p>\n<p>&nbsp;<\/p>\n<table>\n<tbody>\n<tr style=\"background-color: #efefef;\">\n<th>\u00dcr\u00fcn<\/th>\n<th>Kaplama<\/th>\n<th>Gewicht<\/th>\n<th>Gerilme Direnci<\/th>\n<th>Breite<\/th>\n<th>\u00c7ift taraf<\/th>\n<th>FR<\/th>\n<th>Solvent<\/th>\n<th>UV<\/th>\n<th>Latex<\/th>\n<th>HP<\/th>\n<\/tr>\n<tr>\n<td>vectaplan panama print<br \/>\n<span style=\"color: #0080c2;\">Ref. H5551-0292<\/span><\/td>\n<td>PVC<\/td>\n<td>900 g\/m\u00b2<br \/>\n<span style=\"color: #0080c2;\">26.5 oz\/yd\u00b2<\/span><\/td>\n<td>4400\/4200 N\/5 cm<br \/>\n<span style=\"color: #0080c2;\">502\/480 lbs\/inch<\/span><\/td>\n<td>300\/320 cm<br \/>\n<span style=\"color: #0080c2;\">118\/126 inch<\/span><\/td>\n<td><\/td>\n<td><\/td>\n<td>\u2714<\/td>\n<td>\u2714<\/td>\n<td>\u2714<\/td>\n<td><\/td>\n<\/tr>\n<tr>\n<td>vectaplan 9\/9 print<br \/>\n<span style=\"color: #0080c2;\">Ref. H5560-0292<\/span><\/td>\n<td>PVC<\/td>\n<td>680 g\/m\u00b2<br \/>\n<span style=\"color: #0080c2;\">20 oz\/yd\u00b2<\/span><\/td>\n<td>3400\/3200 N\/5 cm<br \/>\n<span style=\"color: #0080c2;\">388\/365 lbs\/inch<\/span><\/td>\n<td>250\/300 cm<br \/>\n<span style=\"color: #0080c2;\">98.4\/118 inch<\/span><\/td>\n<td><\/td>\n<td><\/td>\n<td>\u2714<\/td>\n<td>\u2714<\/td>\n<td>\u2714<\/td>\n<td><\/td>\n<\/tr>\n<\/tbody>\n<\/table>","protected":false},"excerpt":{"rendered":"<h5>Anwendungsbereiche<\/h5>\n<ul>\n<li>Brummi-Planen<\/li>\n<li>Seitevorhang<\/li>\n<li>Ve daha fazlas\u0131<\/li>\n<\/ul>\n<p>&nbsp;<\/p>\n<h5>Eigenschaften<\/h5>\n<ul>\n<li>320 cm&#8217;ye (126 in\u00e7) kadar \u00fcretim geni\u015fli\u011fi<\/li>\n<li>Yerle\u015fik bask\u0131 sistemleri ile tek y\u00fcze yazd\u0131r\u0131labilir<\/li>\n<li>Hava ko\u015fullar\u0131na dayan\u0131kl\u0131<\/li>\n<li>Kaynaklanabilir<\/li>\n<\/ul>","protected":false},"featured_media":6795,"template":"","meta":[],"product_brand":[],"product_cat":[72],"product_tag":[55,143,141,142],"class_list":{"0":"post-6794","1":"product","2":"type-product","3":"status-publish","4":"has-post-thumbnail","6":"product_cat-branda","7":"product_tag-branda","8":"product_tag-brandasi","9":"product_tag-kamyon","10":"product_tag-tir","12":"first","13":"instock","14":"shipping-taxable","15":"product-type-simple"},"yoast_head":"<!-- This site is optimized with the Yoast SEO plugin v25.3.1 - https:\/\/yoast.com\/wordpress\/plugins\/seo\/ -->\n<title>Kamyon Brandalar\u0131 | Stocklot D\u0131\u015f Ticaret<\/title>\n<meta name=\"description\" content=\"T\u0131r brandas\u0131 veya afi\u015f olarak: reklam\u0131n\u0131z HEYsign afi\u015fleri ile ikna ediyor. Stocklot, Heytex&#039;in T\u00fcrkiye&#039;deki yetkili tedarik\u00e7isidir.\" \/>\n<meta name=\"robots\" content=\"index, follow, max-snippet:-1, max-image-preview:large, max-video-preview:-1\" \/>\n<link rel=\"canonical\" href=\"https:\/\/stocklot.com.tr\/de\/produkt\/banners-truck\/\" \/>\n<meta property=\"og:locale\" content=\"de_DE\" \/>\n<meta property=\"og:type\" content=\"article\" \/>\n<meta property=\"og:title\" content=\"Kamyon Brandalar\u0131 | Stocklot D\u0131\u015f Ticaret\" \/>\n<meta property=\"og:description\" content=\"T\u0131r brandas\u0131 veya afi\u015f olarak: reklam\u0131n\u0131z HEYsign afi\u015fleri ile ikna ediyor. Stocklot, Heytex&#039;in T\u00fcrkiye&#039;deki yetkili tedarik\u00e7isidir.\" \/>\n<meta property=\"og:url\" content=\"https:\/\/stocklot.com.tr\/de\/produkt\/banners-truck\/\" \/>\n<meta property=\"og:site_name\" content=\"Stocklot D\u0131\u015f Ticaret\" \/>\n<meta property=\"article:publisher\" content=\"https:\/\/www.facebook.com\/stocklot.branda.7\" \/>\n<meta property=\"article:modified_time\" content=\"2023-08-04T10:24:11+00:00\" \/>\n<meta property=\"og:image\" content=\"https:\/\/stocklot.com.tr\/wp-content\/uploads\/2020\/03\/HEYsign.jpg\" \/>\n\t<meta property=\"og:image:width\" content=\"500\" \/>\n\t<meta property=\"og:image:height\" content=\"590\" \/>\n\t<meta property=\"og:image:type\" content=\"image\/jpeg\" \/>\n<meta name=\"twitter:card\" content=\"summary_large_image\" \/>\n<meta name=\"twitter:site\" content=\"@stocklottr\" \/>\n<script type=\"application\/ld+json\" class=\"yoast-schema-graph\">{\"@context\":\"https:\/\/schema.org\",\"@graph\":[{\"@type\":\"WebPage\",\"@id\":\"https:\/\/stocklot.com.tr\/urun\/banners-truck\/\",\"url\":\"https:\/\/stocklot.com.tr\/urun\/banners-truck\/\",\"name\":\"Kamyon Brandalar\u0131 | Stocklot D\u0131\u015f Ticaret\",\"isPartOf\":{\"@id\":\"https:\/\/stocklot.com.tr\/#website\"},\"primaryImageOfPage\":{\"@id\":\"https:\/\/stocklot.com.tr\/urun\/banners-truck\/#primaryimage\"},\"image\":{\"@id\":\"https:\/\/stocklot.com.tr\/urun\/banners-truck\/#primaryimage\"},\"thumbnailUrl\":\"https:\/\/stocklot.com.tr\/wp-content\/uploads\/2020\/03\/HEYsign.jpg\",\"datePublished\":\"2018-03-11T16:34:37+00:00\",\"dateModified\":\"2023-08-04T10:24:11+00:00\",\"description\":\"T\u0131r brandas\u0131 veya afi\u015f olarak: reklam\u0131n\u0131z HEYsign afi\u015fleri ile ikna ediyor. Stocklot, Heytex'in T\u00fcrkiye'deki yetkili tedarik\u00e7isidir.\",\"breadcrumb\":{\"@id\":\"https:\/\/stocklot.com.tr\/urun\/banners-truck\/#breadcrumb\"},\"inLanguage\":\"de\",\"potentialAction\":[{\"@type\":\"ReadAction\",\"target\":[\"https:\/\/stocklot.com.tr\/urun\/banners-truck\/\"]}]},{\"@type\":\"ImageObject\",\"inLanguage\":\"de\",\"@id\":\"https:\/\/stocklot.com.tr\/urun\/banners-truck\/#primaryimage\",\"url\":\"https:\/\/stocklot.com.tr\/wp-content\/uploads\/2020\/03\/HEYsign.jpg\",\"contentUrl\":\"https:\/\/stocklot.com.tr\/wp-content\/uploads\/2020\/03\/HEYsign.jpg\",\"width\":500,\"height\":590},{\"@type\":\"BreadcrumbList\",\"@id\":\"https:\/\/stocklot.com.tr\/urun\/banners-truck\/#breadcrumb\",\"itemListElement\":[{\"@type\":\"ListItem\",\"position\":1,\"name\":\"Ana sayfa\",\"item\":\"https:\/\/stocklot.com.tr\/\"},{\"@type\":\"ListItem\",\"position\":2,\"name\":\"Tedarik A\u011f\u0131m\u0131z\",\"item\":\"https:\/\/stocklot.com.tr\/supply-network\/\"},{\"@type\":\"ListItem\",\"position\":3,\"name\":\"Kamyon Brandalar\u0131\"}]},{\"@type\":\"WebSite\",\"@id\":\"https:\/\/stocklot.com.tr\/#website\",\"url\":\"https:\/\/stocklot.com.tr\/\",\"name\":\"Stocklot D\u0131\u015f Ticaret\",\"description\":\"\",\"publisher\":{\"@id\":\"https:\/\/stocklot.com.tr\/#organization\"},\"potentialAction\":[{\"@type\":\"SearchAction\",\"target\":{\"@type\":\"EntryPoint\",\"urlTemplate\":\"https:\/\/stocklot.com.tr\/?s={search_term_string}\"},\"query-input\":{\"@type\":\"PropertyValueSpecification\",\"valueRequired\":true,\"valueName\":\"search_term_string\"}}],\"inLanguage\":\"de\"},{\"@type\":\"Organization\",\"@id\":\"https:\/\/stocklot.com.tr\/#organization\",\"name\":\"Stocklot D\u0131\u015f Ticaret LTD \u015eT\u0130\",\"url\":\"https:\/\/stocklot.com.tr\/\",\"logo\":{\"@type\":\"ImageObject\",\"inLanguage\":\"de\",\"@id\":\"https:\/\/stocklot.com.tr\/#\/schema\/logo\/image\/\",\"url\":\"https:\/\/stocklot.com.tr\/wp-content\/uploads\/2018\/08\/logo.png\",\"contentUrl\":\"https:\/\/stocklot.com.tr\/wp-content\/uploads\/2018\/08\/logo.png\",\"width\":329,\"height\":100,\"caption\":\"Stocklot D\u0131\u015f Ticaret LTD \u015eT\u0130\"},\"image\":{\"@id\":\"https:\/\/stocklot.com.tr\/#\/schema\/logo\/image\/\"},\"sameAs\":[\"https:\/\/www.facebook.com\/stocklot.branda.7\",\"https:\/\/x.com\/stocklottr\",\"https:\/\/www.instagram.com\/stocklot.tr\/\",\"https:\/\/www.linkedin.com\/company\/stocklot-dis-ticaret\/\",\"http:\/\/www.youtube.com\/channel\/UC3vVOrCxsWCI7flcrjAglzA\"]}]}<\/script>\n<!-- \/ Yoast SEO plugin. -->","yoast_head_json":{"title":"Kamyon Brandalar\u0131 | Stocklot D\u0131\u015f Ticaret","description":"T\u0131r brandas\u0131 veya afi\u015f olarak: reklam\u0131n\u0131z HEYsign afi\u015fleri ile ikna ediyor. Stocklot, Heytex'in T\u00fcrkiye'deki yetkili tedarik\u00e7isidir.","robots":{"index":"index","follow":"follow","max-snippet":"max-snippet:-1","max-image-preview":"max-image-preview:large","max-video-preview":"max-video-preview:-1"},"canonical":"https:\/\/stocklot.com.tr\/de\/produkt\/banners-truck\/","og_locale":"de_DE","og_type":"article","og_title":"Kamyon Brandalar\u0131 | Stocklot D\u0131\u015f Ticaret","og_description":"T\u0131r brandas\u0131 veya afi\u015f olarak: reklam\u0131n\u0131z HEYsign afi\u015fleri ile ikna ediyor. Stocklot, Heytex'in T\u00fcrkiye'deki yetkili tedarik\u00e7isidir.","og_url":"https:\/\/stocklot.com.tr\/de\/produkt\/banners-truck\/","og_site_name":"Stocklot D\u0131\u015f Ticaret","article_publisher":"https:\/\/www.facebook.com\/stocklot.branda.7","article_modified_time":"2023-08-04T10:24:11+00:00","og_image":[{"width":500,"height":590,"url":"https:\/\/stocklot.com.tr\/wp-content\/uploads\/2020\/03\/HEYsign.jpg","type":"image\/jpeg"}],"twitter_card":"summary_large_image","twitter_site":"@stocklottr","schema":{"@context":"https:\/\/schema.org","@graph":[{"@type":"WebPage","@id":"https:\/\/stocklot.com.tr\/urun\/banners-truck\/","url":"https:\/\/stocklot.com.tr\/urun\/banners-truck\/","name":"Kamyon Brandalar\u0131 | Stocklot D\u0131\u015f Ticaret","isPartOf":{"@id":"https:\/\/stocklot.com.tr\/#website"},"primaryImageOfPage":{"@id":"https:\/\/stocklot.com.tr\/urun\/banners-truck\/#primaryimage"},"image":{"@id":"https:\/\/stocklot.com.tr\/urun\/banners-truck\/#primaryimage"},"thumbnailUrl":"https:\/\/stocklot.com.tr\/wp-content\/uploads\/2020\/03\/HEYsign.jpg","datePublished":"2018-03-11T16:34:37+00:00","dateModified":"2023-08-04T10:24:11+00:00","description":"T\u0131r brandas\u0131 veya afi\u015f olarak: reklam\u0131n\u0131z HEYsign afi\u015fleri ile ikna ediyor. Stocklot, Heytex'in T\u00fcrkiye'deki yetkili tedarik\u00e7isidir.","breadcrumb":{"@id":"https:\/\/stocklot.com.tr\/urun\/banners-truck\/#breadcrumb"},"inLanguage":"de","potentialAction":[{"@type":"ReadAction","target":["https:\/\/stocklot.com.tr\/urun\/banners-truck\/"]}]},{"@type":"ImageObject","inLanguage":"de","@id":"https:\/\/stocklot.com.tr\/urun\/banners-truck\/#primaryimage","url":"https:\/\/stocklot.com.tr\/wp-content\/uploads\/2020\/03\/HEYsign.jpg","contentUrl":"https:\/\/stocklot.com.tr\/wp-content\/uploads\/2020\/03\/HEYsign.jpg","width":500,"height":590},{"@type":"BreadcrumbList","@id":"https:\/\/stocklot.com.tr\/urun\/banners-truck\/#breadcrumb","itemListElement":[{"@type":"ListItem","position":1,"name":"Ana sayfa","item":"https:\/\/stocklot.com.tr\/"},{"@type":"ListItem","position":2,"name":"Tedarik A\u011f\u0131m\u0131z","item":"https:\/\/stocklot.com.tr\/supply-network\/"},{"@type":"ListItem","position":3,"name":"Kamyon Brandalar\u0131"}]},{"@type":"WebSite","@id":"https:\/\/stocklot.com.tr\/#website","url":"https:\/\/stocklot.com.tr\/","name":"Stocklot D\u0131\u015f Ticaret","description":"","publisher":{"@id":"https:\/\/stocklot.com.tr\/#organization"},"potentialAction":[{"@type":"SearchAction","target":{"@type":"EntryPoint","urlTemplate":"https:\/\/stocklot.com.tr\/?s={search_term_string}"},"query-input":{"@type":"PropertyValueSpecification","valueRequired":true,"valueName":"search_term_string"}}],"inLanguage":"de"},{"@type":"Organization","@id":"https:\/\/stocklot.com.tr\/#organization","name":"Stocklot D\u0131\u015f Ticaret LTD \u015eT\u0130","url":"https:\/\/stocklot.com.tr\/","logo":{"@type":"ImageObject","inLanguage":"de","@id":"https:\/\/stocklot.com.tr\/#\/schema\/logo\/image\/","url":"https:\/\/stocklot.com.tr\/wp-content\/uploads\/2018\/08\/logo.png","contentUrl":"https:\/\/stocklot.com.tr\/wp-content\/uploads\/2018\/08\/logo.png","width":329,"height":100,"caption":"Stocklot D\u0131\u015f Ticaret LTD \u015eT\u0130"},"image":{"@id":"https:\/\/stocklot.com.tr\/#\/schema\/logo\/image\/"},"sameAs":["https:\/\/www.facebook.com\/stocklot.branda.7","https:\/\/x.com\/stocklottr","https:\/\/www.instagram.com\/stocklot.tr\/","https:\/\/www.linkedin.com\/company\/stocklot-dis-ticaret\/","http:\/\/www.youtube.com\/channel\/UC3vVOrCxsWCI7flcrjAglzA"]}]}},"_links":{"self":[{"href":"https:\/\/stocklot.com.tr\/de\/wp-json\/wp\/v2\/product\/6794","targetHints":{"allow":["GET"]}}],"collection":[{"href":"https:\/\/stocklot.com.tr\/de\/wp-json\/wp\/v2\/product"}],"about":[{"href":"https:\/\/stocklot.com.tr\/de\/wp-json\/wp\/v2\/types\/product"}],"wp:featuredmedia":[{"embeddable":true,"href":"https:\/\/stocklot.com.tr\/de\/wp-json\/wp\/v2\/media\/6795"}],"wp:attachment":[{"href":"https:\/\/stocklot.com.tr\/de\/wp-json\/wp\/v2\/media?parent=6794"}],"wp:term":[{"taxonomy":"product_brand","embeddable":true,"href":"https:\/\/stocklot.com.tr\/de\/wp-json\/wp\/v2\/product_brand?post=6794"},{"taxonomy":"product_cat","embeddable":true,"href":"https:\/\/stocklot.com.tr\/de\/wp-json\/wp\/v2\/product_cat?post=6794"},{"taxonomy":"product_tag","embeddable":true,"href":"https:\/\/stocklot.com.tr\/de\/wp-json\/wp\/v2\/product_tag?post=6794"}],"curies":[{"name":"wp","href":"https:\/\/api.w.org\/{rel}","templated":true}]}}