{"id":374,"date":"2018-10-12T09:30:40","date_gmt":"2018-10-12T06:30:40","guid":{"rendered":"https:\/\/stocklot.com.tr\/?post_type=product&#038;p=374"},"modified":"2018-10-26T17:34:05","modified_gmt":"2018-10-26T14:34:05","slug":"kanvas","status":"publish","type":"product","link":"https:\/\/stocklot.com.tr\/de\/produkt\/kanvas\/","title":{"rendered":"Leinwand"},"content":{"rendered":"<h5>Dayan\u0131kl\u0131 ve Canl\u0131 Bask\u0131 Kalitesi<\/h5>\n<p>\u00d6n ve arka y\u00fcz\u00fc ayn\u0131, kal\u0131n bir yap\u0131ya sahip olan keten kuma\u015flar kanvas olarak adland\u0131r\u0131l\u0131r. Kanvas kuma\u015flar belirli bir noktasal yap\u0131ya sahiptirler. \u00c7ok dayan\u0131kl\u0131 bir kuma\u015f t\u00fcr\u00fcd\u00fcr. Kullan\u0131ld\u0131\u011f\u0131 alanlardan biri reklam sekt\u00f6r\u00fcd\u00fcr. \u00dczerine bask\u0131 yap\u0131larak bir \u00e7ok ama\u00e7la kullan\u0131labilir. Ayr\u0131ca yine \u00fczerine \u00e7e\u015fitli tarzda bask\u0131 yap\u0131larak dekor arac\u0131 olarak kullan\u0131labilir, kasnaklara sar\u0131larak duvar tablosu olarak da kullan\u0131labilir. Reklam sekt\u00f6r\u00fc yan\u0131 s\u0131ra tekstil sekt\u00f6r\u00fcnde de en \u00e7ok kullan\u0131lan kuma\u015f t\u00fcrlerinden birisidir.<\/p>\n<p>Yap\u0131 olarak kuma\u015f ile kot aras\u0131nda olan kanvas spor giyim markalar\u0131n\u0131n vazge\u00e7ilmezidir. Spor giyinmekten ho\u015flananlar\u0131n tercihi de genellikler kanvas kuma\u015ftan \u00fcretilen k\u0131yafetler olmaktad\u0131r. Kanvas ile \u00fcretilen k\u0131yafetler hem \u015f\u0131k he de rahat bir g\u00f6r\u00fcn\u00fcme sahiptirler. Kullan\u0131c\u0131s\u0131na \u015f\u0131kl\u0131k ve rahatl\u0131\u011f\u0131 bir arada sunan kanvas kuma\u015f dayan\u0131kl\u0131d\u0131r. Kanvas kuma\u015ftan \u00fcretilen k\u0131yafetler uzun y\u0131llar kullan\u0131labilir. A\u011f\u0131r ve rustik yap\u0131s\u0131 itibariyle olduk\u00e7a dayan\u0131kl\u0131 bir kuma\u015ft\u0131r. Pamuklu bir kuma\u015f olmas\u0131 kullan\u0131c\u0131s\u0131na yaz-k\u0131\u015f rahat bir kullan\u0131m sa\u011flar. Reklam ve tekstil sekt\u00f6r\u00fc yan\u0131nda d\u00f6\u015femecilikte te kanvas kuma\u015f \u00f6n s\u0131ray\u0131 almaktad\u0131r.<\/p>\n<p>Firmam\u0131z Stocklot D\u0131\u015f Ticaret tedarik a\u011f\u0131nda bulunan kanvas \u00e7e\u015fitli \u00fcr\u00fcn \u00f6zelliklerinde olup Avrupa\u2019n\u0131n \u00f6nde gelen fabrikalar\u0131n\u0131n \u00fcretim fazlas\u0131, sat\u0131\u015f iptalleri, \u00fcretim hatalar\u0131 (Avrupa Standartlar\u0131na g\u00f6re), \u00e7arp\u0131k \u00f6l\u00e7\u00fc, raf \u00f6mr\u00fcn\u00fc doldurmu\u015f, y\u0131lsonu stok temizli\u011fi sonras\u0131 bitirilmeye \u00e7al\u0131\u015f\u0131lan, \u00fcr\u00fcn dizayn sezon de\u011fi\u015fikli\u011fine u\u011fram\u0131\u015f, iflas mallar\u0131 gibi \u00fcr\u00fcnlerin; piyasadaki rekabet\u00e7i fiyatlara siz de\u011ferli m\u00fc\u015fterilerimiz i\u00e7in sipari\u015finiz \u00fczerine profesyonel ekibimiz ile ithalat\u0131n\u0131 ger\u00e7ekle\u015ftirmekteyiz. Ayn\u0131 zamanda bu \u00fcr\u00fcn\u00fc d\u00f6nem d\u00f6nem stoklar\u0131m\u0131zda da bulabilirsiniz. Detayl\u0131 bilgi almak i\u00e7in l\u00fctfen bizimle ileti\u015fime ge\u00e7iniz. <\/p>","protected":false},"excerpt":{"rendered":"<h5>Anwendungsbereiche<\/h5>\n<ul>\n<li>Bayrak ve Flamalar<\/li>\n<li>Spor Giyim<\/li>\n<li>Tablo ve Boyamalar<\/li>\n<li>Nevresim Yatak \u00d6rt\u00fc Tak\u0131mlar\u0131<\/li>\n<li>Reklame\/Plakatwand<\/li>\n<li>Promosyon \u00dcr\u00fcnleri<\/li>\n<\/ul>\n<h5>Eigenschaften<\/h5>\n<ul>\n<li>Sehr flach<\/li>\n<li>Kolay \u0130\u015flenebilirlik<\/li>\n<li>\u00c7ok \u0130yi Bask\u0131 Kalitesi<\/li>\n<li>Dayan\u0131kl\u0131 Kuma\u015f Kalitesi<\/li>\n<li>500 cm&#8217;ye Kadar \u00dcretim Geni\u015fli\u011fi<\/li>\n<li>Yumu\u015fak Tekstil Y\u00fczey Yap\u0131s\u0131<\/li>\n<li>Ola\u011fan Sistemlerle Bir Y\u00fcze Bas\u0131labilme<\/li>\n<\/ul>","protected":false},"featured_media":375,"template":"","meta":[],"product_brand":[],"product_cat":[129],"product_tag":[],"class_list":{"0":"post-374","1":"product","2":"type-product","3":"status-publish","4":"has-post-thumbnail","6":"product_cat-dekorasyon","8":"first","9":"instock","10":"shipping-taxable","11":"product-type-simple"},"yoast_head":"<!-- This site is optimized with the Yoast SEO plugin v25.3.1 - https:\/\/yoast.com\/wordpress\/plugins\/seo\/ -->\n<title>Kanvas<\/title>\n<meta name=\"robots\" content=\"index, follow, max-snippet:-1, max-image-preview:large, max-video-preview:-1\" \/>\n<link rel=\"canonical\" href=\"https:\/\/stocklot.com.tr\/de\/produkt\/kanvas\/\" \/>\n<meta property=\"og:locale\" content=\"de_DE\" \/>\n<meta property=\"og:type\" content=\"article\" \/>\n<meta property=\"og:title\" content=\"Kanvas\" \/>\n<meta property=\"og:description\" content=\"Uygulama Alanlar\u0131   Bayrak ve Flamalar  Spor Giyim  Tablo ve Boyamalar  Nevresim Yatak \u00d6rt\u00fc Tak\u0131mlar\u0131  Reklam Panolar\u0131  Promosyon \u00dcr\u00fcnleri   \u00d6zellikleri   \u00c7ok \u0130yi D\u00fczl\u00fck  Kolay \u0130\u015flenebilirlik  \u00c7ok \u0130yi Bask\u0131 Kalitesi  Dayan\u0131kl\u0131 Kuma\u015f Kalitesi  500 cm&#039;ye Kadar \u00dcretim Geni\u015fli\u011fi  Yumu\u015fak Tekstil Y\u00fczey Yap\u0131s\u0131  Ola\u011fan Sistemlerle Bir Y\u00fcze Bas\u0131labilme\" \/>\n<meta property=\"og:url\" content=\"https:\/\/stocklot.com.tr\/de\/produkt\/kanvas\/\" \/>\n<meta property=\"og:site_name\" content=\"Stocklot D\u0131\u015f Ticaret\" \/>\n<meta property=\"article:publisher\" content=\"https:\/\/www.facebook.com\/stocklot.branda.7\" \/>\n<meta property=\"article:modified_time\" content=\"2018-10-26T14:34:05+00:00\" \/>\n<meta property=\"og:image\" content=\"https:\/\/stocklot.com.tr\/wp-content\/uploads\/2018\/10\/kanvas.png\" \/>\n\t<meta property=\"og:image:width\" content=\"500\" \/>\n\t<meta property=\"og:image:height\" content=\"590\" \/>\n\t<meta property=\"og:image:type\" content=\"image\/png\" \/>\n<meta name=\"twitter:card\" content=\"summary_large_image\" \/>\n<meta name=\"twitter:site\" content=\"@stocklottr\" \/>\n<meta name=\"twitter:label1\" content=\"Gesch\u00e4tzte Lesezeit\" \/>\n\t<meta name=\"twitter:data1\" content=\"2\u00a0Minuten\" \/>\n<script type=\"application\/ld+json\" class=\"yoast-schema-graph\">{\"@context\":\"https:\/\/schema.org\",\"@graph\":[{\"@type\":\"WebPage\",\"@id\":\"https:\/\/stocklot.com.tr\/de\/produkt\/kanvas\/\",\"url\":\"https:\/\/stocklot.com.tr\/de\/produkt\/kanvas\/\",\"name\":\"Kanvas\",\"isPartOf\":{\"@id\":\"https:\/\/stocklot.com.tr\/#website\"},\"primaryImageOfPage\":{\"@id\":\"https:\/\/stocklot.com.tr\/de\/produkt\/kanvas\/#primaryimage\"},\"image\":{\"@id\":\"https:\/\/stocklot.com.tr\/de\/produkt\/kanvas\/#primaryimage\"},\"thumbnailUrl\":\"https:\/\/stocklot.com.tr\/wp-content\/uploads\/2018\/10\/kanvas.png\",\"datePublished\":\"2018-10-12T06:30:40+00:00\",\"dateModified\":\"2018-10-26T14:34:05+00:00\",\"breadcrumb\":{\"@id\":\"https:\/\/stocklot.com.tr\/de\/produkt\/kanvas\/#breadcrumb\"},\"inLanguage\":\"de\",\"potentialAction\":[{\"@type\":\"ReadAction\",\"target\":[\"https:\/\/stocklot.com.tr\/de\/produkt\/kanvas\/\"]}]},{\"@type\":\"ImageObject\",\"inLanguage\":\"de\",\"@id\":\"https:\/\/stocklot.com.tr\/de\/produkt\/kanvas\/#primaryimage\",\"url\":\"https:\/\/stocklot.com.tr\/wp-content\/uploads\/2018\/10\/kanvas.png\",\"contentUrl\":\"https:\/\/stocklot.com.tr\/wp-content\/uploads\/2018\/10\/kanvas.png\",\"width\":500,\"height\":590},{\"@type\":\"BreadcrumbList\",\"@id\":\"https:\/\/stocklot.com.tr\/de\/produkt\/kanvas\/#breadcrumb\",\"itemListElement\":[{\"@type\":\"ListItem\",\"position\":1,\"name\":\"Ana sayfa\",\"item\":\"https:\/\/stocklot.com.tr\/\"},{\"@type\":\"ListItem\",\"position\":2,\"name\":\"Tedarik A\u011f\u0131m\u0131z\",\"item\":\"https:\/\/stocklot.com.tr\/supply-network\/\"},{\"@type\":\"ListItem\",\"position\":3,\"name\":\"Kanvas\"}]},{\"@type\":\"WebSite\",\"@id\":\"https:\/\/stocklot.com.tr\/#website\",\"url\":\"https:\/\/stocklot.com.tr\/\",\"name\":\"Stocklot D\u0131\u015f Ticaret\",\"description\":\"\",\"publisher\":{\"@id\":\"https:\/\/stocklot.com.tr\/#organization\"},\"potentialAction\":[{\"@type\":\"SearchAction\",\"target\":{\"@type\":\"EntryPoint\",\"urlTemplate\":\"https:\/\/stocklot.com.tr\/?s={search_term_string}\"},\"query-input\":{\"@type\":\"PropertyValueSpecification\",\"valueRequired\":true,\"valueName\":\"search_term_string\"}}],\"inLanguage\":\"de\"},{\"@type\":\"Organization\",\"@id\":\"https:\/\/stocklot.com.tr\/#organization\",\"name\":\"Stocklot D\u0131\u015f Ticaret LTD \u015eT\u0130\",\"url\":\"https:\/\/stocklot.com.tr\/\",\"logo\":{\"@type\":\"ImageObject\",\"inLanguage\":\"de\",\"@id\":\"https:\/\/stocklot.com.tr\/#\/schema\/logo\/image\/\",\"url\":\"https:\/\/stocklot.com.tr\/wp-content\/uploads\/2018\/08\/logo.png\",\"contentUrl\":\"https:\/\/stocklot.com.tr\/wp-content\/uploads\/2018\/08\/logo.png\",\"width\":329,\"height\":100,\"caption\":\"Stocklot D\u0131\u015f Ticaret LTD \u015eT\u0130\"},\"image\":{\"@id\":\"https:\/\/stocklot.com.tr\/#\/schema\/logo\/image\/\"},\"sameAs\":[\"https:\/\/www.facebook.com\/stocklot.branda.7\",\"https:\/\/x.com\/stocklottr\",\"https:\/\/www.instagram.com\/stocklot.tr\/\",\"https:\/\/www.linkedin.com\/company\/stocklot-dis-ticaret\/\",\"http:\/\/www.youtube.com\/channel\/UC3vVOrCxsWCI7flcrjAglzA\"]}]}<\/script>\n<!-- \/ Yoast SEO plugin. -->","yoast_head_json":{"title":"Kanvas","robots":{"index":"index","follow":"follow","max-snippet":"max-snippet:-1","max-image-preview":"max-image-preview:large","max-video-preview":"max-video-preview:-1"},"canonical":"https:\/\/stocklot.com.tr\/de\/produkt\/kanvas\/","og_locale":"de_DE","og_type":"article","og_title":"Kanvas","og_description":"Uygulama Alanlar\u0131   Bayrak ve Flamalar  Spor Giyim  Tablo ve Boyamalar  Nevresim Yatak \u00d6rt\u00fc Tak\u0131mlar\u0131  Reklam Panolar\u0131  Promosyon \u00dcr\u00fcnleri   \u00d6zellikleri   \u00c7ok \u0130yi D\u00fczl\u00fck  Kolay \u0130\u015flenebilirlik  \u00c7ok \u0130yi Bask\u0131 Kalitesi  Dayan\u0131kl\u0131 Kuma\u015f Kalitesi  500 cm'ye Kadar \u00dcretim Geni\u015fli\u011fi  Yumu\u015fak Tekstil Y\u00fczey Yap\u0131s\u0131  Ola\u011fan Sistemlerle Bir Y\u00fcze Bas\u0131labilme","og_url":"https:\/\/stocklot.com.tr\/de\/produkt\/kanvas\/","og_site_name":"Stocklot D\u0131\u015f Ticaret","article_publisher":"https:\/\/www.facebook.com\/stocklot.branda.7","article_modified_time":"2018-10-26T14:34:05+00:00","og_image":[{"width":500,"height":590,"url":"https:\/\/stocklot.com.tr\/wp-content\/uploads\/2018\/10\/kanvas.png","type":"image\/png"}],"twitter_card":"summary_large_image","twitter_site":"@stocklottr","twitter_misc":{"Gesch\u00e4tzte Lesezeit":"2\u00a0Minuten"},"schema":{"@context":"https:\/\/schema.org","@graph":[{"@type":"WebPage","@id":"https:\/\/stocklot.com.tr\/de\/produkt\/kanvas\/","url":"https:\/\/stocklot.com.tr\/de\/produkt\/kanvas\/","name":"Kanvas","isPartOf":{"@id":"https:\/\/stocklot.com.tr\/#website"},"primaryImageOfPage":{"@id":"https:\/\/stocklot.com.tr\/de\/produkt\/kanvas\/#primaryimage"},"image":{"@id":"https:\/\/stocklot.com.tr\/de\/produkt\/kanvas\/#primaryimage"},"thumbnailUrl":"https:\/\/stocklot.com.tr\/wp-content\/uploads\/2018\/10\/kanvas.png","datePublished":"2018-10-12T06:30:40+00:00","dateModified":"2018-10-26T14:34:05+00:00","breadcrumb":{"@id":"https:\/\/stocklot.com.tr\/de\/produkt\/kanvas\/#breadcrumb"},"inLanguage":"de","potentialAction":[{"@type":"ReadAction","target":["https:\/\/stocklot.com.tr\/de\/produkt\/kanvas\/"]}]},{"@type":"ImageObject","inLanguage":"de","@id":"https:\/\/stocklot.com.tr\/de\/produkt\/kanvas\/#primaryimage","url":"https:\/\/stocklot.com.tr\/wp-content\/uploads\/2018\/10\/kanvas.png","contentUrl":"https:\/\/stocklot.com.tr\/wp-content\/uploads\/2018\/10\/kanvas.png","width":500,"height":590},{"@type":"BreadcrumbList","@id":"https:\/\/stocklot.com.tr\/de\/produkt\/kanvas\/#breadcrumb","itemListElement":[{"@type":"ListItem","position":1,"name":"Ana sayfa","item":"https:\/\/stocklot.com.tr\/"},{"@type":"ListItem","position":2,"name":"Tedarik A\u011f\u0131m\u0131z","item":"https:\/\/stocklot.com.tr\/supply-network\/"},{"@type":"ListItem","position":3,"name":"Kanvas"}]},{"@type":"WebSite","@id":"https:\/\/stocklot.com.tr\/#website","url":"https:\/\/stocklot.com.tr\/","name":"Stocklot D\u0131\u015f Ticaret","description":"","publisher":{"@id":"https:\/\/stocklot.com.tr\/#organization"},"potentialAction":[{"@type":"SearchAction","target":{"@type":"EntryPoint","urlTemplate":"https:\/\/stocklot.com.tr\/?s={search_term_string}"},"query-input":{"@type":"PropertyValueSpecification","valueRequired":true,"valueName":"search_term_string"}}],"inLanguage":"de"},{"@type":"Organization","@id":"https:\/\/stocklot.com.tr\/#organization","name":"Stocklot D\u0131\u015f Ticaret LTD \u015eT\u0130","url":"https:\/\/stocklot.com.tr\/","logo":{"@type":"ImageObject","inLanguage":"de","@id":"https:\/\/stocklot.com.tr\/#\/schema\/logo\/image\/","url":"https:\/\/stocklot.com.tr\/wp-content\/uploads\/2018\/08\/logo.png","contentUrl":"https:\/\/stocklot.com.tr\/wp-content\/uploads\/2018\/08\/logo.png","width":329,"height":100,"caption":"Stocklot D\u0131\u015f Ticaret LTD \u015eT\u0130"},"image":{"@id":"https:\/\/stocklot.com.tr\/#\/schema\/logo\/image\/"},"sameAs":["https:\/\/www.facebook.com\/stocklot.branda.7","https:\/\/x.com\/stocklottr","https:\/\/www.instagram.com\/stocklot.tr\/","https:\/\/www.linkedin.com\/company\/stocklot-dis-ticaret\/","http:\/\/www.youtube.com\/channel\/UC3vVOrCxsWCI7flcrjAglzA"]}]}},"_links":{"self":[{"href":"https:\/\/stocklot.com.tr\/de\/wp-json\/wp\/v2\/product\/374","targetHints":{"allow":["GET"]}}],"collection":[{"href":"https:\/\/stocklot.com.tr\/de\/wp-json\/wp\/v2\/product"}],"about":[{"href":"https:\/\/stocklot.com.tr\/de\/wp-json\/wp\/v2\/types\/product"}],"wp:featuredmedia":[{"embeddable":true,"href":"https:\/\/stocklot.com.tr\/de\/wp-json\/wp\/v2\/media\/375"}],"wp:attachment":[{"href":"https:\/\/stocklot.com.tr\/de\/wp-json\/wp\/v2\/media?parent=374"}],"wp:term":[{"taxonomy":"product_brand","embeddable":true,"href":"https:\/\/stocklot.com.tr\/de\/wp-json\/wp\/v2\/product_brand?post=374"},{"taxonomy":"product_cat","embeddable":true,"href":"https:\/\/stocklot.com.tr\/de\/wp-json\/wp\/v2\/product_cat?post=374"},{"taxonomy":"product_tag","embeddable":true,"href":"https:\/\/stocklot.com.tr\/de\/wp-json\/wp\/v2\/product_tag?post=374"}],"curies":[{"name":"wp","href":"https:\/\/api.w.org\/{rel}","templated":true}]}}