{"id":367,"date":"2018-10-12T09:36:59","date_gmt":"2018-10-12T06:36:59","guid":{"rendered":"https:\/\/stocklot.com.tr\/?post_type=product&#038;p=367"},"modified":"2018-10-26T15:37:31","modified_gmt":"2018-10-26T12:37:31","slug":"konveyor-bant","status":"publish","type":"product","link":"https:\/\/stocklot.com.tr\/de\/produkt\/konveyor-bant\/","title":{"rendered":"Bandf\u00f6rderer"},"content":{"rendered":"<h5>Dayan\u0131kl\u0131 H\u0131zl\u0131 G\u00fcvenli Aktar\u0131m ve Ta\u015f\u0131ma<\/h5>\n<p>Konvey\u00f6r, y\u00fckleri veya gere\u00e7leri havadan veya yerden ta\u015f\u0131maya yarayan ayr\u0131ca kapal\u0131 devre \u00e7al\u0131\u015fan devaml\u0131 aktarma mekanizmas\u0131na denir. \u00c7e\u015fitli y\u00fck ve malzeme ta\u015f\u0131nmas\u0131nda faydalan\u0131lan, s\u00fcrekli ta\u015f\u0131ma arac\u0131. Kullan\u0131l\u0131\u015f yerleri aras\u0131nda; havayollar\u0131nda bagaj ta\u015f\u0131ma, silolarda tah\u0131l ta\u015f\u0131ma, maden ocaklar\u0131nda k\u00f6m\u00fcr ve maden filizlerini nakletme, fabrikalarda montaj \u00fcretim hatlar\u0131nda makina par\u00e7alar\u0131n\u0131n iletilmesinde kullan\u0131lan sistemler \u00f6nemli olanlard\u0131r. Y\u00fckleme ve bo\u015faltma noktalar\u0131 aras\u0131nda \u00e7al\u0131\u015fan konvey\u00f6rlerin hareketi; yer \u00e7ekimi kuvveti, insan g\u00fcc\u00fc, hayvan, titre\u015fim veya motorla \u00e7al\u0131\u015fan kay\u0131\u015flar, zincirler ve kablolarla sa\u011flan\u0131r.<\/p>\n<p>Firmam\u0131z Stocklot D\u0131\u015f Ticaret tedarik a\u011f\u0131nda bulunan konvey\u00f6r bant \u00e7e\u015fitli \u00fcr\u00fcn \u00f6zelliklerinde olup Avrupa\u2019n\u0131n \u00f6nde gelen fabrikalar\u0131n\u0131n \u00fcretim fazlas\u0131, sat\u0131\u015f iptalleri, \u00fcretim hatalar\u0131 (Avrupa Standartlar\u0131na g\u00f6re), \u00e7arp\u0131k \u00f6l\u00e7\u00fc, raf \u00f6mr\u00fcn\u00fc doldurmu\u015f, y\u0131lsonu stok temizli\u011fi sonras\u0131 bitirilmeye \u00e7al\u0131\u015f\u0131lan, \u00fcr\u00fcn dizayn sezon de\u011fi\u015fikli\u011fine u\u011fram\u0131\u015f, iflas mallar\u0131 gibi \u00fcr\u00fcnlerin; piyasadaki rekabet\u00e7i fiyatlara siz de\u011ferli m\u00fc\u015fterilerimiz i\u00e7in sipari\u015finiz \u00fczerine profesyonel ekibimiz ile ithalat\u0131n\u0131 ger\u00e7ekle\u015ftirmekteyiz. Ayn\u0131 zamanda bu \u00fcr\u00fcn\u00fc d\u00f6nem d\u00f6nem stoklar\u0131m\u0131zda da bulabilirsiniz. Detayl\u0131 bilgi almak i\u00e7in l\u00fctfen bizimle ileti\u015fime ge\u00e7iniz. <\/p>","protected":false},"excerpt":{"rendered":"<h5>Anwendungsbereiche<\/h5>\n<ul>\n<li>Elektrik &amp; Elektronik<\/li>\n<li>Otomotiv<\/li>\n<li>Tekstil &amp; Deri<\/li>\n<li>Evsel &amp; Temizlik Maddeleri<\/li>\n<li>G\u00fczellik &amp; Ki\u015fisel Bak\u0131m, Kozmetikler<\/li>\n<li>Yiyecek &amp; \u0130\u00e7ecek<\/li>\n<\/ul>\n<h5>Eigenschaften<\/h5>\n<ul>\n<li>Wasserdicht<\/li>\n<li>Langlebig gegen Chemikali und korrodieren<\/li>\n<li>Weniges Rauch w\u00e4hrend der Anwendung<\/li>\n<li>Langlebig gegen Friktion und Abnutzung<\/li>\n<\/ul>","protected":false},"featured_media":368,"template":"","meta":[],"product_brand":[],"product_cat":[40],"product_tag":[],"class_list":{"0":"post-367","1":"product","2":"type-product","3":"status-publish","4":"has-post-thumbnail","6":"product_cat-genel","8":"first","9":"instock","10":"shipping-taxable","11":"product-type-simple"},"yoast_head":"<!-- This site is optimized with the Yoast SEO plugin v25.3.1 - https:\/\/yoast.com\/wordpress\/plugins\/seo\/ -->\n<title>Konvey\u00f6r Bant<\/title>\n<meta name=\"robots\" content=\"index, follow, max-snippet:-1, max-image-preview:large, max-video-preview:-1\" \/>\n<link rel=\"canonical\" href=\"https:\/\/stocklot.com.tr\/de\/product\/konveyor-bant\/\" \/>\n<meta property=\"og:locale\" content=\"de_DE\" \/>\n<meta property=\"og:type\" content=\"article\" \/>\n<meta property=\"og:title\" content=\"Konvey\u00f6r Bant\" \/>\n<meta property=\"og:description\" content=\"Uygulama Alanlar\u0131   Elektrik &amp; Elektronik  Otomotiv  Tekstil &amp; Deri  Evsel &amp; Temizlik Maddeleri  G\u00fczellik &amp; Ki\u015fisel Bak\u0131m, Kozmetikler  Yiyecek &amp; \u0130\u00e7ecek  \u00d6zellikleri   Su Ge\u00e7irmezlik  A\u015f\u0131nmaya ve Kimyasallara Kar\u015f\u0131 Dayan\u0131kl\u0131l\u0131k  \u0130\u015fleme S\u0131ras\u0131nda D\u00fc\u015f\u00fck Duman  S\u00fcrt\u00fcnmeye ve A\u015f\u0131nmaya Kar\u015f\u0131 Diren\u00e7\" \/>\n<meta property=\"og:url\" content=\"https:\/\/stocklot.com.tr\/de\/product\/konveyor-bant\/\" \/>\n<meta property=\"og:site_name\" content=\"Stocklot D\u0131\u015f Ticaret\" \/>\n<meta property=\"article:publisher\" content=\"https:\/\/www.facebook.com\/stocklot.branda.7\" \/>\n<meta property=\"article:modified_time\" content=\"2018-10-26T12:37:31+00:00\" \/>\n<meta property=\"og:image\" content=\"https:\/\/stocklot.com.tr\/wp-content\/uploads\/2018\/10\/konveyor-bant.png\" \/>\n\t<meta property=\"og:image:width\" content=\"500\" \/>\n\t<meta property=\"og:image:height\" content=\"590\" \/>\n\t<meta property=\"og:image:type\" content=\"image\/png\" \/>\n<meta name=\"twitter:card\" content=\"summary_large_image\" \/>\n<meta name=\"twitter:site\" content=\"@stocklottr\" \/>\n<meta name=\"twitter:label1\" content=\"Gesch\u00e4tzte Lesezeit\" \/>\n\t<meta name=\"twitter:data1\" content=\"1\u00a0Minute\" \/>\n<script type=\"application\/ld+json\" class=\"yoast-schema-graph\">{\"@context\":\"https:\/\/schema.org\",\"@graph\":[{\"@type\":\"WebPage\",\"@id\":\"https:\/\/stocklot.com.tr\/ar\/product\/konveyor-bant\/\",\"url\":\"https:\/\/stocklot.com.tr\/ar\/product\/konveyor-bant\/\",\"name\":\"Konvey\u00f6r Bant\",\"isPartOf\":{\"@id\":\"https:\/\/stocklot.com.tr\/#website\"},\"primaryImageOfPage\":{\"@id\":\"https:\/\/stocklot.com.tr\/ar\/product\/konveyor-bant\/#primaryimage\"},\"image\":{\"@id\":\"https:\/\/stocklot.com.tr\/ar\/product\/konveyor-bant\/#primaryimage\"},\"thumbnailUrl\":\"https:\/\/stocklot.com.tr\/wp-content\/uploads\/2018\/10\/konveyor-bant.png\",\"datePublished\":\"2018-10-12T06:36:59+00:00\",\"dateModified\":\"2018-10-26T12:37:31+00:00\",\"breadcrumb\":{\"@id\":\"https:\/\/stocklot.com.tr\/ar\/product\/konveyor-bant\/#breadcrumb\"},\"inLanguage\":\"de\",\"potentialAction\":[{\"@type\":\"ReadAction\",\"target\":[\"https:\/\/stocklot.com.tr\/ar\/product\/konveyor-bant\/\"]}]},{\"@type\":\"ImageObject\",\"inLanguage\":\"de\",\"@id\":\"https:\/\/stocklot.com.tr\/ar\/product\/konveyor-bant\/#primaryimage\",\"url\":\"https:\/\/stocklot.com.tr\/wp-content\/uploads\/2018\/10\/konveyor-bant.png\",\"contentUrl\":\"https:\/\/stocklot.com.tr\/wp-content\/uploads\/2018\/10\/konveyor-bant.png\",\"width\":500,\"height\":590},{\"@type\":\"BreadcrumbList\",\"@id\":\"https:\/\/stocklot.com.tr\/ar\/product\/konveyor-bant\/#breadcrumb\",\"itemListElement\":[{\"@type\":\"ListItem\",\"position\":1,\"name\":\"Ana sayfa\",\"item\":\"https:\/\/stocklot.com.tr\/\"},{\"@type\":\"ListItem\",\"position\":2,\"name\":\"Tedarik A\u011f\u0131m\u0131z\",\"item\":\"https:\/\/stocklot.com.tr\/supply-network\/\"},{\"@type\":\"ListItem\",\"position\":3,\"name\":\"Konvey\u00f6r Bant\"}]},{\"@type\":\"WebSite\",\"@id\":\"https:\/\/stocklot.com.tr\/#website\",\"url\":\"https:\/\/stocklot.com.tr\/\",\"name\":\"Stocklot D\u0131\u015f Ticaret\",\"description\":\"\",\"publisher\":{\"@id\":\"https:\/\/stocklot.com.tr\/#organization\"},\"potentialAction\":[{\"@type\":\"SearchAction\",\"target\":{\"@type\":\"EntryPoint\",\"urlTemplate\":\"https:\/\/stocklot.com.tr\/?s={search_term_string}\"},\"query-input\":{\"@type\":\"PropertyValueSpecification\",\"valueRequired\":true,\"valueName\":\"search_term_string\"}}],\"inLanguage\":\"de\"},{\"@type\":\"Organization\",\"@id\":\"https:\/\/stocklot.com.tr\/#organization\",\"name\":\"Stocklot D\u0131\u015f Ticaret LTD \u015eT\u0130\",\"url\":\"https:\/\/stocklot.com.tr\/\",\"logo\":{\"@type\":\"ImageObject\",\"inLanguage\":\"de\",\"@id\":\"https:\/\/stocklot.com.tr\/#\/schema\/logo\/image\/\",\"url\":\"https:\/\/stocklot.com.tr\/wp-content\/uploads\/2018\/08\/logo.png\",\"contentUrl\":\"https:\/\/stocklot.com.tr\/wp-content\/uploads\/2018\/08\/logo.png\",\"width\":329,\"height\":100,\"caption\":\"Stocklot D\u0131\u015f Ticaret LTD \u015eT\u0130\"},\"image\":{\"@id\":\"https:\/\/stocklot.com.tr\/#\/schema\/logo\/image\/\"},\"sameAs\":[\"https:\/\/www.facebook.com\/stocklot.branda.7\",\"https:\/\/x.com\/stocklottr\",\"https:\/\/www.instagram.com\/stocklot.tr\/\",\"https:\/\/www.linkedin.com\/company\/stocklot-dis-ticaret\/\",\"http:\/\/www.youtube.com\/channel\/UC3vVOrCxsWCI7flcrjAglzA\"]}]}<\/script>\n<!-- \/ Yoast SEO plugin. -->","yoast_head_json":{"title":"Konvey\u00f6r Bant","robots":{"index":"index","follow":"follow","max-snippet":"max-snippet:-1","max-image-preview":"max-image-preview:large","max-video-preview":"max-video-preview:-1"},"canonical":"https:\/\/stocklot.com.tr\/de\/product\/konveyor-bant\/","og_locale":"de_DE","og_type":"article","og_title":"Konvey\u00f6r Bant","og_description":"Uygulama Alanlar\u0131   Elektrik &amp; Elektronik  Otomotiv  Tekstil &amp; Deri  Evsel &amp; Temizlik Maddeleri  G\u00fczellik &amp; Ki\u015fisel Bak\u0131m, Kozmetikler  Yiyecek &amp; \u0130\u00e7ecek  \u00d6zellikleri   Su Ge\u00e7irmezlik  A\u015f\u0131nmaya ve Kimyasallara Kar\u015f\u0131 Dayan\u0131kl\u0131l\u0131k  \u0130\u015fleme S\u0131ras\u0131nda D\u00fc\u015f\u00fck Duman  S\u00fcrt\u00fcnmeye ve A\u015f\u0131nmaya Kar\u015f\u0131 Diren\u00e7","og_url":"https:\/\/stocklot.com.tr\/de\/product\/konveyor-bant\/","og_site_name":"Stocklot D\u0131\u015f Ticaret","article_publisher":"https:\/\/www.facebook.com\/stocklot.branda.7","article_modified_time":"2018-10-26T12:37:31+00:00","og_image":[{"width":500,"height":590,"url":"https:\/\/stocklot.com.tr\/wp-content\/uploads\/2018\/10\/konveyor-bant.png","type":"image\/png"}],"twitter_card":"summary_large_image","twitter_site":"@stocklottr","twitter_misc":{"Gesch\u00e4tzte Lesezeit":"1\u00a0Minute"},"schema":{"@context":"https:\/\/schema.org","@graph":[{"@type":"WebPage","@id":"https:\/\/stocklot.com.tr\/ar\/product\/konveyor-bant\/","url":"https:\/\/stocklot.com.tr\/ar\/product\/konveyor-bant\/","name":"Konvey\u00f6r Bant","isPartOf":{"@id":"https:\/\/stocklot.com.tr\/#website"},"primaryImageOfPage":{"@id":"https:\/\/stocklot.com.tr\/ar\/product\/konveyor-bant\/#primaryimage"},"image":{"@id":"https:\/\/stocklot.com.tr\/ar\/product\/konveyor-bant\/#primaryimage"},"thumbnailUrl":"https:\/\/stocklot.com.tr\/wp-content\/uploads\/2018\/10\/konveyor-bant.png","datePublished":"2018-10-12T06:36:59+00:00","dateModified":"2018-10-26T12:37:31+00:00","breadcrumb":{"@id":"https:\/\/stocklot.com.tr\/ar\/product\/konveyor-bant\/#breadcrumb"},"inLanguage":"de","potentialAction":[{"@type":"ReadAction","target":["https:\/\/stocklot.com.tr\/ar\/product\/konveyor-bant\/"]}]},{"@type":"ImageObject","inLanguage":"de","@id":"https:\/\/stocklot.com.tr\/ar\/product\/konveyor-bant\/#primaryimage","url":"https:\/\/stocklot.com.tr\/wp-content\/uploads\/2018\/10\/konveyor-bant.png","contentUrl":"https:\/\/stocklot.com.tr\/wp-content\/uploads\/2018\/10\/konveyor-bant.png","width":500,"height":590},{"@type":"BreadcrumbList","@id":"https:\/\/stocklot.com.tr\/ar\/product\/konveyor-bant\/#breadcrumb","itemListElement":[{"@type":"ListItem","position":1,"name":"Ana sayfa","item":"https:\/\/stocklot.com.tr\/"},{"@type":"ListItem","position":2,"name":"Tedarik A\u011f\u0131m\u0131z","item":"https:\/\/stocklot.com.tr\/supply-network\/"},{"@type":"ListItem","position":3,"name":"Konvey\u00f6r Bant"}]},{"@type":"WebSite","@id":"https:\/\/stocklot.com.tr\/#website","url":"https:\/\/stocklot.com.tr\/","name":"Stocklot D\u0131\u015f Ticaret","description":"","publisher":{"@id":"https:\/\/stocklot.com.tr\/#organization"},"potentialAction":[{"@type":"SearchAction","target":{"@type":"EntryPoint","urlTemplate":"https:\/\/stocklot.com.tr\/?s={search_term_string}"},"query-input":{"@type":"PropertyValueSpecification","valueRequired":true,"valueName":"search_term_string"}}],"inLanguage":"de"},{"@type":"Organization","@id":"https:\/\/stocklot.com.tr\/#organization","name":"Stocklot D\u0131\u015f Ticaret LTD \u015eT\u0130","url":"https:\/\/stocklot.com.tr\/","logo":{"@type":"ImageObject","inLanguage":"de","@id":"https:\/\/stocklot.com.tr\/#\/schema\/logo\/image\/","url":"https:\/\/stocklot.com.tr\/wp-content\/uploads\/2018\/08\/logo.png","contentUrl":"https:\/\/stocklot.com.tr\/wp-content\/uploads\/2018\/08\/logo.png","width":329,"height":100,"caption":"Stocklot D\u0131\u015f Ticaret LTD \u015eT\u0130"},"image":{"@id":"https:\/\/stocklot.com.tr\/#\/schema\/logo\/image\/"},"sameAs":["https:\/\/www.facebook.com\/stocklot.branda.7","https:\/\/x.com\/stocklottr","https:\/\/www.instagram.com\/stocklot.tr\/","https:\/\/www.linkedin.com\/company\/stocklot-dis-ticaret\/","http:\/\/www.youtube.com\/channel\/UC3vVOrCxsWCI7flcrjAglzA"]}]}},"_links":{"self":[{"href":"https:\/\/stocklot.com.tr\/de\/wp-json\/wp\/v2\/product\/367","targetHints":{"allow":["GET"]}}],"collection":[{"href":"https:\/\/stocklot.com.tr\/de\/wp-json\/wp\/v2\/product"}],"about":[{"href":"https:\/\/stocklot.com.tr\/de\/wp-json\/wp\/v2\/types\/product"}],"wp:featuredmedia":[{"embeddable":true,"href":"https:\/\/stocklot.com.tr\/de\/wp-json\/wp\/v2\/media\/368"}],"wp:attachment":[{"href":"https:\/\/stocklot.com.tr\/de\/wp-json\/wp\/v2\/media?parent=367"}],"wp:term":[{"taxonomy":"product_brand","embeddable":true,"href":"https:\/\/stocklot.com.tr\/de\/wp-json\/wp\/v2\/product_brand?post=367"},{"taxonomy":"product_cat","embeddable":true,"href":"https:\/\/stocklot.com.tr\/de\/wp-json\/wp\/v2\/product_cat?post=367"},{"taxonomy":"product_tag","embeddable":true,"href":"https:\/\/stocklot.com.tr\/de\/wp-json\/wp\/v2\/product_tag?post=367"}],"curies":[{"name":"wp","href":"https:\/\/api.w.org\/{rel}","templated":true}]}}