{"id":355,"date":"2018-10-12T09:43:05","date_gmt":"2018-10-12T06:43:05","guid":{"rendered":"https:\/\/stocklot.com.tr\/?post_type=product&#038;p=355"},"modified":"2018-10-26T15:48:27","modified_gmt":"2018-10-26T12:48:27","slug":"akrilik-tentelik-kumaslar","status":"publish","type":"product","link":"https:\/\/stocklot.com.tr\/de\/produkt\/akrilik-tentelik-kumaslar\/","title":{"rendered":"Planenstoffe aus Acryl"},"content":{"rendered":"<h5>Dayan\u0131kl\u0131 ve Dekoratif Tente Kuma\u015flar\u0131<\/h5>\n<p>Su Ge\u00e7irmez ve alev y\u00fcr\u00fctmez tenteler gerildikleri ortamlar\u0131 \u00e7e\u015fitli d\u0131\u015f etkilerden koruyarak amaca uygun dizayn edilmi\u015f branda kuma\u015flarla \u00f6rt\u00fcl\u00fc mekanizmalard\u0131r. \u00c7ok \u00e7e\u015fitli formlarda \u00fcretilmeleri ve tasarlanmalar\u0131 m\u00fcmk\u00fcnd\u00fcr. \u00c7ad\u0131rlar veya organizasyon alanlar\u0131 ve ara\u00e7 koruyucular\u0131 gibi olduk\u00e7a farkl\u0131 ama\u00e7lara hizmet edecek tente kuma\u015flar\u0131 ithalat\u0131 yapmaktay\u0131z. Stocklot, bu i\u015fte olduk\u00e7a deneyimli ve son derece kaliteli kuma\u015flar ile \u00e7al\u0131\u015fan pazarda hem tasar\u0131m g\u00f6r\u00fcn\u00fcm hem de \u00fcr\u00fcn sat\u0131\u015f\u0131 alan\u0131nda yer edinmi\u015f bir firmad\u0131r.<\/p>\n<p>Firmam\u0131z Stocklot D\u0131\u015f Ticaret tedarik a\u011f\u0131nda bulunan akrelik tentelik kuma\u015flar \u00e7e\u015fitli \u00fcr\u00fcn \u00f6zelliklerinde olup Avrupa\u2019n\u0131n \u00f6nde gelen fabrikalar\u0131n\u0131n \u00fcretim fazlas\u0131, sat\u0131\u015f iptalleri, \u00fcretim hatalar\u0131 (Avrupa Standartlar\u0131na g\u00f6re), \u00e7arp\u0131k \u00f6l\u00e7\u00fc, raf \u00f6mr\u00fcn\u00fc doldurmu\u015f, y\u0131lsonu stok temizli\u011fi sonras\u0131 bitirilmeye \u00e7al\u0131\u015f\u0131lan, \u00fcr\u00fcn dizayn sezon de\u011fi\u015fikli\u011fine u\u011fram\u0131\u015f, iflas mallar\u0131 gibi \u00fcr\u00fcnlerin; piyasadaki rekabet\u00e7i fiyatlara siz de\u011ferli m\u00fc\u015fterilerimiz i\u00e7in sipari\u015finiz \u00fczerine profesyonel ekibimiz ile ithalat\u0131n\u0131 ger\u00e7ekle\u015ftirmekteyiz. Ayn\u0131 zamanda bu \u00fcr\u00fcn\u00fc d\u00f6nem d\u00f6nem stoklar\u0131m\u0131zda da bulabilirsiniz. Detayl\u0131 bilgi almak i\u00e7in l\u00fctfen bizimle ileti\u015fime ge\u00e7iniz. <\/p>","protected":false},"excerpt":{"rendered":"<h5>Anwendungsbereiche<\/h5>\n<ul>\n<li>\u00c7ad\u0131rlar<\/li>\n<li>Organizasyon Alanlar\u0131<\/li>\n<li>Ara\u00e7 Koruyucular<\/li>\n<li>Pazar Tenteleri<\/li>\n<li>D\u00fckkan Pergolalar\u0131<\/li>\n<\/ul>\n<h5>Eigenschaften<\/h5>\n<ul>\n<li>Sehr flach<\/li>\n<li>Kolay \u0130\u015flenebilirlik<\/li>\n<li>Wasserdicht<\/li>\n<li>Dayan\u0131kl\u0131 Kuma\u015f Kalitesi<\/li>\n<li>Yumu\u015fak Tekstil Y\u00fczey Yap\u0131s\u0131<\/li>\n<li>Dayan\u0131kl\u0131 Akrilik Malzeme<\/li>\n<\/ul>","protected":false},"featured_media":356,"template":"","meta":[],"product_brand":[],"product_cat":[40],"product_tag":[],"class_list":{"0":"post-355","1":"product","2":"type-product","3":"status-publish","4":"has-post-thumbnail","6":"product_cat-genel","8":"first","9":"instock","10":"shipping-taxable","11":"product-type-simple"},"yoast_head":"<!-- This site is optimized with the Yoast SEO plugin v25.3.1 - https:\/\/yoast.com\/wordpress\/plugins\/seo\/ -->\n<title>Akrilik Tentelik Kuma\u015flar<\/title>\n<meta name=\"robots\" content=\"index, follow, max-snippet:-1, max-image-preview:large, max-video-preview:-1\" \/>\n<link rel=\"canonical\" href=\"https:\/\/stocklot.com.tr\/de\/product\/akrilik-tentelik-kumaslar\/\" \/>\n<meta property=\"og:locale\" content=\"de_DE\" \/>\n<meta property=\"og:type\" content=\"article\" \/>\n<meta property=\"og:title\" content=\"Akrilik Tentelik Kuma\u015flar\" \/>\n<meta property=\"og:description\" content=\"Uygulama Alanlar\u0131   \u00c7ad\u0131rlar  Organizasyon Alanlar\u0131  Ara\u00e7 Koruyucular  Pazar Tenteleri  D\u00fckkan Pergolalar\u0131  \u00d6zellikleri   \u00c7ok \u0130yi D\u00fczl\u00fck  Kolay \u0130\u015flenebilirlik  Su Ge\u00e7irmezlik  Dayan\u0131kl\u0131 Kuma\u015f Kalitesi  Yumu\u015fak Tekstil Y\u00fczey Yap\u0131s\u0131  Dayan\u0131kl\u0131 Akrilik Malzeme\" \/>\n<meta property=\"og:url\" content=\"https:\/\/stocklot.com.tr\/de\/product\/akrilik-tentelik-kumaslar\/\" \/>\n<meta property=\"og:site_name\" content=\"Stocklot D\u0131\u015f Ticaret\" \/>\n<meta property=\"article:publisher\" content=\"https:\/\/www.facebook.com\/stocklot.branda.7\" \/>\n<meta property=\"article:modified_time\" content=\"2018-10-26T12:48:27+00:00\" \/>\n<meta property=\"og:image\" content=\"https:\/\/stocklot.com.tr\/wp-content\/uploads\/2018\/10\/akrilik-tentelik-kumaslar.png\" \/>\n\t<meta property=\"og:image:width\" content=\"500\" \/>\n\t<meta property=\"og:image:height\" content=\"590\" \/>\n\t<meta property=\"og:image:type\" content=\"image\/png\" \/>\n<meta name=\"twitter:card\" content=\"summary_large_image\" \/>\n<meta name=\"twitter:site\" content=\"@stocklottr\" \/>\n<meta name=\"twitter:label1\" content=\"Gesch\u00e4tzte Lesezeit\" \/>\n\t<meta name=\"twitter:data1\" content=\"1\u00a0Minute\" \/>\n<script type=\"application\/ld+json\" class=\"yoast-schema-graph\">{\"@context\":\"https:\/\/schema.org\",\"@graph\":[{\"@type\":\"WebPage\",\"@id\":\"https:\/\/stocklot.com.tr\/ar\/product\/akrilik-tentelik-kumaslar\/\",\"url\":\"https:\/\/stocklot.com.tr\/ar\/product\/akrilik-tentelik-kumaslar\/\",\"name\":\"Akrilik Tentelik Kuma\u015flar\",\"isPartOf\":{\"@id\":\"https:\/\/stocklot.com.tr\/#website\"},\"primaryImageOfPage\":{\"@id\":\"https:\/\/stocklot.com.tr\/ar\/product\/akrilik-tentelik-kumaslar\/#primaryimage\"},\"image\":{\"@id\":\"https:\/\/stocklot.com.tr\/ar\/product\/akrilik-tentelik-kumaslar\/#primaryimage\"},\"thumbnailUrl\":\"https:\/\/stocklot.com.tr\/wp-content\/uploads\/2018\/10\/akrilik-tentelik-kumaslar.png\",\"datePublished\":\"2018-10-12T06:43:05+00:00\",\"dateModified\":\"2018-10-26T12:48:27+00:00\",\"breadcrumb\":{\"@id\":\"https:\/\/stocklot.com.tr\/ar\/product\/akrilik-tentelik-kumaslar\/#breadcrumb\"},\"inLanguage\":\"de\",\"potentialAction\":[{\"@type\":\"ReadAction\",\"target\":[\"https:\/\/stocklot.com.tr\/ar\/product\/akrilik-tentelik-kumaslar\/\"]}]},{\"@type\":\"ImageObject\",\"inLanguage\":\"de\",\"@id\":\"https:\/\/stocklot.com.tr\/ar\/product\/akrilik-tentelik-kumaslar\/#primaryimage\",\"url\":\"https:\/\/stocklot.com.tr\/wp-content\/uploads\/2018\/10\/akrilik-tentelik-kumaslar.png\",\"contentUrl\":\"https:\/\/stocklot.com.tr\/wp-content\/uploads\/2018\/10\/akrilik-tentelik-kumaslar.png\",\"width\":500,\"height\":590},{\"@type\":\"BreadcrumbList\",\"@id\":\"https:\/\/stocklot.com.tr\/ar\/product\/akrilik-tentelik-kumaslar\/#breadcrumb\",\"itemListElement\":[{\"@type\":\"ListItem\",\"position\":1,\"name\":\"Ana sayfa\",\"item\":\"https:\/\/stocklot.com.tr\/\"},{\"@type\":\"ListItem\",\"position\":2,\"name\":\"Tedarik A\u011f\u0131m\u0131z\",\"item\":\"https:\/\/stocklot.com.tr\/supply-network\/\"},{\"@type\":\"ListItem\",\"position\":3,\"name\":\"Akrilik Tentelik Kuma\u015flar\"}]},{\"@type\":\"WebSite\",\"@id\":\"https:\/\/stocklot.com.tr\/#website\",\"url\":\"https:\/\/stocklot.com.tr\/\",\"name\":\"Stocklot D\u0131\u015f Ticaret\",\"description\":\"\",\"publisher\":{\"@id\":\"https:\/\/stocklot.com.tr\/#organization\"},\"potentialAction\":[{\"@type\":\"SearchAction\",\"target\":{\"@type\":\"EntryPoint\",\"urlTemplate\":\"https:\/\/stocklot.com.tr\/?s={search_term_string}\"},\"query-input\":{\"@type\":\"PropertyValueSpecification\",\"valueRequired\":true,\"valueName\":\"search_term_string\"}}],\"inLanguage\":\"de\"},{\"@type\":\"Organization\",\"@id\":\"https:\/\/stocklot.com.tr\/#organization\",\"name\":\"Stocklot D\u0131\u015f Ticaret LTD \u015eT\u0130\",\"url\":\"https:\/\/stocklot.com.tr\/\",\"logo\":{\"@type\":\"ImageObject\",\"inLanguage\":\"de\",\"@id\":\"https:\/\/stocklot.com.tr\/#\/schema\/logo\/image\/\",\"url\":\"https:\/\/stocklot.com.tr\/wp-content\/uploads\/2018\/08\/logo.png\",\"contentUrl\":\"https:\/\/stocklot.com.tr\/wp-content\/uploads\/2018\/08\/logo.png\",\"width\":329,\"height\":100,\"caption\":\"Stocklot D\u0131\u015f Ticaret LTD \u015eT\u0130\"},\"image\":{\"@id\":\"https:\/\/stocklot.com.tr\/#\/schema\/logo\/image\/\"},\"sameAs\":[\"https:\/\/www.facebook.com\/stocklot.branda.7\",\"https:\/\/x.com\/stocklottr\",\"https:\/\/www.instagram.com\/stocklot.tr\/\",\"https:\/\/www.linkedin.com\/company\/stocklot-dis-ticaret\/\",\"http:\/\/www.youtube.com\/channel\/UC3vVOrCxsWCI7flcrjAglzA\"]}]}<\/script>\n<!-- \/ Yoast SEO plugin. -->","yoast_head_json":{"title":"Akrilik Tentelik Kuma\u015flar","robots":{"index":"index","follow":"follow","max-snippet":"max-snippet:-1","max-image-preview":"max-image-preview:large","max-video-preview":"max-video-preview:-1"},"canonical":"https:\/\/stocklot.com.tr\/de\/product\/akrilik-tentelik-kumaslar\/","og_locale":"de_DE","og_type":"article","og_title":"Akrilik Tentelik Kuma\u015flar","og_description":"Uygulama Alanlar\u0131   \u00c7ad\u0131rlar  Organizasyon Alanlar\u0131  Ara\u00e7 Koruyucular  Pazar Tenteleri  D\u00fckkan Pergolalar\u0131  \u00d6zellikleri   \u00c7ok \u0130yi D\u00fczl\u00fck  Kolay \u0130\u015flenebilirlik  Su Ge\u00e7irmezlik  Dayan\u0131kl\u0131 Kuma\u015f Kalitesi  Yumu\u015fak Tekstil Y\u00fczey Yap\u0131s\u0131  Dayan\u0131kl\u0131 Akrilik Malzeme","og_url":"https:\/\/stocklot.com.tr\/de\/product\/akrilik-tentelik-kumaslar\/","og_site_name":"Stocklot D\u0131\u015f Ticaret","article_publisher":"https:\/\/www.facebook.com\/stocklot.branda.7","article_modified_time":"2018-10-26T12:48:27+00:00","og_image":[{"width":500,"height":590,"url":"https:\/\/stocklot.com.tr\/wp-content\/uploads\/2018\/10\/akrilik-tentelik-kumaslar.png","type":"image\/png"}],"twitter_card":"summary_large_image","twitter_site":"@stocklottr","twitter_misc":{"Gesch\u00e4tzte Lesezeit":"1\u00a0Minute"},"schema":{"@context":"https:\/\/schema.org","@graph":[{"@type":"WebPage","@id":"https:\/\/stocklot.com.tr\/ar\/product\/akrilik-tentelik-kumaslar\/","url":"https:\/\/stocklot.com.tr\/ar\/product\/akrilik-tentelik-kumaslar\/","name":"Akrilik Tentelik Kuma\u015flar","isPartOf":{"@id":"https:\/\/stocklot.com.tr\/#website"},"primaryImageOfPage":{"@id":"https:\/\/stocklot.com.tr\/ar\/product\/akrilik-tentelik-kumaslar\/#primaryimage"},"image":{"@id":"https:\/\/stocklot.com.tr\/ar\/product\/akrilik-tentelik-kumaslar\/#primaryimage"},"thumbnailUrl":"https:\/\/stocklot.com.tr\/wp-content\/uploads\/2018\/10\/akrilik-tentelik-kumaslar.png","datePublished":"2018-10-12T06:43:05+00:00","dateModified":"2018-10-26T12:48:27+00:00","breadcrumb":{"@id":"https:\/\/stocklot.com.tr\/ar\/product\/akrilik-tentelik-kumaslar\/#breadcrumb"},"inLanguage":"de","potentialAction":[{"@type":"ReadAction","target":["https:\/\/stocklot.com.tr\/ar\/product\/akrilik-tentelik-kumaslar\/"]}]},{"@type":"ImageObject","inLanguage":"de","@id":"https:\/\/stocklot.com.tr\/ar\/product\/akrilik-tentelik-kumaslar\/#primaryimage","url":"https:\/\/stocklot.com.tr\/wp-content\/uploads\/2018\/10\/akrilik-tentelik-kumaslar.png","contentUrl":"https:\/\/stocklot.com.tr\/wp-content\/uploads\/2018\/10\/akrilik-tentelik-kumaslar.png","width":500,"height":590},{"@type":"BreadcrumbList","@id":"https:\/\/stocklot.com.tr\/ar\/product\/akrilik-tentelik-kumaslar\/#breadcrumb","itemListElement":[{"@type":"ListItem","position":1,"name":"Ana sayfa","item":"https:\/\/stocklot.com.tr\/"},{"@type":"ListItem","position":2,"name":"Tedarik A\u011f\u0131m\u0131z","item":"https:\/\/stocklot.com.tr\/supply-network\/"},{"@type":"ListItem","position":3,"name":"Akrilik Tentelik Kuma\u015flar"}]},{"@type":"WebSite","@id":"https:\/\/stocklot.com.tr\/#website","url":"https:\/\/stocklot.com.tr\/","name":"Stocklot D\u0131\u015f Ticaret","description":"","publisher":{"@id":"https:\/\/stocklot.com.tr\/#organization"},"potentialAction":[{"@type":"SearchAction","target":{"@type":"EntryPoint","urlTemplate":"https:\/\/stocklot.com.tr\/?s={search_term_string}"},"query-input":{"@type":"PropertyValueSpecification","valueRequired":true,"valueName":"search_term_string"}}],"inLanguage":"de"},{"@type":"Organization","@id":"https:\/\/stocklot.com.tr\/#organization","name":"Stocklot D\u0131\u015f Ticaret LTD \u015eT\u0130","url":"https:\/\/stocklot.com.tr\/","logo":{"@type":"ImageObject","inLanguage":"de","@id":"https:\/\/stocklot.com.tr\/#\/schema\/logo\/image\/","url":"https:\/\/stocklot.com.tr\/wp-content\/uploads\/2018\/08\/logo.png","contentUrl":"https:\/\/stocklot.com.tr\/wp-content\/uploads\/2018\/08\/logo.png","width":329,"height":100,"caption":"Stocklot D\u0131\u015f Ticaret LTD \u015eT\u0130"},"image":{"@id":"https:\/\/stocklot.com.tr\/#\/schema\/logo\/image\/"},"sameAs":["https:\/\/www.facebook.com\/stocklot.branda.7","https:\/\/x.com\/stocklottr","https:\/\/www.instagram.com\/stocklot.tr\/","https:\/\/www.linkedin.com\/company\/stocklot-dis-ticaret\/","http:\/\/www.youtube.com\/channel\/UC3vVOrCxsWCI7flcrjAglzA"]}]}},"_links":{"self":[{"href":"https:\/\/stocklot.com.tr\/de\/wp-json\/wp\/v2\/product\/355","targetHints":{"allow":["GET"]}}],"collection":[{"href":"https:\/\/stocklot.com.tr\/de\/wp-json\/wp\/v2\/product"}],"about":[{"href":"https:\/\/stocklot.com.tr\/de\/wp-json\/wp\/v2\/types\/product"}],"wp:featuredmedia":[{"embeddable":true,"href":"https:\/\/stocklot.com.tr\/de\/wp-json\/wp\/v2\/media\/356"}],"wp:attachment":[{"href":"https:\/\/stocklot.com.tr\/de\/wp-json\/wp\/v2\/media?parent=355"}],"wp:term":[{"taxonomy":"product_brand","embeddable":true,"href":"https:\/\/stocklot.com.tr\/de\/wp-json\/wp\/v2\/product_brand?post=355"},{"taxonomy":"product_cat","embeddable":true,"href":"https:\/\/stocklot.com.tr\/de\/wp-json\/wp\/v2\/product_cat?post=355"},{"taxonomy":"product_tag","embeddable":true,"href":"https:\/\/stocklot.com.tr\/de\/wp-json\/wp\/v2\/product_tag?post=355"}],"curies":[{"name":"wp","href":"https:\/\/api.w.org\/{rel}","templated":true}]}}