{"id":353,"date":"2018-10-12T09:44:49","date_gmt":"2018-10-12T06:44:49","guid":{"rendered":"https:\/\/stocklot.com.tr\/?post_type=product&#038;p=353"},"modified":"2018-10-18T17:02:32","modified_gmt":"2018-10-18T14:02:32","slug":"koli-bandi-ve-spesifik-bantlar","status":"publish","type":"product","link":"https:\/\/stocklot.com.tr\/de\/produkt\/koli-bandi-ve-spesifik-bantlar\/","title":{"rendered":"Klebeband und spezifische B\u00e4nder"},"content":{"rendered":"<h5>Her \u0130htiyaca Uygun Pratik Uygulamalar<\/h5>\n<p>Koli band\u0131, paketleme a\u015famalar\u0131nda yard\u0131mc\u0131 bir ambalaj malzemesi gibi g\u00f6r\u00fclsede asl\u0131nda koli band\u0131 bir yard\u0131mc\u0131 malzemeden \u00e7ok ana malzeme g\u00f6revi g\u00f6r\u00fcr \u00e7\u00fcnk\u00fc ambalajlad\u0131\u011f\u0131n\u0131z \u00fcr\u00fcnleriniz ula\u015faca\u011f\u0131 en son noktaya kadar bir \u00e7ok el de\u011fi\u015ftirir ve kullanm\u0131\u015f oldu\u011funuz koli band\u0131&#8217;n\u0131n kaliteli olmas\u0131 \u00fcr\u00fcnlerinizin a\u00e7\u0131lmas\u0131n\u0131 \u00f6nler \u00fcr\u00fcnlerinizin emniyetli bir \u015fekilde a\u00e7\u0131lmadan ve de sorunsuz bir \u015fekilde varaca\u011f\u0131 yere kadar \u00fcr\u00fcnlerinizi emniyet alt\u0131nda tutar. Ambalaj ve paketleme \u00fcr\u00fcnleri \u0130htiya\u00e7lar\u0131n\u0131za y\u00f6nelik \u00e7\u00f6z\u00fcmler sunan Stocklot; kaliteli malzeme, \u00fcr\u00fcn garantisi, uygun fiyatlar ve %100 m\u00fc\u015fteri memnuniyeti anlay\u0131\u015f\u0131yla hizmet ve \u00fcr\u00fcnlerini sunmaktad\u0131r.<\/p>\n<p>Firmam\u0131z Stocklot D\u0131\u015f Ticaret tedarik a\u011f\u0131nda bulunan koli band\u0131 ve spesifik bantlar \u00e7e\u015fitli \u00fcr\u00fcn \u00f6zelliklerinde olup Avrupa\u2019n\u0131n \u00f6nde gelen fabrikalar\u0131n\u0131n \u00fcretim fazlas\u0131, sat\u0131\u015f iptalleri, \u00fcretim hatalar\u0131 (Avrupa Standartlar\u0131na g\u00f6re), \u00e7arp\u0131k \u00f6l\u00e7\u00fc, raf \u00f6mr\u00fcn\u00fc doldurmu\u015f, y\u0131lsonu stok temizli\u011fi sonras\u0131 bitirilmeye \u00e7al\u0131\u015f\u0131lan, \u00fcr\u00fcn dizayn sezon de\u011fi\u015fikli\u011fine u\u011fram\u0131\u015f, iflas mallar\u0131 gibi \u00fcr\u00fcnlerin; piyasadaki rekabet\u00e7i fiyatlara siz de\u011ferli m\u00fc\u015fterilerimiz i\u00e7in sipari\u015finiz \u00fczerine profesyonel ekibimiz ile ithalat\u0131n\u0131 ger\u00e7ekle\u015ftirmekteyiz. Ayn\u0131 zamanda bu \u00fcr\u00fcn\u00fc d\u00f6nem d\u00f6nem stoklar\u0131m\u0131zda da bulabilirsiniz. Detayl\u0131 bilgi almak i\u00e7in l\u00fctfen bizimle ileti\u015fime ge\u00e7iniz. <\/p>","protected":false},"excerpt":{"rendered":"<h5>Anwendungsbereiche<\/h5>\n<ul>\n<li>Tamirat Tadilat<\/li>\n<li>Dekorasyon<\/li>\n<li>Paketleme<\/li>\n<li>Sa\u011fl\u0131k Uygulamalar\u0131<\/li>\n<li>Promosyon<\/li>\n<\/ul>\n<h5>Eigenschaften<\/h5>\n<ul>\n<li>Y\u00fcksek Kalitede Yap\u0131\u015fma<\/li>\n<li>Her \u00c7e\u015fit Boy ve Ebat<\/li>\n<li>\u00c7ift Tarafl\u0131 Kullan\u0131m<\/li>\n<li>A\u015f\u0131nmaya Kar\u015f\u0131 Diren\u00e7<\/li>\n<li>Hijyenik Kimyasal<\/li>\n<\/ul>","protected":false},"featured_media":354,"template":"","meta":[],"product_brand":[],"product_cat":[40],"product_tag":[],"class_list":{"0":"post-353","1":"product","2":"type-product","3":"status-publish","4":"has-post-thumbnail","6":"product_cat-genel","8":"first","9":"instock","10":"shipping-taxable","11":"product-type-simple"},"yoast_head":"<!-- This site is optimized with the Yoast SEO plugin v25.3.1 - https:\/\/yoast.com\/wordpress\/plugins\/seo\/ -->\n<title>Koli Band\u0131 ve Spesifik Bantlar<\/title>\n<meta name=\"robots\" content=\"index, follow, max-snippet:-1, max-image-preview:large, max-video-preview:-1\" \/>\n<link rel=\"canonical\" href=\"https:\/\/stocklot.com.tr\/de\/product\/koli-bandi-ve-spesifik-bantlar\/\" \/>\n<meta property=\"og:locale\" content=\"de_DE\" \/>\n<meta property=\"og:type\" content=\"article\" \/>\n<meta property=\"og:title\" content=\"Koli Band\u0131 ve Spesifik Bantlar\" \/>\n<meta property=\"og:description\" content=\"Uygulama Alanlar\u0131   Tamirat Tadilat  Dekorasyon  Paketleme  Sa\u011fl\u0131k Uygulamalar\u0131  Promosyon  \u00d6zellikleri   Y\u00fcksek Kalitede Yap\u0131\u015fma  Her \u00c7e\u015fit Boy ve Ebat  \u00c7ift Tarafl\u0131 Kullan\u0131m  A\u015f\u0131nmaya Kar\u015f\u0131 Diren\u00e7  Hijyenik Kimyasal\" \/>\n<meta property=\"og:url\" content=\"https:\/\/stocklot.com.tr\/de\/product\/koli-bandi-ve-spesifik-bantlar\/\" \/>\n<meta property=\"og:site_name\" content=\"Stocklot D\u0131\u015f Ticaret\" \/>\n<meta property=\"article:publisher\" content=\"https:\/\/www.facebook.com\/stocklot.branda.7\" \/>\n<meta property=\"article:modified_time\" content=\"2018-10-18T14:02:32+00:00\" \/>\n<meta property=\"og:image\" content=\"https:\/\/stocklot.com.tr\/wp-content\/uploads\/2018\/10\/koli-bandi-ve-spesifik-bantlar.png\" \/>\n\t<meta property=\"og:image:width\" content=\"500\" \/>\n\t<meta property=\"og:image:height\" content=\"590\" \/>\n\t<meta property=\"og:image:type\" content=\"image\/png\" \/>\n<meta name=\"twitter:card\" content=\"summary_large_image\" \/>\n<meta name=\"twitter:site\" content=\"@stocklottr\" \/>\n<meta name=\"twitter:label1\" content=\"Gesch\u00e4tzte Lesezeit\" \/>\n\t<meta name=\"twitter:data1\" content=\"1\u00a0Minute\" \/>\n<script type=\"application\/ld+json\" class=\"yoast-schema-graph\">{\"@context\":\"https:\/\/schema.org\",\"@graph\":[{\"@type\":\"WebPage\",\"@id\":\"https:\/\/stocklot.com.tr\/ar\/product\/koli-bandi-ve-spesifik-bantlar\/\",\"url\":\"https:\/\/stocklot.com.tr\/ar\/product\/koli-bandi-ve-spesifik-bantlar\/\",\"name\":\"Koli Band\u0131 ve Spesifik Bantlar\",\"isPartOf\":{\"@id\":\"https:\/\/stocklot.com.tr\/#website\"},\"primaryImageOfPage\":{\"@id\":\"https:\/\/stocklot.com.tr\/ar\/product\/koli-bandi-ve-spesifik-bantlar\/#primaryimage\"},\"image\":{\"@id\":\"https:\/\/stocklot.com.tr\/ar\/product\/koli-bandi-ve-spesifik-bantlar\/#primaryimage\"},\"thumbnailUrl\":\"https:\/\/stocklot.com.tr\/wp-content\/uploads\/2018\/10\/koli-bandi-ve-spesifik-bantlar.png\",\"datePublished\":\"2018-10-12T06:44:49+00:00\",\"dateModified\":\"2018-10-18T14:02:32+00:00\",\"breadcrumb\":{\"@id\":\"https:\/\/stocklot.com.tr\/ar\/product\/koli-bandi-ve-spesifik-bantlar\/#breadcrumb\"},\"inLanguage\":\"de\",\"potentialAction\":[{\"@type\":\"ReadAction\",\"target\":[\"https:\/\/stocklot.com.tr\/ar\/product\/koli-bandi-ve-spesifik-bantlar\/\"]}]},{\"@type\":\"ImageObject\",\"inLanguage\":\"de\",\"@id\":\"https:\/\/stocklot.com.tr\/ar\/product\/koli-bandi-ve-spesifik-bantlar\/#primaryimage\",\"url\":\"https:\/\/stocklot.com.tr\/wp-content\/uploads\/2018\/10\/koli-bandi-ve-spesifik-bantlar.png\",\"contentUrl\":\"https:\/\/stocklot.com.tr\/wp-content\/uploads\/2018\/10\/koli-bandi-ve-spesifik-bantlar.png\",\"width\":500,\"height\":590},{\"@type\":\"BreadcrumbList\",\"@id\":\"https:\/\/stocklot.com.tr\/ar\/product\/koli-bandi-ve-spesifik-bantlar\/#breadcrumb\",\"itemListElement\":[{\"@type\":\"ListItem\",\"position\":1,\"name\":\"Ana sayfa\",\"item\":\"https:\/\/stocklot.com.tr\/\"},{\"@type\":\"ListItem\",\"position\":2,\"name\":\"Tedarik A\u011f\u0131m\u0131z\",\"item\":\"https:\/\/stocklot.com.tr\/supply-network\/\"},{\"@type\":\"ListItem\",\"position\":3,\"name\":\"Koli Band\u0131 ve Spesifik Bantlar\"}]},{\"@type\":\"WebSite\",\"@id\":\"https:\/\/stocklot.com.tr\/#website\",\"url\":\"https:\/\/stocklot.com.tr\/\",\"name\":\"Stocklot D\u0131\u015f Ticaret\",\"description\":\"\",\"publisher\":{\"@id\":\"https:\/\/stocklot.com.tr\/#organization\"},\"potentialAction\":[{\"@type\":\"SearchAction\",\"target\":{\"@type\":\"EntryPoint\",\"urlTemplate\":\"https:\/\/stocklot.com.tr\/?s={search_term_string}\"},\"query-input\":{\"@type\":\"PropertyValueSpecification\",\"valueRequired\":true,\"valueName\":\"search_term_string\"}}],\"inLanguage\":\"de\"},{\"@type\":\"Organization\",\"@id\":\"https:\/\/stocklot.com.tr\/#organization\",\"name\":\"Stocklot D\u0131\u015f Ticaret LTD \u015eT\u0130\",\"url\":\"https:\/\/stocklot.com.tr\/\",\"logo\":{\"@type\":\"ImageObject\",\"inLanguage\":\"de\",\"@id\":\"https:\/\/stocklot.com.tr\/#\/schema\/logo\/image\/\",\"url\":\"https:\/\/stocklot.com.tr\/wp-content\/uploads\/2018\/08\/logo.png\",\"contentUrl\":\"https:\/\/stocklot.com.tr\/wp-content\/uploads\/2018\/08\/logo.png\",\"width\":329,\"height\":100,\"caption\":\"Stocklot D\u0131\u015f Ticaret LTD \u015eT\u0130\"},\"image\":{\"@id\":\"https:\/\/stocklot.com.tr\/#\/schema\/logo\/image\/\"},\"sameAs\":[\"https:\/\/www.facebook.com\/stocklot.branda.7\",\"https:\/\/x.com\/stocklottr\",\"https:\/\/www.instagram.com\/stocklot.tr\/\",\"https:\/\/www.linkedin.com\/company\/stocklot-dis-ticaret\/\",\"http:\/\/www.youtube.com\/channel\/UC3vVOrCxsWCI7flcrjAglzA\"]}]}<\/script>\n<!-- \/ Yoast SEO plugin. -->","yoast_head_json":{"title":"Koli Band\u0131 ve Spesifik Bantlar","robots":{"index":"index","follow":"follow","max-snippet":"max-snippet:-1","max-image-preview":"max-image-preview:large","max-video-preview":"max-video-preview:-1"},"canonical":"https:\/\/stocklot.com.tr\/de\/product\/koli-bandi-ve-spesifik-bantlar\/","og_locale":"de_DE","og_type":"article","og_title":"Koli Band\u0131 ve Spesifik Bantlar","og_description":"Uygulama Alanlar\u0131   Tamirat Tadilat  Dekorasyon  Paketleme  Sa\u011fl\u0131k Uygulamalar\u0131  Promosyon  \u00d6zellikleri   Y\u00fcksek Kalitede Yap\u0131\u015fma  Her \u00c7e\u015fit Boy ve Ebat  \u00c7ift Tarafl\u0131 Kullan\u0131m  A\u015f\u0131nmaya Kar\u015f\u0131 Diren\u00e7  Hijyenik Kimyasal","og_url":"https:\/\/stocklot.com.tr\/de\/product\/koli-bandi-ve-spesifik-bantlar\/","og_site_name":"Stocklot D\u0131\u015f Ticaret","article_publisher":"https:\/\/www.facebook.com\/stocklot.branda.7","article_modified_time":"2018-10-18T14:02:32+00:00","og_image":[{"width":500,"height":590,"url":"https:\/\/stocklot.com.tr\/wp-content\/uploads\/2018\/10\/koli-bandi-ve-spesifik-bantlar.png","type":"image\/png"}],"twitter_card":"summary_large_image","twitter_site":"@stocklottr","twitter_misc":{"Gesch\u00e4tzte Lesezeit":"1\u00a0Minute"},"schema":{"@context":"https:\/\/schema.org","@graph":[{"@type":"WebPage","@id":"https:\/\/stocklot.com.tr\/ar\/product\/koli-bandi-ve-spesifik-bantlar\/","url":"https:\/\/stocklot.com.tr\/ar\/product\/koli-bandi-ve-spesifik-bantlar\/","name":"Koli Band\u0131 ve Spesifik Bantlar","isPartOf":{"@id":"https:\/\/stocklot.com.tr\/#website"},"primaryImageOfPage":{"@id":"https:\/\/stocklot.com.tr\/ar\/product\/koli-bandi-ve-spesifik-bantlar\/#primaryimage"},"image":{"@id":"https:\/\/stocklot.com.tr\/ar\/product\/koli-bandi-ve-spesifik-bantlar\/#primaryimage"},"thumbnailUrl":"https:\/\/stocklot.com.tr\/wp-content\/uploads\/2018\/10\/koli-bandi-ve-spesifik-bantlar.png","datePublished":"2018-10-12T06:44:49+00:00","dateModified":"2018-10-18T14:02:32+00:00","breadcrumb":{"@id":"https:\/\/stocklot.com.tr\/ar\/product\/koli-bandi-ve-spesifik-bantlar\/#breadcrumb"},"inLanguage":"de","potentialAction":[{"@type":"ReadAction","target":["https:\/\/stocklot.com.tr\/ar\/product\/koli-bandi-ve-spesifik-bantlar\/"]}]},{"@type":"ImageObject","inLanguage":"de","@id":"https:\/\/stocklot.com.tr\/ar\/product\/koli-bandi-ve-spesifik-bantlar\/#primaryimage","url":"https:\/\/stocklot.com.tr\/wp-content\/uploads\/2018\/10\/koli-bandi-ve-spesifik-bantlar.png","contentUrl":"https:\/\/stocklot.com.tr\/wp-content\/uploads\/2018\/10\/koli-bandi-ve-spesifik-bantlar.png","width":500,"height":590},{"@type":"BreadcrumbList","@id":"https:\/\/stocklot.com.tr\/ar\/product\/koli-bandi-ve-spesifik-bantlar\/#breadcrumb","itemListElement":[{"@type":"ListItem","position":1,"name":"Ana sayfa","item":"https:\/\/stocklot.com.tr\/"},{"@type":"ListItem","position":2,"name":"Tedarik A\u011f\u0131m\u0131z","item":"https:\/\/stocklot.com.tr\/supply-network\/"},{"@type":"ListItem","position":3,"name":"Koli Band\u0131 ve Spesifik Bantlar"}]},{"@type":"WebSite","@id":"https:\/\/stocklot.com.tr\/#website","url":"https:\/\/stocklot.com.tr\/","name":"Stocklot D\u0131\u015f Ticaret","description":"","publisher":{"@id":"https:\/\/stocklot.com.tr\/#organization"},"potentialAction":[{"@type":"SearchAction","target":{"@type":"EntryPoint","urlTemplate":"https:\/\/stocklot.com.tr\/?s={search_term_string}"},"query-input":{"@type":"PropertyValueSpecification","valueRequired":true,"valueName":"search_term_string"}}],"inLanguage":"de"},{"@type":"Organization","@id":"https:\/\/stocklot.com.tr\/#organization","name":"Stocklot D\u0131\u015f Ticaret LTD \u015eT\u0130","url":"https:\/\/stocklot.com.tr\/","logo":{"@type":"ImageObject","inLanguage":"de","@id":"https:\/\/stocklot.com.tr\/#\/schema\/logo\/image\/","url":"https:\/\/stocklot.com.tr\/wp-content\/uploads\/2018\/08\/logo.png","contentUrl":"https:\/\/stocklot.com.tr\/wp-content\/uploads\/2018\/08\/logo.png","width":329,"height":100,"caption":"Stocklot D\u0131\u015f Ticaret LTD \u015eT\u0130"},"image":{"@id":"https:\/\/stocklot.com.tr\/#\/schema\/logo\/image\/"},"sameAs":["https:\/\/www.facebook.com\/stocklot.branda.7","https:\/\/x.com\/stocklottr","https:\/\/www.instagram.com\/stocklot.tr\/","https:\/\/www.linkedin.com\/company\/stocklot-dis-ticaret\/","http:\/\/www.youtube.com\/channel\/UC3vVOrCxsWCI7flcrjAglzA"]}]}},"_links":{"self":[{"href":"https:\/\/stocklot.com.tr\/de\/wp-json\/wp\/v2\/product\/353","targetHints":{"allow":["GET"]}}],"collection":[{"href":"https:\/\/stocklot.com.tr\/de\/wp-json\/wp\/v2\/product"}],"about":[{"href":"https:\/\/stocklot.com.tr\/de\/wp-json\/wp\/v2\/types\/product"}],"wp:featuredmedia":[{"embeddable":true,"href":"https:\/\/stocklot.com.tr\/de\/wp-json\/wp\/v2\/media\/354"}],"wp:attachment":[{"href":"https:\/\/stocklot.com.tr\/de\/wp-json\/wp\/v2\/media?parent=353"}],"wp:term":[{"taxonomy":"product_brand","embeddable":true,"href":"https:\/\/stocklot.com.tr\/de\/wp-json\/wp\/v2\/product_brand?post=353"},{"taxonomy":"product_cat","embeddable":true,"href":"https:\/\/stocklot.com.tr\/de\/wp-json\/wp\/v2\/product_cat?post=353"},{"taxonomy":"product_tag","embeddable":true,"href":"https:\/\/stocklot.com.tr\/de\/wp-json\/wp\/v2\/product_tag?post=353"}],"curies":[{"name":"wp","href":"https:\/\/api.w.org\/{rel}","templated":true}]}}