{"id":351,"date":"2018-10-12T09:49:48","date_gmt":"2018-10-12T06:49:48","guid":{"rendered":"https:\/\/stocklot.com.tr\/?post_type=product&#038;p=351"},"modified":"2018-11-10T10:41:02","modified_gmt":"2018-11-10T07:41:02","slug":"dijital-baski-kagit","status":"publish","type":"product","link":"https:\/\/stocklot.com.tr\/de\/produkt\/dijital-baski-kagit\/","title":{"rendered":"Digital Drucker Papier"},"content":{"rendered":"<h5>En Canl\u0131 Renkler Kal\u0131c\u0131 Dayan\u0131kl\u0131l\u0131kla<\/h5>\n<p>Dijital bask\u0131, belirli gramaja kadar ka\u011f\u0131t ve ka\u011f\u0131t benzeri materyal \u00fczerine bask\u0131 yap\u0131lmas\u0131n\u0131 sa\u011flar. G\u00fcn\u00fcm\u00fczde kitap, dergi, gazete, bro\u015f\u00fcr ve kartvizit gibi \u00fcr\u00fcnlerin bas\u0131m\u0131nda en \u00e7ok tercih edilen bask\u0131 sistemlerinden biridir. \u00d6zellikle de ayn\u0131 anda \u00e7ok say\u0131da \u00fcr\u00fcn bas\u0131labildi\u011fi i\u00e7in g\u00fcnl\u00fck gazetelerin bask\u0131s\u0131nda tercih edilen y\u00f6ntem, ofset bask\u0131d\u0131r. En yeni bask\u0131 tekniklerinden biri olan ofset bask\u0131da, bas\u0131lmak istenen g\u00f6rsel, ya\u011f bazl\u0131 bir m\u00fcrekkep ile y\u00fczeyi d\u00fcz hale getirilmi\u015f bir kire\u00e7ta\u015f\u0131 \u00fczerine \u00e7izilmektedir.<\/p>\n<p>Bu i\u015flemin ard\u0131ndan uygulanan \u00f6zel bir \u00e7\u00f6zelti, g\u00f6rselin yer almad\u0131\u011f\u0131 yerler taraf\u0131ndan emilir ve g\u00f6rseli olu\u015fturan ya\u011fl\u0131 b\u00f6lgelere n\u00fcfuz etmez. D\u00fcz bir bask\u0131 tekni\u011fi olan ofset bask\u0131da elle haz\u0131rlanan ya da fabrikasyon kal\u0131plar kullan\u0131l\u0131r. Fabrikasyon kal\u0131plarda maliyet biraz daha y\u00fcksek olsa da elle haz\u0131rlanan kal\u0131plara g\u00f6re kalite daha y\u00fcksek olur. Di\u011fer bir deyi\u015fle dijital bask\u0131da fabrikasyon kal\u0131p tercih etmek, bask\u0131n\u0131n daha kaliteli olmas\u0131n\u0131 sa\u011flar.<\/p>\n<p>Wenn Sie mit diesen Produkten interessieren, k\u00f6nnen sie mit Kontaktinformationen in der Seite benutzen um uns erreichen, oder k\u00f6nnen sie das Formular in <a href=\"https:\/\/stocklot.com.tr\/de\/contact\/\">Kontakt<\/a> f\u00fcllen. <\/p>","protected":false},"excerpt":{"rendered":"<h5>Anwendungsbereiche<\/h5>\n<ul>\n<li>Reklame\/Plakatwand<\/li>\n<li>Anschalg<\/li>\n<li>\u00fcbergro\u00dfe Reklame\/Plakat<\/li>\n<li>Stand-Design<\/li>\n<li>Au\u00dfenwerbung<\/li>\n<\/ul>\n<h5>Eigenschaften<\/h5>\n<ul>\n<li>Langlebig gegen Chemikali und korrodieren<\/li>\n<li>Langlebig gegen Friktion und Abnutzung<\/li>\n<li>I\u015f\u0131ktan Etkilenmez ve Solmaz.<\/li>\n<li>sehr sch\u00f6ne Bedruckbarkeit<\/li>\n<li>UV-Best\u00e4ndigkeit<\/li>\n<\/ul>","protected":false},"featured_media":352,"template":"","meta":[],"product_brand":[],"product_cat":[40],"product_tag":[],"class_list":{"0":"post-351","1":"product","2":"type-product","3":"status-publish","4":"has-post-thumbnail","6":"product_cat-genel","8":"first","9":"instock","10":"shipping-taxable","11":"product-type-simple"},"yoast_head":"<!-- This site is optimized with the Yoast SEO plugin v25.3.1 - https:\/\/yoast.com\/wordpress\/plugins\/seo\/ -->\n<title>Dijital Bask\u0131 Ka\u011f\u0131t<\/title>\n<meta name=\"robots\" content=\"index, follow, max-snippet:-1, max-image-preview:large, max-video-preview:-1\" \/>\n<link rel=\"canonical\" href=\"https:\/\/stocklot.com.tr\/de\/product\/dijital-baski-kagit\/\" \/>\n<meta property=\"og:locale\" content=\"de_DE\" \/>\n<meta property=\"og:type\" content=\"article\" \/>\n<meta property=\"og:title\" content=\"Dijital Bask\u0131 Ka\u011f\u0131t\" \/>\n<meta property=\"og:description\" content=\"Uygulama Alanlar\u0131   Reklam Panolar\u0131  Afi\u015fler  Geni\u015f Formatl\u0131 Reklam  Stand Tasar\u0131m\u0131  A\u00e7\u0131k Hava Reklam  \u00d6zellikleri   A\u015f\u0131nmaya ve Kimyasallara Kar\u015f\u0131 Dayan\u0131kl\u0131l\u0131k  S\u00fcrt\u00fcnmeye ve A\u015f\u0131nmaya Kar\u015f\u0131 Diren\u00e7  I\u015f\u0131ktan Etkilenmez ve Solmaz.  \u00c7ok \u0130yi Bas\u0131labilirlik  UV Direnci\" \/>\n<meta property=\"og:url\" content=\"https:\/\/stocklot.com.tr\/de\/product\/dijital-baski-kagit\/\" \/>\n<meta property=\"og:site_name\" content=\"Stocklot D\u0131\u015f Ticaret\" \/>\n<meta property=\"article:publisher\" content=\"https:\/\/www.facebook.com\/stocklot.branda.7\" \/>\n<meta property=\"article:modified_time\" content=\"2018-11-10T07:41:02+00:00\" \/>\n<meta property=\"og:image\" content=\"https:\/\/stocklot.com.tr\/wp-content\/uploads\/2018\/10\/dijital-baski-kagit-grubu.png\" \/>\n\t<meta property=\"og:image:width\" content=\"500\" \/>\n\t<meta property=\"og:image:height\" content=\"590\" \/>\n\t<meta property=\"og:image:type\" content=\"image\/png\" \/>\n<meta name=\"twitter:card\" content=\"summary_large_image\" \/>\n<meta name=\"twitter:site\" content=\"@stocklottr\" \/>\n<meta name=\"twitter:label1\" content=\"Gesch\u00e4tzte Lesezeit\" \/>\n\t<meta name=\"twitter:data1\" content=\"1\u00a0Minute\" \/>\n<script type=\"application\/ld+json\" class=\"yoast-schema-graph\">{\"@context\":\"https:\/\/schema.org\",\"@graph\":[{\"@type\":\"WebPage\",\"@id\":\"https:\/\/stocklot.com.tr\/ar\/product\/dijital-baski-kagit\/\",\"url\":\"https:\/\/stocklot.com.tr\/ar\/product\/dijital-baski-kagit\/\",\"name\":\"Dijital Bask\u0131 Ka\u011f\u0131t\",\"isPartOf\":{\"@id\":\"https:\/\/stocklot.com.tr\/#website\"},\"primaryImageOfPage\":{\"@id\":\"https:\/\/stocklot.com.tr\/ar\/product\/dijital-baski-kagit\/#primaryimage\"},\"image\":{\"@id\":\"https:\/\/stocklot.com.tr\/ar\/product\/dijital-baski-kagit\/#primaryimage\"},\"thumbnailUrl\":\"https:\/\/stocklot.com.tr\/wp-content\/uploads\/2018\/10\/dijital-baski-kagit-grubu.png\",\"datePublished\":\"2018-10-12T06:49:48+00:00\",\"dateModified\":\"2018-11-10T07:41:02+00:00\",\"breadcrumb\":{\"@id\":\"https:\/\/stocklot.com.tr\/ar\/product\/dijital-baski-kagit\/#breadcrumb\"},\"inLanguage\":\"de\",\"potentialAction\":[{\"@type\":\"ReadAction\",\"target\":[\"https:\/\/stocklot.com.tr\/ar\/product\/dijital-baski-kagit\/\"]}]},{\"@type\":\"ImageObject\",\"inLanguage\":\"de\",\"@id\":\"https:\/\/stocklot.com.tr\/ar\/product\/dijital-baski-kagit\/#primaryimage\",\"url\":\"https:\/\/stocklot.com.tr\/wp-content\/uploads\/2018\/10\/dijital-baski-kagit-grubu.png\",\"contentUrl\":\"https:\/\/stocklot.com.tr\/wp-content\/uploads\/2018\/10\/dijital-baski-kagit-grubu.png\",\"width\":500,\"height\":590},{\"@type\":\"BreadcrumbList\",\"@id\":\"https:\/\/stocklot.com.tr\/ar\/product\/dijital-baski-kagit\/#breadcrumb\",\"itemListElement\":[{\"@type\":\"ListItem\",\"position\":1,\"name\":\"Ana sayfa\",\"item\":\"https:\/\/stocklot.com.tr\/\"},{\"@type\":\"ListItem\",\"position\":2,\"name\":\"Tedarik A\u011f\u0131m\u0131z\",\"item\":\"https:\/\/stocklot.com.tr\/supply-network\/\"},{\"@type\":\"ListItem\",\"position\":3,\"name\":\"Dijital Bask\u0131 Ka\u011f\u0131t\"}]},{\"@type\":\"WebSite\",\"@id\":\"https:\/\/stocklot.com.tr\/#website\",\"url\":\"https:\/\/stocklot.com.tr\/\",\"name\":\"Stocklot D\u0131\u015f Ticaret\",\"description\":\"\",\"publisher\":{\"@id\":\"https:\/\/stocklot.com.tr\/#organization\"},\"potentialAction\":[{\"@type\":\"SearchAction\",\"target\":{\"@type\":\"EntryPoint\",\"urlTemplate\":\"https:\/\/stocklot.com.tr\/?s={search_term_string}\"},\"query-input\":{\"@type\":\"PropertyValueSpecification\",\"valueRequired\":true,\"valueName\":\"search_term_string\"}}],\"inLanguage\":\"de\"},{\"@type\":\"Organization\",\"@id\":\"https:\/\/stocklot.com.tr\/#organization\",\"name\":\"Stocklot D\u0131\u015f Ticaret LTD \u015eT\u0130\",\"url\":\"https:\/\/stocklot.com.tr\/\",\"logo\":{\"@type\":\"ImageObject\",\"inLanguage\":\"de\",\"@id\":\"https:\/\/stocklot.com.tr\/#\/schema\/logo\/image\/\",\"url\":\"https:\/\/stocklot.com.tr\/wp-content\/uploads\/2018\/08\/logo.png\",\"contentUrl\":\"https:\/\/stocklot.com.tr\/wp-content\/uploads\/2018\/08\/logo.png\",\"width\":329,\"height\":100,\"caption\":\"Stocklot D\u0131\u015f Ticaret LTD \u015eT\u0130\"},\"image\":{\"@id\":\"https:\/\/stocklot.com.tr\/#\/schema\/logo\/image\/\"},\"sameAs\":[\"https:\/\/www.facebook.com\/stocklot.branda.7\",\"https:\/\/x.com\/stocklottr\",\"https:\/\/www.instagram.com\/stocklot.tr\/\",\"https:\/\/www.linkedin.com\/company\/stocklot-dis-ticaret\/\",\"http:\/\/www.youtube.com\/channel\/UC3vVOrCxsWCI7flcrjAglzA\"]}]}<\/script>\n<!-- \/ Yoast SEO plugin. -->","yoast_head_json":{"title":"Dijital Bask\u0131 Ka\u011f\u0131t","robots":{"index":"index","follow":"follow","max-snippet":"max-snippet:-1","max-image-preview":"max-image-preview:large","max-video-preview":"max-video-preview:-1"},"canonical":"https:\/\/stocklot.com.tr\/de\/product\/dijital-baski-kagit\/","og_locale":"de_DE","og_type":"article","og_title":"Dijital Bask\u0131 Ka\u011f\u0131t","og_description":"Uygulama Alanlar\u0131   Reklam Panolar\u0131  Afi\u015fler  Geni\u015f Formatl\u0131 Reklam  Stand Tasar\u0131m\u0131  A\u00e7\u0131k Hava Reklam  \u00d6zellikleri   A\u015f\u0131nmaya ve Kimyasallara Kar\u015f\u0131 Dayan\u0131kl\u0131l\u0131k  S\u00fcrt\u00fcnmeye ve A\u015f\u0131nmaya Kar\u015f\u0131 Diren\u00e7  I\u015f\u0131ktan Etkilenmez ve Solmaz.  \u00c7ok \u0130yi Bas\u0131labilirlik  UV Direnci","og_url":"https:\/\/stocklot.com.tr\/de\/product\/dijital-baski-kagit\/","og_site_name":"Stocklot D\u0131\u015f Ticaret","article_publisher":"https:\/\/www.facebook.com\/stocklot.branda.7","article_modified_time":"2018-11-10T07:41:02+00:00","og_image":[{"width":500,"height":590,"url":"https:\/\/stocklot.com.tr\/wp-content\/uploads\/2018\/10\/dijital-baski-kagit-grubu.png","type":"image\/png"}],"twitter_card":"summary_large_image","twitter_site":"@stocklottr","twitter_misc":{"Gesch\u00e4tzte Lesezeit":"1\u00a0Minute"},"schema":{"@context":"https:\/\/schema.org","@graph":[{"@type":"WebPage","@id":"https:\/\/stocklot.com.tr\/ar\/product\/dijital-baski-kagit\/","url":"https:\/\/stocklot.com.tr\/ar\/product\/dijital-baski-kagit\/","name":"Dijital Bask\u0131 Ka\u011f\u0131t","isPartOf":{"@id":"https:\/\/stocklot.com.tr\/#website"},"primaryImageOfPage":{"@id":"https:\/\/stocklot.com.tr\/ar\/product\/dijital-baski-kagit\/#primaryimage"},"image":{"@id":"https:\/\/stocklot.com.tr\/ar\/product\/dijital-baski-kagit\/#primaryimage"},"thumbnailUrl":"https:\/\/stocklot.com.tr\/wp-content\/uploads\/2018\/10\/dijital-baski-kagit-grubu.png","datePublished":"2018-10-12T06:49:48+00:00","dateModified":"2018-11-10T07:41:02+00:00","breadcrumb":{"@id":"https:\/\/stocklot.com.tr\/ar\/product\/dijital-baski-kagit\/#breadcrumb"},"inLanguage":"de","potentialAction":[{"@type":"ReadAction","target":["https:\/\/stocklot.com.tr\/ar\/product\/dijital-baski-kagit\/"]}]},{"@type":"ImageObject","inLanguage":"de","@id":"https:\/\/stocklot.com.tr\/ar\/product\/dijital-baski-kagit\/#primaryimage","url":"https:\/\/stocklot.com.tr\/wp-content\/uploads\/2018\/10\/dijital-baski-kagit-grubu.png","contentUrl":"https:\/\/stocklot.com.tr\/wp-content\/uploads\/2018\/10\/dijital-baski-kagit-grubu.png","width":500,"height":590},{"@type":"BreadcrumbList","@id":"https:\/\/stocklot.com.tr\/ar\/product\/dijital-baski-kagit\/#breadcrumb","itemListElement":[{"@type":"ListItem","position":1,"name":"Ana sayfa","item":"https:\/\/stocklot.com.tr\/"},{"@type":"ListItem","position":2,"name":"Tedarik A\u011f\u0131m\u0131z","item":"https:\/\/stocklot.com.tr\/supply-network\/"},{"@type":"ListItem","position":3,"name":"Dijital Bask\u0131 Ka\u011f\u0131t"}]},{"@type":"WebSite","@id":"https:\/\/stocklot.com.tr\/#website","url":"https:\/\/stocklot.com.tr\/","name":"Stocklot D\u0131\u015f Ticaret","description":"","publisher":{"@id":"https:\/\/stocklot.com.tr\/#organization"},"potentialAction":[{"@type":"SearchAction","target":{"@type":"EntryPoint","urlTemplate":"https:\/\/stocklot.com.tr\/?s={search_term_string}"},"query-input":{"@type":"PropertyValueSpecification","valueRequired":true,"valueName":"search_term_string"}}],"inLanguage":"de"},{"@type":"Organization","@id":"https:\/\/stocklot.com.tr\/#organization","name":"Stocklot D\u0131\u015f Ticaret LTD \u015eT\u0130","url":"https:\/\/stocklot.com.tr\/","logo":{"@type":"ImageObject","inLanguage":"de","@id":"https:\/\/stocklot.com.tr\/#\/schema\/logo\/image\/","url":"https:\/\/stocklot.com.tr\/wp-content\/uploads\/2018\/08\/logo.png","contentUrl":"https:\/\/stocklot.com.tr\/wp-content\/uploads\/2018\/08\/logo.png","width":329,"height":100,"caption":"Stocklot D\u0131\u015f Ticaret LTD \u015eT\u0130"},"image":{"@id":"https:\/\/stocklot.com.tr\/#\/schema\/logo\/image\/"},"sameAs":["https:\/\/www.facebook.com\/stocklot.branda.7","https:\/\/x.com\/stocklottr","https:\/\/www.instagram.com\/stocklot.tr\/","https:\/\/www.linkedin.com\/company\/stocklot-dis-ticaret\/","http:\/\/www.youtube.com\/channel\/UC3vVOrCxsWCI7flcrjAglzA"]}]}},"_links":{"self":[{"href":"https:\/\/stocklot.com.tr\/de\/wp-json\/wp\/v2\/product\/351","targetHints":{"allow":["GET"]}}],"collection":[{"href":"https:\/\/stocklot.com.tr\/de\/wp-json\/wp\/v2\/product"}],"about":[{"href":"https:\/\/stocklot.com.tr\/de\/wp-json\/wp\/v2\/types\/product"}],"wp:featuredmedia":[{"embeddable":true,"href":"https:\/\/stocklot.com.tr\/de\/wp-json\/wp\/v2\/media\/352"}],"wp:attachment":[{"href":"https:\/\/stocklot.com.tr\/de\/wp-json\/wp\/v2\/media?parent=351"}],"wp:term":[{"taxonomy":"product_brand","embeddable":true,"href":"https:\/\/stocklot.com.tr\/de\/wp-json\/wp\/v2\/product_brand?post=351"},{"taxonomy":"product_cat","embeddable":true,"href":"https:\/\/stocklot.com.tr\/de\/wp-json\/wp\/v2\/product_cat?post=351"},{"taxonomy":"product_tag","embeddable":true,"href":"https:\/\/stocklot.com.tr\/de\/wp-json\/wp\/v2\/product_tag?post=351"}],"curies":[{"name":"wp","href":"https:\/\/api.w.org\/{rel}","templated":true}]}}