{"id":349,"date":"2018-10-12T09:50:16","date_gmt":"2018-10-12T06:50:16","guid":{"rendered":"https:\/\/stocklot.com.tr\/?post_type=product&#038;p=349"},"modified":"2018-11-10T10:40:37","modified_gmt":"2018-11-10T07:40:37","slug":"pleksi-glass","status":"publish","type":"product","link":"https:\/\/stocklot.com.tr\/de\/produkt\/pleksi-glass\/","title":{"rendered":"Plexiglas"},"content":{"rendered":"<h5>D\u00fc\u015f\u00fck Maliyetler Dekoratif Kullan\u0131m Y\u00fcksek Koruma<\/h5>\n<p>Pleksi, pleksiglas renkli ve renksiz \u00e7e\u015fidi bulunan plastik bir malzemedir. Saydam ve yar\u0131 saydam olabilir. Kolay i\u015flenebilen, kesilebilen delinebilen, hafif bir yap\u0131s\u0131 vard\u0131r. Hedefimiz bu alanda en iyi kaliteyi sunmakt\u0131r. I\u015f\u0131k ge\u00e7irgenli\u011fi y\u00fcksek ve darbelere kar\u015f\u0131 dayan\u0131kd\u0131r. Pleksiglas\u2019\u0131n \u0131\u015f\u0131k ge\u00e7irgenli\u011fi cama oranla %92\u2019dir. Darbelere kar\u015f\u0131 dayan\u0131kl\u0131l\u0131\u011f\u0131 ise camda 6 kat daha fazlad\u0131r. Keskin kenarl\u0131 de\u011fildir. Yaralanmalara sebep olmaz. Is\u0131 ge\u00e7irgenli\u011fi camdan %20 daha azd\u0131r.<\/p>\n<p>Pleksiglas iklim \u015fartlar\u0131na kar\u015f\u0131 diren\u00e7lidir. Opak, \u015feffaf ve floresan renklerde \u00fcretilir ve plastiklere oranla iklim \u015fartlar\u0131na daha diren\u00e7lidir. Solmaz, k\u0131r\u0131lmaz. \u0130\u00e7 ve d\u0131\u015f mekanlarda rahatl\u0131kla kullan\u0131l\u0131r. Pleksiglas \u0131s\u0131ya dayan\u0131kl\u0131d\u0131r. D\u00f6k\u00fcm Pleksiglas kal\u0131nl\u0131klar\u0131na g\u00f6re 75\u00b0 C\u2019den itibaran yumu\u015far ve \u015fekil vermeye haz\u0131r hale gelir. Pleksiglas bak\u0131r sertli\u011findedir. Pleksiglas\u2019a istenen form rahatl\u0131kla verilir. \u0130stenen forma girmesi i\u00e7in Alglas Pleksi\u2019ye 120\u00b0-150\u00b0 C\u2019e yeterlidir.<\/p>\n<p>Wenn Sie mit diesen Produkten interessieren, k\u00f6nnen sie mit Kontaktinformationen in der Seite benutzen um uns erreichen, oder k\u00f6nnen sie das Formular in <a href=\"https:\/\/stocklot.com.tr\/de\/contact\/\">Kontakt<\/a> f\u00fcllen.<\/p>","protected":false},"excerpt":{"rendered":"<h5>Anwendungsbereiche<\/h5>\n<ul>\n<li>Masa Kaplama<\/li>\n<li>Koruma \u00c7er\u00e7eveleri<\/li>\n<li>Toz \u00d6nleyici \u00c7er\u00e7eveler<\/li>\n<li>Antika Kaplar\u0131<\/li>\n<\/ul>\n<p>&nbsp;<\/p>\n<h5>Eigenschaften<\/h5>\n<ul>\n<li>Wasserdicht<\/li>\n<li>Langlebig gegen Chemikali und korrodieren<\/li>\n<li>Langlebig gegen Friktion und Abnutzung<\/li>\n<li>I\u015f\u0131ktan Etkilenmez ve Solmaz.<\/li>\n<li>W\u00e4rme-  und\nSchalld\u00e4mmung, \nelektrische Isolierung<\/li>\n<li>UV-Best\u00e4ndigkeit<\/li>\n<\/ul>","protected":false},"featured_media":350,"template":"","meta":[],"product_brand":[],"product_cat":[40],"product_tag":[],"class_list":{"0":"post-349","1":"product","2":"type-product","3":"status-publish","4":"has-post-thumbnail","6":"product_cat-genel","8":"first","9":"instock","10":"shipping-taxable","11":"product-type-simple"},"yoast_head":"<!-- This site is optimized with the Yoast SEO plugin v25.3.1 - https:\/\/yoast.com\/wordpress\/plugins\/seo\/ -->\n<title>Pleksi Glass<\/title>\n<meta name=\"robots\" content=\"index, follow, max-snippet:-1, max-image-preview:large, max-video-preview:-1\" \/>\n<link rel=\"canonical\" href=\"https:\/\/stocklot.com.tr\/de\/product\/pleksi-glass\/\" \/>\n<meta property=\"og:locale\" content=\"de_DE\" \/>\n<meta property=\"og:type\" content=\"article\" \/>\n<meta property=\"og:title\" content=\"Pleksi Glass\" \/>\n<meta property=\"og:description\" content=\"Uygulama Alanlar\u0131   Masa Kaplama  Koruma \u00c7er\u00e7eveleri  Toz \u00d6nleyici \u00c7er\u00e7eveler  Antika Kaplar\u0131  &nbsp; \u00d6zellikleri   Su Ge\u00e7irmezlik  A\u015f\u0131nmaya ve Kimyasallara Kar\u015f\u0131 Dayan\u0131kl\u0131l\u0131k  S\u00fcrt\u00fcnmeye ve A\u015f\u0131nmaya Kar\u015f\u0131 Diren\u00e7  I\u015f\u0131ktan Etkilenmez ve Solmaz.  Is\u0131, Elektrik ve Ses Yal\u0131t\u0131m\u0131  UV Direnci\" \/>\n<meta property=\"og:url\" content=\"https:\/\/stocklot.com.tr\/de\/product\/pleksi-glass\/\" \/>\n<meta property=\"og:site_name\" content=\"Stocklot D\u0131\u015f Ticaret\" \/>\n<meta property=\"article:publisher\" content=\"https:\/\/www.facebook.com\/stocklot.branda.7\" \/>\n<meta property=\"article:modified_time\" content=\"2018-11-10T07:40:37+00:00\" \/>\n<meta property=\"og:image\" content=\"https:\/\/stocklot.com.tr\/wp-content\/uploads\/2018\/10\/pleksi-glass.png\" \/>\n\t<meta property=\"og:image:width\" content=\"500\" \/>\n\t<meta property=\"og:image:height\" content=\"590\" \/>\n\t<meta property=\"og:image:type\" content=\"image\/png\" \/>\n<meta name=\"twitter:card\" content=\"summary_large_image\" \/>\n<meta name=\"twitter:site\" content=\"@stocklottr\" \/>\n<meta name=\"twitter:label1\" content=\"Gesch\u00e4tzte Lesezeit\" \/>\n\t<meta name=\"twitter:data1\" content=\"1\u00a0Minute\" \/>\n<script type=\"application\/ld+json\" class=\"yoast-schema-graph\">{\"@context\":\"https:\/\/schema.org\",\"@graph\":[{\"@type\":\"WebPage\",\"@id\":\"https:\/\/stocklot.com.tr\/ar\/product\/pleksi-glass\/\",\"url\":\"https:\/\/stocklot.com.tr\/ar\/product\/pleksi-glass\/\",\"name\":\"Pleksi Glass\",\"isPartOf\":{\"@id\":\"https:\/\/stocklot.com.tr\/#website\"},\"primaryImageOfPage\":{\"@id\":\"https:\/\/stocklot.com.tr\/ar\/product\/pleksi-glass\/#primaryimage\"},\"image\":{\"@id\":\"https:\/\/stocklot.com.tr\/ar\/product\/pleksi-glass\/#primaryimage\"},\"thumbnailUrl\":\"https:\/\/stocklot.com.tr\/wp-content\/uploads\/2018\/10\/pleksi-glass.png\",\"datePublished\":\"2018-10-12T06:50:16+00:00\",\"dateModified\":\"2018-11-10T07:40:37+00:00\",\"breadcrumb\":{\"@id\":\"https:\/\/stocklot.com.tr\/ar\/product\/pleksi-glass\/#breadcrumb\"},\"inLanguage\":\"de\",\"potentialAction\":[{\"@type\":\"ReadAction\",\"target\":[\"https:\/\/stocklot.com.tr\/ar\/product\/pleksi-glass\/\"]}]},{\"@type\":\"ImageObject\",\"inLanguage\":\"de\",\"@id\":\"https:\/\/stocklot.com.tr\/ar\/product\/pleksi-glass\/#primaryimage\",\"url\":\"https:\/\/stocklot.com.tr\/wp-content\/uploads\/2018\/10\/pleksi-glass.png\",\"contentUrl\":\"https:\/\/stocklot.com.tr\/wp-content\/uploads\/2018\/10\/pleksi-glass.png\",\"width\":500,\"height\":590},{\"@type\":\"BreadcrumbList\",\"@id\":\"https:\/\/stocklot.com.tr\/ar\/product\/pleksi-glass\/#breadcrumb\",\"itemListElement\":[{\"@type\":\"ListItem\",\"position\":1,\"name\":\"Ana sayfa\",\"item\":\"https:\/\/stocklot.com.tr\/\"},{\"@type\":\"ListItem\",\"position\":2,\"name\":\"Tedarik A\u011f\u0131m\u0131z\",\"item\":\"https:\/\/stocklot.com.tr\/supply-network\/\"},{\"@type\":\"ListItem\",\"position\":3,\"name\":\"Pleksi Glass\"}]},{\"@type\":\"WebSite\",\"@id\":\"https:\/\/stocklot.com.tr\/#website\",\"url\":\"https:\/\/stocklot.com.tr\/\",\"name\":\"Stocklot D\u0131\u015f Ticaret\",\"description\":\"\",\"publisher\":{\"@id\":\"https:\/\/stocklot.com.tr\/#organization\"},\"potentialAction\":[{\"@type\":\"SearchAction\",\"target\":{\"@type\":\"EntryPoint\",\"urlTemplate\":\"https:\/\/stocklot.com.tr\/?s={search_term_string}\"},\"query-input\":{\"@type\":\"PropertyValueSpecification\",\"valueRequired\":true,\"valueName\":\"search_term_string\"}}],\"inLanguage\":\"de\"},{\"@type\":\"Organization\",\"@id\":\"https:\/\/stocklot.com.tr\/#organization\",\"name\":\"Stocklot D\u0131\u015f Ticaret LTD \u015eT\u0130\",\"url\":\"https:\/\/stocklot.com.tr\/\",\"logo\":{\"@type\":\"ImageObject\",\"inLanguage\":\"de\",\"@id\":\"https:\/\/stocklot.com.tr\/#\/schema\/logo\/image\/\",\"url\":\"https:\/\/stocklot.com.tr\/wp-content\/uploads\/2018\/08\/logo.png\",\"contentUrl\":\"https:\/\/stocklot.com.tr\/wp-content\/uploads\/2018\/08\/logo.png\",\"width\":329,\"height\":100,\"caption\":\"Stocklot D\u0131\u015f Ticaret LTD \u015eT\u0130\"},\"image\":{\"@id\":\"https:\/\/stocklot.com.tr\/#\/schema\/logo\/image\/\"},\"sameAs\":[\"https:\/\/www.facebook.com\/stocklot.branda.7\",\"https:\/\/x.com\/stocklottr\",\"https:\/\/www.instagram.com\/stocklot.tr\/\",\"https:\/\/www.linkedin.com\/company\/stocklot-dis-ticaret\/\",\"http:\/\/www.youtube.com\/channel\/UC3vVOrCxsWCI7flcrjAglzA\"]}]}<\/script>\n<!-- \/ Yoast SEO plugin. -->","yoast_head_json":{"title":"Pleksi Glass","robots":{"index":"index","follow":"follow","max-snippet":"max-snippet:-1","max-image-preview":"max-image-preview:large","max-video-preview":"max-video-preview:-1"},"canonical":"https:\/\/stocklot.com.tr\/de\/product\/pleksi-glass\/","og_locale":"de_DE","og_type":"article","og_title":"Pleksi Glass","og_description":"Uygulama Alanlar\u0131   Masa Kaplama  Koruma \u00c7er\u00e7eveleri  Toz \u00d6nleyici \u00c7er\u00e7eveler  Antika Kaplar\u0131  &nbsp; \u00d6zellikleri   Su Ge\u00e7irmezlik  A\u015f\u0131nmaya ve Kimyasallara Kar\u015f\u0131 Dayan\u0131kl\u0131l\u0131k  S\u00fcrt\u00fcnmeye ve A\u015f\u0131nmaya Kar\u015f\u0131 Diren\u00e7  I\u015f\u0131ktan Etkilenmez ve Solmaz.  Is\u0131, Elektrik ve Ses Yal\u0131t\u0131m\u0131  UV Direnci","og_url":"https:\/\/stocklot.com.tr\/de\/product\/pleksi-glass\/","og_site_name":"Stocklot D\u0131\u015f Ticaret","article_publisher":"https:\/\/www.facebook.com\/stocklot.branda.7","article_modified_time":"2018-11-10T07:40:37+00:00","og_image":[{"width":500,"height":590,"url":"https:\/\/stocklot.com.tr\/wp-content\/uploads\/2018\/10\/pleksi-glass.png","type":"image\/png"}],"twitter_card":"summary_large_image","twitter_site":"@stocklottr","twitter_misc":{"Gesch\u00e4tzte Lesezeit":"1\u00a0Minute"},"schema":{"@context":"https:\/\/schema.org","@graph":[{"@type":"WebPage","@id":"https:\/\/stocklot.com.tr\/ar\/product\/pleksi-glass\/","url":"https:\/\/stocklot.com.tr\/ar\/product\/pleksi-glass\/","name":"Pleksi Glass","isPartOf":{"@id":"https:\/\/stocklot.com.tr\/#website"},"primaryImageOfPage":{"@id":"https:\/\/stocklot.com.tr\/ar\/product\/pleksi-glass\/#primaryimage"},"image":{"@id":"https:\/\/stocklot.com.tr\/ar\/product\/pleksi-glass\/#primaryimage"},"thumbnailUrl":"https:\/\/stocklot.com.tr\/wp-content\/uploads\/2018\/10\/pleksi-glass.png","datePublished":"2018-10-12T06:50:16+00:00","dateModified":"2018-11-10T07:40:37+00:00","breadcrumb":{"@id":"https:\/\/stocklot.com.tr\/ar\/product\/pleksi-glass\/#breadcrumb"},"inLanguage":"de","potentialAction":[{"@type":"ReadAction","target":["https:\/\/stocklot.com.tr\/ar\/product\/pleksi-glass\/"]}]},{"@type":"ImageObject","inLanguage":"de","@id":"https:\/\/stocklot.com.tr\/ar\/product\/pleksi-glass\/#primaryimage","url":"https:\/\/stocklot.com.tr\/wp-content\/uploads\/2018\/10\/pleksi-glass.png","contentUrl":"https:\/\/stocklot.com.tr\/wp-content\/uploads\/2018\/10\/pleksi-glass.png","width":500,"height":590},{"@type":"BreadcrumbList","@id":"https:\/\/stocklot.com.tr\/ar\/product\/pleksi-glass\/#breadcrumb","itemListElement":[{"@type":"ListItem","position":1,"name":"Ana sayfa","item":"https:\/\/stocklot.com.tr\/"},{"@type":"ListItem","position":2,"name":"Tedarik A\u011f\u0131m\u0131z","item":"https:\/\/stocklot.com.tr\/supply-network\/"},{"@type":"ListItem","position":3,"name":"Pleksi Glass"}]},{"@type":"WebSite","@id":"https:\/\/stocklot.com.tr\/#website","url":"https:\/\/stocklot.com.tr\/","name":"Stocklot D\u0131\u015f Ticaret","description":"","publisher":{"@id":"https:\/\/stocklot.com.tr\/#organization"},"potentialAction":[{"@type":"SearchAction","target":{"@type":"EntryPoint","urlTemplate":"https:\/\/stocklot.com.tr\/?s={search_term_string}"},"query-input":{"@type":"PropertyValueSpecification","valueRequired":true,"valueName":"search_term_string"}}],"inLanguage":"de"},{"@type":"Organization","@id":"https:\/\/stocklot.com.tr\/#organization","name":"Stocklot D\u0131\u015f Ticaret LTD \u015eT\u0130","url":"https:\/\/stocklot.com.tr\/","logo":{"@type":"ImageObject","inLanguage":"de","@id":"https:\/\/stocklot.com.tr\/#\/schema\/logo\/image\/","url":"https:\/\/stocklot.com.tr\/wp-content\/uploads\/2018\/08\/logo.png","contentUrl":"https:\/\/stocklot.com.tr\/wp-content\/uploads\/2018\/08\/logo.png","width":329,"height":100,"caption":"Stocklot D\u0131\u015f Ticaret LTD \u015eT\u0130"},"image":{"@id":"https:\/\/stocklot.com.tr\/#\/schema\/logo\/image\/"},"sameAs":["https:\/\/www.facebook.com\/stocklot.branda.7","https:\/\/x.com\/stocklottr","https:\/\/www.instagram.com\/stocklot.tr\/","https:\/\/www.linkedin.com\/company\/stocklot-dis-ticaret\/","http:\/\/www.youtube.com\/channel\/UC3vVOrCxsWCI7flcrjAglzA"]}]}},"_links":{"self":[{"href":"https:\/\/stocklot.com.tr\/de\/wp-json\/wp\/v2\/product\/349","targetHints":{"allow":["GET"]}}],"collection":[{"href":"https:\/\/stocklot.com.tr\/de\/wp-json\/wp\/v2\/product"}],"about":[{"href":"https:\/\/stocklot.com.tr\/de\/wp-json\/wp\/v2\/types\/product"}],"wp:featuredmedia":[{"embeddable":true,"href":"https:\/\/stocklot.com.tr\/de\/wp-json\/wp\/v2\/media\/350"}],"wp:attachment":[{"href":"https:\/\/stocklot.com.tr\/de\/wp-json\/wp\/v2\/media?parent=349"}],"wp:term":[{"taxonomy":"product_brand","embeddable":true,"href":"https:\/\/stocklot.com.tr\/de\/wp-json\/wp\/v2\/product_brand?post=349"},{"taxonomy":"product_cat","embeddable":true,"href":"https:\/\/stocklot.com.tr\/de\/wp-json\/wp\/v2\/product_cat?post=349"},{"taxonomy":"product_tag","embeddable":true,"href":"https:\/\/stocklot.com.tr\/de\/wp-json\/wp\/v2\/product_tag?post=349"}],"curies":[{"name":"wp","href":"https:\/\/api.w.org\/{rel}","templated":true}]}}