{"id":284,"date":"2018-10-12T09:45:08","date_gmt":"2018-10-12T06:45:08","guid":{"rendered":"https:\/\/stocklot.com.tr\/?post_type=product&#038;p=284"},"modified":"2018-10-18T16:56:15","modified_gmt":"2018-10-18T13:56:15","slug":"suni-deri","status":"publish","type":"product","link":"https:\/\/stocklot.com.tr\/de\/produkt\/suni-deri\/","title":{"rendered":"Kunstleder"},"content":{"rendered":"<h5>Her Ortama Uygun Pratik Uygulamalar<\/h5>\n<p>Hammadde ve \u00fcretim teknolojisinde sa\u011flanan geli\u015fmeler sonucu, son 10 y\u0131lda deri yerine s\u0131kl\u0131kla kullan\u0131lmaya ba\u015flanan suni deri imalat\u0131nda PU ve PVC kullan\u0131lmaya ba\u015flanm\u0131\u015ft\u0131r. PU \u00fcr\u00fcnler PVC \u00fcr\u00fcnlere oranla pahal\u0131 olmakla beraber, daha s\u0131hhi ve ekolojik olmalar\u0131, nefes alabilirlilik, yumu\u015fakl\u0131k, teknik de\u011ferler ve g\u00f6r\u00fcn\u00fcm y\u00f6nlerinden do\u011fal deriye \u00e7ok yak\u0131n \u00f6zellikler ta\u015f\u0131malar\u0131 nedeniyle tercih edilmektedir. PU kaplama suni deri \u00fcr\u00fcnleri; ev ve ofis d\u00f6\u015feme, mont, kaban, fantezi giyim, pantolon, g\u00f6mlek vb giyim ve ayakkab\u0131 alanlar\u0131nda tercih edilmektedir.<\/p>\n<p>Annullierte Bestellungen, Ungeeignetheit nach europ\u00e4ischen Standards, falsche Haltbarkeit, abgelaufene Lagerbest\u00e4nde, unvorbereitete Lagerbest\u00e4nde, Designs f\u00fcr die Nebensaison, Insolvenzware und \u00dcberschussprodukte aus den f\u00fchrenden Fabriken Europas werden unseren wertvollen Kunden zu wettbewerbsf\u00e4higen Preisen pr\u00e4sentiert. Mit unseren professionellen Mitarbeitern halten wir die Import- und Verkaufsprozesse auf dem richtigen Weg. Sie k\u00f6nnen immer auf unsere Liefergeschwindigkeit und Produktqualit\u00e4t vertrauen. Sie finden diese in unseren periodischen Best\u00e4nden. Kontaktieren Sie uns f\u00fcr weitere Informationen.<\/p>","protected":false},"excerpt":{"rendered":"<h5>Anwendungsbereiche<\/h5>\n<ul>\n<li>\u0130\u00e7 Mekan Dekorasyon<\/li>\n<li>D\u0131\u015f Mekan Dekorasyon<\/li>\n<li>Otomotiv<\/li>\n<li>Ayakkab\u0131<\/li>\n<li>Aksesuarl\u0131k<\/li>\n<li>K\u0131rtasiyelik<\/li>\n<li>Giyim<\/li>\n<li>\u00c7anta<\/li>\n<\/ul>\n<h5>Eigenschaften<\/h5>\n<ul>\n<li>G\u00fcne\u015f I\u015f\u0131\u011f\u0131 Direnci<\/li>\n<li>Ekolojik \u00dcr\u00fcn<\/li>\n<li>Kolay Temizlenebilirlik<\/li>\n<li>Yanma Geciktirici<\/li>\n<li>A\u015f\u0131nmaya Kar\u015f\u0131 Diren\u00e7<\/li>\n<li>Nefes Al\u0131nabilirlik<\/li>\n<li>Anti Bakteriyal Koruma<\/li>\n<li>Wasserdicht<\/li>\n<\/ul>","protected":false},"featured_media":285,"template":"","meta":[],"product_brand":[],"product_cat":[40],"product_tag":[],"class_list":{"0":"post-284","1":"product","2":"type-product","3":"status-publish","4":"has-post-thumbnail","6":"product_cat-genel","8":"first","9":"instock","10":"shipping-taxable","11":"product-type-simple"},"yoast_head":"<!-- This site is optimized with the Yoast SEO plugin v25.3.1 - https:\/\/yoast.com\/wordpress\/plugins\/seo\/ -->\n<title>Suni Deri<\/title>\n<meta name=\"robots\" content=\"index, follow, max-snippet:-1, max-image-preview:large, max-video-preview:-1\" \/>\n<link rel=\"canonical\" href=\"https:\/\/stocklot.com.tr\/de\/product\/suni-deri\/\" \/>\n<meta property=\"og:locale\" content=\"de_DE\" \/>\n<meta property=\"og:type\" content=\"article\" \/>\n<meta property=\"og:title\" content=\"Suni Deri\" \/>\n<meta property=\"og:description\" content=\"Uygulama Alanlar\u0131  \u0130\u00e7 Mekan Dekorasyon D\u0131\u015f Mekan Dekorasyon Otomotiv Ayakkab\u0131 Aksesuarl\u0131k K\u0131rtasiyelik Giyim \u00c7anta  \u00d6zellikleri  G\u00fcne\u015f I\u015f\u0131\u011f\u0131 Direnci Ekolojik \u00dcr\u00fcn Kolay Temizlenebilirlik Yanma Geciktirici A\u015f\u0131nmaya Kar\u015f\u0131 Diren\u00e7 Nefes Al\u0131nabilirlik Anti Bakteriyal Koruma Su Ge\u00e7irmezlik\" \/>\n<meta property=\"og:url\" content=\"https:\/\/stocklot.com.tr\/de\/product\/suni-deri\/\" \/>\n<meta property=\"og:site_name\" content=\"Stocklot D\u0131\u015f Ticaret\" \/>\n<meta property=\"article:publisher\" content=\"https:\/\/www.facebook.com\/stocklot.branda.7\" \/>\n<meta property=\"article:modified_time\" content=\"2018-10-18T13:56:15+00:00\" \/>\n<meta property=\"og:image\" content=\"https:\/\/stocklot.com.tr\/wp-content\/uploads\/2018\/10\/suni-deri.png\" \/>\n\t<meta property=\"og:image:width\" content=\"500\" \/>\n\t<meta property=\"og:image:height\" content=\"590\" \/>\n\t<meta property=\"og:image:type\" content=\"image\/png\" \/>\n<meta name=\"twitter:card\" content=\"summary_large_image\" \/>\n<meta name=\"twitter:site\" content=\"@stocklottr\" \/>\n<meta name=\"twitter:label1\" content=\"Gesch\u00e4tzte Lesezeit\" \/>\n\t<meta name=\"twitter:data1\" content=\"1\u00a0Minute\" \/>\n<script type=\"application\/ld+json\" class=\"yoast-schema-graph\">{\"@context\":\"https:\/\/schema.org\",\"@graph\":[{\"@type\":\"WebPage\",\"@id\":\"https:\/\/stocklot.com.tr\/ar\/product\/suni-deri\/\",\"url\":\"https:\/\/stocklot.com.tr\/ar\/product\/suni-deri\/\",\"name\":\"Suni Deri\",\"isPartOf\":{\"@id\":\"https:\/\/stocklot.com.tr\/#website\"},\"primaryImageOfPage\":{\"@id\":\"https:\/\/stocklot.com.tr\/ar\/product\/suni-deri\/#primaryimage\"},\"image\":{\"@id\":\"https:\/\/stocklot.com.tr\/ar\/product\/suni-deri\/#primaryimage\"},\"thumbnailUrl\":\"https:\/\/stocklot.com.tr\/wp-content\/uploads\/2018\/10\/suni-deri.png\",\"datePublished\":\"2018-10-12T06:45:08+00:00\",\"dateModified\":\"2018-10-18T13:56:15+00:00\",\"breadcrumb\":{\"@id\":\"https:\/\/stocklot.com.tr\/ar\/product\/suni-deri\/#breadcrumb\"},\"inLanguage\":\"de\",\"potentialAction\":[{\"@type\":\"ReadAction\",\"target\":[\"https:\/\/stocklot.com.tr\/ar\/product\/suni-deri\/\"]}]},{\"@type\":\"ImageObject\",\"inLanguage\":\"de\",\"@id\":\"https:\/\/stocklot.com.tr\/ar\/product\/suni-deri\/#primaryimage\",\"url\":\"https:\/\/stocklot.com.tr\/wp-content\/uploads\/2018\/10\/suni-deri.png\",\"contentUrl\":\"https:\/\/stocklot.com.tr\/wp-content\/uploads\/2018\/10\/suni-deri.png\",\"width\":500,\"height\":590},{\"@type\":\"BreadcrumbList\",\"@id\":\"https:\/\/stocklot.com.tr\/ar\/product\/suni-deri\/#breadcrumb\",\"itemListElement\":[{\"@type\":\"ListItem\",\"position\":1,\"name\":\"Ana sayfa\",\"item\":\"https:\/\/stocklot.com.tr\/\"},{\"@type\":\"ListItem\",\"position\":2,\"name\":\"Tedarik A\u011f\u0131m\u0131z\",\"item\":\"https:\/\/stocklot.com.tr\/supply-network\/\"},{\"@type\":\"ListItem\",\"position\":3,\"name\":\"Suni Deri\"}]},{\"@type\":\"WebSite\",\"@id\":\"https:\/\/stocklot.com.tr\/#website\",\"url\":\"https:\/\/stocklot.com.tr\/\",\"name\":\"Stocklot D\u0131\u015f Ticaret\",\"description\":\"\",\"publisher\":{\"@id\":\"https:\/\/stocklot.com.tr\/#organization\"},\"potentialAction\":[{\"@type\":\"SearchAction\",\"target\":{\"@type\":\"EntryPoint\",\"urlTemplate\":\"https:\/\/stocklot.com.tr\/?s={search_term_string}\"},\"query-input\":{\"@type\":\"PropertyValueSpecification\",\"valueRequired\":true,\"valueName\":\"search_term_string\"}}],\"inLanguage\":\"de\"},{\"@type\":\"Organization\",\"@id\":\"https:\/\/stocklot.com.tr\/#organization\",\"name\":\"Stocklot D\u0131\u015f Ticaret LTD \u015eT\u0130\",\"url\":\"https:\/\/stocklot.com.tr\/\",\"logo\":{\"@type\":\"ImageObject\",\"inLanguage\":\"de\",\"@id\":\"https:\/\/stocklot.com.tr\/#\/schema\/logo\/image\/\",\"url\":\"https:\/\/stocklot.com.tr\/wp-content\/uploads\/2018\/08\/logo.png\",\"contentUrl\":\"https:\/\/stocklot.com.tr\/wp-content\/uploads\/2018\/08\/logo.png\",\"width\":329,\"height\":100,\"caption\":\"Stocklot D\u0131\u015f Ticaret LTD \u015eT\u0130\"},\"image\":{\"@id\":\"https:\/\/stocklot.com.tr\/#\/schema\/logo\/image\/\"},\"sameAs\":[\"https:\/\/www.facebook.com\/stocklot.branda.7\",\"https:\/\/x.com\/stocklottr\",\"https:\/\/www.instagram.com\/stocklot.tr\/\",\"https:\/\/www.linkedin.com\/company\/stocklot-dis-ticaret\/\",\"http:\/\/www.youtube.com\/channel\/UC3vVOrCxsWCI7flcrjAglzA\"]}]}<\/script>\n<!-- \/ Yoast SEO plugin. -->","yoast_head_json":{"title":"Suni Deri","robots":{"index":"index","follow":"follow","max-snippet":"max-snippet:-1","max-image-preview":"max-image-preview:large","max-video-preview":"max-video-preview:-1"},"canonical":"https:\/\/stocklot.com.tr\/de\/product\/suni-deri\/","og_locale":"de_DE","og_type":"article","og_title":"Suni Deri","og_description":"Uygulama Alanlar\u0131  \u0130\u00e7 Mekan Dekorasyon D\u0131\u015f Mekan Dekorasyon Otomotiv Ayakkab\u0131 Aksesuarl\u0131k K\u0131rtasiyelik Giyim \u00c7anta  \u00d6zellikleri  G\u00fcne\u015f I\u015f\u0131\u011f\u0131 Direnci Ekolojik \u00dcr\u00fcn Kolay Temizlenebilirlik Yanma Geciktirici A\u015f\u0131nmaya Kar\u015f\u0131 Diren\u00e7 Nefes Al\u0131nabilirlik Anti Bakteriyal Koruma Su Ge\u00e7irmezlik","og_url":"https:\/\/stocklot.com.tr\/de\/product\/suni-deri\/","og_site_name":"Stocklot D\u0131\u015f Ticaret","article_publisher":"https:\/\/www.facebook.com\/stocklot.branda.7","article_modified_time":"2018-10-18T13:56:15+00:00","og_image":[{"width":500,"height":590,"url":"https:\/\/stocklot.com.tr\/wp-content\/uploads\/2018\/10\/suni-deri.png","type":"image\/png"}],"twitter_card":"summary_large_image","twitter_site":"@stocklottr","twitter_misc":{"Gesch\u00e4tzte Lesezeit":"1\u00a0Minute"},"schema":{"@context":"https:\/\/schema.org","@graph":[{"@type":"WebPage","@id":"https:\/\/stocklot.com.tr\/ar\/product\/suni-deri\/","url":"https:\/\/stocklot.com.tr\/ar\/product\/suni-deri\/","name":"Suni Deri","isPartOf":{"@id":"https:\/\/stocklot.com.tr\/#website"},"primaryImageOfPage":{"@id":"https:\/\/stocklot.com.tr\/ar\/product\/suni-deri\/#primaryimage"},"image":{"@id":"https:\/\/stocklot.com.tr\/ar\/product\/suni-deri\/#primaryimage"},"thumbnailUrl":"https:\/\/stocklot.com.tr\/wp-content\/uploads\/2018\/10\/suni-deri.png","datePublished":"2018-10-12T06:45:08+00:00","dateModified":"2018-10-18T13:56:15+00:00","breadcrumb":{"@id":"https:\/\/stocklot.com.tr\/ar\/product\/suni-deri\/#breadcrumb"},"inLanguage":"de","potentialAction":[{"@type":"ReadAction","target":["https:\/\/stocklot.com.tr\/ar\/product\/suni-deri\/"]}]},{"@type":"ImageObject","inLanguage":"de","@id":"https:\/\/stocklot.com.tr\/ar\/product\/suni-deri\/#primaryimage","url":"https:\/\/stocklot.com.tr\/wp-content\/uploads\/2018\/10\/suni-deri.png","contentUrl":"https:\/\/stocklot.com.tr\/wp-content\/uploads\/2018\/10\/suni-deri.png","width":500,"height":590},{"@type":"BreadcrumbList","@id":"https:\/\/stocklot.com.tr\/ar\/product\/suni-deri\/#breadcrumb","itemListElement":[{"@type":"ListItem","position":1,"name":"Ana sayfa","item":"https:\/\/stocklot.com.tr\/"},{"@type":"ListItem","position":2,"name":"Tedarik A\u011f\u0131m\u0131z","item":"https:\/\/stocklot.com.tr\/supply-network\/"},{"@type":"ListItem","position":3,"name":"Suni Deri"}]},{"@type":"WebSite","@id":"https:\/\/stocklot.com.tr\/#website","url":"https:\/\/stocklot.com.tr\/","name":"Stocklot D\u0131\u015f Ticaret","description":"","publisher":{"@id":"https:\/\/stocklot.com.tr\/#organization"},"potentialAction":[{"@type":"SearchAction","target":{"@type":"EntryPoint","urlTemplate":"https:\/\/stocklot.com.tr\/?s={search_term_string}"},"query-input":{"@type":"PropertyValueSpecification","valueRequired":true,"valueName":"search_term_string"}}],"inLanguage":"de"},{"@type":"Organization","@id":"https:\/\/stocklot.com.tr\/#organization","name":"Stocklot D\u0131\u015f Ticaret LTD \u015eT\u0130","url":"https:\/\/stocklot.com.tr\/","logo":{"@type":"ImageObject","inLanguage":"de","@id":"https:\/\/stocklot.com.tr\/#\/schema\/logo\/image\/","url":"https:\/\/stocklot.com.tr\/wp-content\/uploads\/2018\/08\/logo.png","contentUrl":"https:\/\/stocklot.com.tr\/wp-content\/uploads\/2018\/08\/logo.png","width":329,"height":100,"caption":"Stocklot D\u0131\u015f Ticaret LTD \u015eT\u0130"},"image":{"@id":"https:\/\/stocklot.com.tr\/#\/schema\/logo\/image\/"},"sameAs":["https:\/\/www.facebook.com\/stocklot.branda.7","https:\/\/x.com\/stocklottr","https:\/\/www.instagram.com\/stocklot.tr\/","https:\/\/www.linkedin.com\/company\/stocklot-dis-ticaret\/","http:\/\/www.youtube.com\/channel\/UC3vVOrCxsWCI7flcrjAglzA"]}]}},"_links":{"self":[{"href":"https:\/\/stocklot.com.tr\/de\/wp-json\/wp\/v2\/product\/284","targetHints":{"allow":["GET"]}}],"collection":[{"href":"https:\/\/stocklot.com.tr\/de\/wp-json\/wp\/v2\/product"}],"about":[{"href":"https:\/\/stocklot.com.tr\/de\/wp-json\/wp\/v2\/types\/product"}],"wp:featuredmedia":[{"embeddable":true,"href":"https:\/\/stocklot.com.tr\/de\/wp-json\/wp\/v2\/media\/285"}],"wp:attachment":[{"href":"https:\/\/stocklot.com.tr\/de\/wp-json\/wp\/v2\/media?parent=284"}],"wp:term":[{"taxonomy":"product_brand","embeddable":true,"href":"https:\/\/stocklot.com.tr\/de\/wp-json\/wp\/v2\/product_brand?post=284"},{"taxonomy":"product_cat","embeddable":true,"href":"https:\/\/stocklot.com.tr\/de\/wp-json\/wp\/v2\/product_cat?post=284"},{"taxonomy":"product_tag","embeddable":true,"href":"https:\/\/stocklot.com.tr\/de\/wp-json\/wp\/v2\/product_tag?post=284"}],"curies":[{"name":"wp","href":"https:\/\/api.w.org\/{rel}","templated":true}]}}