{"id":186,"date":"2018-10-12T09:33:19","date_gmt":"2018-10-12T06:33:19","guid":{"rendered":"https:\/\/stocklot.com.tr\/?post_type=product&#038;p=186"},"modified":"2018-10-26T15:22:34","modified_gmt":"2018-10-26T12:22:34","slug":"ithal-duvar-kagitlari","status":"publish","type":"product","link":"https:\/\/stocklot.com.tr\/de\/produkt\/ithal-duvar-kagitlari\/","title":{"rendered":"importierte Tapette"},"content":{"rendered":"<h5>G\u00f6zal\u0131c\u0131 G\u00fczellikte Hijyenik Malzemeler<\/h5>\n<p>Duvar ka\u011f\u0131d\u0131; duvar y\u00fczeyine koruma ve dekor ama\u00e7l\u0131 kullan\u0131lan yap\u0131 malzemesidir. \u0130\u00e7 mekan dekorasyonu i\u00e7in kullan\u0131l\u0131r. Bir\u00e7ok t\u00fcr\u00fc ve \u00e7e\u015fidi vard\u0131r. Mimarinin ve konut sekt\u00f6r\u00fcn\u00fcn geli\u015fmesi ile g\u00fcn ge\u00e7tik\u00e7e duvar ka\u011f\u0131tlar\u0131na talep artmaktad\u0131r. Simplex Duvar Ka\u011f\u0131d\u0131; di\u011fer duvar ka\u011f\u0131tlar\u0131na oranla d\u0131\u015f etkenlere kar\u015f\u0131 dayan\u0131kl\u0131l\u0131\u011f\u0131 daha d\u00fc\u015f\u00fckt\u00fcr. Tek kat birinci hamurdan \u00fcretilir. Emboss Duvar Ka\u011f\u0131d\u0131; Renk ve desen bask\u0131s\u0131 yap\u0131lan birinci hamurdan \u00fcretimi yap\u0131l\u0131r. \u00dcst ka\u011f\u0131t tabakas\u0131 alt ka\u011f\u0131t ile \u00f6zel bir yap\u0131\u015ft\u0131r\u0131c\u0131 yard\u0131m\u0131yla yap\u0131\u015ft\u0131r\u0131l\u0131r. \u00d6zel silindirler ile kabartma efekti verilir.<\/p>\n<p>Vinyl Esasl\u0131 Duvar Ka\u011f\u0131d\u0131; D\u00fcnyada en \u00e7ok kullan\u0131lan duvar ka\u011f\u0131d\u0131 tipidir. PVC astar ile \u00fcretilen \u00f6zel compact ka\u011f\u0131tt\u0131r. Klasik duvar ka\u011f\u0131tlar\u0131na g\u00f6re g\u00fcne\u015f \u0131\u015f\u0131\u011f\u0131na daha dayan\u0131kl\u0131 olup, daha az kir tutar. Islak hacimlerde kullan\u0131labilir oldu\u011fu gibi bir\u00e7ok farkl\u0131 yap\u0131larda da kullan\u0131ma uygun bir malzemedir. Boyanabilir Duvar Ka\u011f\u0131d\u0131; Vinyl esasl\u0131d\u0131r. Duvara uyguland\u0131ktan sonra tercihe g\u00f6re boyanabilir. Cam Tekstili; Kum ve kire\u00e7ten \u00fcretilen bu \u00fcr\u00fcn, \u00f6zel cam iplikleri ile olu\u015fturulur. F\u0131r\u0131nlanma i\u015flemi yap\u0131l\u0131r ve sonras\u0131nda el i\u015f\u00e7ili\u011fi ile desenleme \u00e7al\u0131\u015fmalar\u0131 yap\u0131l\u0131r. Renklendirme i\u015flemi ise kaplamadan sonra ger\u00e7ekle\u015fir.<\/p>\n<p>Tekstil Duvar Ka\u011f\u0131d\u0131; \u00dcst y\u00fczeyi tekstil olup, vinyl duvar ka\u011f\u0131tlar\u0131na oranla \u00e7ok desenli ve dekoru farkl\u0131 bir \u00fcr\u00fcnd\u00fcr ayn\u0131 zamanda akustiktir. Tekstil Tabanl\u0131 Vinyl; Bir\u00e7ok duvar ka\u011f\u0131d\u0131n\u0131n taban\u0131 ka\u011f\u0131tken bu duvar ka\u011f\u0131d\u0131n\u0131n taban\u0131 tekstil \u00fcr\u00fcn\u00fcnden olu\u015fmaktad\u0131r. Yo\u011fun kullan\u0131lan mekanlarda bu t\u00fcr duvar ka\u011f\u0131d\u0131 tercih edilir. Yat\u0131r\u0131m maliyetleri y\u00fcksek olsa da uzun \u00f6m\u00fcrl\u00fc \u00fcr\u00fcnlerdir.<\/p>\n<p>Firmam\u0131z Stocklot D\u0131\u015f Ticaret tedarik a\u011f\u0131nda bulunan ithal duvar ka\u011f\u0131d\u0131 \u00e7e\u015fitli \u00fcr\u00fcn \u00f6zelliklerinde olup Avrupa\u2019n\u0131n \u00f6nde gelen fabrikalar\u0131n\u0131n \u00fcretim fazlas\u0131, sat\u0131\u015f iptalleri, \u00fcretim hatalar\u0131 (Avrupa Standartlar\u0131na g\u00f6re), \u00e7arp\u0131k \u00f6l\u00e7\u00fc, raf \u00f6mr\u00fcn\u00fc doldurmu\u015f, y\u0131lsonu stok temizli\u011fi sonras\u0131 bitirilmeye \u00e7al\u0131\u015f\u0131lan, \u00fcr\u00fcn dizayn sezon de\u011fi\u015fikli\u011fine u\u011fram\u0131\u015f, iflas mallar\u0131 gibi \u00fcr\u00fcnlerin; piyasadaki rekabet\u00e7i fiyatlara siz de\u011ferli m\u00fc\u015fterilerimiz i\u00e7in sipari\u015finiz \u00fczerine profesyonel ekibimiz ile ithalat\u0131n\u0131 ger\u00e7ekle\u015ftirmekteyiz. Ayn\u0131 zamanda bu \u00fcr\u00fcn\u00fc d\u00f6nem d\u00f6nem stoklar\u0131m\u0131zda da bulabilirsiniz. Detayl\u0131 bilgi almak i\u00e7in l\u00fctfen bizimle ileti\u015fime ge\u00e7iniz.<\/p>","protected":false},"excerpt":{"rendered":"<h5>Anwendungsbereiche<\/h5>\n<ul>\n<li>Ev Dekorasyon<\/li>\n<li>Kafe Dekorasyon<\/li>\n<li>\u00dcr\u00fcn Depolar\u0131<\/li>\n<li>\u00dcretim Alan\u0131<\/li>\n<\/ul>\n<h5>Eigenschaften<\/h5>\n<ul>\n<li>Nem Emicilik<\/li>\n<li>Uzun Kullan\u0131m \u00d6mr\u00fc<\/li>\n<li>Dekoratif \u00c7e\u015fitlilik<\/li>\n<li>Y\u0131pranma \u00d6nleyicilik<\/li>\n<\/ul>","protected":false},"featured_media":187,"template":"","meta":[],"product_brand":[],"product_cat":[40],"product_tag":[110,109,108,62],"class_list":{"0":"post-186","1":"product","2":"type-product","3":"status-publish","4":"has-post-thumbnail","6":"product_cat-genel","7":"product_tag-dekorasyon","8":"product_tag-duvar","9":"product_tag-ithal","10":"product_tag-kagit","12":"first","13":"instock","14":"shipping-taxable","15":"product-type-simple"},"yoast_head":"<!-- This site is optimized with the Yoast SEO plugin v25.3.1 - https:\/\/yoast.com\/wordpress\/plugins\/seo\/ -->\n<title>\u0130thal Duvar Ka\u011f\u0131tlar\u0131<\/title>\n<meta name=\"robots\" content=\"index, follow, max-snippet:-1, max-image-preview:large, max-video-preview:-1\" \/>\n<link rel=\"canonical\" href=\"https:\/\/stocklot.com.tr\/de\/product\/ithal-duvar-kagitlari\/\" \/>\n<meta property=\"og:locale\" content=\"de_DE\" \/>\n<meta property=\"og:type\" content=\"article\" \/>\n<meta property=\"og:title\" content=\"\u0130thal Duvar Ka\u011f\u0131tlar\u0131\" \/>\n<meta property=\"og:description\" content=\"Uygulama Alanlar\u0131  Ev Dekorasyon Kafe Dekorasyon \u00dcr\u00fcn Depolar\u0131 \u00dcretim Alan\u0131  \u00d6zellikleri  Nem Emicilik Uzun Kullan\u0131m \u00d6mr\u00fc Dekoratif \u00c7e\u015fitlilik Y\u0131pranma \u00d6nleyicilik\" \/>\n<meta property=\"og:url\" content=\"https:\/\/stocklot.com.tr\/de\/product\/ithal-duvar-kagitlari\/\" \/>\n<meta property=\"og:site_name\" content=\"Stocklot D\u0131\u015f Ticaret\" \/>\n<meta property=\"article:publisher\" content=\"https:\/\/www.facebook.com\/stocklot.branda.7\" \/>\n<meta property=\"article:modified_time\" content=\"2018-10-26T12:22:34+00:00\" \/>\n<meta property=\"og:image\" content=\"https:\/\/stocklot.com.tr\/wp-content\/uploads\/2018\/10\/ithal-duvar-kagitlari.png\" \/>\n\t<meta property=\"og:image:width\" content=\"500\" \/>\n\t<meta property=\"og:image:height\" content=\"590\" \/>\n\t<meta property=\"og:image:type\" content=\"image\/png\" \/>\n<meta name=\"twitter:card\" content=\"summary_large_image\" \/>\n<meta name=\"twitter:site\" content=\"@stocklottr\" \/>\n<meta name=\"twitter:label1\" content=\"Gesch\u00e4tzte Lesezeit\" \/>\n\t<meta name=\"twitter:data1\" content=\"2\u00a0Minuten\" \/>\n<script type=\"application\/ld+json\" class=\"yoast-schema-graph\">{\"@context\":\"https:\/\/schema.org\",\"@graph\":[{\"@type\":\"WebPage\",\"@id\":\"https:\/\/stocklot.com.tr\/ar\/product\/ithal-duvar-kagitlari\/\",\"url\":\"https:\/\/stocklot.com.tr\/ar\/product\/ithal-duvar-kagitlari\/\",\"name\":\"\u0130thal Duvar Ka\u011f\u0131tlar\u0131\",\"isPartOf\":{\"@id\":\"https:\/\/stocklot.com.tr\/#website\"},\"primaryImageOfPage\":{\"@id\":\"https:\/\/stocklot.com.tr\/ar\/product\/ithal-duvar-kagitlari\/#primaryimage\"},\"image\":{\"@id\":\"https:\/\/stocklot.com.tr\/ar\/product\/ithal-duvar-kagitlari\/#primaryimage\"},\"thumbnailUrl\":\"https:\/\/stocklot.com.tr\/wp-content\/uploads\/2018\/10\/ithal-duvar-kagitlari.png\",\"datePublished\":\"2018-10-12T06:33:19+00:00\",\"dateModified\":\"2018-10-26T12:22:34+00:00\",\"breadcrumb\":{\"@id\":\"https:\/\/stocklot.com.tr\/ar\/product\/ithal-duvar-kagitlari\/#breadcrumb\"},\"inLanguage\":\"de\",\"potentialAction\":[{\"@type\":\"ReadAction\",\"target\":[\"https:\/\/stocklot.com.tr\/ar\/product\/ithal-duvar-kagitlari\/\"]}]},{\"@type\":\"ImageObject\",\"inLanguage\":\"de\",\"@id\":\"https:\/\/stocklot.com.tr\/ar\/product\/ithal-duvar-kagitlari\/#primaryimage\",\"url\":\"https:\/\/stocklot.com.tr\/wp-content\/uploads\/2018\/10\/ithal-duvar-kagitlari.png\",\"contentUrl\":\"https:\/\/stocklot.com.tr\/wp-content\/uploads\/2018\/10\/ithal-duvar-kagitlari.png\",\"width\":500,\"height\":590},{\"@type\":\"BreadcrumbList\",\"@id\":\"https:\/\/stocklot.com.tr\/ar\/product\/ithal-duvar-kagitlari\/#breadcrumb\",\"itemListElement\":[{\"@type\":\"ListItem\",\"position\":1,\"name\":\"Ana sayfa\",\"item\":\"https:\/\/stocklot.com.tr\/\"},{\"@type\":\"ListItem\",\"position\":2,\"name\":\"Tedarik A\u011f\u0131m\u0131z\",\"item\":\"https:\/\/stocklot.com.tr\/supply-network\/\"},{\"@type\":\"ListItem\",\"position\":3,\"name\":\"\u0130thal Duvar Ka\u011f\u0131tlar\u0131\"}]},{\"@type\":\"WebSite\",\"@id\":\"https:\/\/stocklot.com.tr\/#website\",\"url\":\"https:\/\/stocklot.com.tr\/\",\"name\":\"Stocklot D\u0131\u015f Ticaret\",\"description\":\"\",\"publisher\":{\"@id\":\"https:\/\/stocklot.com.tr\/#organization\"},\"potentialAction\":[{\"@type\":\"SearchAction\",\"target\":{\"@type\":\"EntryPoint\",\"urlTemplate\":\"https:\/\/stocklot.com.tr\/?s={search_term_string}\"},\"query-input\":{\"@type\":\"PropertyValueSpecification\",\"valueRequired\":true,\"valueName\":\"search_term_string\"}}],\"inLanguage\":\"de\"},{\"@type\":\"Organization\",\"@id\":\"https:\/\/stocklot.com.tr\/#organization\",\"name\":\"Stocklot D\u0131\u015f Ticaret LTD \u015eT\u0130\",\"url\":\"https:\/\/stocklot.com.tr\/\",\"logo\":{\"@type\":\"ImageObject\",\"inLanguage\":\"de\",\"@id\":\"https:\/\/stocklot.com.tr\/#\/schema\/logo\/image\/\",\"url\":\"https:\/\/stocklot.com.tr\/wp-content\/uploads\/2018\/08\/logo.png\",\"contentUrl\":\"https:\/\/stocklot.com.tr\/wp-content\/uploads\/2018\/08\/logo.png\",\"width\":329,\"height\":100,\"caption\":\"Stocklot D\u0131\u015f Ticaret LTD \u015eT\u0130\"},\"image\":{\"@id\":\"https:\/\/stocklot.com.tr\/#\/schema\/logo\/image\/\"},\"sameAs\":[\"https:\/\/www.facebook.com\/stocklot.branda.7\",\"https:\/\/x.com\/stocklottr\",\"https:\/\/www.instagram.com\/stocklot.tr\/\",\"https:\/\/www.linkedin.com\/company\/stocklot-dis-ticaret\/\",\"http:\/\/www.youtube.com\/channel\/UC3vVOrCxsWCI7flcrjAglzA\"]}]}<\/script>\n<!-- \/ Yoast SEO plugin. -->","yoast_head_json":{"title":"\u0130thal Duvar Ka\u011f\u0131tlar\u0131","robots":{"index":"index","follow":"follow","max-snippet":"max-snippet:-1","max-image-preview":"max-image-preview:large","max-video-preview":"max-video-preview:-1"},"canonical":"https:\/\/stocklot.com.tr\/de\/product\/ithal-duvar-kagitlari\/","og_locale":"de_DE","og_type":"article","og_title":"\u0130thal Duvar Ka\u011f\u0131tlar\u0131","og_description":"Uygulama Alanlar\u0131  Ev Dekorasyon Kafe Dekorasyon \u00dcr\u00fcn Depolar\u0131 \u00dcretim Alan\u0131  \u00d6zellikleri  Nem Emicilik Uzun Kullan\u0131m \u00d6mr\u00fc Dekoratif \u00c7e\u015fitlilik Y\u0131pranma \u00d6nleyicilik","og_url":"https:\/\/stocklot.com.tr\/de\/product\/ithal-duvar-kagitlari\/","og_site_name":"Stocklot D\u0131\u015f Ticaret","article_publisher":"https:\/\/www.facebook.com\/stocklot.branda.7","article_modified_time":"2018-10-26T12:22:34+00:00","og_image":[{"width":500,"height":590,"url":"https:\/\/stocklot.com.tr\/wp-content\/uploads\/2018\/10\/ithal-duvar-kagitlari.png","type":"image\/png"}],"twitter_card":"summary_large_image","twitter_site":"@stocklottr","twitter_misc":{"Gesch\u00e4tzte Lesezeit":"2\u00a0Minuten"},"schema":{"@context":"https:\/\/schema.org","@graph":[{"@type":"WebPage","@id":"https:\/\/stocklot.com.tr\/ar\/product\/ithal-duvar-kagitlari\/","url":"https:\/\/stocklot.com.tr\/ar\/product\/ithal-duvar-kagitlari\/","name":"\u0130thal Duvar Ka\u011f\u0131tlar\u0131","isPartOf":{"@id":"https:\/\/stocklot.com.tr\/#website"},"primaryImageOfPage":{"@id":"https:\/\/stocklot.com.tr\/ar\/product\/ithal-duvar-kagitlari\/#primaryimage"},"image":{"@id":"https:\/\/stocklot.com.tr\/ar\/product\/ithal-duvar-kagitlari\/#primaryimage"},"thumbnailUrl":"https:\/\/stocklot.com.tr\/wp-content\/uploads\/2018\/10\/ithal-duvar-kagitlari.png","datePublished":"2018-10-12T06:33:19+00:00","dateModified":"2018-10-26T12:22:34+00:00","breadcrumb":{"@id":"https:\/\/stocklot.com.tr\/ar\/product\/ithal-duvar-kagitlari\/#breadcrumb"},"inLanguage":"de","potentialAction":[{"@type":"ReadAction","target":["https:\/\/stocklot.com.tr\/ar\/product\/ithal-duvar-kagitlari\/"]}]},{"@type":"ImageObject","inLanguage":"de","@id":"https:\/\/stocklot.com.tr\/ar\/product\/ithal-duvar-kagitlari\/#primaryimage","url":"https:\/\/stocklot.com.tr\/wp-content\/uploads\/2018\/10\/ithal-duvar-kagitlari.png","contentUrl":"https:\/\/stocklot.com.tr\/wp-content\/uploads\/2018\/10\/ithal-duvar-kagitlari.png","width":500,"height":590},{"@type":"BreadcrumbList","@id":"https:\/\/stocklot.com.tr\/ar\/product\/ithal-duvar-kagitlari\/#breadcrumb","itemListElement":[{"@type":"ListItem","position":1,"name":"Ana sayfa","item":"https:\/\/stocklot.com.tr\/"},{"@type":"ListItem","position":2,"name":"Tedarik A\u011f\u0131m\u0131z","item":"https:\/\/stocklot.com.tr\/supply-network\/"},{"@type":"ListItem","position":3,"name":"\u0130thal Duvar Ka\u011f\u0131tlar\u0131"}]},{"@type":"WebSite","@id":"https:\/\/stocklot.com.tr\/#website","url":"https:\/\/stocklot.com.tr\/","name":"Stocklot D\u0131\u015f Ticaret","description":"","publisher":{"@id":"https:\/\/stocklot.com.tr\/#organization"},"potentialAction":[{"@type":"SearchAction","target":{"@type":"EntryPoint","urlTemplate":"https:\/\/stocklot.com.tr\/?s={search_term_string}"},"query-input":{"@type":"PropertyValueSpecification","valueRequired":true,"valueName":"search_term_string"}}],"inLanguage":"de"},{"@type":"Organization","@id":"https:\/\/stocklot.com.tr\/#organization","name":"Stocklot D\u0131\u015f Ticaret LTD \u015eT\u0130","url":"https:\/\/stocklot.com.tr\/","logo":{"@type":"ImageObject","inLanguage":"de","@id":"https:\/\/stocklot.com.tr\/#\/schema\/logo\/image\/","url":"https:\/\/stocklot.com.tr\/wp-content\/uploads\/2018\/08\/logo.png","contentUrl":"https:\/\/stocklot.com.tr\/wp-content\/uploads\/2018\/08\/logo.png","width":329,"height":100,"caption":"Stocklot D\u0131\u015f Ticaret LTD \u015eT\u0130"},"image":{"@id":"https:\/\/stocklot.com.tr\/#\/schema\/logo\/image\/"},"sameAs":["https:\/\/www.facebook.com\/stocklot.branda.7","https:\/\/x.com\/stocklottr","https:\/\/www.instagram.com\/stocklot.tr\/","https:\/\/www.linkedin.com\/company\/stocklot-dis-ticaret\/","http:\/\/www.youtube.com\/channel\/UC3vVOrCxsWCI7flcrjAglzA"]}]}},"_links":{"self":[{"href":"https:\/\/stocklot.com.tr\/de\/wp-json\/wp\/v2\/product\/186","targetHints":{"allow":["GET"]}}],"collection":[{"href":"https:\/\/stocklot.com.tr\/de\/wp-json\/wp\/v2\/product"}],"about":[{"href":"https:\/\/stocklot.com.tr\/de\/wp-json\/wp\/v2\/types\/product"}],"wp:featuredmedia":[{"embeddable":true,"href":"https:\/\/stocklot.com.tr\/de\/wp-json\/wp\/v2\/media\/187"}],"wp:attachment":[{"href":"https:\/\/stocklot.com.tr\/de\/wp-json\/wp\/v2\/media?parent=186"}],"wp:term":[{"taxonomy":"product_brand","embeddable":true,"href":"https:\/\/stocklot.com.tr\/de\/wp-json\/wp\/v2\/product_brand?post=186"},{"taxonomy":"product_cat","embeddable":true,"href":"https:\/\/stocklot.com.tr\/de\/wp-json\/wp\/v2\/product_cat?post=186"},{"taxonomy":"product_tag","embeddable":true,"href":"https:\/\/stocklot.com.tr\/de\/wp-json\/wp\/v2\/product_tag?post=186"}],"curies":[{"name":"wp","href":"https:\/\/api.w.org\/{rel}","templated":true}]}}