{"id":182,"date":"2018-10-12T09:46:16","date_gmt":"2018-10-12T06:46:16","guid":{"rendered":"https:\/\/stocklot.com.tr\/?post_type=product&#038;p=182"},"modified":"2018-10-18T16:55:58","modified_gmt":"2018-10-18T13:55:58","slug":"sahne-perdeleri-molton-trevira-cs","status":"publish","type":"product","link":"https:\/\/stocklot.com.tr\/de\/produkt\/sahne-perdeleri-molton-trevira-cs\/","title":{"rendered":"B\u00fchnenvorh\u00e4nge \/ Molton \/ Trevira Cs"},"content":{"rendered":"<h5>G\u00f6z Dolduran Devasa Sahne Perdeleri<\/h5>\n<p>Sahne perdeleri geni\u015f ebata sahip \u00f6zel perde sistemlerdir. Tiyatrolar, muhtelif salonlarda ve g\u00f6steri merkezlerinde kendine kullan\u0131m alan\u0131 bulur. Motorlu sistemlerdir. Uzaktan kumanda ve\/veya butonla kontrol edilirler. Baz\u0131 sahne perdeleri o kadar geni\u015ftir ki tek motor yetersiz kalmaktad\u0131r. Bunlar \u00e7ift motorla \u00e7al\u0131\u015f\u0131rlar.<\/p>\n<p>Sahne perdelerinin imalat\u0131, montajlanmas\u0131 ve kalite testleri profesyonel s\u00fcre\u00e7lerdir. Her a\u015famada titizlik ve yetkinlik \u015fartt\u0131r. Molton sahne perdeleri uluslararas\u0131 standartlara uyumludur ve insan sa\u011fl\u0131\u011f\u0131na zararl\u0131 bile\u015fen i\u00e7ermez.<\/p>\n<p>Firmam\u0131z Stocklot D\u0131\u015f Ticaret tedarik a\u011f\u0131nda bulunan sahne perdeleri \u00e7e\u015fitli \u00fcr\u00fcn \u00f6zelliklerinde olup Avrupa\u2019n\u0131n \u00f6nde gelen fabrikalar\u0131n\u0131n \u00fcretim fazlas\u0131, sat\u0131\u015f iptalleri, \u00fcretim hatalar\u0131 (Avrupa Standartlar\u0131na g\u00f6re), \u00e7arp\u0131k \u00f6l\u00e7\u00fc, raf \u00f6mr\u00fcn\u00fc doldurmu\u015f, y\u0131lsonu stok temizli\u011fi sonras\u0131 bitirilmeye \u00e7al\u0131\u015f\u0131lan, \u00fcr\u00fcn dizayn sezon de\u011fi\u015fikli\u011fine u\u011fram\u0131\u015f, iflas mallar\u0131 gibi \u00fcr\u00fcnlerin; piyasadaki rekabet\u00e7i fiyatlara siz de\u011ferli m\u00fc\u015fterilerimiz i\u00e7in sipari\u015finiz \u00fczerine profesyonel ekibimiz ile ithalat\u0131n\u0131 ger\u00e7ekle\u015ftirmekteyiz. Ayn\u0131 zamanda bu \u00fcr\u00fcn\u00fc d\u00f6nem d\u00f6nem stoklar\u0131m\u0131zda da bulabilirsiniz. Detayl\u0131 bilgi almak i\u00e7in l\u00fctfen bizimle ileti\u015fime ge\u00e7iniz.<\/p>","protected":false},"excerpt":{"rendered":"<h5>Anwendungsbereiche<\/h5>\n<ul>\n<li>Tiyatro Sahneleri<\/li>\n<li>Ay\u0131rma Perdeleri<\/li>\n<li>Sahne Dekorlar\u0131<\/li>\n<li>Kulis Perdeleri<\/li>\n<\/ul>\n<h5>Eigenschaften<\/h5>\n<ul>\n<li>Dayan\u0131kl\u0131 Kuma\u015f<\/li>\n<li>Hafif Yap\u0131<\/li>\n<li>I\u015f\u0131k Ge\u00e7irmeme<\/li>\n<li>Langlebig gegen Friktion und Abnutzung<\/li>\n<li>vom Licht nicht beeinflussen und welken nicht<\/li>\n<li>Ses Yal\u0131t\u0131m\u0131<\/li>\n<\/ul>","protected":false},"featured_media":183,"template":"","meta":[],"product_brand":[],"product_cat":[40],"product_tag":[105,104,103,106],"class_list":{"0":"post-182","1":"product","2":"type-product","3":"status-publish","4":"has-post-thumbnail","6":"product_cat-genel","7":"product_tag-molton","8":"product_tag-perde","9":"product_tag-sahne","10":"product_tag-trevira","12":"first","13":"instock","14":"shipping-taxable","15":"product-type-simple"},"yoast_head":"<!-- This site is optimized with the Yoast SEO plugin v25.3.1 - https:\/\/yoast.com\/wordpress\/plugins\/seo\/ -->\n<title>Sahne Perdeleri \/ Molton \/ Trevira Cs<\/title>\n<meta name=\"robots\" content=\"index, follow, max-snippet:-1, max-image-preview:large, max-video-preview:-1\" \/>\n<link rel=\"canonical\" href=\"https:\/\/stocklot.com.tr\/de\/produkt\/sahne-perdeleri-molton-trevira-cs\/\" \/>\n<meta property=\"og:locale\" content=\"de_DE\" \/>\n<meta property=\"og:type\" content=\"article\" \/>\n<meta property=\"og:title\" content=\"Sahne Perdeleri \/ Molton \/ Trevira Cs\" \/>\n<meta property=\"og:description\" content=\"Uygulama Alanlar\u0131  Tiyatro Sahneleri Ay\u0131rma Perdeleri Sahne Dekorlar\u0131 Kulis Perdeleri  \u00d6zellikleri  Dayan\u0131kl\u0131 Kuma\u015f Hafif Yap\u0131 I\u015f\u0131k Ge\u00e7irmeme S\u00fcrt\u00fcnmeye ve A\u015f\u0131nmaya Kar\u015f\u0131 Diren\u00e7 I\u015f\u0131ktan Etkilenmez ve Solmaz Ses Yal\u0131t\u0131m\u0131\" \/>\n<meta property=\"og:url\" content=\"https:\/\/stocklot.com.tr\/de\/produkt\/sahne-perdeleri-molton-trevira-cs\/\" \/>\n<meta property=\"og:site_name\" content=\"Stocklot D\u0131\u015f Ticaret\" \/>\n<meta property=\"article:publisher\" content=\"https:\/\/www.facebook.com\/stocklot.branda.7\" \/>\n<meta property=\"article:modified_time\" content=\"2018-10-18T13:55:58+00:00\" \/>\n<meta property=\"og:image\" content=\"https:\/\/stocklot.com.tr\/wp-content\/uploads\/2018\/10\/sahne-perdeleri.png\" \/>\n\t<meta property=\"og:image:width\" content=\"500\" \/>\n\t<meta property=\"og:image:height\" content=\"590\" \/>\n\t<meta property=\"og:image:type\" content=\"image\/png\" \/>\n<meta name=\"twitter:card\" content=\"summary_large_image\" \/>\n<meta name=\"twitter:site\" content=\"@stocklottr\" \/>\n<meta name=\"twitter:label1\" content=\"Gesch\u00e4tzte Lesezeit\" \/>\n\t<meta name=\"twitter:data1\" content=\"1\u00a0Minute\" \/>\n<script type=\"application\/ld+json\" class=\"yoast-schema-graph\">{\"@context\":\"https:\/\/schema.org\",\"@graph\":[{\"@type\":\"WebPage\",\"@id\":\"https:\/\/stocklot.com.tr\/de\/produkt\/sahne-perdeleri-molton-trevira-cs\/\",\"url\":\"https:\/\/stocklot.com.tr\/de\/produkt\/sahne-perdeleri-molton-trevira-cs\/\",\"name\":\"Sahne Perdeleri \/ Molton \/ Trevira Cs\",\"isPartOf\":{\"@id\":\"https:\/\/stocklot.com.tr\/#website\"},\"primaryImageOfPage\":{\"@id\":\"https:\/\/stocklot.com.tr\/de\/produkt\/sahne-perdeleri-molton-trevira-cs\/#primaryimage\"},\"image\":{\"@id\":\"https:\/\/stocklot.com.tr\/de\/produkt\/sahne-perdeleri-molton-trevira-cs\/#primaryimage\"},\"thumbnailUrl\":\"https:\/\/stocklot.com.tr\/wp-content\/uploads\/2018\/10\/sahne-perdeleri.png\",\"datePublished\":\"2018-10-12T06:46:16+00:00\",\"dateModified\":\"2018-10-18T13:55:58+00:00\",\"breadcrumb\":{\"@id\":\"https:\/\/stocklot.com.tr\/de\/produkt\/sahne-perdeleri-molton-trevira-cs\/#breadcrumb\"},\"inLanguage\":\"de\",\"potentialAction\":[{\"@type\":\"ReadAction\",\"target\":[\"https:\/\/stocklot.com.tr\/de\/produkt\/sahne-perdeleri-molton-trevira-cs\/\"]}]},{\"@type\":\"ImageObject\",\"inLanguage\":\"de\",\"@id\":\"https:\/\/stocklot.com.tr\/de\/produkt\/sahne-perdeleri-molton-trevira-cs\/#primaryimage\",\"url\":\"https:\/\/stocklot.com.tr\/wp-content\/uploads\/2018\/10\/sahne-perdeleri.png\",\"contentUrl\":\"https:\/\/stocklot.com.tr\/wp-content\/uploads\/2018\/10\/sahne-perdeleri.png\",\"width\":500,\"height\":590},{\"@type\":\"BreadcrumbList\",\"@id\":\"https:\/\/stocklot.com.tr\/de\/produkt\/sahne-perdeleri-molton-trevira-cs\/#breadcrumb\",\"itemListElement\":[{\"@type\":\"ListItem\",\"position\":1,\"name\":\"Ana sayfa\",\"item\":\"https:\/\/stocklot.com.tr\/\"},{\"@type\":\"ListItem\",\"position\":2,\"name\":\"Tedarik A\u011f\u0131m\u0131z\",\"item\":\"https:\/\/stocklot.com.tr\/supply-network\/\"},{\"@type\":\"ListItem\",\"position\":3,\"name\":\"Sahne Perdeleri \/ Molton \/ Trevira Cs\"}]},{\"@type\":\"WebSite\",\"@id\":\"https:\/\/stocklot.com.tr\/#website\",\"url\":\"https:\/\/stocklot.com.tr\/\",\"name\":\"Stocklot D\u0131\u015f Ticaret\",\"description\":\"\",\"publisher\":{\"@id\":\"https:\/\/stocklot.com.tr\/#organization\"},\"potentialAction\":[{\"@type\":\"SearchAction\",\"target\":{\"@type\":\"EntryPoint\",\"urlTemplate\":\"https:\/\/stocklot.com.tr\/?s={search_term_string}\"},\"query-input\":{\"@type\":\"PropertyValueSpecification\",\"valueRequired\":true,\"valueName\":\"search_term_string\"}}],\"inLanguage\":\"de\"},{\"@type\":\"Organization\",\"@id\":\"https:\/\/stocklot.com.tr\/#organization\",\"name\":\"Stocklot D\u0131\u015f Ticaret LTD \u015eT\u0130\",\"url\":\"https:\/\/stocklot.com.tr\/\",\"logo\":{\"@type\":\"ImageObject\",\"inLanguage\":\"de\",\"@id\":\"https:\/\/stocklot.com.tr\/#\/schema\/logo\/image\/\",\"url\":\"https:\/\/stocklot.com.tr\/wp-content\/uploads\/2018\/08\/logo.png\",\"contentUrl\":\"https:\/\/stocklot.com.tr\/wp-content\/uploads\/2018\/08\/logo.png\",\"width\":329,\"height\":100,\"caption\":\"Stocklot D\u0131\u015f Ticaret LTD \u015eT\u0130\"},\"image\":{\"@id\":\"https:\/\/stocklot.com.tr\/#\/schema\/logo\/image\/\"},\"sameAs\":[\"https:\/\/www.facebook.com\/stocklot.branda.7\",\"https:\/\/x.com\/stocklottr\",\"https:\/\/www.instagram.com\/stocklot.tr\/\",\"https:\/\/www.linkedin.com\/company\/stocklot-dis-ticaret\/\",\"http:\/\/www.youtube.com\/channel\/UC3vVOrCxsWCI7flcrjAglzA\"]}]}<\/script>\n<!-- \/ Yoast SEO plugin. -->","yoast_head_json":{"title":"Sahne Perdeleri \/ Molton \/ Trevira Cs","robots":{"index":"index","follow":"follow","max-snippet":"max-snippet:-1","max-image-preview":"max-image-preview:large","max-video-preview":"max-video-preview:-1"},"canonical":"https:\/\/stocklot.com.tr\/de\/produkt\/sahne-perdeleri-molton-trevira-cs\/","og_locale":"de_DE","og_type":"article","og_title":"Sahne Perdeleri \/ Molton \/ Trevira Cs","og_description":"Uygulama Alanlar\u0131  Tiyatro Sahneleri Ay\u0131rma Perdeleri Sahne Dekorlar\u0131 Kulis Perdeleri  \u00d6zellikleri  Dayan\u0131kl\u0131 Kuma\u015f Hafif Yap\u0131 I\u015f\u0131k Ge\u00e7irmeme S\u00fcrt\u00fcnmeye ve A\u015f\u0131nmaya Kar\u015f\u0131 Diren\u00e7 I\u015f\u0131ktan Etkilenmez ve Solmaz Ses Yal\u0131t\u0131m\u0131","og_url":"https:\/\/stocklot.com.tr\/de\/produkt\/sahne-perdeleri-molton-trevira-cs\/","og_site_name":"Stocklot D\u0131\u015f Ticaret","article_publisher":"https:\/\/www.facebook.com\/stocklot.branda.7","article_modified_time":"2018-10-18T13:55:58+00:00","og_image":[{"width":500,"height":590,"url":"https:\/\/stocklot.com.tr\/wp-content\/uploads\/2018\/10\/sahne-perdeleri.png","type":"image\/png"}],"twitter_card":"summary_large_image","twitter_site":"@stocklottr","twitter_misc":{"Gesch\u00e4tzte Lesezeit":"1\u00a0Minute"},"schema":{"@context":"https:\/\/schema.org","@graph":[{"@type":"WebPage","@id":"https:\/\/stocklot.com.tr\/de\/produkt\/sahne-perdeleri-molton-trevira-cs\/","url":"https:\/\/stocklot.com.tr\/de\/produkt\/sahne-perdeleri-molton-trevira-cs\/","name":"Sahne Perdeleri \/ Molton \/ Trevira Cs","isPartOf":{"@id":"https:\/\/stocklot.com.tr\/#website"},"primaryImageOfPage":{"@id":"https:\/\/stocklot.com.tr\/de\/produkt\/sahne-perdeleri-molton-trevira-cs\/#primaryimage"},"image":{"@id":"https:\/\/stocklot.com.tr\/de\/produkt\/sahne-perdeleri-molton-trevira-cs\/#primaryimage"},"thumbnailUrl":"https:\/\/stocklot.com.tr\/wp-content\/uploads\/2018\/10\/sahne-perdeleri.png","datePublished":"2018-10-12T06:46:16+00:00","dateModified":"2018-10-18T13:55:58+00:00","breadcrumb":{"@id":"https:\/\/stocklot.com.tr\/de\/produkt\/sahne-perdeleri-molton-trevira-cs\/#breadcrumb"},"inLanguage":"de","potentialAction":[{"@type":"ReadAction","target":["https:\/\/stocklot.com.tr\/de\/produkt\/sahne-perdeleri-molton-trevira-cs\/"]}]},{"@type":"ImageObject","inLanguage":"de","@id":"https:\/\/stocklot.com.tr\/de\/produkt\/sahne-perdeleri-molton-trevira-cs\/#primaryimage","url":"https:\/\/stocklot.com.tr\/wp-content\/uploads\/2018\/10\/sahne-perdeleri.png","contentUrl":"https:\/\/stocklot.com.tr\/wp-content\/uploads\/2018\/10\/sahne-perdeleri.png","width":500,"height":590},{"@type":"BreadcrumbList","@id":"https:\/\/stocklot.com.tr\/de\/produkt\/sahne-perdeleri-molton-trevira-cs\/#breadcrumb","itemListElement":[{"@type":"ListItem","position":1,"name":"Ana sayfa","item":"https:\/\/stocklot.com.tr\/"},{"@type":"ListItem","position":2,"name":"Tedarik A\u011f\u0131m\u0131z","item":"https:\/\/stocklot.com.tr\/supply-network\/"},{"@type":"ListItem","position":3,"name":"Sahne Perdeleri \/ Molton \/ Trevira Cs"}]},{"@type":"WebSite","@id":"https:\/\/stocklot.com.tr\/#website","url":"https:\/\/stocklot.com.tr\/","name":"Stocklot D\u0131\u015f Ticaret","description":"","publisher":{"@id":"https:\/\/stocklot.com.tr\/#organization"},"potentialAction":[{"@type":"SearchAction","target":{"@type":"EntryPoint","urlTemplate":"https:\/\/stocklot.com.tr\/?s={search_term_string}"},"query-input":{"@type":"PropertyValueSpecification","valueRequired":true,"valueName":"search_term_string"}}],"inLanguage":"de"},{"@type":"Organization","@id":"https:\/\/stocklot.com.tr\/#organization","name":"Stocklot D\u0131\u015f Ticaret LTD \u015eT\u0130","url":"https:\/\/stocklot.com.tr\/","logo":{"@type":"ImageObject","inLanguage":"de","@id":"https:\/\/stocklot.com.tr\/#\/schema\/logo\/image\/","url":"https:\/\/stocklot.com.tr\/wp-content\/uploads\/2018\/08\/logo.png","contentUrl":"https:\/\/stocklot.com.tr\/wp-content\/uploads\/2018\/08\/logo.png","width":329,"height":100,"caption":"Stocklot D\u0131\u015f Ticaret LTD \u015eT\u0130"},"image":{"@id":"https:\/\/stocklot.com.tr\/#\/schema\/logo\/image\/"},"sameAs":["https:\/\/www.facebook.com\/stocklot.branda.7","https:\/\/x.com\/stocklottr","https:\/\/www.instagram.com\/stocklot.tr\/","https:\/\/www.linkedin.com\/company\/stocklot-dis-ticaret\/","http:\/\/www.youtube.com\/channel\/UC3vVOrCxsWCI7flcrjAglzA"]}]}},"_links":{"self":[{"href":"https:\/\/stocklot.com.tr\/de\/wp-json\/wp\/v2\/product\/182","targetHints":{"allow":["GET"]}}],"collection":[{"href":"https:\/\/stocklot.com.tr\/de\/wp-json\/wp\/v2\/product"}],"about":[{"href":"https:\/\/stocklot.com.tr\/de\/wp-json\/wp\/v2\/types\/product"}],"wp:featuredmedia":[{"embeddable":true,"href":"https:\/\/stocklot.com.tr\/de\/wp-json\/wp\/v2\/media\/183"}],"wp:attachment":[{"href":"https:\/\/stocklot.com.tr\/de\/wp-json\/wp\/v2\/media?parent=182"}],"wp:term":[{"taxonomy":"product_brand","embeddable":true,"href":"https:\/\/stocklot.com.tr\/de\/wp-json\/wp\/v2\/product_brand?post=182"},{"taxonomy":"product_cat","embeddable":true,"href":"https:\/\/stocklot.com.tr\/de\/wp-json\/wp\/v2\/product_cat?post=182"},{"taxonomy":"product_tag","embeddable":true,"href":"https:\/\/stocklot.com.tr\/de\/wp-json\/wp\/v2\/product_tag?post=182"}],"curies":[{"name":"wp","href":"https:\/\/api.w.org\/{rel}","templated":true}]}}