{"id":174,"date":"2018-10-12T09:54:11","date_gmt":"2018-10-12T06:54:11","guid":{"rendered":"https:\/\/stocklot.com.tr\/?post_type=product&#038;p=174"},"modified":"2018-11-10T10:38:20","modified_gmt":"2018-11-10T07:38:20","slug":"frontlit-tex-kumas","status":"publish","type":"product","link":"https:\/\/stocklot.com.tr\/de\/produkt\/frontlit-tex-kumas\/","title":{"rendered":"Frontlit Texstoffe"},"content":{"rendered":"<h5>G\u00f6z Al\u0131c\u0131 Mod\u00fcler Tasar\u0131mlar<\/h5>\n<p>Reklam sekt\u00f6r\u00fcn\u00fcn en ekonomik ve en bilindik y\u00f6ntemlerinden bir tanesi olan tabelalar, geni\u015f kitlelere yay\u0131lman\u0131n, dikkatleri \u00fczerine \u00e7ekmenin ve tercih nedeni olman\u0131n ba\u015f unsurlar\u0131 i\u00e7erisinde yer al\u0131rken, maliyet y\u00f6n\u00fcnden de olduk\u00e7a m\u00fctevazi b\u00fct\u00e7elere sahiptir. Kendi i\u00e7erisinde de pek \u00e7ok \u00fcr\u00fcn gurubuna ayr\u0131lan ve her biri farkl\u0131 nitelik ve misyonlarla ortaya \u00e7\u0131kan bu \u00fcr\u00fcnlerin son y\u0131llardaki en \u00f6nemli elemanlar\u0131ndan biri hi\u00e7 \u015f\u00fcphesiz frontlit tex kuma\u015flard\u0131r.<\/p>\n<p>M\u00fckemmel renk parlakl\u0131\u011f\u0131 ve ekolojik s\u00fcrd\u00fcr\u00fclebilirlik &#8211; StocklotTex &#8211; tekstiller! Farkl\u0131 malzemeler ve kaplamalar nedeniyle, StocklotTex &#8211; tekstil, farkl\u0131 uygulamalar i\u00e7in ideal bir \u00e7\u00f6z\u00fcmd\u00fcr. Kapsaml\u0131 textile aral\u0131\u011f\u0131, \u00e7evreye duyarl\u0131 StocklotTex konseptinin bir par\u00e7as\u0131d\u0131r ve kurulu t\u00fcm kapal\u0131 uygulamalar i\u00e7in m\u00fckemmel bir \u00e7\u00f6z\u00fcmd\u00fcr. \u0130stisnas\u0131z olarak, StocklotTex &#8211; tekstil \u00fcr\u00fcnleri serisinin t\u00fcm \u00fcr\u00fcnleri a\u011f\u0131r metaller ve PVC i\u00e7ermez ve Reach&#8217;a uygundur.<\/p>\n<p>Wenn Sie mit diesen Produkten interessieren, k\u00f6nnen sie mit Kontaktinformationen in der Seite benutzen um uns erreichen, oder k\u00f6nnen sie das Formular in <a href=\"https:\/\/stocklot.com.tr\/de\/contact\/\">Kontakt<\/a> f\u00fcllen.<\/p>","protected":false},"excerpt":{"rendered":"<h5>Anwendungsbereiche<\/h5>\n<ul>\n<li>\u00fcbergro\u00dfe Reklame\/Plakat<\/li>\n<li>Silikon Fitilli Al\u00fcminyum \u00c7er\u00e7eve Sistemleri<\/li>\n<li>Polyester Dekorasyon Tekstilleri<\/li>\n<li>Sergi Standlar\u0131<\/li>\n<li>Daha Bir\u00e7ok Uygulama Alan\u0131<\/li>\n<\/ul>\n<h5>Eigenschaften<\/h5>\n<ul>\n<li>500 cm&#8217;ye (197 in\u00e7) Kadar \u00dcretim Geni\u015fli\u011fi<\/li>\n<li>Alev Geciktirici<\/li>\n<\/ul>","protected":false},"featured_media":175,"template":"","meta":[],"product_brand":[],"product_cat":[98],"product_tag":[74,100,99],"class_list":{"0":"post-174","1":"product","2":"type-product","3":"status-publish","4":"has-post-thumbnail","6":"product_cat-dijital-baski-tekstil","7":"product_tag-frontlit","8":"product_tag-kumas","9":"product_tag-tex","11":"first","12":"instock","13":"shipping-taxable","14":"product-type-simple"},"yoast_head":"<!-- This site is optimized with the Yoast SEO plugin v25.3.1 - https:\/\/yoast.com\/wordpress\/plugins\/seo\/ -->\n<title>Frontlit Tex Kuma\u015f<\/title>\n<meta name=\"robots\" content=\"index, follow, max-snippet:-1, max-image-preview:large, max-video-preview:-1\" \/>\n<link rel=\"canonical\" href=\"https:\/\/stocklot.com.tr\/de\/product\/frontlit-tex-kumas\/\" \/>\n<meta property=\"og:locale\" content=\"de_DE\" \/>\n<meta property=\"og:type\" content=\"article\" \/>\n<meta property=\"og:title\" content=\"Frontlit Tex Kuma\u015f\" \/>\n<meta property=\"og:description\" content=\"Uygulama Alanlar\u0131  Geni\u015f Formatl\u0131 Reklam Silikon Fitilli Al\u00fcminyum \u00c7er\u00e7eve Sistemleri Polyester Dekorasyon Tekstilleri Sergi Standlar\u0131 Daha Bir\u00e7ok Uygulama Alan\u0131  \u00d6zellikleri  500 cm&#039;ye (197 in\u00e7) Kadar \u00dcretim Geni\u015fli\u011fi Alev Geciktirici\" \/>\n<meta property=\"og:url\" content=\"https:\/\/stocklot.com.tr\/de\/product\/frontlit-tex-kumas\/\" \/>\n<meta property=\"og:site_name\" content=\"Stocklot D\u0131\u015f Ticaret\" \/>\n<meta property=\"article:publisher\" content=\"https:\/\/www.facebook.com\/stocklot.branda.7\" \/>\n<meta property=\"article:modified_time\" content=\"2018-11-10T07:38:20+00:00\" \/>\n<meta property=\"og:image\" content=\"https:\/\/stocklot.com.tr\/wp-content\/uploads\/2018\/10\/frontlit-tex-kumas.png\" \/>\n\t<meta property=\"og:image:width\" content=\"500\" \/>\n\t<meta property=\"og:image:height\" content=\"590\" \/>\n\t<meta property=\"og:image:type\" content=\"image\/png\" \/>\n<meta name=\"twitter:card\" content=\"summary_large_image\" \/>\n<meta name=\"twitter:site\" content=\"@stocklottr\" \/>\n<meta name=\"twitter:label1\" content=\"Gesch\u00e4tzte Lesezeit\" \/>\n\t<meta name=\"twitter:data1\" content=\"1\u00a0Minute\" \/>\n<script type=\"application\/ld+json\" class=\"yoast-schema-graph\">{\"@context\":\"https:\/\/schema.org\",\"@graph\":[{\"@type\":\"WebPage\",\"@id\":\"https:\/\/stocklot.com.tr\/ar\/product\/frontlit-tex-kumas\/\",\"url\":\"https:\/\/stocklot.com.tr\/ar\/product\/frontlit-tex-kumas\/\",\"name\":\"Frontlit Tex Kuma\u015f\",\"isPartOf\":{\"@id\":\"https:\/\/stocklot.com.tr\/#website\"},\"primaryImageOfPage\":{\"@id\":\"https:\/\/stocklot.com.tr\/ar\/product\/frontlit-tex-kumas\/#primaryimage\"},\"image\":{\"@id\":\"https:\/\/stocklot.com.tr\/ar\/product\/frontlit-tex-kumas\/#primaryimage\"},\"thumbnailUrl\":\"https:\/\/stocklot.com.tr\/wp-content\/uploads\/2018\/10\/frontlit-tex-kumas.png\",\"datePublished\":\"2018-10-12T06:54:11+00:00\",\"dateModified\":\"2018-11-10T07:38:20+00:00\",\"breadcrumb\":{\"@id\":\"https:\/\/stocklot.com.tr\/ar\/product\/frontlit-tex-kumas\/#breadcrumb\"},\"inLanguage\":\"de\",\"potentialAction\":[{\"@type\":\"ReadAction\",\"target\":[\"https:\/\/stocklot.com.tr\/ar\/product\/frontlit-tex-kumas\/\"]}]},{\"@type\":\"ImageObject\",\"inLanguage\":\"de\",\"@id\":\"https:\/\/stocklot.com.tr\/ar\/product\/frontlit-tex-kumas\/#primaryimage\",\"url\":\"https:\/\/stocklot.com.tr\/wp-content\/uploads\/2018\/10\/frontlit-tex-kumas.png\",\"contentUrl\":\"https:\/\/stocklot.com.tr\/wp-content\/uploads\/2018\/10\/frontlit-tex-kumas.png\",\"width\":500,\"height\":590},{\"@type\":\"BreadcrumbList\",\"@id\":\"https:\/\/stocklot.com.tr\/ar\/product\/frontlit-tex-kumas\/#breadcrumb\",\"itemListElement\":[{\"@type\":\"ListItem\",\"position\":1,\"name\":\"Ana sayfa\",\"item\":\"https:\/\/stocklot.com.tr\/\"},{\"@type\":\"ListItem\",\"position\":2,\"name\":\"Tedarik A\u011f\u0131m\u0131z\",\"item\":\"https:\/\/stocklot.com.tr\/supply-network\/\"},{\"@type\":\"ListItem\",\"position\":3,\"name\":\"Frontlit Tex Kuma\u015f\"}]},{\"@type\":\"WebSite\",\"@id\":\"https:\/\/stocklot.com.tr\/#website\",\"url\":\"https:\/\/stocklot.com.tr\/\",\"name\":\"Stocklot D\u0131\u015f Ticaret\",\"description\":\"\",\"publisher\":{\"@id\":\"https:\/\/stocklot.com.tr\/#organization\"},\"potentialAction\":[{\"@type\":\"SearchAction\",\"target\":{\"@type\":\"EntryPoint\",\"urlTemplate\":\"https:\/\/stocklot.com.tr\/?s={search_term_string}\"},\"query-input\":{\"@type\":\"PropertyValueSpecification\",\"valueRequired\":true,\"valueName\":\"search_term_string\"}}],\"inLanguage\":\"de\"},{\"@type\":\"Organization\",\"@id\":\"https:\/\/stocklot.com.tr\/#organization\",\"name\":\"Stocklot D\u0131\u015f Ticaret LTD \u015eT\u0130\",\"url\":\"https:\/\/stocklot.com.tr\/\",\"logo\":{\"@type\":\"ImageObject\",\"inLanguage\":\"de\",\"@id\":\"https:\/\/stocklot.com.tr\/#\/schema\/logo\/image\/\",\"url\":\"https:\/\/stocklot.com.tr\/wp-content\/uploads\/2018\/08\/logo.png\",\"contentUrl\":\"https:\/\/stocklot.com.tr\/wp-content\/uploads\/2018\/08\/logo.png\",\"width\":329,\"height\":100,\"caption\":\"Stocklot D\u0131\u015f Ticaret LTD \u015eT\u0130\"},\"image\":{\"@id\":\"https:\/\/stocklot.com.tr\/#\/schema\/logo\/image\/\"},\"sameAs\":[\"https:\/\/www.facebook.com\/stocklot.branda.7\",\"https:\/\/x.com\/stocklottr\",\"https:\/\/www.instagram.com\/stocklot.tr\/\",\"https:\/\/www.linkedin.com\/company\/stocklot-dis-ticaret\/\",\"http:\/\/www.youtube.com\/channel\/UC3vVOrCxsWCI7flcrjAglzA\"]}]}<\/script>\n<!-- \/ Yoast SEO plugin. -->","yoast_head_json":{"title":"Frontlit Tex Kuma\u015f","robots":{"index":"index","follow":"follow","max-snippet":"max-snippet:-1","max-image-preview":"max-image-preview:large","max-video-preview":"max-video-preview:-1"},"canonical":"https:\/\/stocklot.com.tr\/de\/product\/frontlit-tex-kumas\/","og_locale":"de_DE","og_type":"article","og_title":"Frontlit Tex Kuma\u015f","og_description":"Uygulama Alanlar\u0131  Geni\u015f Formatl\u0131 Reklam Silikon Fitilli Al\u00fcminyum \u00c7er\u00e7eve Sistemleri Polyester Dekorasyon Tekstilleri Sergi Standlar\u0131 Daha Bir\u00e7ok Uygulama Alan\u0131  \u00d6zellikleri  500 cm'ye (197 in\u00e7) Kadar \u00dcretim Geni\u015fli\u011fi Alev Geciktirici","og_url":"https:\/\/stocklot.com.tr\/de\/product\/frontlit-tex-kumas\/","og_site_name":"Stocklot D\u0131\u015f Ticaret","article_publisher":"https:\/\/www.facebook.com\/stocklot.branda.7","article_modified_time":"2018-11-10T07:38:20+00:00","og_image":[{"width":500,"height":590,"url":"https:\/\/stocklot.com.tr\/wp-content\/uploads\/2018\/10\/frontlit-tex-kumas.png","type":"image\/png"}],"twitter_card":"summary_large_image","twitter_site":"@stocklottr","twitter_misc":{"Gesch\u00e4tzte Lesezeit":"1\u00a0Minute"},"schema":{"@context":"https:\/\/schema.org","@graph":[{"@type":"WebPage","@id":"https:\/\/stocklot.com.tr\/ar\/product\/frontlit-tex-kumas\/","url":"https:\/\/stocklot.com.tr\/ar\/product\/frontlit-tex-kumas\/","name":"Frontlit Tex Kuma\u015f","isPartOf":{"@id":"https:\/\/stocklot.com.tr\/#website"},"primaryImageOfPage":{"@id":"https:\/\/stocklot.com.tr\/ar\/product\/frontlit-tex-kumas\/#primaryimage"},"image":{"@id":"https:\/\/stocklot.com.tr\/ar\/product\/frontlit-tex-kumas\/#primaryimage"},"thumbnailUrl":"https:\/\/stocklot.com.tr\/wp-content\/uploads\/2018\/10\/frontlit-tex-kumas.png","datePublished":"2018-10-12T06:54:11+00:00","dateModified":"2018-11-10T07:38:20+00:00","breadcrumb":{"@id":"https:\/\/stocklot.com.tr\/ar\/product\/frontlit-tex-kumas\/#breadcrumb"},"inLanguage":"de","potentialAction":[{"@type":"ReadAction","target":["https:\/\/stocklot.com.tr\/ar\/product\/frontlit-tex-kumas\/"]}]},{"@type":"ImageObject","inLanguage":"de","@id":"https:\/\/stocklot.com.tr\/ar\/product\/frontlit-tex-kumas\/#primaryimage","url":"https:\/\/stocklot.com.tr\/wp-content\/uploads\/2018\/10\/frontlit-tex-kumas.png","contentUrl":"https:\/\/stocklot.com.tr\/wp-content\/uploads\/2018\/10\/frontlit-tex-kumas.png","width":500,"height":590},{"@type":"BreadcrumbList","@id":"https:\/\/stocklot.com.tr\/ar\/product\/frontlit-tex-kumas\/#breadcrumb","itemListElement":[{"@type":"ListItem","position":1,"name":"Ana sayfa","item":"https:\/\/stocklot.com.tr\/"},{"@type":"ListItem","position":2,"name":"Tedarik A\u011f\u0131m\u0131z","item":"https:\/\/stocklot.com.tr\/supply-network\/"},{"@type":"ListItem","position":3,"name":"Frontlit Tex Kuma\u015f"}]},{"@type":"WebSite","@id":"https:\/\/stocklot.com.tr\/#website","url":"https:\/\/stocklot.com.tr\/","name":"Stocklot D\u0131\u015f Ticaret","description":"","publisher":{"@id":"https:\/\/stocklot.com.tr\/#organization"},"potentialAction":[{"@type":"SearchAction","target":{"@type":"EntryPoint","urlTemplate":"https:\/\/stocklot.com.tr\/?s={search_term_string}"},"query-input":{"@type":"PropertyValueSpecification","valueRequired":true,"valueName":"search_term_string"}}],"inLanguage":"de"},{"@type":"Organization","@id":"https:\/\/stocklot.com.tr\/#organization","name":"Stocklot D\u0131\u015f Ticaret LTD \u015eT\u0130","url":"https:\/\/stocklot.com.tr\/","logo":{"@type":"ImageObject","inLanguage":"de","@id":"https:\/\/stocklot.com.tr\/#\/schema\/logo\/image\/","url":"https:\/\/stocklot.com.tr\/wp-content\/uploads\/2018\/08\/logo.png","contentUrl":"https:\/\/stocklot.com.tr\/wp-content\/uploads\/2018\/08\/logo.png","width":329,"height":100,"caption":"Stocklot D\u0131\u015f Ticaret LTD \u015eT\u0130"},"image":{"@id":"https:\/\/stocklot.com.tr\/#\/schema\/logo\/image\/"},"sameAs":["https:\/\/www.facebook.com\/stocklot.branda.7","https:\/\/x.com\/stocklottr","https:\/\/www.instagram.com\/stocklot.tr\/","https:\/\/www.linkedin.com\/company\/stocklot-dis-ticaret\/","http:\/\/www.youtube.com\/channel\/UC3vVOrCxsWCI7flcrjAglzA"]}]}},"_links":{"self":[{"href":"https:\/\/stocklot.com.tr\/de\/wp-json\/wp\/v2\/product\/174","targetHints":{"allow":["GET"]}}],"collection":[{"href":"https:\/\/stocklot.com.tr\/de\/wp-json\/wp\/v2\/product"}],"about":[{"href":"https:\/\/stocklot.com.tr\/de\/wp-json\/wp\/v2\/types\/product"}],"wp:featuredmedia":[{"embeddable":true,"href":"https:\/\/stocklot.com.tr\/de\/wp-json\/wp\/v2\/media\/175"}],"wp:attachment":[{"href":"https:\/\/stocklot.com.tr\/de\/wp-json\/wp\/v2\/media?parent=174"}],"wp:term":[{"taxonomy":"product_brand","embeddable":true,"href":"https:\/\/stocklot.com.tr\/de\/wp-json\/wp\/v2\/product_brand?post=174"},{"taxonomy":"product_cat","embeddable":true,"href":"https:\/\/stocklot.com.tr\/de\/wp-json\/wp\/v2\/product_cat?post=174"},{"taxonomy":"product_tag","embeddable":true,"href":"https:\/\/stocklot.com.tr\/de\/wp-json\/wp\/v2\/product_tag?post=174"}],"curies":[{"name":"wp","href":"https:\/\/api.w.org\/{rel}","templated":true}]}}