{"id":163,"date":"2018-10-12T09:41:42","date_gmt":"2018-10-12T06:41:42","guid":{"rendered":"https:\/\/stocklot.com.tr\/?post_type=product&#038;p=163"},"modified":"2018-10-18T17:06:30","modified_gmt":"2018-10-18T14:06:30","slug":"ambalaj-filmleri","status":"publish","type":"product","link":"https:\/\/stocklot.com.tr\/de\/produkt\/ambalaj-filmleri\/","title":{"rendered":"Verpackung- und Laminierungsstreifen"},"content":{"rendered":"<h5>Dayan\u0131kl\u0131 ve Hijyenik Uzun Raf \u00d6mr\u00fc<\/h5>\n<p>Stocklot; g\u0131da \u00fcr\u00fcnlerinin, temizlik malzemelerinin, promosyon \u00fcr\u00fcnlerinin, fabrika \u00e7\u0131k\u0131\u015f mallar\u0131n paketlemesinde kullan\u0131lan g\u0131da ambalaj filmlerini sunmaktad\u0131r. Filmlerimizin kalitesi, \u00fcr\u00fcnlerin raf \u00f6mr\u00fcn\u00fc uzatma ve g\u00fcvenli\u011fini sa\u011flama, \u00e7evreyle dost olma, y\u00fcksek h\u0131zl\u0131 ambalaj makineleri ile uyum ve y\u00fcksek bariyer \u00f6zellikleri ile m\u00fc\u015fterilerimizin beklentilerini en \u00fcst d\u00fczeyde kar\u015f\u0131lamaktad\u0131r. \u00dcr\u00fcn gruplar\u0131m\u0131z ise; PET, PE, PP, OPP, BOPP, PP, PETMET, PET\/ALU\/PE, PET \/ PE \u015feklindedir.<\/p>\n<p>Firmam\u0131z Stocklot D\u0131\u015f Ticaret tedarik a\u011f\u0131nda bulunan ambalaj filmleri \u00e7e\u015fitli \u00fcr\u00fcn \u00f6zelliklerinde olup Avrupa\u2019n\u0131n \u00f6nde gelen fabrikalar\u0131n\u0131n \u00fcretim fazlas\u0131, sat\u0131\u015f iptalleri, \u00fcretim hatalar\u0131 (Avrupa Standartlar\u0131na g\u00f6re), \u00e7arp\u0131k \u00f6l\u00e7\u00fc, raf \u00f6mr\u00fcn\u00fc doldurmu\u015f, y\u0131lsonu stok temizli\u011fi sonras\u0131 bitirilmeye \u00e7al\u0131\u015f\u0131lan, \u00fcr\u00fcn dizayn sezon de\u011fi\u015fikli\u011fine u\u011fram\u0131\u015f, iflas mallar\u0131 gibi \u00fcr\u00fcnlerin; piyasadaki rekabet\u00e7i fiyatlara siz de\u011ferli m\u00fc\u015fterilerimiz i\u00e7in sipari\u015finiz \u00fczerine profesyonel ekibimiz ile ithalat\u0131n\u0131 ger\u00e7ekle\u015ftirmekteyiz. Ayn\u0131 zamanda bu \u00fcr\u00fcn\u00fc d\u00f6nem d\u00f6nem stoklar\u0131m\u0131zda da bulabilirsiniz. Detayl\u0131 bilgi almak i\u00e7in l\u00fctfen bizimle ileti\u015fime ge\u00e7iniz.<\/p>","protected":false},"excerpt":{"rendered":"<h5>Anwendungsbereiche<\/h5>\n<ul>\n<li>G\u0131da Paketler<\/li>\n<li>Promosyon Kutular\u0131<\/li>\n<li>Malzeme Ambalajlar\u0131<\/li>\n<li>Islak Mendil Ambalajlar\u0131<\/li>\n<\/ul>\n<h5>Eigenschaften<\/h5>\n<ul>\n<li>Sehr flach<\/li>\n<li>Kolay \u0130\u015flenebilirlik<\/li>\n<li>Wasserdicht<\/li>\n<li>Dayan\u0131kl\u0131 Y\u00fczey Yap\u0131s\u0131<\/li>\n<\/ul>","protected":false},"featured_media":164,"template":"","meta":[],"product_brand":[],"product_cat":[40],"product_tag":[88,89,90],"class_list":{"0":"post-163","1":"product","2":"type-product","3":"status-publish","4":"has-post-thumbnail","6":"product_cat-genel","7":"product_tag-ambalaj","8":"product_tag-film","9":"product_tag-laminasyon","11":"first","12":"instock","13":"shipping-taxable","14":"product-type-simple"},"yoast_head":"<!-- This site is optimized with the Yoast SEO plugin v25.3.1 - https:\/\/yoast.com\/wordpress\/plugins\/seo\/ -->\n<title>Ambalaj ve Laminasyon Filmleri<\/title>\n<meta name=\"robots\" content=\"index, follow, max-snippet:-1, max-image-preview:large, max-video-preview:-1\" \/>\n<link rel=\"canonical\" href=\"https:\/\/stocklot.com.tr\/de\/product\/ambalaj-filmleri\/\" \/>\n<meta property=\"og:locale\" content=\"de_DE\" \/>\n<meta property=\"og:type\" content=\"article\" \/>\n<meta property=\"og:title\" content=\"Ambalaj ve Laminasyon Filmleri\" \/>\n<meta property=\"og:description\" content=\"Uygulama Alanlar\u0131  G\u0131da Paketler Promosyon Kutular\u0131 Malzeme Ambalajlar\u0131 Islak Mendil Ambalajlar\u0131  \u00d6zellikleri  \u00c7ok \u0130yi D\u00fczl\u00fck Kolay \u0130\u015flenebilirlik Su Ge\u00e7irmezlik Dayan\u0131kl\u0131 Y\u00fczey Yap\u0131s\u0131\" \/>\n<meta property=\"og:url\" content=\"https:\/\/stocklot.com.tr\/de\/product\/ambalaj-filmleri\/\" \/>\n<meta property=\"og:site_name\" content=\"Stocklot D\u0131\u015f Ticaret\" \/>\n<meta property=\"article:publisher\" content=\"https:\/\/www.facebook.com\/stocklot.branda.7\" \/>\n<meta property=\"article:modified_time\" content=\"2018-10-18T14:06:30+00:00\" \/>\n<meta property=\"og:image\" content=\"https:\/\/stocklot.com.tr\/wp-content\/uploads\/2018\/10\/ambalaj-filmleri.png\" \/>\n\t<meta property=\"og:image:width\" content=\"500\" \/>\n\t<meta property=\"og:image:height\" content=\"590\" \/>\n\t<meta property=\"og:image:type\" content=\"image\/png\" \/>\n<meta name=\"twitter:card\" content=\"summary_large_image\" \/>\n<meta name=\"twitter:site\" content=\"@stocklottr\" \/>\n<meta name=\"twitter:label1\" content=\"Gesch\u00e4tzte Lesezeit\" \/>\n\t<meta name=\"twitter:data1\" content=\"1\u00a0Minute\" \/>\n<script type=\"application\/ld+json\" class=\"yoast-schema-graph\">{\"@context\":\"https:\/\/schema.org\",\"@graph\":[{\"@type\":\"WebPage\",\"@id\":\"https:\/\/stocklot.com.tr\/en\/product\/ambalaj-filmleri\/\",\"url\":\"https:\/\/stocklot.com.tr\/en\/product\/ambalaj-filmleri\/\",\"name\":\"Ambalaj ve Laminasyon Filmleri\",\"isPartOf\":{\"@id\":\"https:\/\/stocklot.com.tr\/#website\"},\"primaryImageOfPage\":{\"@id\":\"https:\/\/stocklot.com.tr\/en\/product\/ambalaj-filmleri\/#primaryimage\"},\"image\":{\"@id\":\"https:\/\/stocklot.com.tr\/en\/product\/ambalaj-filmleri\/#primaryimage\"},\"thumbnailUrl\":\"https:\/\/stocklot.com.tr\/wp-content\/uploads\/2018\/10\/ambalaj-filmleri.png\",\"datePublished\":\"2018-10-12T06:41:42+00:00\",\"dateModified\":\"2018-10-18T14:06:30+00:00\",\"breadcrumb\":{\"@id\":\"https:\/\/stocklot.com.tr\/en\/product\/ambalaj-filmleri\/#breadcrumb\"},\"inLanguage\":\"de\",\"potentialAction\":[{\"@type\":\"ReadAction\",\"target\":[\"https:\/\/stocklot.com.tr\/en\/product\/ambalaj-filmleri\/\"]}]},{\"@type\":\"ImageObject\",\"inLanguage\":\"de\",\"@id\":\"https:\/\/stocklot.com.tr\/en\/product\/ambalaj-filmleri\/#primaryimage\",\"url\":\"https:\/\/stocklot.com.tr\/wp-content\/uploads\/2018\/10\/ambalaj-filmleri.png\",\"contentUrl\":\"https:\/\/stocklot.com.tr\/wp-content\/uploads\/2018\/10\/ambalaj-filmleri.png\",\"width\":500,\"height\":590},{\"@type\":\"BreadcrumbList\",\"@id\":\"https:\/\/stocklot.com.tr\/en\/product\/ambalaj-filmleri\/#breadcrumb\",\"itemListElement\":[{\"@type\":\"ListItem\",\"position\":1,\"name\":\"Ana sayfa\",\"item\":\"https:\/\/stocklot.com.tr\/\"},{\"@type\":\"ListItem\",\"position\":2,\"name\":\"Tedarik A\u011f\u0131m\u0131z\",\"item\":\"https:\/\/stocklot.com.tr\/supply-network\/\"},{\"@type\":\"ListItem\",\"position\":3,\"name\":\"Ambalaj ve Laminasyon Filmleri\"}]},{\"@type\":\"WebSite\",\"@id\":\"https:\/\/stocklot.com.tr\/#website\",\"url\":\"https:\/\/stocklot.com.tr\/\",\"name\":\"Stocklot D\u0131\u015f Ticaret\",\"description\":\"\",\"publisher\":{\"@id\":\"https:\/\/stocklot.com.tr\/#organization\"},\"potentialAction\":[{\"@type\":\"SearchAction\",\"target\":{\"@type\":\"EntryPoint\",\"urlTemplate\":\"https:\/\/stocklot.com.tr\/?s={search_term_string}\"},\"query-input\":{\"@type\":\"PropertyValueSpecification\",\"valueRequired\":true,\"valueName\":\"search_term_string\"}}],\"inLanguage\":\"de\"},{\"@type\":\"Organization\",\"@id\":\"https:\/\/stocklot.com.tr\/#organization\",\"name\":\"Stocklot D\u0131\u015f Ticaret LTD \u015eT\u0130\",\"url\":\"https:\/\/stocklot.com.tr\/\",\"logo\":{\"@type\":\"ImageObject\",\"inLanguage\":\"de\",\"@id\":\"https:\/\/stocklot.com.tr\/#\/schema\/logo\/image\/\",\"url\":\"https:\/\/stocklot.com.tr\/wp-content\/uploads\/2018\/08\/logo.png\",\"contentUrl\":\"https:\/\/stocklot.com.tr\/wp-content\/uploads\/2018\/08\/logo.png\",\"width\":329,\"height\":100,\"caption\":\"Stocklot D\u0131\u015f Ticaret LTD \u015eT\u0130\"},\"image\":{\"@id\":\"https:\/\/stocklot.com.tr\/#\/schema\/logo\/image\/\"},\"sameAs\":[\"https:\/\/www.facebook.com\/stocklot.branda.7\",\"https:\/\/x.com\/stocklottr\",\"https:\/\/www.instagram.com\/stocklot.tr\/\",\"https:\/\/www.linkedin.com\/company\/stocklot-dis-ticaret\/\",\"http:\/\/www.youtube.com\/channel\/UC3vVOrCxsWCI7flcrjAglzA\"]}]}<\/script>\n<!-- \/ Yoast SEO plugin. -->","yoast_head_json":{"title":"Ambalaj ve Laminasyon Filmleri","robots":{"index":"index","follow":"follow","max-snippet":"max-snippet:-1","max-image-preview":"max-image-preview:large","max-video-preview":"max-video-preview:-1"},"canonical":"https:\/\/stocklot.com.tr\/de\/product\/ambalaj-filmleri\/","og_locale":"de_DE","og_type":"article","og_title":"Ambalaj ve Laminasyon Filmleri","og_description":"Uygulama Alanlar\u0131  G\u0131da Paketler Promosyon Kutular\u0131 Malzeme Ambalajlar\u0131 Islak Mendil Ambalajlar\u0131  \u00d6zellikleri  \u00c7ok \u0130yi D\u00fczl\u00fck Kolay \u0130\u015flenebilirlik Su Ge\u00e7irmezlik Dayan\u0131kl\u0131 Y\u00fczey Yap\u0131s\u0131","og_url":"https:\/\/stocklot.com.tr\/de\/product\/ambalaj-filmleri\/","og_site_name":"Stocklot D\u0131\u015f Ticaret","article_publisher":"https:\/\/www.facebook.com\/stocklot.branda.7","article_modified_time":"2018-10-18T14:06:30+00:00","og_image":[{"width":500,"height":590,"url":"https:\/\/stocklot.com.tr\/wp-content\/uploads\/2018\/10\/ambalaj-filmleri.png","type":"image\/png"}],"twitter_card":"summary_large_image","twitter_site":"@stocklottr","twitter_misc":{"Gesch\u00e4tzte Lesezeit":"1\u00a0Minute"},"schema":{"@context":"https:\/\/schema.org","@graph":[{"@type":"WebPage","@id":"https:\/\/stocklot.com.tr\/en\/product\/ambalaj-filmleri\/","url":"https:\/\/stocklot.com.tr\/en\/product\/ambalaj-filmleri\/","name":"Ambalaj ve Laminasyon Filmleri","isPartOf":{"@id":"https:\/\/stocklot.com.tr\/#website"},"primaryImageOfPage":{"@id":"https:\/\/stocklot.com.tr\/en\/product\/ambalaj-filmleri\/#primaryimage"},"image":{"@id":"https:\/\/stocklot.com.tr\/en\/product\/ambalaj-filmleri\/#primaryimage"},"thumbnailUrl":"https:\/\/stocklot.com.tr\/wp-content\/uploads\/2018\/10\/ambalaj-filmleri.png","datePublished":"2018-10-12T06:41:42+00:00","dateModified":"2018-10-18T14:06:30+00:00","breadcrumb":{"@id":"https:\/\/stocklot.com.tr\/en\/product\/ambalaj-filmleri\/#breadcrumb"},"inLanguage":"de","potentialAction":[{"@type":"ReadAction","target":["https:\/\/stocklot.com.tr\/en\/product\/ambalaj-filmleri\/"]}]},{"@type":"ImageObject","inLanguage":"de","@id":"https:\/\/stocklot.com.tr\/en\/product\/ambalaj-filmleri\/#primaryimage","url":"https:\/\/stocklot.com.tr\/wp-content\/uploads\/2018\/10\/ambalaj-filmleri.png","contentUrl":"https:\/\/stocklot.com.tr\/wp-content\/uploads\/2018\/10\/ambalaj-filmleri.png","width":500,"height":590},{"@type":"BreadcrumbList","@id":"https:\/\/stocklot.com.tr\/en\/product\/ambalaj-filmleri\/#breadcrumb","itemListElement":[{"@type":"ListItem","position":1,"name":"Ana sayfa","item":"https:\/\/stocklot.com.tr\/"},{"@type":"ListItem","position":2,"name":"Tedarik A\u011f\u0131m\u0131z","item":"https:\/\/stocklot.com.tr\/supply-network\/"},{"@type":"ListItem","position":3,"name":"Ambalaj ve Laminasyon Filmleri"}]},{"@type":"WebSite","@id":"https:\/\/stocklot.com.tr\/#website","url":"https:\/\/stocklot.com.tr\/","name":"Stocklot D\u0131\u015f Ticaret","description":"","publisher":{"@id":"https:\/\/stocklot.com.tr\/#organization"},"potentialAction":[{"@type":"SearchAction","target":{"@type":"EntryPoint","urlTemplate":"https:\/\/stocklot.com.tr\/?s={search_term_string}"},"query-input":{"@type":"PropertyValueSpecification","valueRequired":true,"valueName":"search_term_string"}}],"inLanguage":"de"},{"@type":"Organization","@id":"https:\/\/stocklot.com.tr\/#organization","name":"Stocklot D\u0131\u015f Ticaret LTD \u015eT\u0130","url":"https:\/\/stocklot.com.tr\/","logo":{"@type":"ImageObject","inLanguage":"de","@id":"https:\/\/stocklot.com.tr\/#\/schema\/logo\/image\/","url":"https:\/\/stocklot.com.tr\/wp-content\/uploads\/2018\/08\/logo.png","contentUrl":"https:\/\/stocklot.com.tr\/wp-content\/uploads\/2018\/08\/logo.png","width":329,"height":100,"caption":"Stocklot D\u0131\u015f Ticaret LTD \u015eT\u0130"},"image":{"@id":"https:\/\/stocklot.com.tr\/#\/schema\/logo\/image\/"},"sameAs":["https:\/\/www.facebook.com\/stocklot.branda.7","https:\/\/x.com\/stocklottr","https:\/\/www.instagram.com\/stocklot.tr\/","https:\/\/www.linkedin.com\/company\/stocklot-dis-ticaret\/","http:\/\/www.youtube.com\/channel\/UC3vVOrCxsWCI7flcrjAglzA"]}]}},"_links":{"self":[{"href":"https:\/\/stocklot.com.tr\/de\/wp-json\/wp\/v2\/product\/163","targetHints":{"allow":["GET"]}}],"collection":[{"href":"https:\/\/stocklot.com.tr\/de\/wp-json\/wp\/v2\/product"}],"about":[{"href":"https:\/\/stocklot.com.tr\/de\/wp-json\/wp\/v2\/types\/product"}],"wp:featuredmedia":[{"embeddable":true,"href":"https:\/\/stocklot.com.tr\/de\/wp-json\/wp\/v2\/media\/164"}],"wp:attachment":[{"href":"https:\/\/stocklot.com.tr\/de\/wp-json\/wp\/v2\/media?parent=163"}],"wp:term":[{"taxonomy":"product_brand","embeddable":true,"href":"https:\/\/stocklot.com.tr\/de\/wp-json\/wp\/v2\/product_brand?post=163"},{"taxonomy":"product_cat","embeddable":true,"href":"https:\/\/stocklot.com.tr\/de\/wp-json\/wp\/v2\/product_cat?post=163"},{"taxonomy":"product_tag","embeddable":true,"href":"https:\/\/stocklot.com.tr\/de\/wp-json\/wp\/v2\/product_tag?post=163"}],"curies":[{"name":"wp","href":"https:\/\/api.w.org\/{rel}","templated":true}]}}