{"id":149,"date":"2018-10-12T09:47:07","date_gmt":"2018-10-12T06:47:07","guid":{"rendered":"https:\/\/stocklot.com.tr\/?post_type=product&#038;p=149"},"modified":"2018-10-18T16:55:43","modified_gmt":"2018-10-18T13:55:43","slug":"su-yalitim-membranlari","status":"publish","type":"product","link":"https:\/\/stocklot.com.tr\/de\/produkt\/su-yalitim-membranlari\/","title":{"rendered":"Wasserdichte Membranen"},"content":{"rendered":"<h5>G\u00fcvenilir ve Dayan\u0131kl\u0131 Su Yal\u0131t\u0131m Kaplamalar\u0131<\/h5>\n<p>Binalar\u0131n su ile temas\u0131nda zarar almamas\u0131 ve i\u00e7eriye ya da d\u0131\u015far\u0131ya bir su ge\u00e7i\u015fi olmamas\u0131 i\u00e7in kullan\u0131lan malzemenin genel bir ad\u0131d\u0131r. Sadece bir membran t\u00fcr\u00fc bulunmaz. Hem fiyat\u0131na hem de kalitesine g\u00f6re bir\u00e7ok membran t\u00fcr\u00fc vard\u0131r.<\/p>\n<p>Yap\u0131lar s\u0131z\u0131nt\u0131 sular\u0131, ge\u00e7ici veya s\u00fcrekli olan bas\u0131n\u00e7l\u0131 yer alt\u0131 sular\u0131na maruz kal\u0131r. E\u011fer su yal\u0131t\u0131m\u0131 zorunlu olmazsa deprem daha faza can yakar. Depremin ard\u0131ndan yap\u0131lar\u0131n %79\u2019unun \u00e7\u00f6kt\u00fc\u011f\u00fc g\u00f6zlenmi\u015f oldu\u011fundan \u0130stanbul depreminin yap\u0131lara zarar vermesinin en \u00f6nemli nedenlerinden biri de ta\u015f\u0131y\u0131c\u0131 sistemin \u00e7\u00f6km\u00fc\u015f olmas\u0131d\u0131r.<\/p>\n<p>Yap\u0131n\u0131n \u00e7evresinde uygulanacak olan drenaj \u00e7al\u0131\u015fmalar\u0131 sadece yer alt\u0131nda bulunan suyun bas\u0131nc\u0131s\u0131n\u0131 d\u00fc\u015f\u00fcrmede etkili olur. Ancak betonun su ge\u00e7irimsizlik \u00f6zelli\u011fi ile haz\u0131rlanmas\u0131 sonucu su yal\u0131t\u0131m\u0131n\u0131 tam olarak sa\u011flamaz. Yal\u0131t\u0131lmam\u0131\u015f olan y\u00fczeylerden betonarmenin b\u00fcnyesine girecek olan su ise \u00e7elik donat\u0131da korozyona sebep olur. Korozyon ise yap\u0131n\u0131n \u00f6mr\u00fcn\u00fc k\u0131saltacak olan en korkun\u00e7 sonu\u00e7lardan biridir. Ancak polimer bit\u00fcm modifiyeli olan \u00fcr\u00fcnler ile yap\u0131n\u0131n d\u0131\u015far\u0131s\u0131ndan boh\u00e7alama y\u00f6ntemi ad\u0131 verilen sistemle yap\u0131lan su yal\u0131t\u0131m\u0131 ise korozyonu \u00f6nleyerek yap\u0131n\u0131n \u00f6mr\u00fcn\u00fc uzat\u0131r.<\/p>\n<p>Firmam\u0131z Stocklot D\u0131\u015f Ticaret tedarik a\u011f\u0131nda bulunan su yal\u0131t\u0131m membranlar\u0131 \u00e7e\u015fitli \u00fcr\u00fcn \u00f6zelliklerinde olup Avrupa\u2019n\u0131n \u00f6nde gelen fabrikalar\u0131n\u0131n \u00fcretim fazlas\u0131, sat\u0131\u015f iptalleri, \u00fcretim hatalar\u0131 (Avrupa Standartlar\u0131na g\u00f6re), \u00e7arp\u0131k \u00f6l\u00e7\u00fc, raf \u00f6mr\u00fcn\u00fc doldurmu\u015f, y\u0131lsonu stok temizli\u011fi sonras\u0131 bitirilmeye \u00e7al\u0131\u015f\u0131lan, \u00fcr\u00fcn dizayn sezon de\u011fi\u015fikli\u011fine u\u011fram\u0131\u015f, iflas mallar\u0131 gibi \u00fcr\u00fcnlerin; piyasadaki rekabet\u00e7i fiyatlara siz de\u011ferli m\u00fc\u015fterilerimiz i\u00e7in sipari\u015finiz \u00fczerine profesyonel ekibimiz ile ithalat\u0131n\u0131 ger\u00e7ekle\u015ftirmekteyiz. Ayn\u0131 zamanda bu \u00fcr\u00fcn\u00fc d\u00f6nem d\u00f6nem stoklar\u0131m\u0131zda da bulabilirsiniz. Detayl\u0131 bilgi almak i\u00e7in l\u00fctfen bizimle ileti\u015fime ge\u00e7iniz.<\/p>","protected":false},"excerpt":{"rendered":"<h5>Anwendungsbereiche<\/h5>\n<ul>\n<li>Havuzlar<\/li>\n<li>Su Depolar\u0131<\/li>\n<li>Su Tahliye Alanlar\u0131<\/li>\n<li>Bina Yal\u0131t\u0131m\u0131<\/li>\n<li>Boru Sistemleri<\/li>\n<\/ul>\n<h5>Eigenschaften<\/h5>\n<ul>\n<li>Sehr flach<\/li>\n<li>Kolay \u0130\u015flenebilirlik<\/li>\n<li>Kolay Kaynaklanabilme<\/li>\n<li>Dayan\u0131kl\u0131 Y\u00fczey Kalitesi<\/li>\n<li>Y\u00fcksek Is\u0131 ve S\u0131v\u0131 Yal\u0131tkanl\u0131\u011f\u0131<\/li>\n<\/ul>","protected":false},"featured_media":150,"template":"","meta":[],"product_brand":[],"product_cat":[40],"product_tag":[86,85,87],"class_list":{"0":"post-149","1":"product","2":"type-product","3":"status-publish","4":"has-post-thumbnail","6":"product_cat-genel","7":"product_tag-membran","8":"product_tag-su-yalitim","9":"product_tag-yalitim","11":"first","12":"instock","13":"shipping-taxable","14":"product-type-simple"},"yoast_head":"<!-- This site is optimized with the Yoast SEO plugin v25.3.1 - https:\/\/yoast.com\/wordpress\/plugins\/seo\/ -->\n<title>Su Yal\u0131t\u0131m Membranlar\u0131<\/title>\n<meta name=\"robots\" content=\"index, follow, max-snippet:-1, max-image-preview:large, max-video-preview:-1\" \/>\n<link rel=\"canonical\" href=\"https:\/\/stocklot.com.tr\/de\/produkt\/su-yalitim-membranlari\/\" \/>\n<meta property=\"og:locale\" content=\"de_DE\" \/>\n<meta property=\"og:type\" content=\"article\" \/>\n<meta property=\"og:title\" content=\"Su Yal\u0131t\u0131m Membranlar\u0131\" \/>\n<meta property=\"og:description\" content=\"Uygulama Alanlar\u0131  Havuzlar Su Depolar\u0131 Su Tahliye Alanlar\u0131 Bina Yal\u0131t\u0131m\u0131 Boru Sistemleri  \u00d6zellikleri  \u00c7ok \u0130yi D\u00fczl\u00fck Kolay \u0130\u015flenebilirlik Kolay Kaynaklanabilme Dayan\u0131kl\u0131 Y\u00fczey Kalitesi Y\u00fcksek Is\u0131 ve S\u0131v\u0131 Yal\u0131tkanl\u0131\u011f\u0131\" \/>\n<meta property=\"og:url\" content=\"https:\/\/stocklot.com.tr\/de\/produkt\/su-yalitim-membranlari\/\" \/>\n<meta property=\"og:site_name\" content=\"Stocklot D\u0131\u015f Ticaret\" \/>\n<meta property=\"article:publisher\" content=\"https:\/\/www.facebook.com\/stocklot.branda.7\" \/>\n<meta property=\"article:modified_time\" content=\"2018-10-18T13:55:43+00:00\" \/>\n<meta property=\"og:image\" content=\"https:\/\/stocklot.com.tr\/wp-content\/uploads\/2018\/10\/su-yalitim-membranlari.png\" \/>\n\t<meta property=\"og:image:width\" content=\"500\" \/>\n\t<meta property=\"og:image:height\" content=\"590\" \/>\n\t<meta property=\"og:image:type\" content=\"image\/png\" \/>\n<meta name=\"twitter:card\" content=\"summary_large_image\" \/>\n<meta name=\"twitter:site\" content=\"@stocklottr\" \/>\n<meta name=\"twitter:label1\" content=\"Gesch\u00e4tzte Lesezeit\" \/>\n\t<meta name=\"twitter:data1\" content=\"2\u00a0Minuten\" \/>\n<script type=\"application\/ld+json\" class=\"yoast-schema-graph\">{\"@context\":\"https:\/\/schema.org\",\"@graph\":[{\"@type\":\"WebPage\",\"@id\":\"https:\/\/stocklot.com.tr\/de\/produkt\/su-yalitim-membranlari\/\",\"url\":\"https:\/\/stocklot.com.tr\/de\/produkt\/su-yalitim-membranlari\/\",\"name\":\"Su Yal\u0131t\u0131m Membranlar\u0131\",\"isPartOf\":{\"@id\":\"https:\/\/stocklot.com.tr\/#website\"},\"primaryImageOfPage\":{\"@id\":\"https:\/\/stocklot.com.tr\/de\/produkt\/su-yalitim-membranlari\/#primaryimage\"},\"image\":{\"@id\":\"https:\/\/stocklot.com.tr\/de\/produkt\/su-yalitim-membranlari\/#primaryimage\"},\"thumbnailUrl\":\"https:\/\/stocklot.com.tr\/wp-content\/uploads\/2018\/10\/su-yalitim-membranlari.png\",\"datePublished\":\"2018-10-12T06:47:07+00:00\",\"dateModified\":\"2018-10-18T13:55:43+00:00\",\"breadcrumb\":{\"@id\":\"https:\/\/stocklot.com.tr\/de\/produkt\/su-yalitim-membranlari\/#breadcrumb\"},\"inLanguage\":\"de\",\"potentialAction\":[{\"@type\":\"ReadAction\",\"target\":[\"https:\/\/stocklot.com.tr\/de\/produkt\/su-yalitim-membranlari\/\"]}]},{\"@type\":\"ImageObject\",\"inLanguage\":\"de\",\"@id\":\"https:\/\/stocklot.com.tr\/de\/produkt\/su-yalitim-membranlari\/#primaryimage\",\"url\":\"https:\/\/stocklot.com.tr\/wp-content\/uploads\/2018\/10\/su-yalitim-membranlari.png\",\"contentUrl\":\"https:\/\/stocklot.com.tr\/wp-content\/uploads\/2018\/10\/su-yalitim-membranlari.png\",\"width\":500,\"height\":590},{\"@type\":\"BreadcrumbList\",\"@id\":\"https:\/\/stocklot.com.tr\/de\/produkt\/su-yalitim-membranlari\/#breadcrumb\",\"itemListElement\":[{\"@type\":\"ListItem\",\"position\":1,\"name\":\"Ana sayfa\",\"item\":\"https:\/\/stocklot.com.tr\/\"},{\"@type\":\"ListItem\",\"position\":2,\"name\":\"Tedarik A\u011f\u0131m\u0131z\",\"item\":\"https:\/\/stocklot.com.tr\/supply-network\/\"},{\"@type\":\"ListItem\",\"position\":3,\"name\":\"Su Yal\u0131t\u0131m Membranlar\u0131\"}]},{\"@type\":\"WebSite\",\"@id\":\"https:\/\/stocklot.com.tr\/#website\",\"url\":\"https:\/\/stocklot.com.tr\/\",\"name\":\"Stocklot D\u0131\u015f Ticaret\",\"description\":\"\",\"publisher\":{\"@id\":\"https:\/\/stocklot.com.tr\/#organization\"},\"potentialAction\":[{\"@type\":\"SearchAction\",\"target\":{\"@type\":\"EntryPoint\",\"urlTemplate\":\"https:\/\/stocklot.com.tr\/?s={search_term_string}\"},\"query-input\":{\"@type\":\"PropertyValueSpecification\",\"valueRequired\":true,\"valueName\":\"search_term_string\"}}],\"inLanguage\":\"de\"},{\"@type\":\"Organization\",\"@id\":\"https:\/\/stocklot.com.tr\/#organization\",\"name\":\"Stocklot D\u0131\u015f Ticaret LTD \u015eT\u0130\",\"url\":\"https:\/\/stocklot.com.tr\/\",\"logo\":{\"@type\":\"ImageObject\",\"inLanguage\":\"de\",\"@id\":\"https:\/\/stocklot.com.tr\/#\/schema\/logo\/image\/\",\"url\":\"https:\/\/stocklot.com.tr\/wp-content\/uploads\/2018\/08\/logo.png\",\"contentUrl\":\"https:\/\/stocklot.com.tr\/wp-content\/uploads\/2018\/08\/logo.png\",\"width\":329,\"height\":100,\"caption\":\"Stocklot D\u0131\u015f Ticaret LTD \u015eT\u0130\"},\"image\":{\"@id\":\"https:\/\/stocklot.com.tr\/#\/schema\/logo\/image\/\"},\"sameAs\":[\"https:\/\/www.facebook.com\/stocklot.branda.7\",\"https:\/\/x.com\/stocklottr\",\"https:\/\/www.instagram.com\/stocklot.tr\/\",\"https:\/\/www.linkedin.com\/company\/stocklot-dis-ticaret\/\",\"http:\/\/www.youtube.com\/channel\/UC3vVOrCxsWCI7flcrjAglzA\"]}]}<\/script>\n<!-- \/ Yoast SEO plugin. -->","yoast_head_json":{"title":"Su Yal\u0131t\u0131m Membranlar\u0131","robots":{"index":"index","follow":"follow","max-snippet":"max-snippet:-1","max-image-preview":"max-image-preview:large","max-video-preview":"max-video-preview:-1"},"canonical":"https:\/\/stocklot.com.tr\/de\/produkt\/su-yalitim-membranlari\/","og_locale":"de_DE","og_type":"article","og_title":"Su Yal\u0131t\u0131m Membranlar\u0131","og_description":"Uygulama Alanlar\u0131  Havuzlar Su Depolar\u0131 Su Tahliye Alanlar\u0131 Bina Yal\u0131t\u0131m\u0131 Boru Sistemleri  \u00d6zellikleri  \u00c7ok \u0130yi D\u00fczl\u00fck Kolay \u0130\u015flenebilirlik Kolay Kaynaklanabilme Dayan\u0131kl\u0131 Y\u00fczey Kalitesi Y\u00fcksek Is\u0131 ve S\u0131v\u0131 Yal\u0131tkanl\u0131\u011f\u0131","og_url":"https:\/\/stocklot.com.tr\/de\/produkt\/su-yalitim-membranlari\/","og_site_name":"Stocklot D\u0131\u015f Ticaret","article_publisher":"https:\/\/www.facebook.com\/stocklot.branda.7","article_modified_time":"2018-10-18T13:55:43+00:00","og_image":[{"width":500,"height":590,"url":"https:\/\/stocklot.com.tr\/wp-content\/uploads\/2018\/10\/su-yalitim-membranlari.png","type":"image\/png"}],"twitter_card":"summary_large_image","twitter_site":"@stocklottr","twitter_misc":{"Gesch\u00e4tzte Lesezeit":"2\u00a0Minuten"},"schema":{"@context":"https:\/\/schema.org","@graph":[{"@type":"WebPage","@id":"https:\/\/stocklot.com.tr\/de\/produkt\/su-yalitim-membranlari\/","url":"https:\/\/stocklot.com.tr\/de\/produkt\/su-yalitim-membranlari\/","name":"Su Yal\u0131t\u0131m Membranlar\u0131","isPartOf":{"@id":"https:\/\/stocklot.com.tr\/#website"},"primaryImageOfPage":{"@id":"https:\/\/stocklot.com.tr\/de\/produkt\/su-yalitim-membranlari\/#primaryimage"},"image":{"@id":"https:\/\/stocklot.com.tr\/de\/produkt\/su-yalitim-membranlari\/#primaryimage"},"thumbnailUrl":"https:\/\/stocklot.com.tr\/wp-content\/uploads\/2018\/10\/su-yalitim-membranlari.png","datePublished":"2018-10-12T06:47:07+00:00","dateModified":"2018-10-18T13:55:43+00:00","breadcrumb":{"@id":"https:\/\/stocklot.com.tr\/de\/produkt\/su-yalitim-membranlari\/#breadcrumb"},"inLanguage":"de","potentialAction":[{"@type":"ReadAction","target":["https:\/\/stocklot.com.tr\/de\/produkt\/su-yalitim-membranlari\/"]}]},{"@type":"ImageObject","inLanguage":"de","@id":"https:\/\/stocklot.com.tr\/de\/produkt\/su-yalitim-membranlari\/#primaryimage","url":"https:\/\/stocklot.com.tr\/wp-content\/uploads\/2018\/10\/su-yalitim-membranlari.png","contentUrl":"https:\/\/stocklot.com.tr\/wp-content\/uploads\/2018\/10\/su-yalitim-membranlari.png","width":500,"height":590},{"@type":"BreadcrumbList","@id":"https:\/\/stocklot.com.tr\/de\/produkt\/su-yalitim-membranlari\/#breadcrumb","itemListElement":[{"@type":"ListItem","position":1,"name":"Ana sayfa","item":"https:\/\/stocklot.com.tr\/"},{"@type":"ListItem","position":2,"name":"Tedarik A\u011f\u0131m\u0131z","item":"https:\/\/stocklot.com.tr\/supply-network\/"},{"@type":"ListItem","position":3,"name":"Su Yal\u0131t\u0131m Membranlar\u0131"}]},{"@type":"WebSite","@id":"https:\/\/stocklot.com.tr\/#website","url":"https:\/\/stocklot.com.tr\/","name":"Stocklot D\u0131\u015f Ticaret","description":"","publisher":{"@id":"https:\/\/stocklot.com.tr\/#organization"},"potentialAction":[{"@type":"SearchAction","target":{"@type":"EntryPoint","urlTemplate":"https:\/\/stocklot.com.tr\/?s={search_term_string}"},"query-input":{"@type":"PropertyValueSpecification","valueRequired":true,"valueName":"search_term_string"}}],"inLanguage":"de"},{"@type":"Organization","@id":"https:\/\/stocklot.com.tr\/#organization","name":"Stocklot D\u0131\u015f Ticaret LTD \u015eT\u0130","url":"https:\/\/stocklot.com.tr\/","logo":{"@type":"ImageObject","inLanguage":"de","@id":"https:\/\/stocklot.com.tr\/#\/schema\/logo\/image\/","url":"https:\/\/stocklot.com.tr\/wp-content\/uploads\/2018\/08\/logo.png","contentUrl":"https:\/\/stocklot.com.tr\/wp-content\/uploads\/2018\/08\/logo.png","width":329,"height":100,"caption":"Stocklot D\u0131\u015f Ticaret LTD \u015eT\u0130"},"image":{"@id":"https:\/\/stocklot.com.tr\/#\/schema\/logo\/image\/"},"sameAs":["https:\/\/www.facebook.com\/stocklot.branda.7","https:\/\/x.com\/stocklottr","https:\/\/www.instagram.com\/stocklot.tr\/","https:\/\/www.linkedin.com\/company\/stocklot-dis-ticaret\/","http:\/\/www.youtube.com\/channel\/UC3vVOrCxsWCI7flcrjAglzA"]}]}},"_links":{"self":[{"href":"https:\/\/stocklot.com.tr\/de\/wp-json\/wp\/v2\/product\/149","targetHints":{"allow":["GET"]}}],"collection":[{"href":"https:\/\/stocklot.com.tr\/de\/wp-json\/wp\/v2\/product"}],"about":[{"href":"https:\/\/stocklot.com.tr\/de\/wp-json\/wp\/v2\/types\/product"}],"wp:featuredmedia":[{"embeddable":true,"href":"https:\/\/stocklot.com.tr\/de\/wp-json\/wp\/v2\/media\/150"}],"wp:attachment":[{"href":"https:\/\/stocklot.com.tr\/de\/wp-json\/wp\/v2\/media?parent=149"}],"wp:term":[{"taxonomy":"product_brand","embeddable":true,"href":"https:\/\/stocklot.com.tr\/de\/wp-json\/wp\/v2\/product_brand?post=149"},{"taxonomy":"product_cat","embeddable":true,"href":"https:\/\/stocklot.com.tr\/de\/wp-json\/wp\/v2\/product_cat?post=149"},{"taxonomy":"product_tag","embeddable":true,"href":"https:\/\/stocklot.com.tr\/de\/wp-json\/wp\/v2\/product_tag?post=149"}],"curies":[{"name":"wp","href":"https:\/\/api.w.org\/{rel}","templated":true}]}}