{"id":141,"date":"2018-10-12T09:58:10","date_gmt":"2018-10-12T06:58:10","guid":{"rendered":"https:\/\/stocklot.com.tr\/?post_type=product&#038;p=141"},"modified":"2023-08-29T23:17:46","modified_gmt":"2023-08-29T20:17:46","slug":"frontlit-branda","status":"publish","type":"product","link":"https:\/\/stocklot.com.tr\/de\/produkt\/frontlit-branda\/","title":{"rendered":"Frontlit-Planen"},"content":{"rendered":"<h5>Auffallende Farbe, Gro\u00df Anwendungsbereich<\/h5>\n<p>In Werbungssektor wird diese Produkte viele Zeit benutzt, weil sie schreiend sind.  Es gibt vielen unterschiedlichen Produkte in produzierende Plakatwand je nach Qualifikation und Mission. Am wichtigsten Produkt ist Frontlit zwischen diesen Produkten. Frontlit bedeutet frontbeleuchtete Plane.<\/p>\n<p>Frontlit-Plane ist mit digital Druckmethode benutzt und gew\u00fcnschte Schreiben und Bilder k\u00f6nnen an den Pl\u00e4nen abdr\u00fccken. Verm\u00f6ge die PVC-basierte Anatomie reflektiert die Licht hohe Aufl\u00f6sung und hat Auffallende Farbe. Deshalb abdr\u00fcckende Schreib und Bilder k\u00f6nnen sehr klar aussehen. Sie sind am wichtigsten Erfindung von Werbungsektor, weil sie \u201ckonsistentes und langes Leben, wenige Verwitterung, dekoratives Aussehen haben. \u201e<\/p>\n<p>Wenn Sie mit diesen Produkten interessieren, k\u00f6nnen sie mit Kontaktinformationen in der Seite benutzen um uns erreichen, oder k\u00f6nnen sie das Formular in <a href=\"https:\/\/stocklot.com.tr\/de\/contact\/\">Kontakt<\/a> f\u00fcllen.<\/p>","protected":false},"excerpt":{"rendered":"<h5>Anwendungsbereiche<\/h5>\n<ul>\n<li>Reklame\/Plakatwand<\/li>\n<li>Anschalg<\/li>\n<li>\u00fcbergro\u00dfe Reklame\/Plakat<\/li>\n<li>Stand-Design<\/li>\n<li>Au\u00dfenwerbung<\/li>\n<\/ul>\n<h5>Eigenschaften<\/h5>\n<ul>\n<li>Wasserdicht<\/li>\n<li>Langlebig gegen Chemikali und korrodieren<\/li>\n<li>Weniges Rauch w\u00e4hrend der Anwendung<\/li>\n<li>Langlebig gegen Friktion und Abnutzung<\/li>\n<li>vom Licht nicht beeinflussen und welken nicht<\/li>\n<li>sehr sch\u00f6ne Bedruckbarkeit<\/li>\n<li>W\u00e4rme-  und\nSchalld\u00e4mmung, \nelektrische Isolierung<\/li>\n<li>UV-Best\u00e4ndigkeit<\/li>\n<\/ul>","protected":false},"featured_media":6931,"template":"","meta":[],"product_brand":[],"product_cat":[73],"product_tag":[55,74,77,75,76],"class_list":{"0":"post-141","1":"product","2":"type-product","3":"status-publish","4":"has-post-thumbnail","6":"product_cat-dijital-baski-brandalari","7":"product_tag-branda","8":"product_tag-frontlit","9":"product_tag-onden-isikli","10":"product_tag-reklam","11":"product_tag-tabela","13":"first","14":"instock","15":"shipping-taxable","16":"product-type-simple"},"yoast_head":"<!-- This site is optimized with the Yoast SEO plugin v25.3.1 - https:\/\/yoast.com\/wordpress\/plugins\/seo\/ -->\n<title>Frontlit Branda<\/title>\n<meta name=\"robots\" content=\"index, follow, max-snippet:-1, max-image-preview:large, max-video-preview:-1\" \/>\n<link rel=\"canonical\" href=\"https:\/\/stocklot.com.tr\/de\/produkt\/frontlit-branda\/\" \/>\n<meta property=\"og:locale\" content=\"de_DE\" \/>\n<meta property=\"og:type\" content=\"article\" \/>\n<meta property=\"og:title\" content=\"Frontlit Branda\" \/>\n<meta property=\"og:description\" content=\"Uygulama Alanlar\u0131   Reklam Panolar\u0131  Afi\u015fler  Geni\u015f Formatl\u0131 Reklam  Stand Tasar\u0131m\u0131  A\u00e7\u0131k Hava Reklam  \u00d6zellikleri   Su Ge\u00e7irmezlik  A\u015f\u0131nmaya ve Kimyasallara Kar\u015f\u0131 Dayan\u0131kl\u0131l\u0131k  \u0130\u015fleme S\u0131ras\u0131nda D\u00fc\u015f\u00fck Duman  S\u00fcrt\u00fcnmeye ve A\u015f\u0131nmaya Kar\u015f\u0131 Diren\u00e7  I\u015f\u0131ktan Etkilenmez ve Solmaz  \u00c7ok \u0130yi Bas\u0131labilirlik  Is\u0131, Elektrik ve Ses Yal\u0131t\u0131m\u0131  UV Direnci\" \/>\n<meta property=\"og:url\" content=\"https:\/\/stocklot.com.tr\/de\/produkt\/frontlit-branda\/\" \/>\n<meta property=\"og:site_name\" content=\"Stocklot D\u0131\u015f Ticaret\" \/>\n<meta property=\"article:publisher\" content=\"https:\/\/www.facebook.com\/stocklot.branda.7\" \/>\n<meta property=\"article:modified_time\" content=\"2023-08-29T20:17:46+00:00\" \/>\n<meta property=\"og:image\" content=\"https:\/\/stocklot.com.tr\/wp-content\/uploads\/2018\/10\/frontlit.png\" \/>\n\t<meta property=\"og:image:width\" content=\"500\" \/>\n\t<meta property=\"og:image:height\" content=\"590\" \/>\n\t<meta property=\"og:image:type\" content=\"image\/png\" \/>\n<meta name=\"twitter:card\" content=\"summary_large_image\" \/>\n<meta name=\"twitter:site\" content=\"@stocklottr\" \/>\n<meta name=\"twitter:label1\" content=\"Gesch\u00e4tzte Lesezeit\" \/>\n\t<meta name=\"twitter:data1\" content=\"1\u00a0Minute\" \/>\n<script type=\"application\/ld+json\" class=\"yoast-schema-graph\">{\"@context\":\"https:\/\/schema.org\",\"@graph\":[{\"@type\":\"WebPage\",\"@id\":\"https:\/\/stocklot.com.tr\/urun\/frontlit-branda\/\",\"url\":\"https:\/\/stocklot.com.tr\/urun\/frontlit-branda\/\",\"name\":\"Frontlit Branda\",\"isPartOf\":{\"@id\":\"https:\/\/stocklot.com.tr\/#website\"},\"primaryImageOfPage\":{\"@id\":\"https:\/\/stocklot.com.tr\/urun\/frontlit-branda\/#primaryimage\"},\"image\":{\"@id\":\"https:\/\/stocklot.com.tr\/urun\/frontlit-branda\/#primaryimage\"},\"thumbnailUrl\":\"https:\/\/stocklot.com.tr\/wp-content\/uploads\/2018\/10\/frontlit.png\",\"datePublished\":\"2018-10-12T06:58:10+00:00\",\"dateModified\":\"2023-08-29T20:17:46+00:00\",\"breadcrumb\":{\"@id\":\"https:\/\/stocklot.com.tr\/urun\/frontlit-branda\/#breadcrumb\"},\"inLanguage\":\"de\",\"potentialAction\":[{\"@type\":\"ReadAction\",\"target\":[\"https:\/\/stocklot.com.tr\/urun\/frontlit-branda\/\"]}]},{\"@type\":\"ImageObject\",\"inLanguage\":\"de\",\"@id\":\"https:\/\/stocklot.com.tr\/urun\/frontlit-branda\/#primaryimage\",\"url\":\"https:\/\/stocklot.com.tr\/wp-content\/uploads\/2018\/10\/frontlit.png\",\"contentUrl\":\"https:\/\/stocklot.com.tr\/wp-content\/uploads\/2018\/10\/frontlit.png\",\"width\":500,\"height\":590},{\"@type\":\"BreadcrumbList\",\"@id\":\"https:\/\/stocklot.com.tr\/urun\/frontlit-branda\/#breadcrumb\",\"itemListElement\":[{\"@type\":\"ListItem\",\"position\":1,\"name\":\"Ana sayfa\",\"item\":\"https:\/\/stocklot.com.tr\/\"},{\"@type\":\"ListItem\",\"position\":2,\"name\":\"Tedarik A\u011f\u0131m\u0131z\",\"item\":\"https:\/\/stocklot.com.tr\/supply-network\/\"},{\"@type\":\"ListItem\",\"position\":3,\"name\":\"Frontlit Branda\"}]},{\"@type\":\"WebSite\",\"@id\":\"https:\/\/stocklot.com.tr\/#website\",\"url\":\"https:\/\/stocklot.com.tr\/\",\"name\":\"Stocklot D\u0131\u015f Ticaret\",\"description\":\"\",\"publisher\":{\"@id\":\"https:\/\/stocklot.com.tr\/#organization\"},\"potentialAction\":[{\"@type\":\"SearchAction\",\"target\":{\"@type\":\"EntryPoint\",\"urlTemplate\":\"https:\/\/stocklot.com.tr\/?s={search_term_string}\"},\"query-input\":{\"@type\":\"PropertyValueSpecification\",\"valueRequired\":true,\"valueName\":\"search_term_string\"}}],\"inLanguage\":\"de\"},{\"@type\":\"Organization\",\"@id\":\"https:\/\/stocklot.com.tr\/#organization\",\"name\":\"Stocklot D\u0131\u015f Ticaret LTD \u015eT\u0130\",\"url\":\"https:\/\/stocklot.com.tr\/\",\"logo\":{\"@type\":\"ImageObject\",\"inLanguage\":\"de\",\"@id\":\"https:\/\/stocklot.com.tr\/#\/schema\/logo\/image\/\",\"url\":\"https:\/\/stocklot.com.tr\/wp-content\/uploads\/2018\/08\/logo.png\",\"contentUrl\":\"https:\/\/stocklot.com.tr\/wp-content\/uploads\/2018\/08\/logo.png\",\"width\":329,\"height\":100,\"caption\":\"Stocklot D\u0131\u015f Ticaret LTD \u015eT\u0130\"},\"image\":{\"@id\":\"https:\/\/stocklot.com.tr\/#\/schema\/logo\/image\/\"},\"sameAs\":[\"https:\/\/www.facebook.com\/stocklot.branda.7\",\"https:\/\/x.com\/stocklottr\",\"https:\/\/www.instagram.com\/stocklot.tr\/\",\"https:\/\/www.linkedin.com\/company\/stocklot-dis-ticaret\/\",\"http:\/\/www.youtube.com\/channel\/UC3vVOrCxsWCI7flcrjAglzA\"]}]}<\/script>\n<!-- \/ Yoast SEO plugin. -->","yoast_head_json":{"title":"Frontlit Branda","robots":{"index":"index","follow":"follow","max-snippet":"max-snippet:-1","max-image-preview":"max-image-preview:large","max-video-preview":"max-video-preview:-1"},"canonical":"https:\/\/stocklot.com.tr\/de\/produkt\/frontlit-branda\/","og_locale":"de_DE","og_type":"article","og_title":"Frontlit Branda","og_description":"Uygulama Alanlar\u0131   Reklam Panolar\u0131  Afi\u015fler  Geni\u015f Formatl\u0131 Reklam  Stand Tasar\u0131m\u0131  A\u00e7\u0131k Hava Reklam  \u00d6zellikleri   Su Ge\u00e7irmezlik  A\u015f\u0131nmaya ve Kimyasallara Kar\u015f\u0131 Dayan\u0131kl\u0131l\u0131k  \u0130\u015fleme S\u0131ras\u0131nda D\u00fc\u015f\u00fck Duman  S\u00fcrt\u00fcnmeye ve A\u015f\u0131nmaya Kar\u015f\u0131 Diren\u00e7  I\u015f\u0131ktan Etkilenmez ve Solmaz  \u00c7ok \u0130yi Bas\u0131labilirlik  Is\u0131, Elektrik ve Ses Yal\u0131t\u0131m\u0131  UV Direnci","og_url":"https:\/\/stocklot.com.tr\/de\/produkt\/frontlit-branda\/","og_site_name":"Stocklot D\u0131\u015f Ticaret","article_publisher":"https:\/\/www.facebook.com\/stocklot.branda.7","article_modified_time":"2023-08-29T20:17:46+00:00","og_image":[{"width":500,"height":590,"url":"https:\/\/stocklot.com.tr\/wp-content\/uploads\/2018\/10\/frontlit.png","type":"image\/png"}],"twitter_card":"summary_large_image","twitter_site":"@stocklottr","twitter_misc":{"Gesch\u00e4tzte Lesezeit":"1\u00a0Minute"},"schema":{"@context":"https:\/\/schema.org","@graph":[{"@type":"WebPage","@id":"https:\/\/stocklot.com.tr\/urun\/frontlit-branda\/","url":"https:\/\/stocklot.com.tr\/urun\/frontlit-branda\/","name":"Frontlit Branda","isPartOf":{"@id":"https:\/\/stocklot.com.tr\/#website"},"primaryImageOfPage":{"@id":"https:\/\/stocklot.com.tr\/urun\/frontlit-branda\/#primaryimage"},"image":{"@id":"https:\/\/stocklot.com.tr\/urun\/frontlit-branda\/#primaryimage"},"thumbnailUrl":"https:\/\/stocklot.com.tr\/wp-content\/uploads\/2018\/10\/frontlit.png","datePublished":"2018-10-12T06:58:10+00:00","dateModified":"2023-08-29T20:17:46+00:00","breadcrumb":{"@id":"https:\/\/stocklot.com.tr\/urun\/frontlit-branda\/#breadcrumb"},"inLanguage":"de","potentialAction":[{"@type":"ReadAction","target":["https:\/\/stocklot.com.tr\/urun\/frontlit-branda\/"]}]},{"@type":"ImageObject","inLanguage":"de","@id":"https:\/\/stocklot.com.tr\/urun\/frontlit-branda\/#primaryimage","url":"https:\/\/stocklot.com.tr\/wp-content\/uploads\/2018\/10\/frontlit.png","contentUrl":"https:\/\/stocklot.com.tr\/wp-content\/uploads\/2018\/10\/frontlit.png","width":500,"height":590},{"@type":"BreadcrumbList","@id":"https:\/\/stocklot.com.tr\/urun\/frontlit-branda\/#breadcrumb","itemListElement":[{"@type":"ListItem","position":1,"name":"Ana sayfa","item":"https:\/\/stocklot.com.tr\/"},{"@type":"ListItem","position":2,"name":"Tedarik A\u011f\u0131m\u0131z","item":"https:\/\/stocklot.com.tr\/supply-network\/"},{"@type":"ListItem","position":3,"name":"Frontlit Branda"}]},{"@type":"WebSite","@id":"https:\/\/stocklot.com.tr\/#website","url":"https:\/\/stocklot.com.tr\/","name":"Stocklot D\u0131\u015f Ticaret","description":"","publisher":{"@id":"https:\/\/stocklot.com.tr\/#organization"},"potentialAction":[{"@type":"SearchAction","target":{"@type":"EntryPoint","urlTemplate":"https:\/\/stocklot.com.tr\/?s={search_term_string}"},"query-input":{"@type":"PropertyValueSpecification","valueRequired":true,"valueName":"search_term_string"}}],"inLanguage":"de"},{"@type":"Organization","@id":"https:\/\/stocklot.com.tr\/#organization","name":"Stocklot D\u0131\u015f Ticaret LTD \u015eT\u0130","url":"https:\/\/stocklot.com.tr\/","logo":{"@type":"ImageObject","inLanguage":"de","@id":"https:\/\/stocklot.com.tr\/#\/schema\/logo\/image\/","url":"https:\/\/stocklot.com.tr\/wp-content\/uploads\/2018\/08\/logo.png","contentUrl":"https:\/\/stocklot.com.tr\/wp-content\/uploads\/2018\/08\/logo.png","width":329,"height":100,"caption":"Stocklot D\u0131\u015f Ticaret LTD \u015eT\u0130"},"image":{"@id":"https:\/\/stocklot.com.tr\/#\/schema\/logo\/image\/"},"sameAs":["https:\/\/www.facebook.com\/stocklot.branda.7","https:\/\/x.com\/stocklottr","https:\/\/www.instagram.com\/stocklot.tr\/","https:\/\/www.linkedin.com\/company\/stocklot-dis-ticaret\/","http:\/\/www.youtube.com\/channel\/UC3vVOrCxsWCI7flcrjAglzA"]}]}},"_links":{"self":[{"href":"https:\/\/stocklot.com.tr\/de\/wp-json\/wp\/v2\/product\/141","targetHints":{"allow":["GET"]}}],"collection":[{"href":"https:\/\/stocklot.com.tr\/de\/wp-json\/wp\/v2\/product"}],"about":[{"href":"https:\/\/stocklot.com.tr\/de\/wp-json\/wp\/v2\/types\/product"}],"wp:featuredmedia":[{"embeddable":true,"href":"https:\/\/stocklot.com.tr\/de\/wp-json\/wp\/v2\/media\/6931"}],"wp:attachment":[{"href":"https:\/\/stocklot.com.tr\/de\/wp-json\/wp\/v2\/media?parent=141"}],"wp:term":[{"taxonomy":"product_brand","embeddable":true,"href":"https:\/\/stocklot.com.tr\/de\/wp-json\/wp\/v2\/product_brand?post=141"},{"taxonomy":"product_cat","embeddable":true,"href":"https:\/\/stocklot.com.tr\/de\/wp-json\/wp\/v2\/product_cat?post=141"},{"taxonomy":"product_tag","embeddable":true,"href":"https:\/\/stocklot.com.tr\/de\/wp-json\/wp\/v2\/product_tag?post=141"}],"curies":[{"name":"wp","href":"https:\/\/api.w.org\/{rel}","templated":true}]}}