{"id":135,"date":"2018-10-12T09:48:31","date_gmt":"2018-10-12T06:48:31","guid":{"rendered":"https:\/\/stocklot.com.tr\/?post_type=product&#038;p=135"},"modified":"2018-11-10T10:41:45","modified_gmt":"2018-11-10T07:41:45","slug":"geri-donusum-ham-madde-tedarigi","status":"publish","type":"product","link":"https:\/\/stocklot.com.tr\/de\/produkt\/geri-donusum-ham-madde-tedarigi\/","title":{"rendered":"Recycling der Rohstoffversorgung"},"content":{"rendered":"<p>Aus alt mach neu! Recycling ist die Aufbereitung und Wiederverwendung von Abf\u00e4llen f\u00fcr neue Produkte. Die Idee der Wiederverwertung ist nicht neu! Schon bei den alten R\u00f6mern wurden Altmetalle eingeschmolzen und vielerorts zogen Lumpen- und Schrotth\u00e4ndler durch die Stra\u00dfen, um alte T\u00f6pfe oder kaputte Kleider zu sammeln.<\/p>\n<p>Dar\u00fcber hinaus erm\u00f6glicht die Verwendung von wiederverwertbaren Materialien als Rohstoff eine gro\u00dfe Energieeinsparung. Die Verwendung von recycelbarem Aluminium spart beispielsweise bis zu 35% Energie im Vergleich zur Herstellung von Aluminium von Grund auf. Andererseits werden durch das Recycling k\u00fcnftige Generationen von nat\u00fcrlichen Ressourcen und neuen Besch\u00e4ftigungsm\u00f6glichkeiten profitieren k\u00f6nnen. Kunststoff ist eines der wichtigsten Produkte, die durch Recycling recycelt werden. Kunststoffe, wenn sie in den M\u00fcll geworfen werden, verrotten, f\u00e4rben, l\u00f6sen sich nicht auf und bleiben 100 bis 1000 Jahre in der Natur, ohne zu verderben. Verursacht Verschmutzung von Wasser und Erde.<\/p>\n<p>Der intensive Verbrauch von Benzin, Gas und Kohle macht Kunststoff zu einem unverzichtbaren Material f\u00fcr viele Produkte. Dies wird zu einem Anstieg der f\u00fcr die Herstellung von Kunststoffen aufgewendeten \u00d6lmenge, des Energieverbrauchs mit h\u00f6herer Geschwindigkeit und des Wachstums des Energieengpasses f\u00fchren. Aus diesen Gr\u00fcnden ist das Recycling von Kunststoffabf\u00e4llen von entscheidender Bedeutung. F\u00fcr mehr Recycling liefern wir f\u00fcr unsere gesch\u00e4tzten Kunden folgende Produkte aus Europa: PET, PE, PP, PS, LDPE, Aluminium, PVC, Glasfaser, HDPE, OPP, CPP, ABS. Dar\u00fcber hinaus arbeiten wir nach Ihren Bed\u00fcrfnissen. <\/p>\n<p>Wenn Sie mit diesen Produkten interessieren, k\u00f6nnen sie mit Kontaktinformationen in der Seite benutzen um uns erreichen, oder k\u00f6nnen sie das Formular in <a href=\"https:\/\/stocklot.com.tr\/de\/contact\/\">Kontakt<\/a> f\u00fcllen.<\/p>","protected":false},"excerpt":{"rendered":"<h5>Anwendungsbereiche<\/h5>\n<ul>\n<li>Papier Produktion<\/li>\n<li>Plastik Tasche Produktion<\/li>\n<li>Plastik Produktion<\/li>\n<li>Viele Anwendungen in Vielen anderen Sektoren<\/li>\n<\/ul>\n<h5>Eigenschaften<\/h5>\n<ul>\n<li>Billige Rohstoffkosten<\/li>\n<li>\u00d6konomische Produktion<\/li>\n<li>Grosse Rolle in Umweltssaubern<\/li>\n<\/ul>","protected":false},"featured_media":136,"template":"","meta":[],"product_brand":[],"product_cat":[40],"product_tag":[59,60,62,61,63],"class_list":{"0":"post-135","1":"product","2":"type-product","3":"status-publish","4":"has-post-thumbnail","6":"product_cat-genel","7":"product_tag-geri-donusum","8":"product_tag-ham-madde","9":"product_tag-kagit","10":"product_tag-plastik","11":"product_tag-poset","13":"first","14":"instock","15":"shipping-taxable","16":"product-type-simple"},"yoast_head":"<!-- This site is optimized with the Yoast SEO plugin v25.3.1 - https:\/\/yoast.com\/wordpress\/plugins\/seo\/ -->\n<title>Geri D\u00f6n\u00fc\u015f\u00fcm Ham Madde Tedari\u011fi<\/title>\n<meta name=\"robots\" content=\"index, follow, max-snippet:-1, max-image-preview:large, max-video-preview:-1\" \/>\n<link rel=\"canonical\" href=\"https:\/\/stocklot.com.tr\/de\/product\/geri-donusum-ham-madde-tedarigi\/\" \/>\n<meta property=\"og:locale\" content=\"de_DE\" \/>\n<meta property=\"og:type\" content=\"article\" \/>\n<meta property=\"og:title\" content=\"Geri D\u00f6n\u00fc\u015f\u00fcm Ham Madde Tedari\u011fi\" \/>\n<meta property=\"og:description\" content=\"Uygulama Alanlar\u0131  Ka\u011f\u0131t \u00dcretimi Po\u015fet \u00dcretimi Plastik \u00dcretimi Onlarca Sekt\u00f6rde Sonsuz Ba\u015fka Uygulama  \u00d6zellikleri  Uygun Hammadde Maliyeti Ekonomik \u00dcretim \u00c7evre Temizli\u011fine Katk\u0131\" \/>\n<meta property=\"og:url\" content=\"https:\/\/stocklot.com.tr\/de\/product\/geri-donusum-ham-madde-tedarigi\/\" \/>\n<meta property=\"og:site_name\" content=\"Stocklot D\u0131\u015f Ticaret\" \/>\n<meta property=\"article:publisher\" content=\"https:\/\/www.facebook.com\/stocklot.branda.7\" \/>\n<meta property=\"article:modified_time\" content=\"2018-11-10T07:41:45+00:00\" \/>\n<meta property=\"og:image\" content=\"https:\/\/stocklot.com.tr\/wp-content\/uploads\/2018\/10\/geri-donusum-hammade-tedarigi.png\" \/>\n\t<meta property=\"og:image:width\" content=\"500\" \/>\n\t<meta property=\"og:image:height\" content=\"590\" \/>\n\t<meta property=\"og:image:type\" content=\"image\/png\" \/>\n<meta name=\"twitter:card\" content=\"summary_large_image\" \/>\n<meta name=\"twitter:site\" content=\"@stocklottr\" \/>\n<meta name=\"twitter:label1\" content=\"Gesch\u00e4tzte Lesezeit\" \/>\n\t<meta name=\"twitter:data1\" content=\"2\u00a0Minuten\" \/>\n<script type=\"application\/ld+json\" class=\"yoast-schema-graph\">{\"@context\":\"https:\/\/schema.org\",\"@graph\":[{\"@type\":\"WebPage\",\"@id\":\"https:\/\/stocklot.com.tr\/ar\/product\/geri-donusum-ham-madde-tedarigi\/\",\"url\":\"https:\/\/stocklot.com.tr\/ar\/product\/geri-donusum-ham-madde-tedarigi\/\",\"name\":\"Geri D\u00f6n\u00fc\u015f\u00fcm Ham Madde Tedari\u011fi\",\"isPartOf\":{\"@id\":\"https:\/\/stocklot.com.tr\/#website\"},\"primaryImageOfPage\":{\"@id\":\"https:\/\/stocklot.com.tr\/ar\/product\/geri-donusum-ham-madde-tedarigi\/#primaryimage\"},\"image\":{\"@id\":\"https:\/\/stocklot.com.tr\/ar\/product\/geri-donusum-ham-madde-tedarigi\/#primaryimage\"},\"thumbnailUrl\":\"https:\/\/stocklot.com.tr\/wp-content\/uploads\/2018\/10\/geri-donusum-hammade-tedarigi.png\",\"datePublished\":\"2018-10-12T06:48:31+00:00\",\"dateModified\":\"2018-11-10T07:41:45+00:00\",\"breadcrumb\":{\"@id\":\"https:\/\/stocklot.com.tr\/ar\/product\/geri-donusum-ham-madde-tedarigi\/#breadcrumb\"},\"inLanguage\":\"de\",\"potentialAction\":[{\"@type\":\"ReadAction\",\"target\":[\"https:\/\/stocklot.com.tr\/ar\/product\/geri-donusum-ham-madde-tedarigi\/\"]}]},{\"@type\":\"ImageObject\",\"inLanguage\":\"de\",\"@id\":\"https:\/\/stocklot.com.tr\/ar\/product\/geri-donusum-ham-madde-tedarigi\/#primaryimage\",\"url\":\"https:\/\/stocklot.com.tr\/wp-content\/uploads\/2018\/10\/geri-donusum-hammade-tedarigi.png\",\"contentUrl\":\"https:\/\/stocklot.com.tr\/wp-content\/uploads\/2018\/10\/geri-donusum-hammade-tedarigi.png\",\"width\":500,\"height\":590,\"caption\":\"Plastik, LDPE, ka\u011f\u0131t ve pek \u00e7ok ham madde tedari\u011fi yap\u0131yoruz\"},{\"@type\":\"BreadcrumbList\",\"@id\":\"https:\/\/stocklot.com.tr\/ar\/product\/geri-donusum-ham-madde-tedarigi\/#breadcrumb\",\"itemListElement\":[{\"@type\":\"ListItem\",\"position\":1,\"name\":\"Ana sayfa\",\"item\":\"https:\/\/stocklot.com.tr\/\"},{\"@type\":\"ListItem\",\"position\":2,\"name\":\"Tedarik A\u011f\u0131m\u0131z\",\"item\":\"https:\/\/stocklot.com.tr\/supply-network\/\"},{\"@type\":\"ListItem\",\"position\":3,\"name\":\"Geri D\u00f6n\u00fc\u015f\u00fcm Ham Madde Tedari\u011fi\"}]},{\"@type\":\"WebSite\",\"@id\":\"https:\/\/stocklot.com.tr\/#website\",\"url\":\"https:\/\/stocklot.com.tr\/\",\"name\":\"Stocklot D\u0131\u015f Ticaret\",\"description\":\"\",\"publisher\":{\"@id\":\"https:\/\/stocklot.com.tr\/#organization\"},\"potentialAction\":[{\"@type\":\"SearchAction\",\"target\":{\"@type\":\"EntryPoint\",\"urlTemplate\":\"https:\/\/stocklot.com.tr\/?s={search_term_string}\"},\"query-input\":{\"@type\":\"PropertyValueSpecification\",\"valueRequired\":true,\"valueName\":\"search_term_string\"}}],\"inLanguage\":\"de\"},{\"@type\":\"Organization\",\"@id\":\"https:\/\/stocklot.com.tr\/#organization\",\"name\":\"Stocklot D\u0131\u015f Ticaret LTD \u015eT\u0130\",\"url\":\"https:\/\/stocklot.com.tr\/\",\"logo\":{\"@type\":\"ImageObject\",\"inLanguage\":\"de\",\"@id\":\"https:\/\/stocklot.com.tr\/#\/schema\/logo\/image\/\",\"url\":\"https:\/\/stocklot.com.tr\/wp-content\/uploads\/2018\/08\/logo.png\",\"contentUrl\":\"https:\/\/stocklot.com.tr\/wp-content\/uploads\/2018\/08\/logo.png\",\"width\":329,\"height\":100,\"caption\":\"Stocklot D\u0131\u015f Ticaret LTD \u015eT\u0130\"},\"image\":{\"@id\":\"https:\/\/stocklot.com.tr\/#\/schema\/logo\/image\/\"},\"sameAs\":[\"https:\/\/www.facebook.com\/stocklot.branda.7\",\"https:\/\/x.com\/stocklottr\",\"https:\/\/www.instagram.com\/stocklot.tr\/\",\"https:\/\/www.linkedin.com\/company\/stocklot-dis-ticaret\/\",\"http:\/\/www.youtube.com\/channel\/UC3vVOrCxsWCI7flcrjAglzA\"]}]}<\/script>\n<!-- \/ Yoast SEO plugin. -->","yoast_head_json":{"title":"Geri D\u00f6n\u00fc\u015f\u00fcm Ham Madde Tedari\u011fi","robots":{"index":"index","follow":"follow","max-snippet":"max-snippet:-1","max-image-preview":"max-image-preview:large","max-video-preview":"max-video-preview:-1"},"canonical":"https:\/\/stocklot.com.tr\/de\/product\/geri-donusum-ham-madde-tedarigi\/","og_locale":"de_DE","og_type":"article","og_title":"Geri D\u00f6n\u00fc\u015f\u00fcm Ham Madde Tedari\u011fi","og_description":"Uygulama Alanlar\u0131  Ka\u011f\u0131t \u00dcretimi Po\u015fet \u00dcretimi Plastik \u00dcretimi Onlarca Sekt\u00f6rde Sonsuz Ba\u015fka Uygulama  \u00d6zellikleri  Uygun Hammadde Maliyeti Ekonomik \u00dcretim \u00c7evre Temizli\u011fine Katk\u0131","og_url":"https:\/\/stocklot.com.tr\/de\/product\/geri-donusum-ham-madde-tedarigi\/","og_site_name":"Stocklot D\u0131\u015f Ticaret","article_publisher":"https:\/\/www.facebook.com\/stocklot.branda.7","article_modified_time":"2018-11-10T07:41:45+00:00","og_image":[{"width":500,"height":590,"url":"https:\/\/stocklot.com.tr\/wp-content\/uploads\/2018\/10\/geri-donusum-hammade-tedarigi.png","type":"image\/png"}],"twitter_card":"summary_large_image","twitter_site":"@stocklottr","twitter_misc":{"Gesch\u00e4tzte Lesezeit":"2\u00a0Minuten"},"schema":{"@context":"https:\/\/schema.org","@graph":[{"@type":"WebPage","@id":"https:\/\/stocklot.com.tr\/ar\/product\/geri-donusum-ham-madde-tedarigi\/","url":"https:\/\/stocklot.com.tr\/ar\/product\/geri-donusum-ham-madde-tedarigi\/","name":"Geri D\u00f6n\u00fc\u015f\u00fcm Ham Madde Tedari\u011fi","isPartOf":{"@id":"https:\/\/stocklot.com.tr\/#website"},"primaryImageOfPage":{"@id":"https:\/\/stocklot.com.tr\/ar\/product\/geri-donusum-ham-madde-tedarigi\/#primaryimage"},"image":{"@id":"https:\/\/stocklot.com.tr\/ar\/product\/geri-donusum-ham-madde-tedarigi\/#primaryimage"},"thumbnailUrl":"https:\/\/stocklot.com.tr\/wp-content\/uploads\/2018\/10\/geri-donusum-hammade-tedarigi.png","datePublished":"2018-10-12T06:48:31+00:00","dateModified":"2018-11-10T07:41:45+00:00","breadcrumb":{"@id":"https:\/\/stocklot.com.tr\/ar\/product\/geri-donusum-ham-madde-tedarigi\/#breadcrumb"},"inLanguage":"de","potentialAction":[{"@type":"ReadAction","target":["https:\/\/stocklot.com.tr\/ar\/product\/geri-donusum-ham-madde-tedarigi\/"]}]},{"@type":"ImageObject","inLanguage":"de","@id":"https:\/\/stocklot.com.tr\/ar\/product\/geri-donusum-ham-madde-tedarigi\/#primaryimage","url":"https:\/\/stocklot.com.tr\/wp-content\/uploads\/2018\/10\/geri-donusum-hammade-tedarigi.png","contentUrl":"https:\/\/stocklot.com.tr\/wp-content\/uploads\/2018\/10\/geri-donusum-hammade-tedarigi.png","width":500,"height":590,"caption":"Plastik, LDPE, ka\u011f\u0131t ve pek \u00e7ok ham madde tedari\u011fi yap\u0131yoruz"},{"@type":"BreadcrumbList","@id":"https:\/\/stocklot.com.tr\/ar\/product\/geri-donusum-ham-madde-tedarigi\/#breadcrumb","itemListElement":[{"@type":"ListItem","position":1,"name":"Ana sayfa","item":"https:\/\/stocklot.com.tr\/"},{"@type":"ListItem","position":2,"name":"Tedarik A\u011f\u0131m\u0131z","item":"https:\/\/stocklot.com.tr\/supply-network\/"},{"@type":"ListItem","position":3,"name":"Geri D\u00f6n\u00fc\u015f\u00fcm Ham Madde Tedari\u011fi"}]},{"@type":"WebSite","@id":"https:\/\/stocklot.com.tr\/#website","url":"https:\/\/stocklot.com.tr\/","name":"Stocklot D\u0131\u015f Ticaret","description":"","publisher":{"@id":"https:\/\/stocklot.com.tr\/#organization"},"potentialAction":[{"@type":"SearchAction","target":{"@type":"EntryPoint","urlTemplate":"https:\/\/stocklot.com.tr\/?s={search_term_string}"},"query-input":{"@type":"PropertyValueSpecification","valueRequired":true,"valueName":"search_term_string"}}],"inLanguage":"de"},{"@type":"Organization","@id":"https:\/\/stocklot.com.tr\/#organization","name":"Stocklot D\u0131\u015f Ticaret LTD \u015eT\u0130","url":"https:\/\/stocklot.com.tr\/","logo":{"@type":"ImageObject","inLanguage":"de","@id":"https:\/\/stocklot.com.tr\/#\/schema\/logo\/image\/","url":"https:\/\/stocklot.com.tr\/wp-content\/uploads\/2018\/08\/logo.png","contentUrl":"https:\/\/stocklot.com.tr\/wp-content\/uploads\/2018\/08\/logo.png","width":329,"height":100,"caption":"Stocklot D\u0131\u015f Ticaret LTD \u015eT\u0130"},"image":{"@id":"https:\/\/stocklot.com.tr\/#\/schema\/logo\/image\/"},"sameAs":["https:\/\/www.facebook.com\/stocklot.branda.7","https:\/\/x.com\/stocklottr","https:\/\/www.instagram.com\/stocklot.tr\/","https:\/\/www.linkedin.com\/company\/stocklot-dis-ticaret\/","http:\/\/www.youtube.com\/channel\/UC3vVOrCxsWCI7flcrjAglzA"]}]}},"_links":{"self":[{"href":"https:\/\/stocklot.com.tr\/de\/wp-json\/wp\/v2\/product\/135","targetHints":{"allow":["GET"]}}],"collection":[{"href":"https:\/\/stocklot.com.tr\/de\/wp-json\/wp\/v2\/product"}],"about":[{"href":"https:\/\/stocklot.com.tr\/de\/wp-json\/wp\/v2\/types\/product"}],"wp:featuredmedia":[{"embeddable":true,"href":"https:\/\/stocklot.com.tr\/de\/wp-json\/wp\/v2\/media\/136"}],"wp:attachment":[{"href":"https:\/\/stocklot.com.tr\/de\/wp-json\/wp\/v2\/media?parent=135"}],"wp:term":[{"taxonomy":"product_brand","embeddable":true,"href":"https:\/\/stocklot.com.tr\/de\/wp-json\/wp\/v2\/product_brand?post=135"},{"taxonomy":"product_cat","embeddable":true,"href":"https:\/\/stocklot.com.tr\/de\/wp-json\/wp\/v2\/product_cat?post=135"},{"taxonomy":"product_tag","embeddable":true,"href":"https:\/\/stocklot.com.tr\/de\/wp-json\/wp\/v2\/product_tag?post=135"}],"curies":[{"name":"wp","href":"https:\/\/api.w.org\/{rel}","templated":true}]}}