{"id":133,"date":"2018-10-12T09:59:28","date_gmt":"2018-10-12T06:59:28","guid":{"rendered":"https:\/\/stocklot.com.tr\/?post_type=product&#038;p=133"},"modified":"2023-08-29T23:11:29","modified_gmt":"2023-08-29T20:11:29","slug":"tir-brandalari","status":"publish","type":"product","link":"https:\/\/stocklot.com.tr\/de\/produkt\/tir-brandalari\/","title":{"rendered":"Brummi-Planen"},"content":{"rendered":"<p>Am wichtigsten Ware sind f\u00fcr uns -STOCKLOT AUSSENHANDEL GMBH-  die Brummi-Planen zu importieren. Sie benutzen als LKW- und Brummi-Brenda. Ihre glatten hellen Oberfl\u00e4chen sind empfehlenswert zu drucken und kleben. Sie haben sehr gut Widerstand gegen die Verunreinigung. Sie haben 300cm bereite, haben k\u00f6nnen sehr stark schwei\u00dfen, haben unterschiedliche RAL-Code. Sie k\u00f6nnen auch viele unterschiedliche Farbe finden. Es gibt nicht mehr Farbewechseln zwischen Auto und Zelt!<\/p>\n<p>Brummi-Planen sind sehr wichtig, wenn in diesem Tag Fahrersicherheit und Ladung des LKWs ein Rennen mit der Zeit werden. Sie werden von Hersteller in moderner Dekoration und mit Schutzpflicht die Hauptaufgabe komplett gemacht. Ein Brand auf dem LKW ist wie Visitenkarte von Firmen. Wir garantieren unseren Kunden die Zufriedenheit die Werke mit europanischen Stoffe, die wir importiert haben.<\/p>\n<p>Annullierte Bestellungen, Ungeeignetheit nach europ\u00e4ischen Standards, falsche Haltbarkeit, abgelaufene Lagerbest\u00e4nde, unvorbereitete Lagerbest\u00e4nde, Designs f\u00fcr die Nebensaison, Insolvenzware und \u00dcberschussprodukte aus den f\u00fchrenden Fabriken Europas werden unseren wertvollen Kunden zu wettbewerbsf\u00e4higen Preisen pr\u00e4sentiert. Mit unseren professionellen Mitarbeitern halten wir die Import- und Verkaufsprozesse auf dem richtigen Weg. Sie k\u00f6nnen immer auf unsere Liefergeschwindigkeit und Produktqualit\u00e4t vertrauen. Sie finden diese in unseren periodischen Best\u00e4nden. Kontaktieren Sie uns f\u00fcr weitere Informationen.<\/p>","protected":false},"excerpt":{"rendered":"<h5>Anwendungsbereiche<\/h5>\n<ul>\n<li>LKW-Plane<\/li>\n<li>Anh\u00e4ngersdecker<\/li>\n<li>Seitevorhang<\/li>\n<li>Zeitungsbeutel<\/li>\n<li>Tankabdeckung<\/li>\n<li>Ger\u00fctz- und Bauabdeckung<\/li>\n<li>Rolltor<\/li>\n<li>Lagerregalabdeckung<\/li>\n<\/ul>\n<h5>Eigenschaften<\/h5>\n<ul>\n<li>Sehr flach<\/li>\n<li>Leicht schwei\u00dfbare<\/li>\n<li>Weniges Rauch w\u00e4hrend der Anwendung<\/li>\n<li>leicht reinigbare helle Abdeckung<\/li>\n<li>Gro\u00df RAL Entscheidungen<\/li>\n<li>Ger\u00fctz- und Bauabdeckung<\/li>\n<li>sehr sch\u00f6ne Bedruckbarkeit<\/li>\n<li>Helle silber Rezistens<\/li>\n<\/ul>","protected":false},"featured_media":6930,"template":"","meta":[],"product_brand":[],"product_cat":[40,72],"product_tag":[55,53,56,54,58,57],"class_list":{"0":"post-133","1":"product","2":"type-product","3":"status-publish","4":"has-post-thumbnail","6":"product_cat-genel","7":"product_cat-branda","8":"product_tag-branda","9":"product_tag-tir-brandalari","10":"product_tag-toptan","11":"product_tag-truck-tarpaulin","12":"product_tag-ucuz","13":"product_tag-uygun","15":"first","16":"instock","17":"shipping-taxable","18":"product-type-simple"},"yoast_head":"<!-- This site is optimized with the Yoast SEO plugin v25.3.1 - https:\/\/yoast.com\/wordpress\/plugins\/seo\/ -->\n<title>T\u0131r Brandalar\u0131<\/title>\n<meta name=\"description\" content=\"En uygun fiyatlarla Avrupa kalite t\u0131r brandas\u0131 sat\u0131n almak i\u00e7in sayfam\u0131z\u0131 ziyaret ederek bizimle ileti\u015fime ge\u00e7in. Hemen \u015fimdi teklif al\u0131n!\" \/>\n<meta name=\"robots\" content=\"index, follow, max-snippet:-1, max-image-preview:large, max-video-preview:-1\" \/>\n<link rel=\"canonical\" href=\"https:\/\/stocklot.com.tr\/de\/produkt\/tir-brandalari\/\" \/>\n<meta property=\"og:locale\" content=\"de_DE\" \/>\n<meta property=\"og:type\" content=\"article\" \/>\n<meta property=\"og:title\" content=\"T\u0131r Brandalar\u0131\" \/>\n<meta property=\"og:description\" content=\"En uygun fiyatlarla Avrupa kalite t\u0131r brandas\u0131 sat\u0131n almak i\u00e7in sayfam\u0131z\u0131 ziyaret ederek bizimle ileti\u015fime ge\u00e7in. Hemen \u015fimdi teklif al\u0131n!\" \/>\n<meta property=\"og:url\" content=\"https:\/\/stocklot.com.tr\/de\/produkt\/tir-brandalari\/\" \/>\n<meta property=\"og:site_name\" content=\"Stocklot D\u0131\u015f Ticaret\" \/>\n<meta property=\"article:publisher\" content=\"https:\/\/www.facebook.com\/stocklot.branda.7\" \/>\n<meta property=\"article:modified_time\" content=\"2023-08-29T20:11:29+00:00\" \/>\n<meta property=\"og:image\" content=\"https:\/\/stocklot.com.tr\/wp-content\/uploads\/2018\/10\/tir-brandasi.png\" \/>\n\t<meta property=\"og:image:width\" content=\"500\" \/>\n\t<meta property=\"og:image:height\" content=\"590\" \/>\n\t<meta property=\"og:image:type\" content=\"image\/png\" \/>\n<meta name=\"twitter:card\" content=\"summary_large_image\" \/>\n<meta name=\"twitter:site\" content=\"@stocklottr\" \/>\n<meta name=\"twitter:label1\" content=\"Gesch\u00e4tzte Lesezeit\" \/>\n\t<meta name=\"twitter:data1\" content=\"2\u00a0Minuten\" \/>\n<script type=\"application\/ld+json\" class=\"yoast-schema-graph\">{\"@context\":\"https:\/\/schema.org\",\"@graph\":[{\"@type\":\"WebPage\",\"@id\":\"https:\/\/stocklot.com.tr\/urun\/tir-brandalari\/\",\"url\":\"https:\/\/stocklot.com.tr\/urun\/tir-brandalari\/\",\"name\":\"T\u0131r Brandalar\u0131\",\"isPartOf\":{\"@id\":\"https:\/\/stocklot.com.tr\/#website\"},\"primaryImageOfPage\":{\"@id\":\"https:\/\/stocklot.com.tr\/urun\/tir-brandalari\/#primaryimage\"},\"image\":{\"@id\":\"https:\/\/stocklot.com.tr\/urun\/tir-brandalari\/#primaryimage\"},\"thumbnailUrl\":\"https:\/\/stocklot.com.tr\/wp-content\/uploads\/2018\/10\/tir-brandasi.png\",\"datePublished\":\"2018-10-12T06:59:28+00:00\",\"dateModified\":\"2023-08-29T20:11:29+00:00\",\"description\":\"En uygun fiyatlarla Avrupa kalite t\u0131r brandas\u0131 sat\u0131n almak i\u00e7in sayfam\u0131z\u0131 ziyaret ederek bizimle ileti\u015fime ge\u00e7in. Hemen \u015fimdi teklif al\u0131n!\",\"breadcrumb\":{\"@id\":\"https:\/\/stocklot.com.tr\/urun\/tir-brandalari\/#breadcrumb\"},\"inLanguage\":\"de\",\"potentialAction\":[{\"@type\":\"ReadAction\",\"target\":[\"https:\/\/stocklot.com.tr\/urun\/tir-brandalari\/\"]}]},{\"@type\":\"ImageObject\",\"inLanguage\":\"de\",\"@id\":\"https:\/\/stocklot.com.tr\/urun\/tir-brandalari\/#primaryimage\",\"url\":\"https:\/\/stocklot.com.tr\/wp-content\/uploads\/2018\/10\/tir-brandasi.png\",\"contentUrl\":\"https:\/\/stocklot.com.tr\/wp-content\/uploads\/2018\/10\/tir-brandasi.png\",\"width\":500,\"height\":590},{\"@type\":\"BreadcrumbList\",\"@id\":\"https:\/\/stocklot.com.tr\/urun\/tir-brandalari\/#breadcrumb\",\"itemListElement\":[{\"@type\":\"ListItem\",\"position\":1,\"name\":\"Ana sayfa\",\"item\":\"https:\/\/stocklot.com.tr\/\"},{\"@type\":\"ListItem\",\"position\":2,\"name\":\"Tedarik A\u011f\u0131m\u0131z\",\"item\":\"https:\/\/stocklot.com.tr\/supply-network\/\"},{\"@type\":\"ListItem\",\"position\":3,\"name\":\"T\u0131r Brandalar\u0131\"}]},{\"@type\":\"WebSite\",\"@id\":\"https:\/\/stocklot.com.tr\/#website\",\"url\":\"https:\/\/stocklot.com.tr\/\",\"name\":\"Stocklot D\u0131\u015f Ticaret\",\"description\":\"\",\"publisher\":{\"@id\":\"https:\/\/stocklot.com.tr\/#organization\"},\"potentialAction\":[{\"@type\":\"SearchAction\",\"target\":{\"@type\":\"EntryPoint\",\"urlTemplate\":\"https:\/\/stocklot.com.tr\/?s={search_term_string}\"},\"query-input\":{\"@type\":\"PropertyValueSpecification\",\"valueRequired\":true,\"valueName\":\"search_term_string\"}}],\"inLanguage\":\"de\"},{\"@type\":\"Organization\",\"@id\":\"https:\/\/stocklot.com.tr\/#organization\",\"name\":\"Stocklot D\u0131\u015f Ticaret LTD \u015eT\u0130\",\"url\":\"https:\/\/stocklot.com.tr\/\",\"logo\":{\"@type\":\"ImageObject\",\"inLanguage\":\"de\",\"@id\":\"https:\/\/stocklot.com.tr\/#\/schema\/logo\/image\/\",\"url\":\"https:\/\/stocklot.com.tr\/wp-content\/uploads\/2018\/08\/logo.png\",\"contentUrl\":\"https:\/\/stocklot.com.tr\/wp-content\/uploads\/2018\/08\/logo.png\",\"width\":329,\"height\":100,\"caption\":\"Stocklot D\u0131\u015f Ticaret LTD \u015eT\u0130\"},\"image\":{\"@id\":\"https:\/\/stocklot.com.tr\/#\/schema\/logo\/image\/\"},\"sameAs\":[\"https:\/\/www.facebook.com\/stocklot.branda.7\",\"https:\/\/x.com\/stocklottr\",\"https:\/\/www.instagram.com\/stocklot.tr\/\",\"https:\/\/www.linkedin.com\/company\/stocklot-dis-ticaret\/\",\"http:\/\/www.youtube.com\/channel\/UC3vVOrCxsWCI7flcrjAglzA\"]}]}<\/script>\n<!-- \/ Yoast SEO plugin. -->","yoast_head_json":{"title":"T\u0131r Brandalar\u0131","description":"En uygun fiyatlarla Avrupa kalite t\u0131r brandas\u0131 sat\u0131n almak i\u00e7in sayfam\u0131z\u0131 ziyaret ederek bizimle ileti\u015fime ge\u00e7in. Hemen \u015fimdi teklif al\u0131n!","robots":{"index":"index","follow":"follow","max-snippet":"max-snippet:-1","max-image-preview":"max-image-preview:large","max-video-preview":"max-video-preview:-1"},"canonical":"https:\/\/stocklot.com.tr\/de\/produkt\/tir-brandalari\/","og_locale":"de_DE","og_type":"article","og_title":"T\u0131r Brandalar\u0131","og_description":"En uygun fiyatlarla Avrupa kalite t\u0131r brandas\u0131 sat\u0131n almak i\u00e7in sayfam\u0131z\u0131 ziyaret ederek bizimle ileti\u015fime ge\u00e7in. Hemen \u015fimdi teklif al\u0131n!","og_url":"https:\/\/stocklot.com.tr\/de\/produkt\/tir-brandalari\/","og_site_name":"Stocklot D\u0131\u015f Ticaret","article_publisher":"https:\/\/www.facebook.com\/stocklot.branda.7","article_modified_time":"2023-08-29T20:11:29+00:00","og_image":[{"width":500,"height":590,"url":"https:\/\/stocklot.com.tr\/wp-content\/uploads\/2018\/10\/tir-brandasi.png","type":"image\/png"}],"twitter_card":"summary_large_image","twitter_site":"@stocklottr","twitter_misc":{"Gesch\u00e4tzte Lesezeit":"2\u00a0Minuten"},"schema":{"@context":"https:\/\/schema.org","@graph":[{"@type":"WebPage","@id":"https:\/\/stocklot.com.tr\/urun\/tir-brandalari\/","url":"https:\/\/stocklot.com.tr\/urun\/tir-brandalari\/","name":"T\u0131r Brandalar\u0131","isPartOf":{"@id":"https:\/\/stocklot.com.tr\/#website"},"primaryImageOfPage":{"@id":"https:\/\/stocklot.com.tr\/urun\/tir-brandalari\/#primaryimage"},"image":{"@id":"https:\/\/stocklot.com.tr\/urun\/tir-brandalari\/#primaryimage"},"thumbnailUrl":"https:\/\/stocklot.com.tr\/wp-content\/uploads\/2018\/10\/tir-brandasi.png","datePublished":"2018-10-12T06:59:28+00:00","dateModified":"2023-08-29T20:11:29+00:00","description":"En uygun fiyatlarla Avrupa kalite t\u0131r brandas\u0131 sat\u0131n almak i\u00e7in sayfam\u0131z\u0131 ziyaret ederek bizimle ileti\u015fime ge\u00e7in. Hemen \u015fimdi teklif al\u0131n!","breadcrumb":{"@id":"https:\/\/stocklot.com.tr\/urun\/tir-brandalari\/#breadcrumb"},"inLanguage":"de","potentialAction":[{"@type":"ReadAction","target":["https:\/\/stocklot.com.tr\/urun\/tir-brandalari\/"]}]},{"@type":"ImageObject","inLanguage":"de","@id":"https:\/\/stocklot.com.tr\/urun\/tir-brandalari\/#primaryimage","url":"https:\/\/stocklot.com.tr\/wp-content\/uploads\/2018\/10\/tir-brandasi.png","contentUrl":"https:\/\/stocklot.com.tr\/wp-content\/uploads\/2018\/10\/tir-brandasi.png","width":500,"height":590},{"@type":"BreadcrumbList","@id":"https:\/\/stocklot.com.tr\/urun\/tir-brandalari\/#breadcrumb","itemListElement":[{"@type":"ListItem","position":1,"name":"Ana sayfa","item":"https:\/\/stocklot.com.tr\/"},{"@type":"ListItem","position":2,"name":"Tedarik A\u011f\u0131m\u0131z","item":"https:\/\/stocklot.com.tr\/supply-network\/"},{"@type":"ListItem","position":3,"name":"T\u0131r Brandalar\u0131"}]},{"@type":"WebSite","@id":"https:\/\/stocklot.com.tr\/#website","url":"https:\/\/stocklot.com.tr\/","name":"Stocklot D\u0131\u015f Ticaret","description":"","publisher":{"@id":"https:\/\/stocklot.com.tr\/#organization"},"potentialAction":[{"@type":"SearchAction","target":{"@type":"EntryPoint","urlTemplate":"https:\/\/stocklot.com.tr\/?s={search_term_string}"},"query-input":{"@type":"PropertyValueSpecification","valueRequired":true,"valueName":"search_term_string"}}],"inLanguage":"de"},{"@type":"Organization","@id":"https:\/\/stocklot.com.tr\/#organization","name":"Stocklot D\u0131\u015f Ticaret LTD \u015eT\u0130","url":"https:\/\/stocklot.com.tr\/","logo":{"@type":"ImageObject","inLanguage":"de","@id":"https:\/\/stocklot.com.tr\/#\/schema\/logo\/image\/","url":"https:\/\/stocklot.com.tr\/wp-content\/uploads\/2018\/08\/logo.png","contentUrl":"https:\/\/stocklot.com.tr\/wp-content\/uploads\/2018\/08\/logo.png","width":329,"height":100,"caption":"Stocklot D\u0131\u015f Ticaret LTD \u015eT\u0130"},"image":{"@id":"https:\/\/stocklot.com.tr\/#\/schema\/logo\/image\/"},"sameAs":["https:\/\/www.facebook.com\/stocklot.branda.7","https:\/\/x.com\/stocklottr","https:\/\/www.instagram.com\/stocklot.tr\/","https:\/\/www.linkedin.com\/company\/stocklot-dis-ticaret\/","http:\/\/www.youtube.com\/channel\/UC3vVOrCxsWCI7flcrjAglzA"]}]}},"_links":{"self":[{"href":"https:\/\/stocklot.com.tr\/de\/wp-json\/wp\/v2\/product\/133","targetHints":{"allow":["GET"]}}],"collection":[{"href":"https:\/\/stocklot.com.tr\/de\/wp-json\/wp\/v2\/product"}],"about":[{"href":"https:\/\/stocklot.com.tr\/de\/wp-json\/wp\/v2\/types\/product"}],"wp:featuredmedia":[{"embeddable":true,"href":"https:\/\/stocklot.com.tr\/de\/wp-json\/wp\/v2\/media\/6930"}],"wp:attachment":[{"href":"https:\/\/stocklot.com.tr\/de\/wp-json\/wp\/v2\/media?parent=133"}],"wp:term":[{"taxonomy":"product_brand","embeddable":true,"href":"https:\/\/stocklot.com.tr\/de\/wp-json\/wp\/v2\/product_brand?post=133"},{"taxonomy":"product_cat","embeddable":true,"href":"https:\/\/stocklot.com.tr\/de\/wp-json\/wp\/v2\/product_cat?post=133"},{"taxonomy":"product_tag","embeddable":true,"href":"https:\/\/stocklot.com.tr\/de\/wp-json\/wp\/v2\/product_tag?post=133"}],"curies":[{"name":"wp","href":"https:\/\/api.w.org\/{rel}","templated":true}]}}