{"id":6786,"date":"2020-03-08T21:04:42","date_gmt":"2020-03-08T18:04:42","guid":{"rendered":"https:\/\/stocklot.com.tr\/?page_id=6786"},"modified":"2020-03-08T21:36:15","modified_gmt":"2020-03-08T18:36:15","slug":"heytex","status":"publish","type":"page","link":"https:\/\/stocklot.com.tr\/de\/heytex\/","title":{"rendered":"Heytex Teknik Tekstil \u00dcr\u00fcnleri"},"content":{"rendered":"<div class=\"wp-block-themeisle-blocks-advanced-columns has-1-columns has-desktop-equal-layout has-tablet-equal-layout has-mobile-equal-layout has-default-gap has-vertical-unset\" id=\"wp-block-themeisle-blocks-advanced-columns-3fbfbece\"><div class=\"wp-block-themeisle-blocks-advanced-columns-overlay\"><\/div><div class=\"innerblocks-wrap\">\n<div class=\"wp-block-themeisle-blocks-advanced-column\" id=\"wp-block-themeisle-blocks-advanced-column-51143db7\">\n<p>Heytex, 1913 y\u0131l\u0131nda Osnabruck&#8217;te yelken bezi dokuma fabrikas\u0131 olarak kuruldu. Vizyon sahibi bir giri\u015fimci olan Julius Heywinkel sadece zanaat\u0131n\u0131 bilmekle kalmad\u0131, ayn\u0131 zamanda zaman\u0131n\u0131n i\u015faretlerini de g\u00f6rd\u00fc ve k\u0131sa bir s\u00fcrede firmas\u0131n\u0131 \u00fcst s\u0131ralara konumland\u0131rd\u0131. <\/p>\n\n\n\n<p>T\u00fcm yan kurulu\u015flar\u0131 ve kapsaml\u0131 bir \u00fcr\u00fcn portf\u00f6y\u00fc ile Heytex, bug\u00fcn d\u00fcnya teknik tekstil pazar\u0131nda istisnai bir konumdad\u0131r ve 100 y\u0131ll\u0131k ba\u015far\u0131 i\u00e7in deneyim, uzmanl\u0131k ve yenilik a\u00e7\u0131s\u0131ndan <strong>ideal ko\u015fullar sunmaktad\u0131r<\/strong>!<\/p>\n\n\n\n<h3 id=\"wp-block-themeisle-blocks-advanced-heading-5581f208\" class=\"wp-block-themeisle-blocks-advanced-heading wp-block-themeisle-blocks-advanced-heading-5581f208\">Heytex \u00c7\u00f6z\u00fcm Orta\u011f\u0131: Stocklot<\/h3>\n\n\n\n<p>T\u00fcrkiye&#8217;nin her yerine uygun fiyatlarla y\u00fcksek kaliteli \u00fcr\u00fcnler pazarlayarak k\u0131sa s\u00fcrede b\u00fcy\u00fcyen firmam\u0131z Heytex markas\u0131n\u0131n <strong>T\u00fcrkiye Yetkili Pazarlamac\u0131s\u0131<\/strong>&#8216;d\u0131r. G\u00fcvenilir ticaret ve rekabet\u00e7i fiyatlar politikam\u0131z ile hizmet vermeye devam ediyoruz.<\/p>\n\n\n\n<figure class=\"wp-block-image size-large\"><img fetchpriority=\"high\" decoding=\"async\" width=\"1080\" height=\"150\" src=\"https:\/\/i1.wp.com\/stocklot.com.tr\/wp-content\/uploads\/2020\/03\/heytex-and-stocklot.png?fit=750%2C104&amp;ssl=1\" alt=\"\" class=\"wp-image-6788\" srcset=\"https:\/\/stocklot.com.tr\/wp-content\/uploads\/2020\/03\/heytex-and-stocklot.png 1080w, https:\/\/stocklot.com.tr\/wp-content\/uploads\/2020\/03\/heytex-and-stocklot-300x42.png 300w, https:\/\/stocklot.com.tr\/wp-content\/uploads\/2020\/03\/heytex-and-stocklot-1024x142.png 1024w, https:\/\/stocklot.com.tr\/wp-content\/uploads\/2020\/03\/heytex-and-stocklot-768x107.png 768w, https:\/\/stocklot.com.tr\/wp-content\/uploads\/2020\/03\/heytex-and-stocklot-600x83.png 600w\" sizes=\"(max-width: 1080px) 100vw, 1080px\" \/><\/figure>\n<\/div>\n<\/div><\/div>","protected":false},"excerpt":{"rendered":"","protected":false},"author":1,"featured_media":0,"parent":0,"menu_order":0,"comment_status":"closed","ping_status":"closed","template":"","meta":{"footnotes":""},"class_list":["post-6786","page","type-page","status-publish","hentry"],"yoast_head":"<!-- This site is optimized with the Yoast SEO plugin v25.3.1 - https:\/\/yoast.com\/wordpress\/plugins\/seo\/ -->\n<title>Heytex Teknik Tekstil \u00dcr\u00fcnleri | Stocklot D\u0131\u015f Ticaret<\/title>\n<meta name=\"description\" content=\"Firmam\u0131z Heytex Teknik Tekstil \u00fcr\u00fcnlerinin T\u00fcrkiye Yetkili Sat\u0131c\u0131s\u0131&#039;d\u0131r. Stocklot g\u00fcvencesi ve Heytex kalitesi birlikte!\" \/>\n<meta name=\"robots\" content=\"index, follow, max-snippet:-1, max-image-preview:large, max-video-preview:-1\" \/>\n<link rel=\"canonical\" href=\"https:\/\/stocklot.com.tr\/de\/heytex\/\" \/>\n<meta property=\"og:locale\" content=\"de_DE\" \/>\n<meta property=\"og:type\" content=\"article\" \/>\n<meta property=\"og:title\" content=\"Heytex Teknik Tekstil \u00dcr\u00fcnleri | Stocklot D\u0131\u015f Ticaret\" \/>\n<meta property=\"og:description\" content=\"Firmam\u0131z Heytex Teknik Tekstil \u00fcr\u00fcnlerinin T\u00fcrkiye Yetkili Sat\u0131c\u0131s\u0131&#039;d\u0131r. Stocklot g\u00fcvencesi ve Heytex kalitesi birlikte!\" \/>\n<meta property=\"og:url\" content=\"https:\/\/stocklot.com.tr\/de\/heytex\/\" \/>\n<meta property=\"og:site_name\" content=\"Stocklot D\u0131\u015f Ticaret\" \/>\n<meta property=\"article:publisher\" content=\"https:\/\/www.facebook.com\/stocklot.branda.7\" \/>\n<meta property=\"article:modified_time\" content=\"2020-03-08T18:36:15+00:00\" \/>\n<meta property=\"og:image\" content=\"https:\/\/i1.wp.com\/stocklot.com.tr\/wp-content\/uploads\/2020\/03\/heytex-and-stocklot.png?fit=750%2C104&amp;ssl=1\" \/>\n<meta name=\"twitter:card\" content=\"summary_large_image\" \/>\n<meta name=\"twitter:site\" content=\"@stocklottr\" \/>\n<meta name=\"twitter:label1\" content=\"Gesch\u00e4tzte Lesezeit\" \/>\n\t<meta name=\"twitter:data1\" content=\"1\u00a0Minute\" \/>\n<script type=\"application\/ld+json\" class=\"yoast-schema-graph\">{\"@context\":\"https:\/\/schema.org\",\"@graph\":[{\"@type\":\"WebPage\",\"@id\":\"https:\/\/stocklot.com.tr\/de\/heytex\/\",\"url\":\"https:\/\/stocklot.com.tr\/de\/heytex\/\",\"name\":\"Heytex Teknik Tekstil \u00dcr\u00fcnleri | Stocklot D\u0131\u015f Ticaret\",\"isPartOf\":{\"@id\":\"https:\/\/stocklot.com.tr\/#website\"},\"primaryImageOfPage\":{\"@id\":\"https:\/\/stocklot.com.tr\/de\/heytex\/#primaryimage\"},\"image\":{\"@id\":\"https:\/\/stocklot.com.tr\/de\/heytex\/#primaryimage\"},\"thumbnailUrl\":\"https:\/\/i1.wp.com\/stocklot.com.tr\/wp-content\/uploads\/2020\/03\/heytex-and-stocklot.png?fit=750%2C104&amp;ssl=1\",\"datePublished\":\"2020-03-08T18:04:42+00:00\",\"dateModified\":\"2020-03-08T18:36:15+00:00\",\"description\":\"Firmam\u0131z Heytex Teknik Tekstil \u00fcr\u00fcnlerinin T\u00fcrkiye Yetkili Sat\u0131c\u0131s\u0131'd\u0131r. Stocklot g\u00fcvencesi ve Heytex kalitesi birlikte!\",\"breadcrumb\":{\"@id\":\"https:\/\/stocklot.com.tr\/de\/heytex\/#breadcrumb\"},\"inLanguage\":\"de\",\"potentialAction\":[{\"@type\":\"ReadAction\",\"target\":[\"https:\/\/stocklot.com.tr\/de\/heytex\/\"]}]},{\"@type\":\"ImageObject\",\"inLanguage\":\"de\",\"@id\":\"https:\/\/stocklot.com.tr\/de\/heytex\/#primaryimage\",\"url\":\"https:\/\/i1.wp.com\/stocklot.com.tr\/wp-content\/uploads\/2020\/03\/heytex-and-stocklot.png?fit=750%2C104&amp;ssl=1\",\"contentUrl\":\"https:\/\/i1.wp.com\/stocklot.com.tr\/wp-content\/uploads\/2020\/03\/heytex-and-stocklot.png?fit=750%2C104&amp;ssl=1\"},{\"@type\":\"BreadcrumbList\",\"@id\":\"https:\/\/stocklot.com.tr\/de\/heytex\/#breadcrumb\",\"itemListElement\":[{\"@type\":\"ListItem\",\"position\":1,\"name\":\"Ana sayfa\",\"item\":\"https:\/\/stocklot.com.tr\/\"},{\"@type\":\"ListItem\",\"position\":2,\"name\":\"Heytex Teknik Tekstil \u00dcr\u00fcnleri\"}]},{\"@type\":\"WebSite\",\"@id\":\"https:\/\/stocklot.com.tr\/#website\",\"url\":\"https:\/\/stocklot.com.tr\/\",\"name\":\"Stocklot D\u0131\u015f Ticaret\",\"description\":\"\",\"publisher\":{\"@id\":\"https:\/\/stocklot.com.tr\/#organization\"},\"potentialAction\":[{\"@type\":\"SearchAction\",\"target\":{\"@type\":\"EntryPoint\",\"urlTemplate\":\"https:\/\/stocklot.com.tr\/?s={search_term_string}\"},\"query-input\":{\"@type\":\"PropertyValueSpecification\",\"valueRequired\":true,\"valueName\":\"search_term_string\"}}],\"inLanguage\":\"de\"},{\"@type\":\"Organization\",\"@id\":\"https:\/\/stocklot.com.tr\/#organization\",\"name\":\"Stocklot D\u0131\u015f Ticaret LTD \u015eT\u0130\",\"url\":\"https:\/\/stocklot.com.tr\/\",\"logo\":{\"@type\":\"ImageObject\",\"inLanguage\":\"de\",\"@id\":\"https:\/\/stocklot.com.tr\/#\/schema\/logo\/image\/\",\"url\":\"https:\/\/stocklot.com.tr\/wp-content\/uploads\/2018\/08\/logo.png\",\"contentUrl\":\"https:\/\/stocklot.com.tr\/wp-content\/uploads\/2018\/08\/logo.png\",\"width\":329,\"height\":100,\"caption\":\"Stocklot D\u0131\u015f Ticaret LTD \u015eT\u0130\"},\"image\":{\"@id\":\"https:\/\/stocklot.com.tr\/#\/schema\/logo\/image\/\"},\"sameAs\":[\"https:\/\/www.facebook.com\/stocklot.branda.7\",\"https:\/\/x.com\/stocklottr\",\"https:\/\/www.instagram.com\/stocklot.tr\/\",\"https:\/\/www.linkedin.com\/company\/stocklot-dis-ticaret\/\",\"http:\/\/www.youtube.com\/channel\/UC3vVOrCxsWCI7flcrjAglzA\"]}]}<\/script>\n<!-- \/ Yoast SEO plugin. -->","yoast_head_json":{"title":"Heytex Teknik Tekstil \u00dcr\u00fcnleri | Stocklot D\u0131\u015f Ticaret","description":"Firmam\u0131z Heytex Teknik Tekstil \u00fcr\u00fcnlerinin T\u00fcrkiye Yetkili Sat\u0131c\u0131s\u0131'd\u0131r. Stocklot g\u00fcvencesi ve Heytex kalitesi birlikte!","robots":{"index":"index","follow":"follow","max-snippet":"max-snippet:-1","max-image-preview":"max-image-preview:large","max-video-preview":"max-video-preview:-1"},"canonical":"https:\/\/stocklot.com.tr\/de\/heytex\/","og_locale":"de_DE","og_type":"article","og_title":"Heytex Teknik Tekstil \u00dcr\u00fcnleri | Stocklot D\u0131\u015f Ticaret","og_description":"Firmam\u0131z Heytex Teknik Tekstil \u00fcr\u00fcnlerinin T\u00fcrkiye Yetkili Sat\u0131c\u0131s\u0131'd\u0131r. Stocklot g\u00fcvencesi ve Heytex kalitesi birlikte!","og_url":"https:\/\/stocklot.com.tr\/de\/heytex\/","og_site_name":"Stocklot D\u0131\u015f Ticaret","article_publisher":"https:\/\/www.facebook.com\/stocklot.branda.7","article_modified_time":"2020-03-08T18:36:15+00:00","og_image":[{"url":"https:\/\/i1.wp.com\/stocklot.com.tr\/wp-content\/uploads\/2020\/03\/heytex-and-stocklot.png?fit=750%2C104&amp;ssl=1","type":"","width":"","height":""}],"twitter_card":"summary_large_image","twitter_site":"@stocklottr","twitter_misc":{"Gesch\u00e4tzte Lesezeit":"1\u00a0Minute"},"schema":{"@context":"https:\/\/schema.org","@graph":[{"@type":"WebPage","@id":"https:\/\/stocklot.com.tr\/de\/heytex\/","url":"https:\/\/stocklot.com.tr\/de\/heytex\/","name":"Heytex Teknik Tekstil \u00dcr\u00fcnleri | Stocklot D\u0131\u015f Ticaret","isPartOf":{"@id":"https:\/\/stocklot.com.tr\/#website"},"primaryImageOfPage":{"@id":"https:\/\/stocklot.com.tr\/de\/heytex\/#primaryimage"},"image":{"@id":"https:\/\/stocklot.com.tr\/de\/heytex\/#primaryimage"},"thumbnailUrl":"https:\/\/i1.wp.com\/stocklot.com.tr\/wp-content\/uploads\/2020\/03\/heytex-and-stocklot.png?fit=750%2C104&amp;ssl=1","datePublished":"2020-03-08T18:04:42+00:00","dateModified":"2020-03-08T18:36:15+00:00","description":"Firmam\u0131z Heytex Teknik Tekstil \u00fcr\u00fcnlerinin T\u00fcrkiye Yetkili Sat\u0131c\u0131s\u0131'd\u0131r. Stocklot g\u00fcvencesi ve Heytex kalitesi birlikte!","breadcrumb":{"@id":"https:\/\/stocklot.com.tr\/de\/heytex\/#breadcrumb"},"inLanguage":"de","potentialAction":[{"@type":"ReadAction","target":["https:\/\/stocklot.com.tr\/de\/heytex\/"]}]},{"@type":"ImageObject","inLanguage":"de","@id":"https:\/\/stocklot.com.tr\/de\/heytex\/#primaryimage","url":"https:\/\/i1.wp.com\/stocklot.com.tr\/wp-content\/uploads\/2020\/03\/heytex-and-stocklot.png?fit=750%2C104&amp;ssl=1","contentUrl":"https:\/\/i1.wp.com\/stocklot.com.tr\/wp-content\/uploads\/2020\/03\/heytex-and-stocklot.png?fit=750%2C104&amp;ssl=1"},{"@type":"BreadcrumbList","@id":"https:\/\/stocklot.com.tr\/de\/heytex\/#breadcrumb","itemListElement":[{"@type":"ListItem","position":1,"name":"Ana sayfa","item":"https:\/\/stocklot.com.tr\/"},{"@type":"ListItem","position":2,"name":"Heytex Teknik Tekstil \u00dcr\u00fcnleri"}]},{"@type":"WebSite","@id":"https:\/\/stocklot.com.tr\/#website","url":"https:\/\/stocklot.com.tr\/","name":"Stocklot D\u0131\u015f Ticaret","description":"","publisher":{"@id":"https:\/\/stocklot.com.tr\/#organization"},"potentialAction":[{"@type":"SearchAction","target":{"@type":"EntryPoint","urlTemplate":"https:\/\/stocklot.com.tr\/?s={search_term_string}"},"query-input":{"@type":"PropertyValueSpecification","valueRequired":true,"valueName":"search_term_string"}}],"inLanguage":"de"},{"@type":"Organization","@id":"https:\/\/stocklot.com.tr\/#organization","name":"Stocklot D\u0131\u015f Ticaret LTD \u015eT\u0130","url":"https:\/\/stocklot.com.tr\/","logo":{"@type":"ImageObject","inLanguage":"de","@id":"https:\/\/stocklot.com.tr\/#\/schema\/logo\/image\/","url":"https:\/\/stocklot.com.tr\/wp-content\/uploads\/2018\/08\/logo.png","contentUrl":"https:\/\/stocklot.com.tr\/wp-content\/uploads\/2018\/08\/logo.png","width":329,"height":100,"caption":"Stocklot D\u0131\u015f Ticaret LTD \u015eT\u0130"},"image":{"@id":"https:\/\/stocklot.com.tr\/#\/schema\/logo\/image\/"},"sameAs":["https:\/\/www.facebook.com\/stocklot.branda.7","https:\/\/x.com\/stocklottr","https:\/\/www.instagram.com\/stocklot.tr\/","https:\/\/www.linkedin.com\/company\/stocklot-dis-ticaret\/","http:\/\/www.youtube.com\/channel\/UC3vVOrCxsWCI7flcrjAglzA"]}]}},"_links":{"self":[{"href":"https:\/\/stocklot.com.tr\/de\/wp-json\/wp\/v2\/pages\/6786","targetHints":{"allow":["GET"]}}],"collection":[{"href":"https:\/\/stocklot.com.tr\/de\/wp-json\/wp\/v2\/pages"}],"about":[{"href":"https:\/\/stocklot.com.tr\/de\/wp-json\/wp\/v2\/types\/page"}],"author":[{"embeddable":true,"href":"https:\/\/stocklot.com.tr\/de\/wp-json\/wp\/v2\/users\/1"}],"replies":[{"embeddable":true,"href":"https:\/\/stocklot.com.tr\/de\/wp-json\/wp\/v2\/comments?post=6786"}],"version-history":[{"count":2,"href":"https:\/\/stocklot.com.tr\/de\/wp-json\/wp\/v2\/pages\/6786\/revisions"}],"predecessor-version":[{"id":6789,"href":"https:\/\/stocklot.com.tr\/de\/wp-json\/wp\/v2\/pages\/6786\/revisions\/6789"}],"wp:attachment":[{"href":"https:\/\/stocklot.com.tr\/de\/wp-json\/wp\/v2\/media?parent=6786"}],"curies":[{"name":"wp","href":"https:\/\/api.w.org\/{rel}","templated":true}]}}