{"id":6797,"date":"2018-03-11T19:45:05","date_gmt":"2018-03-11T16:45:05","guid":{"rendered":"https:\/\/stocklot.com.tr\/?post_type=product&#038;p=6797"},"modified":"2023-08-04T13:24:05","modified_gmt":"2023-08-04T10:24:05","slug":"cadir-brandasi","status":"publish","type":"product","link":"https:\/\/stocklot.com.tr\/ar\/product\/cadir-brandasi\/","title":{"rendered":"\u00c7ad\u0131r Brandas\u0131"},"content":{"rendered":"<h5>Parti \u00e7ad\u0131r\u0131ndan etkinlik alan\u0131 \u00e7at\u0131s\u0131na kadar<\/h5>\n<p>Profesyonel veya \u00f6zel gereksinimler i\u00e7in: HEYtent malzemeleri en y\u00fcksek standartlar\u0131 kar\u015f\u0131lar. HEYtent professional serisi, b\u00fcy\u00fck \u00e7ad\u0131rlar, depo \u00e7ad\u0131rlar\u0131 ve \u00e7ok daha fazlas\u0131 gibi hafif yap\u0131lar i\u00e7in son derece sa\u011flam PVC kapl\u0131 kuma\u015flar\u0131 temsil eder. Her mevsimde hava \u015fartlar\u0131na kar\u015f\u0131 dayan\u0131kl\u0131l\u0131\u011f\u0131 ve hafifli\u011fi, bu kuma\u015f\u0131 bir\u00e7ok k\u0131sa ve uzun vadeli etkinlik i\u00e7in en uygun \u00e7at\u0131 \u00e7\u00f6z\u00fcm\u00fc haline getirir. Y\u00fcksek kaliteli malzeme \u00e7e\u015fitli standartlara g\u00f6re alev geciktiricidir ve elbette \u0131s\u0131ya ve so\u011fu\u011fa dayan\u0131kl\u0131d\u0131r. \u00dcst\u00fcn kalitesi, d\u00fc\u015f\u00fck fitil etkisi (iste\u011fe ba\u011fl\u0131 olarak) ile \u00f6ne \u00e7\u0131k\u0131yor. HEYtent light serisinin \u00fcr\u00fcnleri, \u00f6zel sekt\u00f6rdeki k\u0131sa s\u00fcreli, ge\u00e7ici uygulamalarda harika g\u00f6r\u00fcnmektedir.<\/p>\n<p>&nbsp;<\/p>\n<h5>Profesyonel Serisi<\/h5>\n<table>\n<tbody>\n<tr style=\"background-color: #efefef;\">\n<th>\u00dcr\u00fcn<\/th>\n<th>Gerilme Direnci<\/th>\n<th>A\u011f\u0131rl\u0131k<\/th>\n<th>Rulo Geni\u015fli\u011fi<\/th>\n<th>Di\u011fer<\/th>\n<th>\u0645\u0624\u062e\u0631 \u0644\u0644\u062d\u0631\u0648\u0642<\/th>\n<\/tr>\n<tr>\n<td>clipeum 650 EN lw<br \/>\n<span style=\"color: #0080c2;\">H5871-0286-LW*<\/span><\/td>\n<td>3000\/3200 N\/5 cm<br \/>\n<span style=\"color: #0080c2;\">343\/365 lbs\/inch<\/span><\/td>\n<td>650 g\/m\u00b2<br \/>\n<span style=\"color: #0080c2;\">19 oz\/yd\u00b2<\/span><\/td>\n<td>250\/300 cm<br \/>\n<span style=\"color: #0080c2;\">98\/118 inch<\/span><\/td>\n<td>d\u00fc\u015f\u00fck fitil,<br \/>\nparlak<\/td>\n<td>DIN 4102 B1; NF P 92-503ff M2;<br \/>\nCalifornia T19; SIS 62 00 82; EN 13501-1<\/td>\n<\/tr>\n<tr>\n<td>clipeum 650<br \/>\n<span style=\"color: #0080c2;\">H5871*<\/span><\/td>\n<td>3000\/2900 N\/5 cm<br \/>\n<span style=\"color: #0080c2;\">343\/331 lbs\/inch<\/span><\/td>\n<td>650 g\/m\u00b2<br \/>\n<span style=\"color: #0080c2;\">19 oz\/yd\u00b2<\/span><\/td>\n<td>250\/300 cm<br \/>\n<span style=\"color: #0080c2;\">98\/118 inch<\/span><\/td>\n<td>premium<br \/>\nparlak<\/td>\n<td>DIN 4102 B1; NF P 92-503ff M2;<br \/>\nCalifornia T19; SIS 62 00 82; EN 13501-1<\/td>\n<\/tr>\n<tr>\n<td>tentorium 650<br \/>\n<span style=\"color: #0080c2;\">H5571-0283-Eco<\/span><\/td>\n<td>3000\/2600 N\/5 cm<br \/>\n<span style=\"color: #0080c2;\">343\/297 lbs\/inch<\/span><\/td>\n<td>650 g\/m\u00b2<br \/>\n<span style=\"color: #0080c2;\">19 oz\/yd\u00b2<\/span><\/td>\n<td>250\/300 cm<br \/>\n<span style=\"color: #0080c2;\">98\/118 inch<\/span><\/td>\n<td>eco<br \/>\nparlak<\/td>\n<td>DIN 4102 B1; EN 13501-1;<br \/>\nNFP 92-503ff M2<\/td>\n<\/tr>\n<tr>\n<td>clipeum 850 BLO<br \/>\n<span style=\"color: #0080c2;\">H5571-0828 BLO<\/span><\/td>\n<td>3300\/3200 N\/5 cm<br \/>\n<span style=\"color: #0080c2;\">354\/331 lbs\/inch<\/span><\/td>\n<td>850 g\/m\u00b2<br \/>\n<span style=\"color: #0080c2;\">25 oz\/yd\u00b2<\/span><\/td>\n<td>250\/300 cm<br \/>\n<span style=\"color: #0080c2;\">98\/118 inch<\/span><\/td>\n<td>DIN 4102 B1; NF P 92-503ff M2;<br \/>\nCalifornia T19; SIS 62 00 82; EN 13501-1<\/td>\n<\/tr>\n<tr style=\"background-color: #d9dcff;\">\n<td>tentalux 650 FR<br \/>\n<span style=\"color: #0080c2;\">H6671-0001<\/span><\/td>\n<td>3000\/2900 N\/5 cm<br \/>\n<span style=\"color: #0080c2;\">343\/331 lbs\/inch<\/span><\/td>\n<td>650 g\/m\u00b2<br \/>\n<span style=\"color: #0080c2;\">19 oz\/yd\u00b2<\/span><\/td>\n<td>250\/300 cm<br \/>\n<span style=\"color: #0080c2;\">98\/118 inch<\/span><\/td>\n<td>yar\u0131 saydaml\u0131k &gt;%42<br \/>\nso\u011fu\u011fa uygunluk -40\u00b0C\/-40\u00b0F<\/td>\n<td>DIN 4102 B1<\/td>\n<\/tr>\n<tr style=\"background-color: #c6caff;\">\n<td colspan=\"6\" align=\"right\">*DIN 18204-1 sertifikal\u0131<\/td>\n<\/tr>\n<\/tbody>\n<\/table>\n<h5><\/h5>\n<h5>B\u00fcy\u00fck \u00c7ad\u0131r Serisi<\/h5>\n<table>\n<tbody>\n<tr style=\"background-color: #efefef;\">\n<th>\u00dcr\u00fcn<\/th>\n<th>Gerilme Direnci<\/th>\n<th>A\u011f\u0131rl\u0131k<\/th>\n<th>Rulo Geni\u015fli\u011fi<\/th>\n<th>Di\u011fer<\/th>\n<th>\u0645\u0624\u062e\u0631 \u0644\u0644\u062d\u0631\u0648\u0642<\/th>\n<\/tr>\n<tr>\n<td>ark II<br \/>\n<span style=\"color: #0080c2;\">H5573-0289<\/span><\/td>\n<td>4900\/4400 N\/5 cm<br \/>\n<span style=\"color: #0080c2;\">560\/502 lbs\/inch<\/span><\/td>\n<td>900 g\/m\u00b2<br \/>\n<span style=\"color: #0080c2;\">27 oz\/yd\u00b2<\/span><\/td>\n<td>250\/300 cm<br \/>\n<span style=\"color: #0080c2;\">98\/118 inch<\/span><\/td>\n<td>PVDF son kat kaynaklanabilir<br \/>\niste\u011fe ba\u011fl\u0131: d\u00fc\u015f\u00fck fitil<\/td>\n<td>DIN 4102 B1<\/td>\n<\/tr>\n<tr>\n<td>clipeum 900<br \/>\n<span style=\"color: #0080c2;\">H5873-0286<\/span><\/td>\n<td>4500\/4200 N\/5 cm<br \/>\n<span style=\"color: #0080c2;\">514\/480 lbs\/inch<\/span><\/td>\n<td>900 g\/m\u00b2<br \/>\n<span style=\"color: #0080c2;\">27 oz\/yd\u00b2<\/span><\/td>\n<td>250\/300 cm<br \/>\n<span style=\"color: #0080c2;\">98\/118 inch<\/span><\/td>\n<td>premium akrilik vernikli<br \/>\niste\u011fe ba\u011fl\u0131: d\u00fc\u015f\u00fck fitil<br \/>\n<span style=\"color: #0080c2;\">DIN 18204-1 sertifikal\u0131<\/span><\/td>\n<td>DIN 4102 B1; EN 13501-1 B-s2-d0;<br \/>\nCal. Fire Marshal T19; NFPA 701; ASTM<br \/>\nE84; CAN\/ULC-S109; CAM\/ULC-S102;<br \/>\nNFP 92-503ff M2<\/td>\n<\/tr>\n<tr>\n<td>tentorium 900<br \/>\n<span style=\"color: #0080c2;\">H5573-0283-Eco<\/span><\/td>\n<td>4400\/4200 N\/5 cm<br \/>\n<span style=\"color: #0080c2;\">502\/480 lbs\/inch<\/span><\/td>\n<td>900 g\/m\u00b2<br \/>\n<span style=\"color: #0080c2;\">27 oz\/yd\u00b2<\/span><\/td>\n<td>250\/300 cm<br \/>\n<span style=\"color: #0080c2;\">98\/118 inch<\/span><\/td>\n<td>akrilik vernikli<br \/>\n<span style=\"color: #0080c2;\">DIN 18204-1 sertifikal\u0131<\/span><\/td>\n<td>DIN 4102 B1; EN 13501-1 B-s3-d0;<br \/>\nNFP 92-503ff M2; SIS 650082;<br \/>\nMK 6.10\/1818<\/td>\n<\/tr>\n<tr style=\"background-color: #d9dcff;\">\n<td>tentalux 650<br \/>\n<span style=\"color: #0080c2;\">H6671-0001<\/span><\/td>\n<td>2500\/2500 N\/5 cm<br \/>\n<span style=\"color: #0080c2;\">286\/286 lbs\/inch<\/span><\/td>\n<td>650 g\/m\u00b2<br \/>\n<span style=\"color: #0080c2;\">19 oz\/yd\u00b2<\/span><\/td>\n<td>250\/300 cm<br \/>\n<span style=\"color: #0080c2;\">98\/118 inch<\/span><\/td>\n<td>%42 yar\u0131 saydam;<br \/>\ns\u0131cakl\u0131k dayan\u0131m\u0131;<br \/>\n-40\u00b0C\/+70\u00b0C (-40\u00b0F\/+158\u00b0F);<br \/>\nmat y\u00fczey; \u0131\u015f\u0131k dayan\u0131m\u0131 &gt;7<\/td>\n<td>DIN 4102 B1<\/td>\n<\/tr>\n<tr style=\"background-color: #c6caff;\">\n<td>tentorium 650<br \/>\n<span style=\"color: #0080c2;\">H6671-0001<\/span><\/td>\n<td>3000\/2600 N\/5 cm<br \/>\n<span style=\"color: #0080c2;\">343\/297 lbs\/inch<\/span><\/td>\n<td>650 g\/m\u00b2<br \/>\n<span style=\"color: #0080c2;\">19 oz\/yd\u00b2<\/span><\/td>\n<td>250\/300 cm<br \/>\n<span style=\"color: #0080c2;\">98\/118 inch<\/span><\/td>\n<td>akrilik vernikli<\/td>\n<td>DIN 4102 B1; EN 13501-1 B-s2-d0;<br \/>\nNFP 92-503ff M2<\/td>\n<\/tr>\n<\/tbody>\n<\/table>","protected":false},"excerpt":{"rendered":"<h5>\u0645\u062f\u0649 \u0627\u0644\u0627\u0633\u062a\u0639\u0645\u0627\u0644 \u0648 \u0627\u0644\u062a\u0637\u0628\u064a\u0642\u0627\u062a<\/h5>\n<ul>\n<li>B\u00fcy\u00fck \u00e7ad\u0131rlar (profesyonel \u00e7ad\u0131r serisi)<\/li>\n<li>Parti \u00e7ad\u0131rlar\u0131 (profesyonel \u00e7ad\u0131r serisi)<\/li>\n<li>Salon Yap\u0131lar\u0131 (Profesyonel \u00c7ad\u0131r Serisi)<\/li>\n<li>\u015eantiye \u00e7at\u0131 kaplama (salon serisi)<\/li>\n<li>K\u0131sa s\u00fcreli etkinlik \u00e7ad\u0131rlar\u0131 (profesyonel \u00e7ad\u0131r serisi)<\/li>\n<li>Parti etkinlikleri (salon serisi)<\/li>\n<li>Depo binas\u0131 (salon serisi)<\/li>\n<li>Spor \u00e7at\u0131 kaplamas\u0131 (salon serisi)<\/li>\n<\/ul>\n<h5>\u0627\u0644\u0627\u062e\u0635\u064a\u0627\u062a<\/h5>\n<ul>\n<li>Sonkat: Akrilik, kaynaklanabilir PVDF<\/li>\n<li>Uzun servis \u00f6mr\u00fc<\/li>\n<li>Uluslararas\u0131 standartlara g\u00f6re alev geciktirici<\/li>\n<li>Kaynaklanabilir<\/li>\n<li>Is\u0131ya ve so\u011fu\u011fa dayan\u0131kl\u0131<\/li>\n<li>UV \u0131\u015f\u0131nlar\u0131na dayan\u0131kl\u0131<\/li>\n<li>\u0130ste\u011fe ba\u011fl\u0131 d\u00fc\u015f\u00fck fitil<\/li>\n<li>DIN 18204-1 uyumlu<\/li>\n<\/ul>","protected":false},"featured_media":6798,"template":"","meta":[],"product_brand":[],"product_cat":[72],"product_tag":[],"class_list":{"0":"post-6797","1":"product","2":"type-product","3":"status-publish","4":"has-post-thumbnail","6":"product_cat-branda","8":"first","9":"instock","10":"shipping-taxable","11":"product-type-simple"},"yoast_head":"<!-- This site is optimized with the Yoast SEO plugin v25.3.1 - https:\/\/yoast.com\/wordpress\/plugins\/seo\/ -->\n<title>\u00c7ad\u0131r Brandas\u0131 | Stocklot D\u0131\u015f Ticaret<\/title>\n<meta name=\"description\" content=\"Profesyonel veya \u00f6zel gereksinimler i\u00e7in: HEYtent malzemeleri en y\u00fcksek standartlar\u0131 kar\u015f\u0131lar. Stocklot, Heytex&#039;in T\u00fcrkiye&#039;deki yetkili tedarik\u00e7isidir.\" \/>\n<meta name=\"robots\" content=\"index, follow, max-snippet:-1, max-image-preview:large, max-video-preview:-1\" \/>\n<link rel=\"canonical\" href=\"https:\/\/stocklot.com.tr\/ar\/product\/cadir-brandasi\/\" \/>\n<meta property=\"og:locale\" content=\"ar_AR\" \/>\n<meta property=\"og:type\" content=\"article\" \/>\n<meta property=\"og:title\" content=\"\u00c7ad\u0131r Brandas\u0131 | Stocklot D\u0131\u015f Ticaret\" \/>\n<meta property=\"og:description\" content=\"Profesyonel veya \u00f6zel gereksinimler i\u00e7in: HEYtent malzemeleri en y\u00fcksek standartlar\u0131 kar\u015f\u0131lar. Stocklot, Heytex&#039;in T\u00fcrkiye&#039;deki yetkili tedarik\u00e7isidir.\" \/>\n<meta property=\"og:url\" content=\"https:\/\/stocklot.com.tr\/ar\/product\/cadir-brandasi\/\" \/>\n<meta property=\"og:site_name\" content=\"Stocklot D\u0131\u015f Ticaret\" \/>\n<meta property=\"article:publisher\" content=\"https:\/\/www.facebook.com\/stocklot.branda.7\" \/>\n<meta property=\"article:modified_time\" content=\"2023-08-04T10:24:05+00:00\" \/>\n<meta property=\"og:image\" content=\"https:\/\/stocklot.com.tr\/wp-content\/uploads\/2020\/03\/HEYtent.jpg\" \/>\n\t<meta property=\"og:image:width\" content=\"500\" \/>\n\t<meta property=\"og:image:height\" content=\"590\" \/>\n\t<meta property=\"og:image:type\" content=\"image\/jpeg\" \/>\n<meta name=\"twitter:card\" content=\"summary_large_image\" \/>\n<meta name=\"twitter:site\" content=\"@stocklottr\" \/>\n<meta name=\"twitter:label1\" content=\"\u0648\u0642\u062a \u0627\u0644\u0642\u0631\u0627\u0621\u0629 \u0627\u0644\u0645\u064f\u0642\u062f\u0651\u0631\" \/>\n\t<meta name=\"twitter:data1\" content=\"\u062f\u0642\u064a\u0642\u062a\u0627\u0646\" \/>\n<script type=\"application\/ld+json\" class=\"yoast-schema-graph\">{\"@context\":\"https:\/\/schema.org\",\"@graph\":[{\"@type\":\"WebPage\",\"@id\":\"https:\/\/stocklot.com.tr\/urun\/cadir-brandasi\/\",\"url\":\"https:\/\/stocklot.com.tr\/urun\/cadir-brandasi\/\",\"name\":\"\u00c7ad\u0131r Brandas\u0131 | Stocklot D\u0131\u015f Ticaret\",\"isPartOf\":{\"@id\":\"https:\/\/stocklot.com.tr\/#website\"},\"primaryImageOfPage\":{\"@id\":\"https:\/\/stocklot.com.tr\/urun\/cadir-brandasi\/#primaryimage\"},\"image\":{\"@id\":\"https:\/\/stocklot.com.tr\/urun\/cadir-brandasi\/#primaryimage\"},\"thumbnailUrl\":\"https:\/\/stocklot.com.tr\/wp-content\/uploads\/2020\/03\/HEYtent.jpg\",\"datePublished\":\"2018-03-11T16:45:05+00:00\",\"dateModified\":\"2023-08-04T10:24:05+00:00\",\"description\":\"Profesyonel veya \u00f6zel gereksinimler i\u00e7in: HEYtent malzemeleri en y\u00fcksek standartlar\u0131 kar\u015f\u0131lar. Stocklot, Heytex'in T\u00fcrkiye'deki yetkili tedarik\u00e7isidir.\",\"breadcrumb\":{\"@id\":\"https:\/\/stocklot.com.tr\/urun\/cadir-brandasi\/#breadcrumb\"},\"inLanguage\":\"ar\",\"potentialAction\":[{\"@type\":\"ReadAction\",\"target\":[\"https:\/\/stocklot.com.tr\/urun\/cadir-brandasi\/\"]}]},{\"@type\":\"ImageObject\",\"inLanguage\":\"ar\",\"@id\":\"https:\/\/stocklot.com.tr\/urun\/cadir-brandasi\/#primaryimage\",\"url\":\"https:\/\/stocklot.com.tr\/wp-content\/uploads\/2020\/03\/HEYtent.jpg\",\"contentUrl\":\"https:\/\/stocklot.com.tr\/wp-content\/uploads\/2020\/03\/HEYtent.jpg\",\"width\":500,\"height\":590},{\"@type\":\"BreadcrumbList\",\"@id\":\"https:\/\/stocklot.com.tr\/urun\/cadir-brandasi\/#breadcrumb\",\"itemListElement\":[{\"@type\":\"ListItem\",\"position\":1,\"name\":\"Ana sayfa\",\"item\":\"https:\/\/stocklot.com.tr\/\"},{\"@type\":\"ListItem\",\"position\":2,\"name\":\"Tedarik A\u011f\u0131m\u0131z\",\"item\":\"https:\/\/stocklot.com.tr\/supply-network\/\"},{\"@type\":\"ListItem\",\"position\":3,\"name\":\"\u00c7ad\u0131r Brandas\u0131\"}]},{\"@type\":\"WebSite\",\"@id\":\"https:\/\/stocklot.com.tr\/#website\",\"url\":\"https:\/\/stocklot.com.tr\/\",\"name\":\"Stocklot D\u0131\u015f Ticaret\",\"description\":\"\",\"publisher\":{\"@id\":\"https:\/\/stocklot.com.tr\/#organization\"},\"potentialAction\":[{\"@type\":\"SearchAction\",\"target\":{\"@type\":\"EntryPoint\",\"urlTemplate\":\"https:\/\/stocklot.com.tr\/?s={search_term_string}\"},\"query-input\":{\"@type\":\"PropertyValueSpecification\",\"valueRequired\":true,\"valueName\":\"search_term_string\"}}],\"inLanguage\":\"ar\"},{\"@type\":\"Organization\",\"@id\":\"https:\/\/stocklot.com.tr\/#organization\",\"name\":\"Stocklot D\u0131\u015f Ticaret LTD \u015eT\u0130\",\"url\":\"https:\/\/stocklot.com.tr\/\",\"logo\":{\"@type\":\"ImageObject\",\"inLanguage\":\"ar\",\"@id\":\"https:\/\/stocklot.com.tr\/#\/schema\/logo\/image\/\",\"url\":\"https:\/\/stocklot.com.tr\/wp-content\/uploads\/2018\/08\/logo.png\",\"contentUrl\":\"https:\/\/stocklot.com.tr\/wp-content\/uploads\/2018\/08\/logo.png\",\"width\":329,\"height\":100,\"caption\":\"Stocklot D\u0131\u015f Ticaret LTD \u015eT\u0130\"},\"image\":{\"@id\":\"https:\/\/stocklot.com.tr\/#\/schema\/logo\/image\/\"},\"sameAs\":[\"https:\/\/www.facebook.com\/stocklot.branda.7\",\"https:\/\/x.com\/stocklottr\",\"https:\/\/www.instagram.com\/stocklot.tr\/\",\"https:\/\/www.linkedin.com\/company\/stocklot-dis-ticaret\/\",\"http:\/\/www.youtube.com\/channel\/UC3vVOrCxsWCI7flcrjAglzA\"]}]}<\/script>\n<!-- \/ Yoast SEO plugin. -->","yoast_head_json":{"title":"\u00c7ad\u0131r Brandas\u0131 | Stocklot D\u0131\u015f Ticaret","description":"Profesyonel veya \u00f6zel gereksinimler i\u00e7in: HEYtent malzemeleri en y\u00fcksek standartlar\u0131 kar\u015f\u0131lar. Stocklot, Heytex'in T\u00fcrkiye'deki yetkili tedarik\u00e7isidir.","robots":{"index":"index","follow":"follow","max-snippet":"max-snippet:-1","max-image-preview":"max-image-preview:large","max-video-preview":"max-video-preview:-1"},"canonical":"https:\/\/stocklot.com.tr\/ar\/product\/cadir-brandasi\/","og_locale":"ar_AR","og_type":"article","og_title":"\u00c7ad\u0131r Brandas\u0131 | Stocklot D\u0131\u015f Ticaret","og_description":"Profesyonel veya \u00f6zel gereksinimler i\u00e7in: HEYtent malzemeleri en y\u00fcksek standartlar\u0131 kar\u015f\u0131lar. Stocklot, Heytex'in T\u00fcrkiye'deki yetkili tedarik\u00e7isidir.","og_url":"https:\/\/stocklot.com.tr\/ar\/product\/cadir-brandasi\/","og_site_name":"Stocklot D\u0131\u015f Ticaret","article_publisher":"https:\/\/www.facebook.com\/stocklot.branda.7","article_modified_time":"2023-08-04T10:24:05+00:00","og_image":[{"width":500,"height":590,"url":"https:\/\/stocklot.com.tr\/wp-content\/uploads\/2020\/03\/HEYtent.jpg","type":"image\/jpeg"}],"twitter_card":"summary_large_image","twitter_site":"@stocklottr","twitter_misc":{"\u0648\u0642\u062a \u0627\u0644\u0642\u0631\u0627\u0621\u0629 \u0627\u0644\u0645\u064f\u0642\u062f\u0651\u0631":"\u062f\u0642\u064a\u0642\u062a\u0627\u0646"},"schema":{"@context":"https:\/\/schema.org","@graph":[{"@type":"WebPage","@id":"https:\/\/stocklot.com.tr\/urun\/cadir-brandasi\/","url":"https:\/\/stocklot.com.tr\/urun\/cadir-brandasi\/","name":"\u00c7ad\u0131r Brandas\u0131 | Stocklot D\u0131\u015f Ticaret","isPartOf":{"@id":"https:\/\/stocklot.com.tr\/#website"},"primaryImageOfPage":{"@id":"https:\/\/stocklot.com.tr\/urun\/cadir-brandasi\/#primaryimage"},"image":{"@id":"https:\/\/stocklot.com.tr\/urun\/cadir-brandasi\/#primaryimage"},"thumbnailUrl":"https:\/\/stocklot.com.tr\/wp-content\/uploads\/2020\/03\/HEYtent.jpg","datePublished":"2018-03-11T16:45:05+00:00","dateModified":"2023-08-04T10:24:05+00:00","description":"Profesyonel veya \u00f6zel gereksinimler i\u00e7in: HEYtent malzemeleri en y\u00fcksek standartlar\u0131 kar\u015f\u0131lar. Stocklot, Heytex'in T\u00fcrkiye'deki yetkili tedarik\u00e7isidir.","breadcrumb":{"@id":"https:\/\/stocklot.com.tr\/urun\/cadir-brandasi\/#breadcrumb"},"inLanguage":"ar","potentialAction":[{"@type":"ReadAction","target":["https:\/\/stocklot.com.tr\/urun\/cadir-brandasi\/"]}]},{"@type":"ImageObject","inLanguage":"ar","@id":"https:\/\/stocklot.com.tr\/urun\/cadir-brandasi\/#primaryimage","url":"https:\/\/stocklot.com.tr\/wp-content\/uploads\/2020\/03\/HEYtent.jpg","contentUrl":"https:\/\/stocklot.com.tr\/wp-content\/uploads\/2020\/03\/HEYtent.jpg","width":500,"height":590},{"@type":"BreadcrumbList","@id":"https:\/\/stocklot.com.tr\/urun\/cadir-brandasi\/#breadcrumb","itemListElement":[{"@type":"ListItem","position":1,"name":"Ana sayfa","item":"https:\/\/stocklot.com.tr\/"},{"@type":"ListItem","position":2,"name":"Tedarik A\u011f\u0131m\u0131z","item":"https:\/\/stocklot.com.tr\/supply-network\/"},{"@type":"ListItem","position":3,"name":"\u00c7ad\u0131r Brandas\u0131"}]},{"@type":"WebSite","@id":"https:\/\/stocklot.com.tr\/#website","url":"https:\/\/stocklot.com.tr\/","name":"Stocklot D\u0131\u015f Ticaret","description":"","publisher":{"@id":"https:\/\/stocklot.com.tr\/#organization"},"potentialAction":[{"@type":"SearchAction","target":{"@type":"EntryPoint","urlTemplate":"https:\/\/stocklot.com.tr\/?s={search_term_string}"},"query-input":{"@type":"PropertyValueSpecification","valueRequired":true,"valueName":"search_term_string"}}],"inLanguage":"ar"},{"@type":"Organization","@id":"https:\/\/stocklot.com.tr\/#organization","name":"Stocklot D\u0131\u015f Ticaret LTD \u015eT\u0130","url":"https:\/\/stocklot.com.tr\/","logo":{"@type":"ImageObject","inLanguage":"ar","@id":"https:\/\/stocklot.com.tr\/#\/schema\/logo\/image\/","url":"https:\/\/stocklot.com.tr\/wp-content\/uploads\/2018\/08\/logo.png","contentUrl":"https:\/\/stocklot.com.tr\/wp-content\/uploads\/2018\/08\/logo.png","width":329,"height":100,"caption":"Stocklot D\u0131\u015f Ticaret LTD \u015eT\u0130"},"image":{"@id":"https:\/\/stocklot.com.tr\/#\/schema\/logo\/image\/"},"sameAs":["https:\/\/www.facebook.com\/stocklot.branda.7","https:\/\/x.com\/stocklottr","https:\/\/www.instagram.com\/stocklot.tr\/","https:\/\/www.linkedin.com\/company\/stocklot-dis-ticaret\/","http:\/\/www.youtube.com\/channel\/UC3vVOrCxsWCI7flcrjAglzA"]}]}},"_links":{"self":[{"href":"https:\/\/stocklot.com.tr\/ar\/wp-json\/wp\/v2\/product\/6797","targetHints":{"allow":["GET"]}}],"collection":[{"href":"https:\/\/stocklot.com.tr\/ar\/wp-json\/wp\/v2\/product"}],"about":[{"href":"https:\/\/stocklot.com.tr\/ar\/wp-json\/wp\/v2\/types\/product"}],"wp:featuredmedia":[{"embeddable":true,"href":"https:\/\/stocklot.com.tr\/ar\/wp-json\/wp\/v2\/media\/6798"}],"wp:attachment":[{"href":"https:\/\/stocklot.com.tr\/ar\/wp-json\/wp\/v2\/media?parent=6797"}],"wp:term":[{"taxonomy":"product_brand","embeddable":true,"href":"https:\/\/stocklot.com.tr\/ar\/wp-json\/wp\/v2\/product_brand?post=6797"},{"taxonomy":"product_cat","embeddable":true,"href":"https:\/\/stocklot.com.tr\/ar\/wp-json\/wp\/v2\/product_cat?post=6797"},{"taxonomy":"product_tag","embeddable":true,"href":"https:\/\/stocklot.com.tr\/ar\/wp-json\/wp\/v2\/product_tag?post=6797"}],"curies":[{"name":"wp","href":"https:\/\/api.w.org\/{rel}","templated":true}]}}