{"id":376,"date":"2018-10-12T09:29:29","date_gmt":"2018-10-12T06:29:29","guid":{"rendered":"https:\/\/stocklot.com.tr\/?post_type=product&#038;p=376"},"modified":"2018-10-26T17:27:20","modified_gmt":"2018-10-26T14:27:20","slug":"duvar-dekorasyon","status":"publish","type":"product","link":"https:\/\/stocklot.com.tr\/ar\/product\/duvar-dekorasyon\/","title":{"rendered":"\u062a\u0635\u0645\u064a\u0645\u0627\u062a \u062d\u0627\u0626\u0637"},"content":{"rendered":"<h5>\u062f\u064a\u0643\u0648\u0631 \u062f\u0627\u0626\u0645 \u0648\u062a\u0637\u0628\u064a\u0642\u0627\u062a \u0635\u062d\u064a\u0629<\/h5>\n<p>\u062a\u0639\u062a\u0628\u0631 \u0627\u0644\u062c\u062f\u0631\u0627\u0646 \u0648\u0627\u0644\u0623\u0633\u0642\u0641 \u0627\u0644\u0645\u0632\u062e\u0631\u0641\u0629 \u0641\u064a \u0633\u062a\u0648\u0643\u0644\u062a \u0645\u062b\u0627\u0644\u064a\u0629 \u0644\u0644\u062a\u0634\u064a\u064a\u062f \u0648\u0627\u0644\u062a\u062c\u062f\u064a\u062f\u0627\u062a \u0627\u0644\u062e\u0627\u0635\u0629 \u0648\u0627\u0644\u0639\u0627\u0645\u0629. \u062a\u062a\u064a\u062d \u0627\u0644\u0645\u064a\u0632\u0627\u062a \u0627\u0644\u0641\u0646\u064a\u0629 \u0627\u0644\u0645\u062b\u0627\u0644\u064a\u0629 \u0628\u0627\u0644\u0625\u0636\u0627\u0641\u0629 \u0625\u0644\u0649 \u0625\u0645\u0643\u0627\u0646\u064a\u0629 \u0627\u0644\u0637\u0628\u0627\u0639\u0629 \u0627\u0644\u0645\u0645\u062a\u0627\u0632\u0629 \u0625\u0645\u0643\u0627\u0646\u064a\u0629 \u0627\u0644\u0627\u0633\u062a\u062e\u062f\u0627\u0645 \u063a\u064a\u0631 \u0627\u0644\u0645\u062d\u062f\u0648\u062f. \u0628\u0641\u0636\u0644 \u0627\u0644\u062a\u0631\u0643\u064a\u0628 \u0627\u0644\u0633\u0647\u0644 \u0648\u0627\u0644\u0646\u0638\u064a\u0641 \u060c \u064a\u0645\u0643\u0646 \u062a\u0646\u0641\u064a\u0630 \u0645\u0634\u0627\u0631\u064a\u0639 \u0627\u0644\u062f\u064a\u0643\u0648\u0631 \u0627\u0644\u0643\u0628\u064a\u0631\u0629 \u0628\u0633\u0647\u0648\u0644\u0629 \u0648\u0633\u0631\u0639\u0629 \u0628\u0627\u0633\u062a\u062e\u062f\u0627\u0645 \u0623\u062d\u062f\u062b \u0627\u0644\u0623\u0633\u0627\u0644\u064a\u0628 \u0627\u0644\u062a\u0642\u0644\u064a\u062f\u064a\u0629 \u0648\u0627\u0644\u0643\u0644\u0627\u0633\u064a\u0643\u064a\u0629.<\/p>\n<p>\u062a\u0642\u062f\u0645 \u0634\u0631\u0643\u0629 \u0633\u062a\u0648\u0643\u0644\u0648\u062a \u0644\u0632\u0628\u0627\u0626\u0646\u0647\u0627 \u0645\u0646\u062a\u062c\u0627\u062a \u0641\u0648\u0627\u0626\u0636 \u0627\u0646\u062a\u0627\u062c, \u0637\u0644\u0628\u064a\u0627\u062a \u0645\u0644\u063a\u064a\u0629, \u0645\u0646\u062a\u062c\u0627\u062a \u063a\u064a\u0631 \u0645\u0644\u0627\u0626\u0645\u0629 \u0645\u0639 \u0627\u0644\u0646\u0636\u0627\u0645 \u0627\u0644\u0627\u0648\u0631\u0628\u064a, \u0645\u0646\u062a\u062c\u0627\u062a \u0645\u0646\u062a\u0647\u064a\u0629 \u0635\u0644\u0627\u062d\u064a\u062a\u0647\u0627, \u062a\u0635\u0645\u064a\u0645\u0627\u062a \u063a\u064a\u0631 \u0645\u0644\u0627\u0626\u0645\u0629 \u0645\u0639 \u0627\u0644\u0633\u0648\u0642 \u0627\u0644\u062d\u0635\u0631\u064a, \u0645\u0646\u062a\u062c\u0627\u062a \u0628\u0639\u062f \u0627\u0644\u0627\u0641\u0644\u0627\u0633 \u0628\u0627\u0633\u0639\u0627\u0631 \u0645\u0646\u0627\u0641\u0633\u0629. \u0646\u062a\u0627\u0628\u0639 \u0633\u064a\u0631 \u0639\u0645\u0644\u064a\u0627\u062a \u0627\u0644\u0627\u062f\u062e\u0627\u0644 \u0648 \u0627\u0644\u0628\u064a\u0639 \u0628\u0634\u0643\u0644 \u0645\u062d\u062a\u0631\u0641 \u0644\u0630\u0644\u0643 \u0644\u0627 \u064a\u062c\u0628 \u0639\u0644\u064a\u0643\u0645 \u0627\u0644\u0642\u0644\u0642 \u0639\u0644\u0649 \u062c\u0648\u062f\u0629 \u0627\u0644\u0645\u0646\u062a\u062c \u0627\u0648 \u0645\u062f\u0629 \u0627\u0644\u062a\u0626\u0645\u064a\u0646. \u062a\u0648\u0627\u0635\u0644\u0648\u0627 \u0645\u0639\u0646\u0627 \u0644\u0644\u0645\u0632\u064a\u062f \u0645\u0646 \u0627\u0644\u0645\u0639\u0644\u0648\u0645\u0627\u062a. <\/p>","protected":false},"excerpt":{"rendered":"<h5>\u0645\u062f\u0649 \u0627\u0644\u0627\u0633\u062a\u0639\u0645\u0627\u0644 \u0648 \u0627\u0644\u062a\u0637\u0628\u064a\u0642\u0627\u062a<\/h5>\n<ul>\n<li>\u0648\u0631\u0642 \u0627\u0644\u062d\u0627\u0626\u0637<\/li>\n<li>\u062a\u0639\u0644\u064a\u0642 \u0627\u0644\u0633\u0642\u0641<\/li>\n<li>\u0627\u0644\u062a\u0633\u0648\u064a\u0642 \u0648 \u0627\u0644\u0645\u0639\u0627\u0631\u0636<\/li>\n<\/ul>\n<h5>\u0627\u0644\u0627\u062e\u0635\u064a\u0627\u062a<\/h5>\n<ul>\n<li>\u0637\u0628\u0627\u0639\u0629 \u0645\u0633\u062a\u0645\u0631\u0629 \u0628\u062f\u0648\u0646 \u0627\u0646\u0642\u0637\u0627\u0639 \u062d\u062a\u0649 510 \u0633\u0645<\/li>\n<li>\u0627\u0633\u062a\u0627\u062a\u064a\u0643\u064a\u0647 \u0648 \u062e\u0627\u0644\u064a\u0629 \u0627\u0644\u063a\u0628\u0627\u0631<\/li>\n<li>Simple, Clean and Quick Assembly<\/li>\n<li>High Quality Optical Textile Structure<\/li>\n<li>\u062a\u0648\u062a\u0631 \u0648\u0641\u0642\u0627 \u0644\u0645\u0639\u064a\u0627\u0631 EN 14716<\/li>\n<li>\u0645\u0646\u0627\u0633\u0628\u0629 \u0644\u063a\u0631\u0641 \u0645\u062a\u064a\u0646\u0629 \u0648\u0631\u0637\u0628\u0629<\/li>\n<li>\u062e\u0627\u0644\u0649 \u0645\u0646 \u0627\u0644\u0628\u064a\u0641\u064a\u0633\u064a \u0648 \u0627\u0644\u0641\u062a\u0627\u0644\u0627\u062a<\/li>\n<li>\u0644\u0627 \u064a\u062d\u062a\u0648\u064a \u0639\u0644\u0649 \u0627\u0644\u0645\u0631\u0643\u0628\u0627\u062a \u0627\u0644\u0639\u0636\u0648\u064a\u0629 \u0627\u0644\u0645\u062a\u0637\u0627\u064a\u0631\u0629 (VOC \u060c SVOC \u060c CMR)<\/li>\n<li>\u0645\u0635\u062f\u0642 \u0645\u0646 CE<\/li>\n<li>\u063a\u064a\u0631 \u062d\u0633\u0627\u0633 \u0644\u062a\u0642\u0644\u0628\u0627\u062a \u062f\u0631\u062c\u0629 \u0627\u0644\u062d\u0631\u0627\u0631\u0629<\/li>\n<\/ul>","protected":false},"featured_media":377,"template":"","meta":[],"product_brand":[],"product_cat":[129],"product_tag":[],"class_list":{"0":"post-376","1":"product","2":"type-product","3":"status-publish","4":"has-post-thumbnail","6":"product_cat-dekorasyon","8":"first","9":"instock","10":"shipping-taxable","11":"product-type-simple"},"yoast_head":"<!-- This site is optimized with the Yoast SEO plugin v25.3.1 - https:\/\/yoast.com\/wordpress\/plugins\/seo\/ -->\n<title>Duvar Dekorasyon<\/title>\n<meta name=\"robots\" content=\"index, follow, max-snippet:-1, max-image-preview:large, max-video-preview:-1\" \/>\n<link rel=\"canonical\" href=\"https:\/\/stocklot.com.tr\/ar\/product\/duvar-dekorasyon\/\" \/>\n<meta property=\"og:locale\" content=\"ar_AR\" \/>\n<meta property=\"og:type\" content=\"article\" \/>\n<meta property=\"og:title\" content=\"Duvar Dekorasyon\" \/>\n<meta property=\"og:description\" content=\"Uygulama Alanlar\u0131   Duvar Kaplamas\u0131  Tavan S\u00fcspansiyonu  Fuar ve Ma\u011fazac\u0131l\u0131k  \u00d6zellikleri   510 cm&#039;ye Kadar Kesintisiz Geni\u015flikte Yazd\u0131rma  Antistatik ve Tozsuz  Basit, Temiz ve H\u0131zl\u0131 Montaj  Y\u00fcksek Kaliteli Optikli Tekstil Yap\u0131s\u0131  Gerginlik \u00d6rt\u00fc Standard\u0131na G\u00f6re EN 14716  Dayan\u0131kl\u0131 ve Nemli Odalar \u0130\u00e7in Uygundur  PVC ve Ftalat \u0130\u00e7ermez  U\u00e7ucu Organik Bile\u015fikler \u0130\u00e7ermez (VOC, SVOC, CMR)  CE Sertifikal\u0131  S\u0131cakl\u0131k Dalgalanmalar\u0131na Duyars\u0131z\" \/>\n<meta property=\"og:url\" content=\"https:\/\/stocklot.com.tr\/ar\/product\/duvar-dekorasyon\/\" \/>\n<meta property=\"og:site_name\" content=\"Stocklot D\u0131\u015f Ticaret\" \/>\n<meta property=\"article:publisher\" content=\"https:\/\/www.facebook.com\/stocklot.branda.7\" \/>\n<meta property=\"article:modified_time\" content=\"2018-10-26T14:27:20+00:00\" \/>\n<meta property=\"og:image\" content=\"https:\/\/stocklot.com.tr\/wp-content\/uploads\/2018\/10\/duvar-kaplama.png\" \/>\n\t<meta property=\"og:image:width\" content=\"500\" \/>\n\t<meta property=\"og:image:height\" content=\"590\" \/>\n\t<meta property=\"og:image:type\" content=\"image\/png\" \/>\n<meta name=\"twitter:card\" content=\"summary_large_image\" \/>\n<meta name=\"twitter:site\" content=\"@stocklottr\" \/>\n<meta name=\"twitter:label1\" content=\"\u0648\u0642\u062a \u0627\u0644\u0642\u0631\u0627\u0621\u0629 \u0627\u0644\u0645\u064f\u0642\u062f\u0651\u0631\" \/>\n\t<meta name=\"twitter:data1\" content=\"\u062f\u0642\u064a\u0642\u0629 \u0648\u0627\u062d\u062f\u0629\" \/>\n<script type=\"application\/ld+json\" class=\"yoast-schema-graph\">{\"@context\":\"https:\/\/schema.org\",\"@graph\":[{\"@type\":\"WebPage\",\"@id\":\"https:\/\/stocklot.com.tr\/urun\/duvar-dekorasyon\/\",\"url\":\"https:\/\/stocklot.com.tr\/urun\/duvar-dekorasyon\/\",\"name\":\"Duvar Dekorasyon\",\"isPartOf\":{\"@id\":\"https:\/\/stocklot.com.tr\/#website\"},\"primaryImageOfPage\":{\"@id\":\"https:\/\/stocklot.com.tr\/urun\/duvar-dekorasyon\/#primaryimage\"},\"image\":{\"@id\":\"https:\/\/stocklot.com.tr\/urun\/duvar-dekorasyon\/#primaryimage\"},\"thumbnailUrl\":\"https:\/\/stocklot.com.tr\/wp-content\/uploads\/2018\/10\/duvar-kaplama.png\",\"datePublished\":\"2018-10-12T06:29:29+00:00\",\"dateModified\":\"2018-10-26T14:27:20+00:00\",\"breadcrumb\":{\"@id\":\"https:\/\/stocklot.com.tr\/urun\/duvar-dekorasyon\/#breadcrumb\"},\"inLanguage\":\"ar\",\"potentialAction\":[{\"@type\":\"ReadAction\",\"target\":[\"https:\/\/stocklot.com.tr\/urun\/duvar-dekorasyon\/\"]}]},{\"@type\":\"ImageObject\",\"inLanguage\":\"ar\",\"@id\":\"https:\/\/stocklot.com.tr\/urun\/duvar-dekorasyon\/#primaryimage\",\"url\":\"https:\/\/stocklot.com.tr\/wp-content\/uploads\/2018\/10\/duvar-kaplama.png\",\"contentUrl\":\"https:\/\/stocklot.com.tr\/wp-content\/uploads\/2018\/10\/duvar-kaplama.png\",\"width\":500,\"height\":590},{\"@type\":\"BreadcrumbList\",\"@id\":\"https:\/\/stocklot.com.tr\/urun\/duvar-dekorasyon\/#breadcrumb\",\"itemListElement\":[{\"@type\":\"ListItem\",\"position\":1,\"name\":\"Ana sayfa\",\"item\":\"https:\/\/stocklot.com.tr\/\"},{\"@type\":\"ListItem\",\"position\":2,\"name\":\"Tedarik A\u011f\u0131m\u0131z\",\"item\":\"https:\/\/stocklot.com.tr\/supply-network\/\"},{\"@type\":\"ListItem\",\"position\":3,\"name\":\"Duvar Dekorasyon\"}]},{\"@type\":\"WebSite\",\"@id\":\"https:\/\/stocklot.com.tr\/#website\",\"url\":\"https:\/\/stocklot.com.tr\/\",\"name\":\"Stocklot D\u0131\u015f Ticaret\",\"description\":\"\",\"publisher\":{\"@id\":\"https:\/\/stocklot.com.tr\/#organization\"},\"potentialAction\":[{\"@type\":\"SearchAction\",\"target\":{\"@type\":\"EntryPoint\",\"urlTemplate\":\"https:\/\/stocklot.com.tr\/?s={search_term_string}\"},\"query-input\":{\"@type\":\"PropertyValueSpecification\",\"valueRequired\":true,\"valueName\":\"search_term_string\"}}],\"inLanguage\":\"ar\"},{\"@type\":\"Organization\",\"@id\":\"https:\/\/stocklot.com.tr\/#organization\",\"name\":\"Stocklot D\u0131\u015f Ticaret LTD \u015eT\u0130\",\"url\":\"https:\/\/stocklot.com.tr\/\",\"logo\":{\"@type\":\"ImageObject\",\"inLanguage\":\"ar\",\"@id\":\"https:\/\/stocklot.com.tr\/#\/schema\/logo\/image\/\",\"url\":\"https:\/\/stocklot.com.tr\/wp-content\/uploads\/2018\/08\/logo.png\",\"contentUrl\":\"https:\/\/stocklot.com.tr\/wp-content\/uploads\/2018\/08\/logo.png\",\"width\":329,\"height\":100,\"caption\":\"Stocklot D\u0131\u015f Ticaret LTD \u015eT\u0130\"},\"image\":{\"@id\":\"https:\/\/stocklot.com.tr\/#\/schema\/logo\/image\/\"},\"sameAs\":[\"https:\/\/www.facebook.com\/stocklot.branda.7\",\"https:\/\/x.com\/stocklottr\",\"https:\/\/www.instagram.com\/stocklot.tr\/\",\"https:\/\/www.linkedin.com\/company\/stocklot-dis-ticaret\/\",\"http:\/\/www.youtube.com\/channel\/UC3vVOrCxsWCI7flcrjAglzA\"]}]}<\/script>\n<!-- \/ Yoast SEO plugin. -->","yoast_head_json":{"title":"Duvar Dekorasyon","robots":{"index":"index","follow":"follow","max-snippet":"max-snippet:-1","max-image-preview":"max-image-preview:large","max-video-preview":"max-video-preview:-1"},"canonical":"https:\/\/stocklot.com.tr\/ar\/product\/duvar-dekorasyon\/","og_locale":"ar_AR","og_type":"article","og_title":"Duvar Dekorasyon","og_description":"Uygulama Alanlar\u0131   Duvar Kaplamas\u0131  Tavan S\u00fcspansiyonu  Fuar ve Ma\u011fazac\u0131l\u0131k  \u00d6zellikleri   510 cm'ye Kadar Kesintisiz Geni\u015flikte Yazd\u0131rma  Antistatik ve Tozsuz  Basit, Temiz ve H\u0131zl\u0131 Montaj  Y\u00fcksek Kaliteli Optikli Tekstil Yap\u0131s\u0131  Gerginlik \u00d6rt\u00fc Standard\u0131na G\u00f6re EN 14716  Dayan\u0131kl\u0131 ve Nemli Odalar \u0130\u00e7in Uygundur  PVC ve Ftalat \u0130\u00e7ermez  U\u00e7ucu Organik Bile\u015fikler \u0130\u00e7ermez (VOC, SVOC, CMR)  CE Sertifikal\u0131  S\u0131cakl\u0131k Dalgalanmalar\u0131na Duyars\u0131z","og_url":"https:\/\/stocklot.com.tr\/ar\/product\/duvar-dekorasyon\/","og_site_name":"Stocklot D\u0131\u015f Ticaret","article_publisher":"https:\/\/www.facebook.com\/stocklot.branda.7","article_modified_time":"2018-10-26T14:27:20+00:00","og_image":[{"width":500,"height":590,"url":"https:\/\/stocklot.com.tr\/wp-content\/uploads\/2018\/10\/duvar-kaplama.png","type":"image\/png"}],"twitter_card":"summary_large_image","twitter_site":"@stocklottr","twitter_misc":{"\u0648\u0642\u062a \u0627\u0644\u0642\u0631\u0627\u0621\u0629 \u0627\u0644\u0645\u064f\u0642\u062f\u0651\u0631":"\u062f\u0642\u064a\u0642\u0629 \u0648\u0627\u062d\u062f\u0629"},"schema":{"@context":"https:\/\/schema.org","@graph":[{"@type":"WebPage","@id":"https:\/\/stocklot.com.tr\/urun\/duvar-dekorasyon\/","url":"https:\/\/stocklot.com.tr\/urun\/duvar-dekorasyon\/","name":"Duvar Dekorasyon","isPartOf":{"@id":"https:\/\/stocklot.com.tr\/#website"},"primaryImageOfPage":{"@id":"https:\/\/stocklot.com.tr\/urun\/duvar-dekorasyon\/#primaryimage"},"image":{"@id":"https:\/\/stocklot.com.tr\/urun\/duvar-dekorasyon\/#primaryimage"},"thumbnailUrl":"https:\/\/stocklot.com.tr\/wp-content\/uploads\/2018\/10\/duvar-kaplama.png","datePublished":"2018-10-12T06:29:29+00:00","dateModified":"2018-10-26T14:27:20+00:00","breadcrumb":{"@id":"https:\/\/stocklot.com.tr\/urun\/duvar-dekorasyon\/#breadcrumb"},"inLanguage":"ar","potentialAction":[{"@type":"ReadAction","target":["https:\/\/stocklot.com.tr\/urun\/duvar-dekorasyon\/"]}]},{"@type":"ImageObject","inLanguage":"ar","@id":"https:\/\/stocklot.com.tr\/urun\/duvar-dekorasyon\/#primaryimage","url":"https:\/\/stocklot.com.tr\/wp-content\/uploads\/2018\/10\/duvar-kaplama.png","contentUrl":"https:\/\/stocklot.com.tr\/wp-content\/uploads\/2018\/10\/duvar-kaplama.png","width":500,"height":590},{"@type":"BreadcrumbList","@id":"https:\/\/stocklot.com.tr\/urun\/duvar-dekorasyon\/#breadcrumb","itemListElement":[{"@type":"ListItem","position":1,"name":"Ana sayfa","item":"https:\/\/stocklot.com.tr\/"},{"@type":"ListItem","position":2,"name":"Tedarik A\u011f\u0131m\u0131z","item":"https:\/\/stocklot.com.tr\/supply-network\/"},{"@type":"ListItem","position":3,"name":"Duvar Dekorasyon"}]},{"@type":"WebSite","@id":"https:\/\/stocklot.com.tr\/#website","url":"https:\/\/stocklot.com.tr\/","name":"Stocklot D\u0131\u015f Ticaret","description":"","publisher":{"@id":"https:\/\/stocklot.com.tr\/#organization"},"potentialAction":[{"@type":"SearchAction","target":{"@type":"EntryPoint","urlTemplate":"https:\/\/stocklot.com.tr\/?s={search_term_string}"},"query-input":{"@type":"PropertyValueSpecification","valueRequired":true,"valueName":"search_term_string"}}],"inLanguage":"ar"},{"@type":"Organization","@id":"https:\/\/stocklot.com.tr\/#organization","name":"Stocklot D\u0131\u015f Ticaret LTD \u015eT\u0130","url":"https:\/\/stocklot.com.tr\/","logo":{"@type":"ImageObject","inLanguage":"ar","@id":"https:\/\/stocklot.com.tr\/#\/schema\/logo\/image\/","url":"https:\/\/stocklot.com.tr\/wp-content\/uploads\/2018\/08\/logo.png","contentUrl":"https:\/\/stocklot.com.tr\/wp-content\/uploads\/2018\/08\/logo.png","width":329,"height":100,"caption":"Stocklot D\u0131\u015f Ticaret LTD \u015eT\u0130"},"image":{"@id":"https:\/\/stocklot.com.tr\/#\/schema\/logo\/image\/"},"sameAs":["https:\/\/www.facebook.com\/stocklot.branda.7","https:\/\/x.com\/stocklottr","https:\/\/www.instagram.com\/stocklot.tr\/","https:\/\/www.linkedin.com\/company\/stocklot-dis-ticaret\/","http:\/\/www.youtube.com\/channel\/UC3vVOrCxsWCI7flcrjAglzA"]}]}},"_links":{"self":[{"href":"https:\/\/stocklot.com.tr\/ar\/wp-json\/wp\/v2\/product\/376","targetHints":{"allow":["GET"]}}],"collection":[{"href":"https:\/\/stocklot.com.tr\/ar\/wp-json\/wp\/v2\/product"}],"about":[{"href":"https:\/\/stocklot.com.tr\/ar\/wp-json\/wp\/v2\/types\/product"}],"wp:featuredmedia":[{"embeddable":true,"href":"https:\/\/stocklot.com.tr\/ar\/wp-json\/wp\/v2\/media\/377"}],"wp:attachment":[{"href":"https:\/\/stocklot.com.tr\/ar\/wp-json\/wp\/v2\/media?parent=376"}],"wp:term":[{"taxonomy":"product_brand","embeddable":true,"href":"https:\/\/stocklot.com.tr\/ar\/wp-json\/wp\/v2\/product_brand?post=376"},{"taxonomy":"product_cat","embeddable":true,"href":"https:\/\/stocklot.com.tr\/ar\/wp-json\/wp\/v2\/product_cat?post=376"},{"taxonomy":"product_tag","embeddable":true,"href":"https:\/\/stocklot.com.tr\/ar\/wp-json\/wp\/v2\/product_tag?post=376"}],"curies":[{"name":"wp","href":"https:\/\/api.w.org\/{rel}","templated":true}]}}