{"id":374,"date":"2018-10-12T09:30:40","date_gmt":"2018-10-12T06:30:40","guid":{"rendered":"https:\/\/stocklot.com.tr\/?post_type=product&#038;p=374"},"modified":"2018-10-26T17:34:05","modified_gmt":"2018-10-26T14:34:05","slug":"kanvas","status":"publish","type":"product","link":"https:\/\/stocklot.com.tr\/ar\/product\/kanvas\/","title":{"rendered":"\u0631\u0633\u0648\u0645 \u0645\u0642\u0637\u0639\u0629 \u062d\u0627\u0626\u0637\u064a\u0629"},"content":{"rendered":"<h5>\u062f\u0627\u0626\u0645\u0629 \u0648\u062c\u0648\u062f\u0629 \u0637\u0628\u0627\u0639\u0629 \u062d\u064a\u0629<\/h5>\n<p>\u064a\u0633\u0645\u0649 \u0627\u0644\u062c\u0627\u0646\u0628 \u0627\u0644\u0623\u0645\u0627\u0645\u064a \u0648\u0627\u0644\u062e\u0644\u0641\u064a \u0644\u0646\u0641\u0633\u0647 \u060c \u0645\u0639 \u0647\u064a\u0643\u0644 \u0633\u0645\u064a\u0643 \u0645\u0646 \u0623\u0642\u0645\u0634\u0629 \u0627\u0644\u0643\u062a\u0627\u0646 \u0642\u0645\u0627\u0634. \u0623\u0642\u0645\u0634\u0629 \u0642\u0645\u0627\u0634 \u0644\u062f\u064a\u0647\u0627 \u0628\u0646\u064a\u0629 \u0646\u0642\u0637\u0629 \u0645\u0639\u064a\u0646\u0629. \u0648\u0647\u0648 \u0646\u0633\u064a\u062c \u062f\u0627\u0626\u0645 \u0644\u0644\u063a\u0627\u064a\u0629. \u0648\u0627\u062d\u062f\u0629 \u0645\u0646 \u0627\u0644\u0645\u062c\u0627\u0644\u0627\u062a \u0627\u0644\u062a\u064a \u064a\u062a\u0645 \u0627\u0633\u062a\u062e\u062f\u0627\u0645\u0647\u0627 \u0647\u0648 \u0642\u0637\u0627\u0639 \u0627\u0644\u0625\u0639\u0644\u0627\u0646. \u064a\u0645\u0643\u0646 \u0627\u0633\u062a\u062e\u062f\u0627\u0645\u0647 \u0644\u0623\u063a\u0631\u0627\u0636 \u0643\u062b\u064a\u0631\u0629 \u0639\u0646 \u0637\u0631\u064a\u0642 \u0627\u0644\u0637\u0628\u0627\u0639\u0629 \u0639\u0644\u064a\u0647. \u0643\u0645\u0627 \u064a\u0645\u0643\u0646 \u0627\u0633\u062a\u062e\u062f\u0627\u0645\u0647 \u0643\u0623\u062f\u0627\u0629 \u062f\u064a\u0643\u0648\u0631 \u0639\u0646 \u0637\u0631\u064a\u0642 \u0627\u0644\u0637\u0628\u0627\u0639\u0629 \u0641\u064a \u0623\u0646\u0645\u0627\u0637 \u0645\u062e\u062a\u0644\u0641\u0629 \u060c \u0648\u064a\u0645\u0643\u0646 \u0627\u0633\u062a\u062e\u062f\u0627\u0645\u0647 \u0623\u064a\u0636\u064b\u0627 \u0643\u062c\u062f\u0627\u0631 \u062d\u0627\u0626\u0637 \u0639\u0646 \u0637\u0631\u064a\u0642 \u0644\u0641\u0647 \u0639\u0644\u0649 \u0628\u0643\u0631\u0627\u062a. \u0648\u0647\u0648 \u0623\u062d\u062f \u0623\u0646\u0648\u0627\u0639 \u0627\u0644\u0646\u0633\u064a\u062c \u0627\u0644\u0623\u0643\u062b\u0631 \u0627\u0633\u062a\u062e\u062f\u0627\u0645\u064b\u0627 \u0641\u064a \u0642\u0637\u0627\u0639 \u0627\u0644\u0646\u0633\u064a\u062c \u0648\u0643\u0630\u0644\u0643 \u0641\u064a \u0642\u0637\u0627\u0639 \u0627\u0644\u0625\u0639\u0644\u0627\u0646\u0627\u062a.<\/p>\n<p>\u0644\u0627 \u064a\u0645\u0643\u0646 \u0627\u0644\u0627\u0633\u062a\u063a\u0646\u0627\u0621 \u0639\u0646 \u0627\u0644\u0645\u0627\u0631\u0643\u0627\u062a \u0627\u0644\u0631\u064a\u0627\u0636\u064a\u0629 \u0627\u0644\u0642\u0645\u0627\u0634\u064a\u0629 \u0628\u064a\u0646 \u0627\u0644\u0646\u0633\u064a\u062c \u0648\u0627\u0644\u062c\u064a\u0646\u0632 \u062d\u064a\u062b \u0623\u0646 \u0627\u0644\u0647\u064a\u0643\u0644 \u0644\u0627 \u063a\u0646\u0649 \u0639\u0646\u0647. \u0639\u0627\u062f\u0629 \u0645\u0627 \u064a\u0643\u0648\u0646 \u0623\u0648\u0644\u0626\u0643 \u0627\u0644\u0630\u064a\u0646 \u064a\u062d\u0628\u0648\u0646 \u0627\u0631\u062a\u062f\u0627\u0621 \u0627\u0644\u0645\u0644\u0627\u0628\u0633 \u0627\u0644\u0631\u064a\u0627\u0636\u064a\u0629 \u0645\u0635\u0646\u0648\u0639\u064a\u0646 \u0645\u0646 \u0642\u0645\u0627\u0634 \u0642\u0645\u0627\u0634. \u0627\u0644\u0645\u0644\u0627\u0628\u0633 \u0627\u0644\u062a\u064a \u064a\u062a\u0645 \u0625\u0646\u062a\u0627\u062c\u0647\u0627 \u0645\u0639 \u0642\u0645\u0627\u0634 \u0647\u064a \u0623\u0646\u064a\u0642\u0629 \u0648\u0645\u0631\u064a\u062d\u0629. \u0642\u0645\u0627\u0634 \u0627\u0644\u0642\u0645\u0627\u0634 \u0645\u062a\u064a\u0646 \u060c \u064a\u062c\u0645\u0639 \u0628\u064a\u0646 \u0627\u0644\u0623\u0646\u0627\u0642\u0629 \u0648\u0627\u0644\u0631\u0627\u062d\u0629 \u0644\u0645\u0633\u062a\u062e\u062f\u0645\u064a\u0647. \u0627\u0644\u0645\u0644\u0627\u0628\u0633 \u0627\u0644\u0645\u0635\u0646\u0648\u0639\u0629 \u0645\u0646 \u0642\u0645\u0627\u0634 \u0642\u0645\u0627\u0634 \u064a\u0645\u0643\u0646 \u0627\u0633\u062a\u062e\u062f\u0627\u0645\u0647\u0627 \u0644\u0633\u0646\u0648\u0627\u062a \u0639\u062f\u064a\u062f\u0629. \u0647\u0648 \u0646\u0633\u064a\u062c \u0645\u062a\u064a\u0646 \u0645\u0639 \u0647\u064a\u0643\u0644\u0647\u0627 \u0627\u0644\u062b\u0642\u064a\u0644\u0629 \u0648\u0627\u0644\u0631\u064a\u0641\u064a\u0629. \u0627\u0644\u0646\u0633\u064a\u062c \u0627\u0644\u0642\u0637\u0646\u064a \u064a\u0633\u0645\u062d \u0644\u0644\u0645\u0633\u062a\u062e\u062f\u0645 \u0628\u0627\u0633\u062a\u062e\u062f\u0627\u0645 \u0627\u0644\u0635\u064a\u0641 \u0648\u0627\u0644\u0634\u062a\u0627\u0621 \u0628\u0634\u0643\u0644 \u0645\u0631\u064a\u062d. \u0628\u0627\u0644\u0625\u0636\u0627\u0641\u0629 \u0625\u0644\u0649 \u0642\u0637\u0627\u0639 \u0627\u0644\u0625\u0639\u0644\u0627\u0646\u0627\u062a \u0648\u0627\u0644\u0645\u0646\u0633\u0648\u062c\u0627\u062a \u060c \u062a\u0623\u062e\u0630 \u0642\u0645\u0627\u0634 \u0627\u0644\u0634\u0631\u0643\u0629 \u0627\u0644\u062a\u0648\u0646\u0633\u064a\u0629 \u0644\u0644\u0645\u0646\u0633\u0648\u062c\u0627\u062a \u0627\u0644\u0642\u0645\u0627\u0634\u064a\u0629 \u0627\u0644\u0645\u0631\u062a\u0628\u0629 \u0627\u0644\u0623\u0648\u0644\u0649 \u0641\u064a \u0645\u062c\u0627\u0644 \u0627\u0644\u062a\u0646\u062c\u064a\u062f.<\/p>\n<p>\u062a\u0642\u062f\u0645 \u0634\u0631\u0643\u0629 \u0633\u062a\u0648\u0643\u0644\u0648\u062a \u0644\u0632\u0628\u0627\u0626\u0646\u0647\u0627 \u0645\u0646\u062a\u062c\u0627\u062a \u0641\u0648\u0627\u0626\u0636 \u0627\u0646\u062a\u0627\u062c, \u0637\u0644\u0628\u064a\u0627\u062a \u0645\u0644\u063a\u064a\u0629, \u0645\u0646\u062a\u062c\u0627\u062a \u063a\u064a\u0631 \u0645\u0644\u0627\u0626\u0645\u0629 \u0645\u0639 \u0627\u0644\u0646\u0636\u0627\u0645 \u0627\u0644\u0627\u0648\u0631\u0628\u064a, \u0645\u0646\u062a\u062c\u0627\u062a \u0645\u0646\u062a\u0647\u064a\u0629 \u0635\u0644\u0627\u062d\u064a\u062a\u0647\u0627, \u062a\u0635\u0645\u064a\u0645\u0627\u062a \u063a\u064a\u0631 \u0645\u0644\u0627\u0626\u0645\u0629 \u0645\u0639 \u0627\u0644\u0633\u0648\u0642 \u0627\u0644\u062d\u0635\u0631\u064a, \u0645\u0646\u062a\u062c\u0627\u062a \u0628\u0639\u062f \u0627\u0644\u0627\u0641\u0644\u0627\u0633 \u0628\u0627\u0633\u0639\u0627\u0631 \u0645\u0646\u0627\u0641\u0633\u0629. \u0646\u062a\u0627\u0628\u0639 \u0633\u064a\u0631 \u0639\u0645\u0644\u064a\u0627\u062a \u0627\u0644\u0627\u062f\u062e\u0627\u0644 \u0648 \u0627\u0644\u0628\u064a\u0639 \u0628\u0634\u0643\u0644 \u0645\u062d\u062a\u0631\u0641 \u0644\u0630\u0644\u0643 \u0644\u0627 \u064a\u062c\u0628 \u0639\u0644\u064a\u0643\u0645 \u0627\u0644\u0642\u0644\u0642 \u0639\u0644\u0649 \u062c\u0648\u062f\u0629 \u0627\u0644\u0645\u0646\u062a\u062c \u0627\u0648 \u0645\u062f\u0629 \u0627\u0644\u062a\u0626\u0645\u064a\u0646. \u062a\u0648\u0627\u0635\u0644\u0648\u0627 \u0645\u0639\u0646\u0627 \u0644\u0644\u0645\u0632\u064a\u062f \u0645\u0646 \u0627\u0644\u0645\u0639\u0644\u0648\u0645\u0627\u062a. <\/p>","protected":false},"excerpt":{"rendered":"<h5>\u0645\u062f\u0649 \u0627\u0644\u0627\u0633\u062a\u0639\u0645\u0627\u0644 \u0648 \u0627\u0644\u062a\u0637\u0628\u064a\u0642\u0627\u062a<\/h5>\n<ul>\n<li>\u0623\u0639\u0644\u0627\u0645 \u0648 \u0645\u062a\u062d\u0648\u0631<\/li>\n<li>\u0645\u0644\u0627\u0628\u0633 \u0631\u064a\u0627\u0636\u064a\u0629<\/li>\n<li>\u0644\u0648\u062d\u0627\u062a \u0648 \u0631\u0633\u0648\u0645\u0627\u062a<\/li>\n<li>\u0633\u064a\u062a\u0627\u062a \u063a\u0637\u0627\u0621 \u0648 \u0644\u062d\u0627\u0641<\/li>\n<li>\u0644\u0648\u062d\u0627\u062a<\/li>\n<li>\u0645\u0646\u062a\u062c\u0627\u062a \u0627\u0644\u062a\u0631\u0648\u064a\u062c<\/li>\n<\/ul>\n<h5>\u0627\u0644\u0627\u062e\u0635\u064a\u0627\u062a<\/h5>\n<ul>\n<li>\u062a\u0633\u0637\u064a\u062d \u062c\u064a\u062f \u062c\u062f\u0627<\/li>\n<li>\u0633\u0647\u0648\u0644\u0629 \u0628\u0627\u0644\u0645\u0639\u0627\u0644\u062c\u0629<\/li>\n<li>\u062c\u0648\u062f\u0629 \u0637\u0628\u0627\u0639\u0629 \u0639\u0627\u0644\u064a\u0629<\/li>\n<li>\u0642\u0645\u0627\u0634 \u0645\u062a\u064a\u0646<\/li>\n<li>\u062a\u0635\u0646\u064a\u0639 \u064a\u0635\u0644 \u0627\u0644\u0649 500 \u0633\u0645.<\/li>\n<li>\u0628\u0646\u064a\u0629 \u0633\u0637\u062d \u0646\u0633\u064a\u062c \u0646\u0627\u0639\u0645<\/li>\n<li>\u0627\u0644\u0637\u0628\u0627\u0639\u0629 \u0639\u0644\u0649 \u062c\u0627\u0646\u0628 \u0648\u0627\u062d\u062f \u0645\u0639 \u0627\u0644\u0623\u0646\u0638\u0645\u0629 \u0627\u0644\u0639\u0627\u062f\u064a\u0629<\/li>\n<\/ul>","protected":false},"featured_media":375,"template":"","meta":[],"product_brand":[],"product_cat":[129],"product_tag":[],"class_list":{"0":"post-374","1":"product","2":"type-product","3":"status-publish","4":"has-post-thumbnail","6":"product_cat-dekorasyon","8":"first","9":"instock","10":"shipping-taxable","11":"product-type-simple"},"yoast_head":"<!-- This site is optimized with the Yoast SEO plugin v25.3.1 - https:\/\/yoast.com\/wordpress\/plugins\/seo\/ -->\n<title>Kanvas<\/title>\n<meta name=\"robots\" content=\"index, follow, max-snippet:-1, max-image-preview:large, max-video-preview:-1\" \/>\n<link rel=\"canonical\" href=\"https:\/\/stocklot.com.tr\/ar\/produkt\/kanvas\/\" \/>\n<meta property=\"og:locale\" content=\"ar_AR\" \/>\n<meta property=\"og:type\" content=\"article\" \/>\n<meta property=\"og:title\" content=\"Kanvas\" \/>\n<meta property=\"og:description\" content=\"Uygulama Alanlar\u0131   Bayrak ve Flamalar  Spor Giyim  Tablo ve Boyamalar  Nevresim Yatak \u00d6rt\u00fc Tak\u0131mlar\u0131  Reklam Panolar\u0131  Promosyon \u00dcr\u00fcnleri   \u00d6zellikleri   \u00c7ok \u0130yi D\u00fczl\u00fck  Kolay \u0130\u015flenebilirlik  \u00c7ok \u0130yi Bask\u0131 Kalitesi  Dayan\u0131kl\u0131 Kuma\u015f Kalitesi  500 cm&#039;ye Kadar \u00dcretim Geni\u015fli\u011fi  Yumu\u015fak Tekstil Y\u00fczey Yap\u0131s\u0131  Ola\u011fan Sistemlerle Bir Y\u00fcze Bas\u0131labilme\" \/>\n<meta property=\"og:url\" content=\"https:\/\/stocklot.com.tr\/ar\/produkt\/kanvas\/\" \/>\n<meta property=\"og:site_name\" content=\"Stocklot D\u0131\u015f Ticaret\" \/>\n<meta property=\"article:publisher\" content=\"https:\/\/www.facebook.com\/stocklot.branda.7\" \/>\n<meta property=\"article:modified_time\" content=\"2018-10-26T14:34:05+00:00\" \/>\n<meta property=\"og:image\" content=\"https:\/\/stocklot.com.tr\/wp-content\/uploads\/2018\/10\/kanvas.png\" \/>\n\t<meta property=\"og:image:width\" content=\"500\" \/>\n\t<meta property=\"og:image:height\" content=\"590\" \/>\n\t<meta property=\"og:image:type\" content=\"image\/png\" \/>\n<meta name=\"twitter:card\" content=\"summary_large_image\" \/>\n<meta name=\"twitter:site\" content=\"@stocklottr\" \/>\n<meta name=\"twitter:label1\" content=\"\u0648\u0642\u062a \u0627\u0644\u0642\u0631\u0627\u0621\u0629 \u0627\u0644\u0645\u064f\u0642\u062f\u0651\u0631\" \/>\n\t<meta name=\"twitter:data1\" content=\"\u062f\u0642\u064a\u0642\u062a\u0627\u0646\" \/>\n<script type=\"application\/ld+json\" class=\"yoast-schema-graph\">{\"@context\":\"https:\/\/schema.org\",\"@graph\":[{\"@type\":\"WebPage\",\"@id\":\"https:\/\/stocklot.com.tr\/de\/produkt\/kanvas\/\",\"url\":\"https:\/\/stocklot.com.tr\/de\/produkt\/kanvas\/\",\"name\":\"Kanvas\",\"isPartOf\":{\"@id\":\"https:\/\/stocklot.com.tr\/#website\"},\"primaryImageOfPage\":{\"@id\":\"https:\/\/stocklot.com.tr\/de\/produkt\/kanvas\/#primaryimage\"},\"image\":{\"@id\":\"https:\/\/stocklot.com.tr\/de\/produkt\/kanvas\/#primaryimage\"},\"thumbnailUrl\":\"https:\/\/stocklot.com.tr\/wp-content\/uploads\/2018\/10\/kanvas.png\",\"datePublished\":\"2018-10-12T06:30:40+00:00\",\"dateModified\":\"2018-10-26T14:34:05+00:00\",\"breadcrumb\":{\"@id\":\"https:\/\/stocklot.com.tr\/de\/produkt\/kanvas\/#breadcrumb\"},\"inLanguage\":\"ar\",\"potentialAction\":[{\"@type\":\"ReadAction\",\"target\":[\"https:\/\/stocklot.com.tr\/de\/produkt\/kanvas\/\"]}]},{\"@type\":\"ImageObject\",\"inLanguage\":\"ar\",\"@id\":\"https:\/\/stocklot.com.tr\/de\/produkt\/kanvas\/#primaryimage\",\"url\":\"https:\/\/stocklot.com.tr\/wp-content\/uploads\/2018\/10\/kanvas.png\",\"contentUrl\":\"https:\/\/stocklot.com.tr\/wp-content\/uploads\/2018\/10\/kanvas.png\",\"width\":500,\"height\":590},{\"@type\":\"BreadcrumbList\",\"@id\":\"https:\/\/stocklot.com.tr\/de\/produkt\/kanvas\/#breadcrumb\",\"itemListElement\":[{\"@type\":\"ListItem\",\"position\":1,\"name\":\"Ana sayfa\",\"item\":\"https:\/\/stocklot.com.tr\/\"},{\"@type\":\"ListItem\",\"position\":2,\"name\":\"Tedarik A\u011f\u0131m\u0131z\",\"item\":\"https:\/\/stocklot.com.tr\/supply-network\/\"},{\"@type\":\"ListItem\",\"position\":3,\"name\":\"Kanvas\"}]},{\"@type\":\"WebSite\",\"@id\":\"https:\/\/stocklot.com.tr\/#website\",\"url\":\"https:\/\/stocklot.com.tr\/\",\"name\":\"Stocklot D\u0131\u015f Ticaret\",\"description\":\"\",\"publisher\":{\"@id\":\"https:\/\/stocklot.com.tr\/#organization\"},\"potentialAction\":[{\"@type\":\"SearchAction\",\"target\":{\"@type\":\"EntryPoint\",\"urlTemplate\":\"https:\/\/stocklot.com.tr\/?s={search_term_string}\"},\"query-input\":{\"@type\":\"PropertyValueSpecification\",\"valueRequired\":true,\"valueName\":\"search_term_string\"}}],\"inLanguage\":\"ar\"},{\"@type\":\"Organization\",\"@id\":\"https:\/\/stocklot.com.tr\/#organization\",\"name\":\"Stocklot D\u0131\u015f Ticaret LTD \u015eT\u0130\",\"url\":\"https:\/\/stocklot.com.tr\/\",\"logo\":{\"@type\":\"ImageObject\",\"inLanguage\":\"ar\",\"@id\":\"https:\/\/stocklot.com.tr\/#\/schema\/logo\/image\/\",\"url\":\"https:\/\/stocklot.com.tr\/wp-content\/uploads\/2018\/08\/logo.png\",\"contentUrl\":\"https:\/\/stocklot.com.tr\/wp-content\/uploads\/2018\/08\/logo.png\",\"width\":329,\"height\":100,\"caption\":\"Stocklot D\u0131\u015f Ticaret LTD \u015eT\u0130\"},\"image\":{\"@id\":\"https:\/\/stocklot.com.tr\/#\/schema\/logo\/image\/\"},\"sameAs\":[\"https:\/\/www.facebook.com\/stocklot.branda.7\",\"https:\/\/x.com\/stocklottr\",\"https:\/\/www.instagram.com\/stocklot.tr\/\",\"https:\/\/www.linkedin.com\/company\/stocklot-dis-ticaret\/\",\"http:\/\/www.youtube.com\/channel\/UC3vVOrCxsWCI7flcrjAglzA\"]}]}<\/script>\n<!-- \/ Yoast SEO plugin. -->","yoast_head_json":{"title":"Kanvas","robots":{"index":"index","follow":"follow","max-snippet":"max-snippet:-1","max-image-preview":"max-image-preview:large","max-video-preview":"max-video-preview:-1"},"canonical":"https:\/\/stocklot.com.tr\/ar\/produkt\/kanvas\/","og_locale":"ar_AR","og_type":"article","og_title":"Kanvas","og_description":"Uygulama Alanlar\u0131   Bayrak ve Flamalar  Spor Giyim  Tablo ve Boyamalar  Nevresim Yatak \u00d6rt\u00fc Tak\u0131mlar\u0131  Reklam Panolar\u0131  Promosyon \u00dcr\u00fcnleri   \u00d6zellikleri   \u00c7ok \u0130yi D\u00fczl\u00fck  Kolay \u0130\u015flenebilirlik  \u00c7ok \u0130yi Bask\u0131 Kalitesi  Dayan\u0131kl\u0131 Kuma\u015f Kalitesi  500 cm'ye Kadar \u00dcretim Geni\u015fli\u011fi  Yumu\u015fak Tekstil Y\u00fczey Yap\u0131s\u0131  Ola\u011fan Sistemlerle Bir Y\u00fcze Bas\u0131labilme","og_url":"https:\/\/stocklot.com.tr\/ar\/produkt\/kanvas\/","og_site_name":"Stocklot D\u0131\u015f Ticaret","article_publisher":"https:\/\/www.facebook.com\/stocklot.branda.7","article_modified_time":"2018-10-26T14:34:05+00:00","og_image":[{"width":500,"height":590,"url":"https:\/\/stocklot.com.tr\/wp-content\/uploads\/2018\/10\/kanvas.png","type":"image\/png"}],"twitter_card":"summary_large_image","twitter_site":"@stocklottr","twitter_misc":{"\u0648\u0642\u062a \u0627\u0644\u0642\u0631\u0627\u0621\u0629 \u0627\u0644\u0645\u064f\u0642\u062f\u0651\u0631":"\u062f\u0642\u064a\u0642\u062a\u0627\u0646"},"schema":{"@context":"https:\/\/schema.org","@graph":[{"@type":"WebPage","@id":"https:\/\/stocklot.com.tr\/de\/produkt\/kanvas\/","url":"https:\/\/stocklot.com.tr\/de\/produkt\/kanvas\/","name":"Kanvas","isPartOf":{"@id":"https:\/\/stocklot.com.tr\/#website"},"primaryImageOfPage":{"@id":"https:\/\/stocklot.com.tr\/de\/produkt\/kanvas\/#primaryimage"},"image":{"@id":"https:\/\/stocklot.com.tr\/de\/produkt\/kanvas\/#primaryimage"},"thumbnailUrl":"https:\/\/stocklot.com.tr\/wp-content\/uploads\/2018\/10\/kanvas.png","datePublished":"2018-10-12T06:30:40+00:00","dateModified":"2018-10-26T14:34:05+00:00","breadcrumb":{"@id":"https:\/\/stocklot.com.tr\/de\/produkt\/kanvas\/#breadcrumb"},"inLanguage":"ar","potentialAction":[{"@type":"ReadAction","target":["https:\/\/stocklot.com.tr\/de\/produkt\/kanvas\/"]}]},{"@type":"ImageObject","inLanguage":"ar","@id":"https:\/\/stocklot.com.tr\/de\/produkt\/kanvas\/#primaryimage","url":"https:\/\/stocklot.com.tr\/wp-content\/uploads\/2018\/10\/kanvas.png","contentUrl":"https:\/\/stocklot.com.tr\/wp-content\/uploads\/2018\/10\/kanvas.png","width":500,"height":590},{"@type":"BreadcrumbList","@id":"https:\/\/stocklot.com.tr\/de\/produkt\/kanvas\/#breadcrumb","itemListElement":[{"@type":"ListItem","position":1,"name":"Ana sayfa","item":"https:\/\/stocklot.com.tr\/"},{"@type":"ListItem","position":2,"name":"Tedarik A\u011f\u0131m\u0131z","item":"https:\/\/stocklot.com.tr\/supply-network\/"},{"@type":"ListItem","position":3,"name":"Kanvas"}]},{"@type":"WebSite","@id":"https:\/\/stocklot.com.tr\/#website","url":"https:\/\/stocklot.com.tr\/","name":"Stocklot D\u0131\u015f Ticaret","description":"","publisher":{"@id":"https:\/\/stocklot.com.tr\/#organization"},"potentialAction":[{"@type":"SearchAction","target":{"@type":"EntryPoint","urlTemplate":"https:\/\/stocklot.com.tr\/?s={search_term_string}"},"query-input":{"@type":"PropertyValueSpecification","valueRequired":true,"valueName":"search_term_string"}}],"inLanguage":"ar"},{"@type":"Organization","@id":"https:\/\/stocklot.com.tr\/#organization","name":"Stocklot D\u0131\u015f Ticaret LTD \u015eT\u0130","url":"https:\/\/stocklot.com.tr\/","logo":{"@type":"ImageObject","inLanguage":"ar","@id":"https:\/\/stocklot.com.tr\/#\/schema\/logo\/image\/","url":"https:\/\/stocklot.com.tr\/wp-content\/uploads\/2018\/08\/logo.png","contentUrl":"https:\/\/stocklot.com.tr\/wp-content\/uploads\/2018\/08\/logo.png","width":329,"height":100,"caption":"Stocklot D\u0131\u015f Ticaret LTD \u015eT\u0130"},"image":{"@id":"https:\/\/stocklot.com.tr\/#\/schema\/logo\/image\/"},"sameAs":["https:\/\/www.facebook.com\/stocklot.branda.7","https:\/\/x.com\/stocklottr","https:\/\/www.instagram.com\/stocklot.tr\/","https:\/\/www.linkedin.com\/company\/stocklot-dis-ticaret\/","http:\/\/www.youtube.com\/channel\/UC3vVOrCxsWCI7flcrjAglzA"]}]}},"_links":{"self":[{"href":"https:\/\/stocklot.com.tr\/ar\/wp-json\/wp\/v2\/product\/374","targetHints":{"allow":["GET"]}}],"collection":[{"href":"https:\/\/stocklot.com.tr\/ar\/wp-json\/wp\/v2\/product"}],"about":[{"href":"https:\/\/stocklot.com.tr\/ar\/wp-json\/wp\/v2\/types\/product"}],"wp:featuredmedia":[{"embeddable":true,"href":"https:\/\/stocklot.com.tr\/ar\/wp-json\/wp\/v2\/media\/375"}],"wp:attachment":[{"href":"https:\/\/stocklot.com.tr\/ar\/wp-json\/wp\/v2\/media?parent=374"}],"wp:term":[{"taxonomy":"product_brand","embeddable":true,"href":"https:\/\/stocklot.com.tr\/ar\/wp-json\/wp\/v2\/product_brand?post=374"},{"taxonomy":"product_cat","embeddable":true,"href":"https:\/\/stocklot.com.tr\/ar\/wp-json\/wp\/v2\/product_cat?post=374"},{"taxonomy":"product_tag","embeddable":true,"href":"https:\/\/stocklot.com.tr\/ar\/wp-json\/wp\/v2\/product_tag?post=374"}],"curies":[{"name":"wp","href":"https:\/\/api.w.org\/{rel}","templated":true}]}}