{"id":370,"date":"2018-10-12T09:32:16","date_gmt":"2018-10-12T06:32:16","guid":{"rendered":"https:\/\/stocklot.com.tr\/?post_type=product&#038;p=370"},"modified":"2018-10-26T15:47:10","modified_gmt":"2018-10-26T12:47:10","slug":"filtre-kagitlari","status":"publish","type":"product","link":"https:\/\/stocklot.com.tr\/ar\/product\/filtre-kagitlari\/","title":{"rendered":"\u0648\u0631\u0642 \u0641\u0644\u0627\u062a\u0631"},"content":{"rendered":"<h5>\u0627\u0644\u062a\u062d\u0644\u0644 \u0627\u0644\u0644\u0627\u0632\u0645 \u0641\u064a \u062c\u0645\u064a\u0639 \u0623\u0646\u0648\u0627\u0639 \u0627\u0644\u0628\u064a\u0626\u0627\u062a<\/h5>\n<p>\u0623\u0648\u0631\u0627\u0642 \u0641\u0644\u062a\u0631 \u0647\u064a \u0627\u0644\u0645\u0648\u0627\u062f \u0627\u0644\u0627\u0633\u062a\u0647\u0644\u0627\u0643\u064a\u0629 \u0627\u0644\u062a\u064a \u064a\u0645\u0643\u0646 \u0627\u0633\u062a\u062e\u062f\u0627\u0645\u0647\u0627 \u0641\u064a \u062c\u0645\u064a\u0639 \u0623\u0646\u0648\u0627\u0639 \u0627\u0644\u0628\u064a\u0626\u0627\u062a \u0645\u0646 \u0627\u0644\u0635\u0646\u0627\u0639\u0629 \u0625\u0644\u0649 \u0627\u0644\u0645\u0637\u0628\u062e \u060c \u0645\u0646 \u0627\u0644\u0645\u062e\u062a\u0628\u0631\u0627\u062a \u0625\u0644\u0649 \u0627\u0644\u0634\u0631\u0643\u0627\u062a. \u064a\u062a\u0645 \u0627\u0633\u062a\u062e\u062f\u0627\u0645 \u0648\u0631\u0642 \u0627\u0644\u062a\u0631\u0634\u064a\u062d \u0639\u0644\u0649 \u0646\u0637\u0627\u0642 \u0648\u0627\u0633\u0639 \u0641\u064a \u0623\u062c\u0632\u0627\u0621 \u062a\u0646\u0642\u064a\u0629 \u0627\u0644\u0647\u0648\u0627\u0621 \u0645\u0646 \u0627\u0644\u0633\u064a\u0627\u0631\u0627\u062a \u0648\u0641\u064a \u0623\u062c\u0632\u0627\u0621 \u0645\u0646 \u0622\u0644\u0627\u062a \u0627\u0644\u0642\u0647\u0648\u0629 \u0627\u0644\u062a\u064a \u0647\u064a \u0639\u0644\u0649 \u0627\u062a\u0635\u0627\u0644 \u0645\u0639 \u0627\u0644\u0645\u0627\u0621 \u0645\u0646 \u0645\u0633\u062d\u0648\u0642 \u0627\u0644\u0623\u0633\u0627\u0633\u064a\u0629. \u0628\u0627\u0644\u0625\u0636\u0627\u0641\u0629 \u0625\u0644\u0649 \u0630\u0644\u0643 \u060c \u0641\u0625\u0646 \u0627\u0644\u0645\u0631\u0634\u062d\u0627\u062a \u0641\u064a \u0648\u0636\u0639 \u0644\u0627 \u063a\u0646\u0649 \u0639\u0646\u0647 \u0641\u064a \u0627\u0644\u0639\u062f\u064a\u062f \u0645\u0646 \u0622\u0644\u064a\u0627\u062a \u0627\u0644\u062a\u062d\u0644\u064a\u0644 \u0648\u0627\u0644\u062a\u062d\u0644\u064a\u0644 \u0627\u0644\u0645\u0641\u0635\u0644\u0629. \u0628\u0635\u0641\u062a\u0646\u0627 \u0633\u062a\u0648\u0643\u0644\u0648\u062a \u060c \u0646\u0642\u0648\u0645 \u0628\u0627\u0633\u062a\u064a\u0631\u0627\u062f \u0648\u0631\u0642 \u0627\u0644\u062a\u0631\u0634\u064a\u062d \u0645\u0646 \u0627\u0644\u062d\u062c\u0645 \u0648\u0627\u0644\u062d\u062c\u0645 \u0627\u0644\u0645\u0637\u0644\u0648\u0628\u064a\u0646 \u0648\u0641\u0642\u064b\u0627 \u0644\u0645\u0646\u0627\u0637\u0642 \u0627\u0644\u0627\u0633\u062a\u062e\u062f\u0627\u0645 \u0627\u0644\u0645\u0646\u0627\u0633\u0628\u0629.<\/p>\n<p>\u062a\u0642\u062f\u0645 \u0634\u0631\u0643\u0629 \u0633\u062a\u0648\u0643\u0644\u0648\u062a \u0644\u0632\u0628\u0627\u0626\u0646\u0647\u0627 \u0645\u0646\u062a\u062c\u0627\u062a \u0641\u0648\u0627\u0626\u0636 \u0627\u0646\u062a\u0627\u062c, \u0637\u0644\u0628\u064a\u0627\u062a \u0645\u0644\u063a\u064a\u0629, \u0645\u0646\u062a\u062c\u0627\u062a \u063a\u064a\u0631 \u0645\u0644\u0627\u0626\u0645\u0629 \u0645\u0639 \u0627\u0644\u0646\u0636\u0627\u0645 \u0627\u0644\u0627\u0648\u0631\u0628\u064a, \u0645\u0646\u062a\u062c\u0627\u062a \u0645\u0646\u062a\u0647\u064a\u0629 \u0635\u0644\u0627\u062d\u064a\u062a\u0647\u0627, \u062a\u0635\u0645\u064a\u0645\u0627\u062a \u063a\u064a\u0631 \u0645\u0644\u0627\u0626\u0645\u0629 \u0645\u0639 \u0627\u0644\u0633\u0648\u0642 \u0627\u0644\u062d\u0635\u0631\u064a, \u0645\u0646\u062a\u062c\u0627\u062a \u0628\u0639\u062f \u0627\u0644\u0627\u0641\u0644\u0627\u0633 \u0628\u0627\u0633\u0639\u0627\u0631 \u0645\u0646\u0627\u0641\u0633\u0629. \u0646\u062a\u0627\u0628\u0639 \u0633\u064a\u0631 \u0639\u0645\u0644\u064a\u0627\u062a \u0627\u0644\u0627\u062f\u062e\u0627\u0644 \u0648 \u0627\u0644\u0628\u064a\u0639 \u0628\u0634\u0643\u0644 \u0645\u062d\u062a\u0631\u0641 \u0644\u0630\u0644\u0643 \u0644\u0627 \u064a\u062c\u0628 \u0639\u0644\u064a\u0643\u0645 \u0627\u0644\u0642\u0644\u0642 \u0639\u0644\u0649 \u062c\u0648\u062f\u0629 \u0627\u0644\u0645\u0646\u062a\u062c \u0627\u0648 \u0645\u062f\u0629 \u0627\u0644\u062a\u0626\u0645\u064a\u0646. \u062a\u0648\u0627\u0635\u0644\u0648\u0627 \u0645\u0639\u0646\u0627 \u0644\u0644\u0645\u0632\u064a\u062f \u0645\u0646 \u0627\u0644\u0645\u0639\u0644\u0648\u0645\u0627\u062a. <\/p>","protected":false},"excerpt":{"rendered":"<h5>\u0645\u062f\u0649 \u0627\u0644\u0627\u0633\u062a\u0639\u0645\u0627\u0644 \u0648 \u0627\u0644\u062a\u0637\u0628\u064a\u0642\u0627\u062a<\/h5>\n<ul>\n<li>\u0627\u0644\u0645\u062e\u062a\u0628\u0631\u0627\u062a<\/li>\n<li>\u0645\u0646\u062a\u062c\u0627\u062a \u0627\u0644\u0645\u0637\u0628\u062e<\/li>\n<li>\u0627\u0644\u0622\u0644\u0627\u062a \u0648\u0642\u0637\u0639 \u0627\u0644\u063a\u064a\u0627\u0631<\/li>\n<li>\u0645\u0646\u062a\u062c\u0627\u062a \u0627\u0644\u0635\u0646\u0627\u0639\u0629<\/li>\n<li>\u0635\u0646\u0627\u0639\u0629 \u0627\u0644\u0633\u064a\u0627\u0631\u0627\u062a<\/li>\n<li>\u0623\u0646\u0638\u0645\u0629 \u0627\u0644\u062a\u0647\u0648\u064a\u0629<\/li>\n<\/ul>\n<h5>\u0627\u0644\u0627\u062e\u0635\u064a\u0627\u062a<\/h5>\n<ul>\n<li>\u0633\u0647\u0648\u0644\u0629 \u0628\u0627\u0644\u0645\u0639\u0627\u0644\u062c\u0629<\/li>\n<li>\u0642\u0645\u0627\u0634 \u0645\u062a\u064a\u0646<\/li>\n<li>\u0628\u0646\u064a\u0629 \u0633\u0637\u062d \u0646\u0633\u064a\u062c \u0646\u0627\u0639\u0645<\/li>\n<li>\u0627\u0644\u0645\u064a\u0632\u0627\u062a \u0627\u0644\u0645\u062d\u062f\u062f\u0629 \u0627\u0644\u0645\u0631\u063a\u0648\u0628\u0629<\/li>\n<\/ul>","protected":false},"featured_media":371,"template":"","meta":[],"product_brand":[],"product_cat":[40],"product_tag":[],"class_list":{"0":"post-370","1":"product","2":"type-product","3":"status-publish","4":"has-post-thumbnail","6":"product_cat-genel","8":"first","9":"instock","10":"shipping-taxable","11":"product-type-simple"},"yoast_head":"<!-- This site is optimized with the Yoast SEO plugin v25.3.1 - https:\/\/yoast.com\/wordpress\/plugins\/seo\/ -->\n<title>Filtre Ka\u011f\u0131tlar\u0131<\/title>\n<meta name=\"robots\" content=\"index, follow, max-snippet:-1, max-image-preview:large, max-video-preview:-1\" \/>\n<link rel=\"canonical\" href=\"https:\/\/stocklot.com.tr\/ar\/product\/filtre-kagitlari\/\" \/>\n<meta property=\"og:locale\" content=\"ar_AR\" \/>\n<meta property=\"og:type\" content=\"article\" \/>\n<meta property=\"og:title\" content=\"Filtre Ka\u011f\u0131tlar\u0131\" \/>\n<meta property=\"og:description\" content=\"Uygulama Alanlar\u0131   Laboratuvarlar  Mutfak \u00dcr\u00fcnleri  Makina ve Par\u00e7alar\u0131  Sanayi \u00dcr\u00fcnleri  Otomotiv Sekt\u00f6r\u00fc  Havaland\u0131rma Sistemleri  \u00d6zellikleri   Kolay \u0130\u015flenebilirlik  Dayan\u0131kl\u0131 Kuma\u015f Kalitesi  Yumu\u015fak Tekstil Y\u00fczey Yap\u0131s\u0131  \u0130stenilen Spesifik \u00d6zellikler\" \/>\n<meta property=\"og:url\" content=\"https:\/\/stocklot.com.tr\/ar\/product\/filtre-kagitlari\/\" \/>\n<meta property=\"og:site_name\" content=\"Stocklot D\u0131\u015f Ticaret\" \/>\n<meta property=\"article:publisher\" content=\"https:\/\/www.facebook.com\/stocklot.branda.7\" \/>\n<meta property=\"article:modified_time\" content=\"2018-10-26T12:47:10+00:00\" \/>\n<meta property=\"og:image\" content=\"https:\/\/stocklot.com.tr\/wp-content\/uploads\/2018\/10\/filtre-kagitlari.png\" \/>\n\t<meta property=\"og:image:width\" content=\"500\" \/>\n\t<meta property=\"og:image:height\" content=\"590\" \/>\n\t<meta property=\"og:image:type\" content=\"image\/png\" \/>\n<meta name=\"twitter:card\" content=\"summary_large_image\" \/>\n<meta name=\"twitter:site\" content=\"@stocklottr\" \/>\n<meta name=\"twitter:label1\" content=\"\u0648\u0642\u062a \u0627\u0644\u0642\u0631\u0627\u0621\u0629 \u0627\u0644\u0645\u064f\u0642\u062f\u0651\u0631\" \/>\n\t<meta name=\"twitter:data1\" content=\"\u062f\u0642\u064a\u0642\u0629 \u0648\u0627\u062d\u062f\u0629\" \/>\n<script type=\"application\/ld+json\" class=\"yoast-schema-graph\">{\"@context\":\"https:\/\/schema.org\",\"@graph\":[{\"@type\":\"WebPage\",\"@id\":\"https:\/\/stocklot.com.tr\/ar\/product\/filtre-kagitlari\/\",\"url\":\"https:\/\/stocklot.com.tr\/ar\/product\/filtre-kagitlari\/\",\"name\":\"Filtre Ka\u011f\u0131tlar\u0131\",\"isPartOf\":{\"@id\":\"https:\/\/stocklot.com.tr\/#website\"},\"primaryImageOfPage\":{\"@id\":\"https:\/\/stocklot.com.tr\/ar\/product\/filtre-kagitlari\/#primaryimage\"},\"image\":{\"@id\":\"https:\/\/stocklot.com.tr\/ar\/product\/filtre-kagitlari\/#primaryimage\"},\"thumbnailUrl\":\"https:\/\/stocklot.com.tr\/wp-content\/uploads\/2018\/10\/filtre-kagitlari.png\",\"datePublished\":\"2018-10-12T06:32:16+00:00\",\"dateModified\":\"2018-10-26T12:47:10+00:00\",\"breadcrumb\":{\"@id\":\"https:\/\/stocklot.com.tr\/ar\/product\/filtre-kagitlari\/#breadcrumb\"},\"inLanguage\":\"ar\",\"potentialAction\":[{\"@type\":\"ReadAction\",\"target\":[\"https:\/\/stocklot.com.tr\/ar\/product\/filtre-kagitlari\/\"]}]},{\"@type\":\"ImageObject\",\"inLanguage\":\"ar\",\"@id\":\"https:\/\/stocklot.com.tr\/ar\/product\/filtre-kagitlari\/#primaryimage\",\"url\":\"https:\/\/stocklot.com.tr\/wp-content\/uploads\/2018\/10\/filtre-kagitlari.png\",\"contentUrl\":\"https:\/\/stocklot.com.tr\/wp-content\/uploads\/2018\/10\/filtre-kagitlari.png\",\"width\":500,\"height\":590},{\"@type\":\"BreadcrumbList\",\"@id\":\"https:\/\/stocklot.com.tr\/ar\/product\/filtre-kagitlari\/#breadcrumb\",\"itemListElement\":[{\"@type\":\"ListItem\",\"position\":1,\"name\":\"Ana sayfa\",\"item\":\"https:\/\/stocklot.com.tr\/\"},{\"@type\":\"ListItem\",\"position\":2,\"name\":\"Tedarik A\u011f\u0131m\u0131z\",\"item\":\"https:\/\/stocklot.com.tr\/supply-network\/\"},{\"@type\":\"ListItem\",\"position\":3,\"name\":\"Filtre Ka\u011f\u0131tlar\u0131\"}]},{\"@type\":\"WebSite\",\"@id\":\"https:\/\/stocklot.com.tr\/#website\",\"url\":\"https:\/\/stocklot.com.tr\/\",\"name\":\"Stocklot D\u0131\u015f Ticaret\",\"description\":\"\",\"publisher\":{\"@id\":\"https:\/\/stocklot.com.tr\/#organization\"},\"potentialAction\":[{\"@type\":\"SearchAction\",\"target\":{\"@type\":\"EntryPoint\",\"urlTemplate\":\"https:\/\/stocklot.com.tr\/?s={search_term_string}\"},\"query-input\":{\"@type\":\"PropertyValueSpecification\",\"valueRequired\":true,\"valueName\":\"search_term_string\"}}],\"inLanguage\":\"ar\"},{\"@type\":\"Organization\",\"@id\":\"https:\/\/stocklot.com.tr\/#organization\",\"name\":\"Stocklot D\u0131\u015f Ticaret LTD \u015eT\u0130\",\"url\":\"https:\/\/stocklot.com.tr\/\",\"logo\":{\"@type\":\"ImageObject\",\"inLanguage\":\"ar\",\"@id\":\"https:\/\/stocklot.com.tr\/#\/schema\/logo\/image\/\",\"url\":\"https:\/\/stocklot.com.tr\/wp-content\/uploads\/2018\/08\/logo.png\",\"contentUrl\":\"https:\/\/stocklot.com.tr\/wp-content\/uploads\/2018\/08\/logo.png\",\"width\":329,\"height\":100,\"caption\":\"Stocklot D\u0131\u015f Ticaret LTD \u015eT\u0130\"},\"image\":{\"@id\":\"https:\/\/stocklot.com.tr\/#\/schema\/logo\/image\/\"},\"sameAs\":[\"https:\/\/www.facebook.com\/stocklot.branda.7\",\"https:\/\/x.com\/stocklottr\",\"https:\/\/www.instagram.com\/stocklot.tr\/\",\"https:\/\/www.linkedin.com\/company\/stocklot-dis-ticaret\/\",\"http:\/\/www.youtube.com\/channel\/UC3vVOrCxsWCI7flcrjAglzA\"]}]}<\/script>\n<!-- \/ Yoast SEO plugin. -->","yoast_head_json":{"title":"Filtre Ka\u011f\u0131tlar\u0131","robots":{"index":"index","follow":"follow","max-snippet":"max-snippet:-1","max-image-preview":"max-image-preview:large","max-video-preview":"max-video-preview:-1"},"canonical":"https:\/\/stocklot.com.tr\/ar\/product\/filtre-kagitlari\/","og_locale":"ar_AR","og_type":"article","og_title":"Filtre Ka\u011f\u0131tlar\u0131","og_description":"Uygulama Alanlar\u0131   Laboratuvarlar  Mutfak \u00dcr\u00fcnleri  Makina ve Par\u00e7alar\u0131  Sanayi \u00dcr\u00fcnleri  Otomotiv Sekt\u00f6r\u00fc  Havaland\u0131rma Sistemleri  \u00d6zellikleri   Kolay \u0130\u015flenebilirlik  Dayan\u0131kl\u0131 Kuma\u015f Kalitesi  Yumu\u015fak Tekstil Y\u00fczey Yap\u0131s\u0131  \u0130stenilen Spesifik \u00d6zellikler","og_url":"https:\/\/stocklot.com.tr\/ar\/product\/filtre-kagitlari\/","og_site_name":"Stocklot D\u0131\u015f Ticaret","article_publisher":"https:\/\/www.facebook.com\/stocklot.branda.7","article_modified_time":"2018-10-26T12:47:10+00:00","og_image":[{"width":500,"height":590,"url":"https:\/\/stocklot.com.tr\/wp-content\/uploads\/2018\/10\/filtre-kagitlari.png","type":"image\/png"}],"twitter_card":"summary_large_image","twitter_site":"@stocklottr","twitter_misc":{"\u0648\u0642\u062a \u0627\u0644\u0642\u0631\u0627\u0621\u0629 \u0627\u0644\u0645\u064f\u0642\u062f\u0651\u0631":"\u062f\u0642\u064a\u0642\u0629 \u0648\u0627\u062d\u062f\u0629"},"schema":{"@context":"https:\/\/schema.org","@graph":[{"@type":"WebPage","@id":"https:\/\/stocklot.com.tr\/ar\/product\/filtre-kagitlari\/","url":"https:\/\/stocklot.com.tr\/ar\/product\/filtre-kagitlari\/","name":"Filtre Ka\u011f\u0131tlar\u0131","isPartOf":{"@id":"https:\/\/stocklot.com.tr\/#website"},"primaryImageOfPage":{"@id":"https:\/\/stocklot.com.tr\/ar\/product\/filtre-kagitlari\/#primaryimage"},"image":{"@id":"https:\/\/stocklot.com.tr\/ar\/product\/filtre-kagitlari\/#primaryimage"},"thumbnailUrl":"https:\/\/stocklot.com.tr\/wp-content\/uploads\/2018\/10\/filtre-kagitlari.png","datePublished":"2018-10-12T06:32:16+00:00","dateModified":"2018-10-26T12:47:10+00:00","breadcrumb":{"@id":"https:\/\/stocklot.com.tr\/ar\/product\/filtre-kagitlari\/#breadcrumb"},"inLanguage":"ar","potentialAction":[{"@type":"ReadAction","target":["https:\/\/stocklot.com.tr\/ar\/product\/filtre-kagitlari\/"]}]},{"@type":"ImageObject","inLanguage":"ar","@id":"https:\/\/stocklot.com.tr\/ar\/product\/filtre-kagitlari\/#primaryimage","url":"https:\/\/stocklot.com.tr\/wp-content\/uploads\/2018\/10\/filtre-kagitlari.png","contentUrl":"https:\/\/stocklot.com.tr\/wp-content\/uploads\/2018\/10\/filtre-kagitlari.png","width":500,"height":590},{"@type":"BreadcrumbList","@id":"https:\/\/stocklot.com.tr\/ar\/product\/filtre-kagitlari\/#breadcrumb","itemListElement":[{"@type":"ListItem","position":1,"name":"Ana sayfa","item":"https:\/\/stocklot.com.tr\/"},{"@type":"ListItem","position":2,"name":"Tedarik A\u011f\u0131m\u0131z","item":"https:\/\/stocklot.com.tr\/supply-network\/"},{"@type":"ListItem","position":3,"name":"Filtre Ka\u011f\u0131tlar\u0131"}]},{"@type":"WebSite","@id":"https:\/\/stocklot.com.tr\/#website","url":"https:\/\/stocklot.com.tr\/","name":"Stocklot D\u0131\u015f Ticaret","description":"","publisher":{"@id":"https:\/\/stocklot.com.tr\/#organization"},"potentialAction":[{"@type":"SearchAction","target":{"@type":"EntryPoint","urlTemplate":"https:\/\/stocklot.com.tr\/?s={search_term_string}"},"query-input":{"@type":"PropertyValueSpecification","valueRequired":true,"valueName":"search_term_string"}}],"inLanguage":"ar"},{"@type":"Organization","@id":"https:\/\/stocklot.com.tr\/#organization","name":"Stocklot D\u0131\u015f Ticaret LTD \u015eT\u0130","url":"https:\/\/stocklot.com.tr\/","logo":{"@type":"ImageObject","inLanguage":"ar","@id":"https:\/\/stocklot.com.tr\/#\/schema\/logo\/image\/","url":"https:\/\/stocklot.com.tr\/wp-content\/uploads\/2018\/08\/logo.png","contentUrl":"https:\/\/stocklot.com.tr\/wp-content\/uploads\/2018\/08\/logo.png","width":329,"height":100,"caption":"Stocklot D\u0131\u015f Ticaret LTD \u015eT\u0130"},"image":{"@id":"https:\/\/stocklot.com.tr\/#\/schema\/logo\/image\/"},"sameAs":["https:\/\/www.facebook.com\/stocklot.branda.7","https:\/\/x.com\/stocklottr","https:\/\/www.instagram.com\/stocklot.tr\/","https:\/\/www.linkedin.com\/company\/stocklot-dis-ticaret\/","http:\/\/www.youtube.com\/channel\/UC3vVOrCxsWCI7flcrjAglzA"]}]}},"_links":{"self":[{"href":"https:\/\/stocklot.com.tr\/ar\/wp-json\/wp\/v2\/product\/370","targetHints":{"allow":["GET"]}}],"collection":[{"href":"https:\/\/stocklot.com.tr\/ar\/wp-json\/wp\/v2\/product"}],"about":[{"href":"https:\/\/stocklot.com.tr\/ar\/wp-json\/wp\/v2\/types\/product"}],"wp:featuredmedia":[{"embeddable":true,"href":"https:\/\/stocklot.com.tr\/ar\/wp-json\/wp\/v2\/media\/371"}],"wp:attachment":[{"href":"https:\/\/stocklot.com.tr\/ar\/wp-json\/wp\/v2\/media?parent=370"}],"wp:term":[{"taxonomy":"product_brand","embeddable":true,"href":"https:\/\/stocklot.com.tr\/ar\/wp-json\/wp\/v2\/product_brand?post=370"},{"taxonomy":"product_cat","embeddable":true,"href":"https:\/\/stocklot.com.tr\/ar\/wp-json\/wp\/v2\/product_cat?post=370"},{"taxonomy":"product_tag","embeddable":true,"href":"https:\/\/stocklot.com.tr\/ar\/wp-json\/wp\/v2\/product_tag?post=370"}],"curies":[{"name":"wp","href":"https:\/\/api.w.org\/{rel}","templated":true}]}}