{"id":367,"date":"2018-10-12T09:36:59","date_gmt":"2018-10-12T06:36:59","guid":{"rendered":"https:\/\/stocklot.com.tr\/?post_type=product&#038;p=367"},"modified":"2018-10-26T15:37:31","modified_gmt":"2018-10-26T12:37:31","slug":"konveyor-bant","status":"publish","type":"product","link":"https:\/\/stocklot.com.tr\/ar\/product\/konveyor-bant\/","title":{"rendered":"\u0627\u0634\u0631\u0637\u0629 \u0646\u0642\u0644"},"content":{"rendered":"<h5>\u0646\u0642\u0644 \u0633\u0631\u064a\u0639, \u062f\u0627\u0626\u0645 \u0648 \u0627\u0645\u0646<\/h5>\n<p>\u0648\u064a\u0633\u0645\u0649 \u0627\u0644\u0644\u0627\u0635\u0642 \u0623\u064a\u0636\u0627\u064b \u0628\u0622\u0644\u064a\u0629 \u0646\u0642\u0644 \u0645\u0633\u062a\u0645\u0631\u0629 \u062a\u0639\u0645\u0644 \u0641\u064a \u062f\u0627\u0626\u0631\u0629 \u0645\u063a\u0644\u0642\u0629 \u0644\u0646\u0642\u0644 \u0627\u0644\u062d\u0645\u0648\u0644\u0627\u062a \u0623\u0648 \u0627\u0644\u0645\u0639\u062f\u0627\u062a \u0645\u0646 \u0627\u0644\u062c\u0648 \u0623\u0648 \u0627\u0644\u0623\u0631\u0636. \u0648\u0633\u0627\u0626\u0644 \u0627\u0644\u0646\u0642\u0644 \u0627\u0644\u0645\u0633\u062a\u0645\u0631 \u0627\u0644\u0645\u0633\u062a\u062e\u062f\u0645\u0629 \u0641\u064a \u0646\u0642\u0644 \u0627\u0644\u0623\u062d\u0645\u0627\u0644 \u0648\u0627\u0644\u0645\u0648\u0627\u062f \u0627\u0644\u0645\u062e\u062a\u0644\u0641\u0629. \u062a\u0634\u0645\u0644 \u0645\u062c\u0627\u0644\u0627\u062a \u0627\u0644\u0627\u0633\u062a\u062e\u062f\u0627\u0645 \u061b \u0646\u0642\u0644 \u0623\u0645\u062a\u0639\u0629 \u0627\u0644\u0637\u0627\u0626\u0631\u0627\u062a \u060c \u0627\u0644\u0635\u0648\u0627\u0645\u0639 \u0641\u064a \u0646\u0642\u0644 \u0627\u0644\u062d\u0628\u0648\u0628 \u060c \u0627\u0644\u0645\u0646\u0627\u062c\u0645 \u0648\u0627\u0644\u0623\u0644\u063a\u0627\u0645 \u0648\u062a\u0639\u062f\u064a\u0646 \u0627\u0644\u0623\u0644\u063a\u0627\u0645 \u060c \u0648\u0646\u0642\u0644 \u0627\u0644\u0645\u0635\u0646\u0639 \u0641\u064a \u0625\u0646\u062a\u0627\u062c \u0642\u0637\u0639 \u063a\u064a\u0627\u0631 \u0627\u0644\u0645\u0627\u0643\u064a\u0646\u0629 \u062a\u0633\u062a\u062e\u062f\u0645 \u0641\u064a \u0646\u0642\u0644 \u0623\u062c\u0632\u0627\u0621 \u0627\u0644\u0645\u0627\u0643\u064a\u0646\u0629. \u062d\u0631\u0643\u0629 \u0627\u0644\u0633\u064a\u0648\u0631 \u0627\u0644\u0646\u0627\u0642\u0644\u0629 \u0628\u064a\u0646 \u0646\u0642\u0627\u0637 \u0627\u0644\u062a\u062d\u0645\u064a\u0644 \u0648\u0627\u0644\u062a\u0641\u0631\u064a\u063a \u061b \u064a\u062a\u0645 \u062a\u0648\u0641\u064a\u0631 \u0642\u0648\u0629 \u0627\u0644\u062c\u0627\u0630\u0628\u064a\u0629 \u060c \u0648\u0627\u0644\u0642\u0648\u0649 \u0627\u0644\u0639\u0627\u0645\u0644\u0629 \u060c \u0648\u0627\u0644\u062d\u064a\u0648\u0627\u0646 \u060c \u0648\u0627\u0644\u0627\u0647\u062a\u0632\u0627\u0632 \u0623\u0648 \u0627\u0644\u0623\u062d\u0632\u0645\u0629 \u0627\u0644\u0645\u062f\u0641\u0648\u0639\u0629 \u0628\u0627\u0644\u0645\u062d\u0631\u0643 \u0645\u0646 \u062e\u0644\u0627\u0644 \u0627\u0644\u0633\u0644\u0627\u0633\u0644 \u0648\u0627\u0644\u0643\u0627\u0628\u0644\u0627\u062a.<\/p>\n<p>\u062a\u0642\u062f\u0645 \u0634\u0631\u0643\u0629 \u0633\u062a\u0648\u0643\u0644\u0648\u062a \u0644\u0632\u0628\u0627\u0626\u0646\u0647\u0627 \u0645\u0646\u062a\u062c\u0627\u062a \u0641\u0648\u0627\u0626\u0636 \u0627\u0646\u062a\u0627\u062c, \u0637\u0644\u0628\u064a\u0627\u062a \u0645\u0644\u063a\u064a\u0629, \u0645\u0646\u062a\u062c\u0627\u062a \u063a\u064a\u0631 \u0645\u0644\u0627\u0626\u0645\u0629 \u0645\u0639 \u0627\u0644\u0646\u0636\u0627\u0645 \u0627\u0644\u0627\u0648\u0631\u0628\u064a, \u0645\u0646\u062a\u062c\u0627\u062a \u0645\u0646\u062a\u0647\u064a\u0629 \u0635\u0644\u0627\u062d\u064a\u062a\u0647\u0627, \u062a\u0635\u0645\u064a\u0645\u0627\u062a \u063a\u064a\u0631 \u0645\u0644\u0627\u0626\u0645\u0629 \u0645\u0639 \u0627\u0644\u0633\u0648\u0642 \u0627\u0644\u062d\u0635\u0631\u064a, \u0645\u0646\u062a\u062c\u0627\u062a \u0628\u0639\u062f \u0627\u0644\u0627\u0641\u0644\u0627\u0633 \u0628\u0627\u0633\u0639\u0627\u0631 \u0645\u0646\u0627\u0641\u0633\u0629. \u0646\u062a\u0627\u0628\u0639 \u0633\u064a\u0631 \u0639\u0645\u0644\u064a\u0627\u062a \u0627\u0644\u0627\u062f\u062e\u0627\u0644 \u0648 \u0627\u0644\u0628\u064a\u0639 \u0628\u0634\u0643\u0644 \u0645\u062d\u062a\u0631\u0641 \u0644\u0630\u0644\u0643 \u0644\u0627 \u064a\u062c\u0628 \u0639\u0644\u064a\u0643\u0645 \u0627\u0644\u0642\u0644\u0642 \u0639\u0644\u0649 \u062c\u0648\u062f\u0629 \u0627\u0644\u0645\u0646\u062a\u062c \u0627\u0648 \u0645\u062f\u0629 \u0627\u0644\u062a\u0626\u0645\u064a\u0646. \u062a\u0648\u0627\u0635\u0644\u0648\u0627 \u0645\u0639\u0646\u0627 \u0644\u0644\u0645\u0632\u064a\u062f \u0645\u0646 \u0627\u0644\u0645\u0639\u0644\u0648\u0645\u0627\u062a. <\/p>","protected":false},"excerpt":{"rendered":"<h5>\u0645\u062f\u0649 \u0627\u0644\u0627\u0633\u062a\u0639\u0645\u0627\u0644 \u0648 \u0627\u0644\u062a\u0637\u0628\u064a\u0642\u0627\u062a<\/h5>\n<ul>\n<li>\u0627\u0644\u0643\u0647\u0631\u0628\u0627\u0626\u064a\u0629 \u0648\u0627\u0644\u0625\u0644\u0643\u062a\u0631\u0648\u0646\u064a\u0629<\/li>\n<li>\u0633\u064a\u0627\u0631\u0627\u062a<\/li>\n<li>\u0627\u0644\u0645\u0644\u0627\u0628\u0633 \u0648 \u0627\u0644\u062c\u0644\u062f\u064a\u0627\u062a<\/li>\n<li>\u0627\u0644\u0628\u064a\u062a \u0648 \u0645\u0648\u0627\u062f \u0627\u0644\u062a\u0646\u0636\u064a\u0641<\/li>\n<li>\u0627\u0644\u062c\u0645\u0627\u0644 \u0648\u0627\u0644\u0639\u0646\u0627\u064a\u0629 \u0627\u0644\u0634\u062e\u0635\u064a\u0629 \u060c \u0645\u0633\u062a\u062d\u0636\u0631\u0627\u062a \u0627\u0644\u062a\u062c\u0645\u064a\u0644<\/li>\n<li>\u0627\u0644\u0645\u0627\u0643\u0648\u0644\u0627\u062a \u0648 \u0627\u0644\u0645\u0634\u0631\u0648\u0628\u0627\u062a<\/li>\n<\/ul>\n<h5>\u0627\u0644\u0627\u062e\u0635\u064a\u0627\u062a<\/h5>\n<ul>\n<li>\u0636\u062f \u062a\u0633\u0631\u0628 \u0627\u0644\u0645\u064a\u0627\u0647<\/li>\n<li>\u0645\u0642\u0627\u0648\u0645\u0629 \u0644\u0644\u0627\u062d\u062a\u0643\u0627\u0643 \u0648\u0627\u0644\u0643\u064a\u0645\u0627\u0648\u064a\u0627\u062a<\/li>\n<li>\u062f\u062e\u0627\u0646 \u0645\u0646\u062e\u0641\u0636 \u0623\u062b\u0646\u0627\u0621 \u0627\u0644\u0645\u0639\u0627\u0644\u062c\u0629<\/li>\n<li>\u0645\u0642\u0627\u0648\u0645 \u0644\u0644\u062a\u0622\u0643\u0644<\/li>\n<\/ul>","protected":false},"featured_media":368,"template":"","meta":[],"product_brand":[],"product_cat":[40],"product_tag":[],"class_list":{"0":"post-367","1":"product","2":"type-product","3":"status-publish","4":"has-post-thumbnail","6":"product_cat-genel","8":"first","9":"instock","10":"shipping-taxable","11":"product-type-simple"},"yoast_head":"<!-- This site is optimized with the Yoast SEO plugin v25.3.1 - https:\/\/yoast.com\/wordpress\/plugins\/seo\/ -->\n<title>Konvey\u00f6r Bant<\/title>\n<meta name=\"robots\" content=\"index, follow, max-snippet:-1, max-image-preview:large, max-video-preview:-1\" \/>\n<link rel=\"canonical\" href=\"https:\/\/stocklot.com.tr\/ar\/product\/konveyor-bant\/\" \/>\n<meta property=\"og:locale\" content=\"ar_AR\" \/>\n<meta property=\"og:type\" content=\"article\" \/>\n<meta property=\"og:title\" content=\"Konvey\u00f6r Bant\" \/>\n<meta property=\"og:description\" content=\"Uygulama Alanlar\u0131   Elektrik &amp; Elektronik  Otomotiv  Tekstil &amp; Deri  Evsel &amp; Temizlik Maddeleri  G\u00fczellik &amp; Ki\u015fisel Bak\u0131m, Kozmetikler  Yiyecek &amp; \u0130\u00e7ecek  \u00d6zellikleri   Su Ge\u00e7irmezlik  A\u015f\u0131nmaya ve Kimyasallara Kar\u015f\u0131 Dayan\u0131kl\u0131l\u0131k  \u0130\u015fleme S\u0131ras\u0131nda D\u00fc\u015f\u00fck Duman  S\u00fcrt\u00fcnmeye ve A\u015f\u0131nmaya Kar\u015f\u0131 Diren\u00e7\" \/>\n<meta property=\"og:url\" content=\"https:\/\/stocklot.com.tr\/ar\/product\/konveyor-bant\/\" \/>\n<meta property=\"og:site_name\" content=\"Stocklot D\u0131\u015f Ticaret\" \/>\n<meta property=\"article:publisher\" content=\"https:\/\/www.facebook.com\/stocklot.branda.7\" \/>\n<meta property=\"article:modified_time\" content=\"2018-10-26T12:37:31+00:00\" \/>\n<meta property=\"og:image\" content=\"https:\/\/stocklot.com.tr\/wp-content\/uploads\/2018\/10\/konveyor-bant.png\" \/>\n\t<meta property=\"og:image:width\" content=\"500\" \/>\n\t<meta property=\"og:image:height\" content=\"590\" \/>\n\t<meta property=\"og:image:type\" content=\"image\/png\" \/>\n<meta name=\"twitter:card\" content=\"summary_large_image\" \/>\n<meta name=\"twitter:site\" content=\"@stocklottr\" \/>\n<meta name=\"twitter:label1\" content=\"\u0648\u0642\u062a \u0627\u0644\u0642\u0631\u0627\u0621\u0629 \u0627\u0644\u0645\u064f\u0642\u062f\u0651\u0631\" \/>\n\t<meta name=\"twitter:data1\" content=\"\u062f\u0642\u064a\u0642\u0629 \u0648\u0627\u062d\u062f\u0629\" \/>\n<script type=\"application\/ld+json\" class=\"yoast-schema-graph\">{\"@context\":\"https:\/\/schema.org\",\"@graph\":[{\"@type\":\"WebPage\",\"@id\":\"https:\/\/stocklot.com.tr\/ar\/product\/konveyor-bant\/\",\"url\":\"https:\/\/stocklot.com.tr\/ar\/product\/konveyor-bant\/\",\"name\":\"Konvey\u00f6r Bant\",\"isPartOf\":{\"@id\":\"https:\/\/stocklot.com.tr\/#website\"},\"primaryImageOfPage\":{\"@id\":\"https:\/\/stocklot.com.tr\/ar\/product\/konveyor-bant\/#primaryimage\"},\"image\":{\"@id\":\"https:\/\/stocklot.com.tr\/ar\/product\/konveyor-bant\/#primaryimage\"},\"thumbnailUrl\":\"https:\/\/stocklot.com.tr\/wp-content\/uploads\/2018\/10\/konveyor-bant.png\",\"datePublished\":\"2018-10-12T06:36:59+00:00\",\"dateModified\":\"2018-10-26T12:37:31+00:00\",\"breadcrumb\":{\"@id\":\"https:\/\/stocklot.com.tr\/ar\/product\/konveyor-bant\/#breadcrumb\"},\"inLanguage\":\"ar\",\"potentialAction\":[{\"@type\":\"ReadAction\",\"target\":[\"https:\/\/stocklot.com.tr\/ar\/product\/konveyor-bant\/\"]}]},{\"@type\":\"ImageObject\",\"inLanguage\":\"ar\",\"@id\":\"https:\/\/stocklot.com.tr\/ar\/product\/konveyor-bant\/#primaryimage\",\"url\":\"https:\/\/stocklot.com.tr\/wp-content\/uploads\/2018\/10\/konveyor-bant.png\",\"contentUrl\":\"https:\/\/stocklot.com.tr\/wp-content\/uploads\/2018\/10\/konveyor-bant.png\",\"width\":500,\"height\":590},{\"@type\":\"BreadcrumbList\",\"@id\":\"https:\/\/stocklot.com.tr\/ar\/product\/konveyor-bant\/#breadcrumb\",\"itemListElement\":[{\"@type\":\"ListItem\",\"position\":1,\"name\":\"Ana sayfa\",\"item\":\"https:\/\/stocklot.com.tr\/\"},{\"@type\":\"ListItem\",\"position\":2,\"name\":\"Tedarik A\u011f\u0131m\u0131z\",\"item\":\"https:\/\/stocklot.com.tr\/supply-network\/\"},{\"@type\":\"ListItem\",\"position\":3,\"name\":\"Konvey\u00f6r Bant\"}]},{\"@type\":\"WebSite\",\"@id\":\"https:\/\/stocklot.com.tr\/#website\",\"url\":\"https:\/\/stocklot.com.tr\/\",\"name\":\"Stocklot D\u0131\u015f Ticaret\",\"description\":\"\",\"publisher\":{\"@id\":\"https:\/\/stocklot.com.tr\/#organization\"},\"potentialAction\":[{\"@type\":\"SearchAction\",\"target\":{\"@type\":\"EntryPoint\",\"urlTemplate\":\"https:\/\/stocklot.com.tr\/?s={search_term_string}\"},\"query-input\":{\"@type\":\"PropertyValueSpecification\",\"valueRequired\":true,\"valueName\":\"search_term_string\"}}],\"inLanguage\":\"ar\"},{\"@type\":\"Organization\",\"@id\":\"https:\/\/stocklot.com.tr\/#organization\",\"name\":\"Stocklot D\u0131\u015f Ticaret LTD \u015eT\u0130\",\"url\":\"https:\/\/stocklot.com.tr\/\",\"logo\":{\"@type\":\"ImageObject\",\"inLanguage\":\"ar\",\"@id\":\"https:\/\/stocklot.com.tr\/#\/schema\/logo\/image\/\",\"url\":\"https:\/\/stocklot.com.tr\/wp-content\/uploads\/2018\/08\/logo.png\",\"contentUrl\":\"https:\/\/stocklot.com.tr\/wp-content\/uploads\/2018\/08\/logo.png\",\"width\":329,\"height\":100,\"caption\":\"Stocklot D\u0131\u015f Ticaret LTD \u015eT\u0130\"},\"image\":{\"@id\":\"https:\/\/stocklot.com.tr\/#\/schema\/logo\/image\/\"},\"sameAs\":[\"https:\/\/www.facebook.com\/stocklot.branda.7\",\"https:\/\/x.com\/stocklottr\",\"https:\/\/www.instagram.com\/stocklot.tr\/\",\"https:\/\/www.linkedin.com\/company\/stocklot-dis-ticaret\/\",\"http:\/\/www.youtube.com\/channel\/UC3vVOrCxsWCI7flcrjAglzA\"]}]}<\/script>\n<!-- \/ Yoast SEO plugin. -->","yoast_head_json":{"title":"Konvey\u00f6r Bant","robots":{"index":"index","follow":"follow","max-snippet":"max-snippet:-1","max-image-preview":"max-image-preview:large","max-video-preview":"max-video-preview:-1"},"canonical":"https:\/\/stocklot.com.tr\/ar\/product\/konveyor-bant\/","og_locale":"ar_AR","og_type":"article","og_title":"Konvey\u00f6r Bant","og_description":"Uygulama Alanlar\u0131   Elektrik &amp; Elektronik  Otomotiv  Tekstil &amp; Deri  Evsel &amp; Temizlik Maddeleri  G\u00fczellik &amp; Ki\u015fisel Bak\u0131m, Kozmetikler  Yiyecek &amp; \u0130\u00e7ecek  \u00d6zellikleri   Su Ge\u00e7irmezlik  A\u015f\u0131nmaya ve Kimyasallara Kar\u015f\u0131 Dayan\u0131kl\u0131l\u0131k  \u0130\u015fleme S\u0131ras\u0131nda D\u00fc\u015f\u00fck Duman  S\u00fcrt\u00fcnmeye ve A\u015f\u0131nmaya Kar\u015f\u0131 Diren\u00e7","og_url":"https:\/\/stocklot.com.tr\/ar\/product\/konveyor-bant\/","og_site_name":"Stocklot D\u0131\u015f Ticaret","article_publisher":"https:\/\/www.facebook.com\/stocklot.branda.7","article_modified_time":"2018-10-26T12:37:31+00:00","og_image":[{"width":500,"height":590,"url":"https:\/\/stocklot.com.tr\/wp-content\/uploads\/2018\/10\/konveyor-bant.png","type":"image\/png"}],"twitter_card":"summary_large_image","twitter_site":"@stocklottr","twitter_misc":{"\u0648\u0642\u062a \u0627\u0644\u0642\u0631\u0627\u0621\u0629 \u0627\u0644\u0645\u064f\u0642\u062f\u0651\u0631":"\u062f\u0642\u064a\u0642\u0629 \u0648\u0627\u062d\u062f\u0629"},"schema":{"@context":"https:\/\/schema.org","@graph":[{"@type":"WebPage","@id":"https:\/\/stocklot.com.tr\/ar\/product\/konveyor-bant\/","url":"https:\/\/stocklot.com.tr\/ar\/product\/konveyor-bant\/","name":"Konvey\u00f6r Bant","isPartOf":{"@id":"https:\/\/stocklot.com.tr\/#website"},"primaryImageOfPage":{"@id":"https:\/\/stocklot.com.tr\/ar\/product\/konveyor-bant\/#primaryimage"},"image":{"@id":"https:\/\/stocklot.com.tr\/ar\/product\/konveyor-bant\/#primaryimage"},"thumbnailUrl":"https:\/\/stocklot.com.tr\/wp-content\/uploads\/2018\/10\/konveyor-bant.png","datePublished":"2018-10-12T06:36:59+00:00","dateModified":"2018-10-26T12:37:31+00:00","breadcrumb":{"@id":"https:\/\/stocklot.com.tr\/ar\/product\/konveyor-bant\/#breadcrumb"},"inLanguage":"ar","potentialAction":[{"@type":"ReadAction","target":["https:\/\/stocklot.com.tr\/ar\/product\/konveyor-bant\/"]}]},{"@type":"ImageObject","inLanguage":"ar","@id":"https:\/\/stocklot.com.tr\/ar\/product\/konveyor-bant\/#primaryimage","url":"https:\/\/stocklot.com.tr\/wp-content\/uploads\/2018\/10\/konveyor-bant.png","contentUrl":"https:\/\/stocklot.com.tr\/wp-content\/uploads\/2018\/10\/konveyor-bant.png","width":500,"height":590},{"@type":"BreadcrumbList","@id":"https:\/\/stocklot.com.tr\/ar\/product\/konveyor-bant\/#breadcrumb","itemListElement":[{"@type":"ListItem","position":1,"name":"Ana sayfa","item":"https:\/\/stocklot.com.tr\/"},{"@type":"ListItem","position":2,"name":"Tedarik A\u011f\u0131m\u0131z","item":"https:\/\/stocklot.com.tr\/supply-network\/"},{"@type":"ListItem","position":3,"name":"Konvey\u00f6r Bant"}]},{"@type":"WebSite","@id":"https:\/\/stocklot.com.tr\/#website","url":"https:\/\/stocklot.com.tr\/","name":"Stocklot D\u0131\u015f Ticaret","description":"","publisher":{"@id":"https:\/\/stocklot.com.tr\/#organization"},"potentialAction":[{"@type":"SearchAction","target":{"@type":"EntryPoint","urlTemplate":"https:\/\/stocklot.com.tr\/?s={search_term_string}"},"query-input":{"@type":"PropertyValueSpecification","valueRequired":true,"valueName":"search_term_string"}}],"inLanguage":"ar"},{"@type":"Organization","@id":"https:\/\/stocklot.com.tr\/#organization","name":"Stocklot D\u0131\u015f Ticaret LTD \u015eT\u0130","url":"https:\/\/stocklot.com.tr\/","logo":{"@type":"ImageObject","inLanguage":"ar","@id":"https:\/\/stocklot.com.tr\/#\/schema\/logo\/image\/","url":"https:\/\/stocklot.com.tr\/wp-content\/uploads\/2018\/08\/logo.png","contentUrl":"https:\/\/stocklot.com.tr\/wp-content\/uploads\/2018\/08\/logo.png","width":329,"height":100,"caption":"Stocklot D\u0131\u015f Ticaret LTD \u015eT\u0130"},"image":{"@id":"https:\/\/stocklot.com.tr\/#\/schema\/logo\/image\/"},"sameAs":["https:\/\/www.facebook.com\/stocklot.branda.7","https:\/\/x.com\/stocklottr","https:\/\/www.instagram.com\/stocklot.tr\/","https:\/\/www.linkedin.com\/company\/stocklot-dis-ticaret\/","http:\/\/www.youtube.com\/channel\/UC3vVOrCxsWCI7flcrjAglzA"]}]}},"_links":{"self":[{"href":"https:\/\/stocklot.com.tr\/ar\/wp-json\/wp\/v2\/product\/367","targetHints":{"allow":["GET"]}}],"collection":[{"href":"https:\/\/stocklot.com.tr\/ar\/wp-json\/wp\/v2\/product"}],"about":[{"href":"https:\/\/stocklot.com.tr\/ar\/wp-json\/wp\/v2\/types\/product"}],"wp:featuredmedia":[{"embeddable":true,"href":"https:\/\/stocklot.com.tr\/ar\/wp-json\/wp\/v2\/media\/368"}],"wp:attachment":[{"href":"https:\/\/stocklot.com.tr\/ar\/wp-json\/wp\/v2\/media?parent=367"}],"wp:term":[{"taxonomy":"product_brand","embeddable":true,"href":"https:\/\/stocklot.com.tr\/ar\/wp-json\/wp\/v2\/product_brand?post=367"},{"taxonomy":"product_cat","embeddable":true,"href":"https:\/\/stocklot.com.tr\/ar\/wp-json\/wp\/v2\/product_cat?post=367"},{"taxonomy":"product_tag","embeddable":true,"href":"https:\/\/stocklot.com.tr\/ar\/wp-json\/wp\/v2\/product_tag?post=367"}],"curies":[{"name":"wp","href":"https:\/\/api.w.org\/{rel}","templated":true}]}}