{"id":135,"date":"2018-10-12T09:48:31","date_gmt":"2018-10-12T06:48:31","guid":{"rendered":"https:\/\/stocklot.com.tr\/?post_type=product&#038;p=135"},"modified":"2018-11-10T10:41:45","modified_gmt":"2018-11-10T07:41:45","slug":"geri-donusum-ham-madde-tedarigi","status":"publish","type":"product","link":"https:\/\/stocklot.com.tr\/ar\/product\/geri-donusum-ham-madde-tedarigi\/","title":{"rendered":"\u0627\u0644\u062a\u0632\u0648\u064a\u062f \u0628\u0645\u0627\u062f\u0629 \u0627\u0648\u0644\u064a\u0629 \u0645\u0646 \u0627\u0644\u062a\u062f\u0648\u064a\u0631"},"content":{"rendered":"<p>\u0647\u0648 \u0639\u0628\u0627\u0631\u0629\u064c \u0639\u0646 \u0639\u0645\u0644\u064a\u0629 \u0645\u0639\u0627\u0644\u062c\u0629 \u0627\u0644\u0645\u0648\u0627\u062f \u0627\u0644\u0645\u0633\u062a\u062e\u062f\u0645\u0629\u060c \u0645\u062b\u0644: \u0627\u0644\u0645\u062e\u0644\u0641\u0627\u062a \u0627\u0644\u0645\u0646\u0632\u0644\u064a\u0651\u0629\u060c \u0623\u0648 \u0627\u0644\u0632\u0631\u0627\u0639\u064a\u0651\u0629\u060c \u0623\u0648 \u0627\u0644\u0635\u0646\u0627\u0639\u064a\u0651\u0629\u060c \u0648\u0625\u0639\u0627\u062f\u0629 \u062a\u0635\u0646\u064a\u0639\u0647\u0627 \u0648\u062a\u062d\u0648\u064a\u0644\u0647\u0627 \u0625\u0644\u0649 \u0645\u0646\u062a\u062c\u0627\u062a\u064d \u0645\u0641\u064a\u062f\u0629\u064d \u0644\u0644\u0625\u0646\u0633\u0627\u0646\u060c \u0644\u062a\u0642\u0644\u064a\u0644 \u062a\u0623\u062b\u064a\u0631\u0647\u0627\u060c \u0648\u062a\u0642\u0644\u064a\u0644 \u062a\u0631\u0627\u0643\u0645\u0647\u0627 \u0641\u064a \u0627\u0644\u0628\u064a\u0626\u0629\u060c \u0648\u0628\u0627\u0644\u062a\u0627\u0644\u064a \u0627\u0644\u062d\u062f\u0651 \u0645\u0646 \u062a\u0644\u0648\u062b \u0627\u0644\u0645\u0627\u0621\u060c \u0648\u0627\u0644\u0647\u0648\u0627\u0621\u060c \u0648\u0627\u0644\u062a\u0631\u0628\u0629\u060c \u0648\u062e\u0641\u0636 \u0627\u0646\u0628\u0639\u0627\u062b \u0627\u0644\u063a\u0627\u0632\u0627\u062a \u0627\u0644\u0633\u0627\u0645\u0629\u060c \u0648\u0627\u0633\u062a\u0647\u0644\u0627\u0643 \u0627\u0644\u0637\u0627\u0642\u0629\u060c \u0648\u0627\u0644\u0645\u0648\u0627\u062f \u0627\u0644\u062e\u0627\u0645\u060c \u0648\u062a\u062a\u0645\u0651 \u0639\u0645\u0644\u064a\u0629 \u0625\u0639\u0627\u062f\u0629 \u0627\u0644\u062a\u062f\u0648\u064a\u0631\u060c \u0639\u0646 \u0637\u0631\u064a\u0642 \u0641\u0635\u0644 \u0627\u0644\u0645\u062e\u0644\u0641\u0627\u062a \u0639\u0646 \u0628\u0639\u0636\u0647\u0627 \u0627\u0644\u0628\u0639\u0636 \u0623\u0648\u0644\u0627\u064b\u060c \u0628\u0646\u0627\u0621\u064b \u0639\u0644\u0649 \u0627\u0644\u0645\u0648\u0627\u062f \u0627\u0644\u062e\u0627\u0645 \u0627\u0644\u0645\u0648\u0651\u0646\u0629 \u0644\u0647\u0627\u060c \u062b\u0645\u0651 \u0625\u0639\u0627\u062f\u0629 \u062a\u0635\u0646\u064a\u0639 \u0643\u0644\u0651 \u0645\u0627\u062f\u0629\u064d \u0639\u0644\u0649 \u062d\u062f\u0629.<\/p>\n<p>\u0628\u0627\u0644\u0625\u0636\u0627\u0641\u0629 \u0625\u0644\u0649 \u0630\u0644\u0643 \u060c \u0641\u0625\u0646 \u0627\u0633\u062a\u062e\u062f\u0627\u0645 \u0627\u0644\u0645\u0648\u0627\u062f \u0627\u0644\u0642\u0627\u0628\u0644\u0629 \u0644\u0625\u0639\u0627\u062f\u0629 \u0627\u0644\u062a\u062f\u0648\u064a\u0631 \u0643\u0645\u0648\u0627\u062f \u062e\u0627\u0645 \u064a\u062c\u0639\u0644 \u0645\u0646 \u0627\u0644\u0645\u0645\u0643\u0646 \u062a\u0648\u0641\u064a\u0631 \u0643\u0645\u064a\u0629 \u0643\u0628\u064a\u0631\u0629 \u0645\u0646 \u0627\u0644\u0637\u0627\u0642\u0629. \u0639\u0644\u0649 \u0633\u0628\u064a\u0644 \u0627\u0644\u0645\u062b\u0627\u0644 \u060c \u064a\u0648\u0641\u0631 \u0627\u0633\u062a\u062e\u062f\u0627\u0645 \u0627\u0644\u0623\u0644\u0648\u0645\u0646\u064a\u0648\u0645 \u0627\u0644\u0642\u0627\u0628\u0644 \u0644\u0625\u0639\u0627\u062f\u0629 \u0627\u0644\u062a\u062f\u0648\u064a\u0631 \u0645\u0627 \u064a\u0635\u0644 \u0625\u0644\u0649 35\u066a \u0645\u0642\u0627\u0631\u0646\u0629\u064b \u0628\u062a\u0635\u0646\u064a\u0639 \u0627\u0644\u0623\u0644\u0645\u0646\u064a\u0648\u0645 \u0645\u0646 \u0646\u0642\u0637\u0629 \u0627\u0644\u0635\u0641\u0631. \u0645\u0646 \u0646\u0627\u062d\u064a\u0629 \u0623\u062e\u0631\u0649 \u060c \u064a\u0631\u064a\u062f \u0625\u0639\u0627\u062f\u0629 \u0627\u0644\u062a\u062f\u0648\u064a\u0631 \u062a\u0645\u0643\u064a\u0646 \u0627\u0644\u0623\u062c\u064a\u0627\u0644 \u0627\u0644\u0642\u0627\u062f\u0645\u0629 \u0645\u0646 \u0627\u0644\u0627\u0633\u062a\u0641\u0627\u062f\u0629 \u0645\u0646 \u0627\u0644\u0645\u0648\u0627\u0631\u062f \u0627\u0644\u0637\u0628\u064a\u0639\u064a\u0629 \u0648\u0641\u0631\u0635 \u0627\u0644\u0639\u0645\u0644 \u0627\u0644\u062c\u062f\u064a\u062f\u0629. \u0627\u0644\u0628\u0644\u0627\u0633\u062a\u064a\u0643 \u0647\u0648 \u0623\u062d\u062f \u0623\u0647\u0645 \u0627\u0644\u0645\u0646\u062a\u062c\u0627\u062a \u0627\u0644\u062a\u064a \u064a\u062a\u0645 \u0625\u0639\u0627\u062f\u0629 \u0625\u0646\u062a\u0627\u062c\u0647\u0627 \u0643\u0646\u062a\u064a\u062c\u0629 \u0644\u0625\u0639\u0627\u062f\u0629 \u0627\u0644\u062a\u062f\u0648\u064a\u0631. \u0627\u0644\u0645\u0648\u0627\u062f \u0627\u0644\u0628\u0644\u0627\u0633\u062a\u064a\u0643\u064a\u0629 \u060c \u0639\u0646\u062f\u0645\u0627 \u064a\u062a\u0645 \u0631\u0645\u064a\u0647\u0627 \u0641\u064a \u0627\u0644\u0642\u0645\u0627\u0645\u0629 \u060c \u0644\u0627 \u062a\u062a\u062d\u0648\u0644 \u0625\u0644\u0649 \u0644\u0648\u0646 \u0623\u062d\u0645\u0631 \u060c \u0623\u0648 \u062a\u0644\u0648\u062b \u060c \u0623\u0648 \u062a\u0630\u0648\u0628 \u060c \u0648\u062a\u0628\u0642\u0649 \u0641\u064a \u0627\u0644\u0637\u0628\u064a\u0639\u0629 \u0644\u0645\u062f\u0629 100 \u0625\u0644\u0649 100 \u0639\u0627\u0645 \u062f\u0648\u0646 \u0625\u0641\u0633\u0627\u062f \u061b \u062a\u0633\u0628\u0628 \u062a\u0644\u0648\u062b \u0627\u0644\u0645\u064a\u0627\u0647 \u0648\u0627\u0644\u062a\u0631\u0628\u0629.<\/p>\n<p>\u0625\u0646 \u0627\u0633\u062a\u0647\u0644\u0627\u0643\u0647\u0627 \u0627\u0644\u0645\u0643\u062b\u0641 \u060c \u0648\u0627\u0644\u0628\u0646\u0632\u064a\u0646 \u060c \u0648\u0627\u0644\u063a\u0627\u0632 \u060c \u0648\u0627\u0644\u0641\u062d\u0645 \u064a\u062c\u0639\u0644 \u0645\u0648\u0627\u062f\u0647\u0627 \u0627\u0644\u062e\u0627\u0645 \u062a\u062c\u0639\u0644 \u0627\u0644\u0628\u0644\u0627\u0633\u062a\u064a\u0643 \u0645\u0627\u062f\u0629 \u0644\u0627 \u063a\u0646\u0649 \u0639\u0646\u0647\u0627 \u0644\u0644\u0639\u062f\u064a\u062f \u0645\u0646 \u0627\u0644\u0645\u0646\u062a\u062c\u0627\u062a. \u0648\u0633\u064a\u0624\u062f\u064a \u0630\u0644\u0643 \u0625\u0644\u0649 \u0632\u064a\u0627\u062f\u0629 \u0643\u0645\u064a\u0629 \u0627\u0644\u0646\u0641\u0637 \u0627\u0644\u0645\u0633\u062a\u0647\u0644\u0643 \u0641\u064a \u0625\u0646\u062a\u0627\u062c \u0627\u0644\u0628\u0644\u0627\u0633\u062a\u064a\u0643 \u060c \u0648\u0627\u0633\u062a\u0647\u0644\u0627\u0643 \u0627\u0644\u0637\u0627\u0642\u0629 \u0628\u0633\u0631\u0639\u0629 \u0623\u0643\u0628\u0631 \u060c \u0648\u0646\u0645\u0648 \u0639\u0646\u0642 \u0627\u0644\u0632\u062c\u0627\u062c\u0629 \u0641\u064a \u0627\u0644\u0637\u0627\u0642\u0629. \u0644\u0647\u0630\u0647 \u0627\u0644\u0623\u0633\u0628\u0627\u0628 \u060c \u0641\u0625\u0646 \u0625\u0639\u0627\u062f\u0629 \u062a\u062f\u0648\u064a\u0631 \u0627\u0644\u0646\u0641\u0627\u064a\u0627\u062a \u0627\u0644\u0628\u0644\u0627\u0633\u062a\u064a\u0643\u064a\u0629 \u0644\u0647 \u0623\u0647\u0645\u064a\u0629 \u062d\u064a\u0648\u064a\u0629. \u0644\u0645\u0632\u064a\u062f \u0645\u0646 \u0625\u0639\u0627\u062f\u0629 \u0627\u0644\u062a\u062f\u0648\u064a\u0631 \u060c \u0646\u062d\u0646 \u0646\u0642\u062f\u0645 \u0627\u0644\u0645\u0646\u062a\u062c\u0627\u062a \u0627\u0644\u062a\u0627\u0644\u064a\u0629 \u0645\u0646 \u0623\u0648\u0631\u0648\u0628\u0627: PET \u060c PE \u060c PP \u060c PS \u060c LDPE \u060c \u0627\u0644\u0623\u0644\u0648\u0645\u0646\u064a\u0648\u0645 \u060c PVC \u060c \u0627\u0644\u0623\u0644\u064a\u0627\u0641 \u0627\u0644\u0632\u062c\u0627\u062c\u064a\u0629 \u060c HDPE \u060c OPP \u060c CPP \u060c ABS. \u0628\u0627\u0644\u0625\u0636\u0627\u0641\u0629 \u0625\u0644\u0649 \u0630\u0644\u0643 \u060c \u0646\u062d\u0646 \u0646\u0639\u0645\u0644 \u0648\u0641\u0642\u0627 \u0644\u0627\u062d\u062a\u064a\u0627\u062c\u0627\u062a\u0643. <\/p>\n<p>\u0625\u0630\u0627 \u0643\u0646\u062a \u0645\u0647\u062a\u0645\u064b\u0627 \u0628\u0647\u0630\u0627 \u0627\u0644\u0645\u0646\u062a\u062c \u060c \u064a\u0645\u0643\u0646\u0643 \u0627\u0644\u0648\u0635\u0648\u0644 \u0625\u0644\u064a\u0646\u0627 \u0645\u0646 \u062e\u0644\u0627\u0644 \u0645\u0639\u0644\u0648\u0645\u0627\u062a \u0627\u0644\u062a\u0648\u0627\u0635\u0644 \u0627\u0644\u062e\u0627\u0635\u0629 \u0628\u0646\u0627 \u0627\u0648 \u0639\u0628\u0631 \u0645\u0644\u0621 \u0627\u0644\u0627\u0633\u062a\u0645\u0627\u0631\u0629 \u0639\u0644\u0649 \u0635\u0641\u062d\u0629 <a href=\"https:\/\/stocklot.com.tr\/ar\/contact\/\">\u0627\u0644\u062a\u0648\u0627\u0635\u0644<\/a> .<\/p>","protected":false},"excerpt":{"rendered":"<h5>\u0645\u062f\u0649 \u0627\u0644\u0627\u0633\u062a\u0639\u0645\u0627\u0644 \u0648 \u0627\u0644\u062a\u0637\u0628\u064a\u0642\u0627\u062a<\/h5>\n<ul>\n<li>\u0635\u0646\u0627\u0639\u0629 \u0627\u0644\u0648\u0631\u0642<\/li>\n<li>\u0635\u0646\u0627\u0639\u0629 \u0627\u0643\u064a\u0627\u0633 \u0628\u0644\u0627\u0633\u062a\u064a\u0643\u064a\u0629<\/li>\n<li>\u0635\u0646\u0627\u0639\u0629 \u0627\u0644\u0628\u0644\u0627\u0633\u062a\u064a\u0643<\/li>\n<li>\u062a\u0637\u0628\u064a\u0642\u0627\u062a \u0645\u062e\u062a\u0644\u0641\u0629 \u0644\u0627 \u0646\u0647\u0627\u0626\u064a\u0629 \u0641\u064a \u0639\u0634\u0631\u0627\u062a \u0645\u0646 \u0627\u0644\u0646\u0637\u0627\u0642\u0627\u062a<\/li>\n<\/ul>\n<h5>\u0627\u0644\u0627\u062e\u0635\u064a\u0627\u062a<\/h5>\n<ul>\n<li>\u0643\u0644\u0641\u0629 \u0645\u0646\u062e\u0641\u0636\u0629 \u0644\u0644\u0645\u0627\u062f\u0629 \u0627\u0644\u0627\u0648\u0644\u064a\u0629<\/li>\n<li>\u0635\u0646\u0627\u0639\u0629 \u0627\u0642\u062a\u0635\u0627\u062f\u064a\u0629<\/li>\n<li>\u0645\u0633\u0627\u0647\u0645\u0629 \u0641\u064a \u0646\u0636\u0627\u0641\u0629 \u0627\u0644\u0628\u064a\u0626\u0629<\/li>\n<\/ul>","protected":false},"featured_media":136,"template":"","meta":[],"product_brand":[],"product_cat":[40],"product_tag":[59,60,62,61,63],"class_list":{"0":"post-135","1":"product","2":"type-product","3":"status-publish","4":"has-post-thumbnail","6":"product_cat-genel","7":"product_tag-geri-donusum","8":"product_tag-ham-madde","9":"product_tag-kagit","10":"product_tag-plastik","11":"product_tag-poset","13":"first","14":"instock","15":"shipping-taxable","16":"product-type-simple"},"yoast_head":"<!-- This site is optimized with the Yoast SEO plugin v25.3.1 - https:\/\/yoast.com\/wordpress\/plugins\/seo\/ -->\n<title>Geri D\u00f6n\u00fc\u015f\u00fcm Ham Madde Tedari\u011fi<\/title>\n<meta name=\"robots\" content=\"index, follow, max-snippet:-1, max-image-preview:large, max-video-preview:-1\" \/>\n<link rel=\"canonical\" href=\"https:\/\/stocklot.com.tr\/ar\/product\/geri-donusum-ham-madde-tedarigi\/\" \/>\n<meta property=\"og:locale\" content=\"ar_AR\" \/>\n<meta property=\"og:type\" content=\"article\" \/>\n<meta property=\"og:title\" content=\"Geri D\u00f6n\u00fc\u015f\u00fcm Ham Madde Tedari\u011fi\" \/>\n<meta property=\"og:description\" content=\"Uygulama Alanlar\u0131  Ka\u011f\u0131t \u00dcretimi Po\u015fet \u00dcretimi Plastik \u00dcretimi Onlarca Sekt\u00f6rde Sonsuz Ba\u015fka Uygulama  \u00d6zellikleri  Uygun Hammadde Maliyeti Ekonomik \u00dcretim \u00c7evre Temizli\u011fine Katk\u0131\" \/>\n<meta property=\"og:url\" content=\"https:\/\/stocklot.com.tr\/ar\/product\/geri-donusum-ham-madde-tedarigi\/\" \/>\n<meta property=\"og:site_name\" content=\"Stocklot D\u0131\u015f Ticaret\" \/>\n<meta property=\"article:publisher\" content=\"https:\/\/www.facebook.com\/stocklot.branda.7\" \/>\n<meta property=\"article:modified_time\" content=\"2018-11-10T07:41:45+00:00\" \/>\n<meta property=\"og:image\" content=\"https:\/\/stocklot.com.tr\/wp-content\/uploads\/2018\/10\/geri-donusum-hammade-tedarigi.png\" \/>\n\t<meta property=\"og:image:width\" content=\"500\" \/>\n\t<meta property=\"og:image:height\" content=\"590\" \/>\n\t<meta property=\"og:image:type\" content=\"image\/png\" \/>\n<meta name=\"twitter:card\" content=\"summary_large_image\" \/>\n<meta name=\"twitter:site\" content=\"@stocklottr\" \/>\n<meta name=\"twitter:label1\" content=\"\u0648\u0642\u062a \u0627\u0644\u0642\u0631\u0627\u0621\u0629 \u0627\u0644\u0645\u064f\u0642\u062f\u0651\u0631\" \/>\n\t<meta name=\"twitter:data1\" content=\"\u062f\u0642\u064a\u0642\u062a\u0627\u0646\" \/>\n<script type=\"application\/ld+json\" class=\"yoast-schema-graph\">{\"@context\":\"https:\/\/schema.org\",\"@graph\":[{\"@type\":\"WebPage\",\"@id\":\"https:\/\/stocklot.com.tr\/ar\/product\/geri-donusum-ham-madde-tedarigi\/\",\"url\":\"https:\/\/stocklot.com.tr\/ar\/product\/geri-donusum-ham-madde-tedarigi\/\",\"name\":\"Geri D\u00f6n\u00fc\u015f\u00fcm Ham Madde Tedari\u011fi\",\"isPartOf\":{\"@id\":\"https:\/\/stocklot.com.tr\/#website\"},\"primaryImageOfPage\":{\"@id\":\"https:\/\/stocklot.com.tr\/ar\/product\/geri-donusum-ham-madde-tedarigi\/#primaryimage\"},\"image\":{\"@id\":\"https:\/\/stocklot.com.tr\/ar\/product\/geri-donusum-ham-madde-tedarigi\/#primaryimage\"},\"thumbnailUrl\":\"https:\/\/stocklot.com.tr\/wp-content\/uploads\/2018\/10\/geri-donusum-hammade-tedarigi.png\",\"datePublished\":\"2018-10-12T06:48:31+00:00\",\"dateModified\":\"2018-11-10T07:41:45+00:00\",\"breadcrumb\":{\"@id\":\"https:\/\/stocklot.com.tr\/ar\/product\/geri-donusum-ham-madde-tedarigi\/#breadcrumb\"},\"inLanguage\":\"ar\",\"potentialAction\":[{\"@type\":\"ReadAction\",\"target\":[\"https:\/\/stocklot.com.tr\/ar\/product\/geri-donusum-ham-madde-tedarigi\/\"]}]},{\"@type\":\"ImageObject\",\"inLanguage\":\"ar\",\"@id\":\"https:\/\/stocklot.com.tr\/ar\/product\/geri-donusum-ham-madde-tedarigi\/#primaryimage\",\"url\":\"https:\/\/stocklot.com.tr\/wp-content\/uploads\/2018\/10\/geri-donusum-hammade-tedarigi.png\",\"contentUrl\":\"https:\/\/stocklot.com.tr\/wp-content\/uploads\/2018\/10\/geri-donusum-hammade-tedarigi.png\",\"width\":500,\"height\":590,\"caption\":\"Plastik, LDPE, ka\u011f\u0131t ve pek \u00e7ok ham madde tedari\u011fi yap\u0131yoruz\"},{\"@type\":\"BreadcrumbList\",\"@id\":\"https:\/\/stocklot.com.tr\/ar\/product\/geri-donusum-ham-madde-tedarigi\/#breadcrumb\",\"itemListElement\":[{\"@type\":\"ListItem\",\"position\":1,\"name\":\"Ana sayfa\",\"item\":\"https:\/\/stocklot.com.tr\/\"},{\"@type\":\"ListItem\",\"position\":2,\"name\":\"Tedarik A\u011f\u0131m\u0131z\",\"item\":\"https:\/\/stocklot.com.tr\/supply-network\/\"},{\"@type\":\"ListItem\",\"position\":3,\"name\":\"Geri D\u00f6n\u00fc\u015f\u00fcm Ham Madde Tedari\u011fi\"}]},{\"@type\":\"WebSite\",\"@id\":\"https:\/\/stocklot.com.tr\/#website\",\"url\":\"https:\/\/stocklot.com.tr\/\",\"name\":\"Stocklot D\u0131\u015f Ticaret\",\"description\":\"\",\"publisher\":{\"@id\":\"https:\/\/stocklot.com.tr\/#organization\"},\"potentialAction\":[{\"@type\":\"SearchAction\",\"target\":{\"@type\":\"EntryPoint\",\"urlTemplate\":\"https:\/\/stocklot.com.tr\/?s={search_term_string}\"},\"query-input\":{\"@type\":\"PropertyValueSpecification\",\"valueRequired\":true,\"valueName\":\"search_term_string\"}}],\"inLanguage\":\"ar\"},{\"@type\":\"Organization\",\"@id\":\"https:\/\/stocklot.com.tr\/#organization\",\"name\":\"Stocklot D\u0131\u015f Ticaret LTD \u015eT\u0130\",\"url\":\"https:\/\/stocklot.com.tr\/\",\"logo\":{\"@type\":\"ImageObject\",\"inLanguage\":\"ar\",\"@id\":\"https:\/\/stocklot.com.tr\/#\/schema\/logo\/image\/\",\"url\":\"https:\/\/stocklot.com.tr\/wp-content\/uploads\/2018\/08\/logo.png\",\"contentUrl\":\"https:\/\/stocklot.com.tr\/wp-content\/uploads\/2018\/08\/logo.png\",\"width\":329,\"height\":100,\"caption\":\"Stocklot D\u0131\u015f Ticaret LTD \u015eT\u0130\"},\"image\":{\"@id\":\"https:\/\/stocklot.com.tr\/#\/schema\/logo\/image\/\"},\"sameAs\":[\"https:\/\/www.facebook.com\/stocklot.branda.7\",\"https:\/\/x.com\/stocklottr\",\"https:\/\/www.instagram.com\/stocklot.tr\/\",\"https:\/\/www.linkedin.com\/company\/stocklot-dis-ticaret\/\",\"http:\/\/www.youtube.com\/channel\/UC3vVOrCxsWCI7flcrjAglzA\"]}]}<\/script>\n<!-- \/ Yoast SEO plugin. -->","yoast_head_json":{"title":"Geri D\u00f6n\u00fc\u015f\u00fcm Ham Madde Tedari\u011fi","robots":{"index":"index","follow":"follow","max-snippet":"max-snippet:-1","max-image-preview":"max-image-preview:large","max-video-preview":"max-video-preview:-1"},"canonical":"https:\/\/stocklot.com.tr\/ar\/product\/geri-donusum-ham-madde-tedarigi\/","og_locale":"ar_AR","og_type":"article","og_title":"Geri D\u00f6n\u00fc\u015f\u00fcm Ham Madde Tedari\u011fi","og_description":"Uygulama Alanlar\u0131  Ka\u011f\u0131t \u00dcretimi Po\u015fet \u00dcretimi Plastik \u00dcretimi Onlarca Sekt\u00f6rde Sonsuz Ba\u015fka Uygulama  \u00d6zellikleri  Uygun Hammadde Maliyeti Ekonomik \u00dcretim \u00c7evre Temizli\u011fine Katk\u0131","og_url":"https:\/\/stocklot.com.tr\/ar\/product\/geri-donusum-ham-madde-tedarigi\/","og_site_name":"Stocklot D\u0131\u015f Ticaret","article_publisher":"https:\/\/www.facebook.com\/stocklot.branda.7","article_modified_time":"2018-11-10T07:41:45+00:00","og_image":[{"width":500,"height":590,"url":"https:\/\/stocklot.com.tr\/wp-content\/uploads\/2018\/10\/geri-donusum-hammade-tedarigi.png","type":"image\/png"}],"twitter_card":"summary_large_image","twitter_site":"@stocklottr","twitter_misc":{"\u0648\u0642\u062a \u0627\u0644\u0642\u0631\u0627\u0621\u0629 \u0627\u0644\u0645\u064f\u0642\u062f\u0651\u0631":"\u062f\u0642\u064a\u0642\u062a\u0627\u0646"},"schema":{"@context":"https:\/\/schema.org","@graph":[{"@type":"WebPage","@id":"https:\/\/stocklot.com.tr\/ar\/product\/geri-donusum-ham-madde-tedarigi\/","url":"https:\/\/stocklot.com.tr\/ar\/product\/geri-donusum-ham-madde-tedarigi\/","name":"Geri D\u00f6n\u00fc\u015f\u00fcm Ham Madde Tedari\u011fi","isPartOf":{"@id":"https:\/\/stocklot.com.tr\/#website"},"primaryImageOfPage":{"@id":"https:\/\/stocklot.com.tr\/ar\/product\/geri-donusum-ham-madde-tedarigi\/#primaryimage"},"image":{"@id":"https:\/\/stocklot.com.tr\/ar\/product\/geri-donusum-ham-madde-tedarigi\/#primaryimage"},"thumbnailUrl":"https:\/\/stocklot.com.tr\/wp-content\/uploads\/2018\/10\/geri-donusum-hammade-tedarigi.png","datePublished":"2018-10-12T06:48:31+00:00","dateModified":"2018-11-10T07:41:45+00:00","breadcrumb":{"@id":"https:\/\/stocklot.com.tr\/ar\/product\/geri-donusum-ham-madde-tedarigi\/#breadcrumb"},"inLanguage":"ar","potentialAction":[{"@type":"ReadAction","target":["https:\/\/stocklot.com.tr\/ar\/product\/geri-donusum-ham-madde-tedarigi\/"]}]},{"@type":"ImageObject","inLanguage":"ar","@id":"https:\/\/stocklot.com.tr\/ar\/product\/geri-donusum-ham-madde-tedarigi\/#primaryimage","url":"https:\/\/stocklot.com.tr\/wp-content\/uploads\/2018\/10\/geri-donusum-hammade-tedarigi.png","contentUrl":"https:\/\/stocklot.com.tr\/wp-content\/uploads\/2018\/10\/geri-donusum-hammade-tedarigi.png","width":500,"height":590,"caption":"Plastik, LDPE, ka\u011f\u0131t ve pek \u00e7ok ham madde tedari\u011fi yap\u0131yoruz"},{"@type":"BreadcrumbList","@id":"https:\/\/stocklot.com.tr\/ar\/product\/geri-donusum-ham-madde-tedarigi\/#breadcrumb","itemListElement":[{"@type":"ListItem","position":1,"name":"Ana sayfa","item":"https:\/\/stocklot.com.tr\/"},{"@type":"ListItem","position":2,"name":"Tedarik A\u011f\u0131m\u0131z","item":"https:\/\/stocklot.com.tr\/supply-network\/"},{"@type":"ListItem","position":3,"name":"Geri D\u00f6n\u00fc\u015f\u00fcm Ham Madde Tedari\u011fi"}]},{"@type":"WebSite","@id":"https:\/\/stocklot.com.tr\/#website","url":"https:\/\/stocklot.com.tr\/","name":"Stocklot D\u0131\u015f Ticaret","description":"","publisher":{"@id":"https:\/\/stocklot.com.tr\/#organization"},"potentialAction":[{"@type":"SearchAction","target":{"@type":"EntryPoint","urlTemplate":"https:\/\/stocklot.com.tr\/?s={search_term_string}"},"query-input":{"@type":"PropertyValueSpecification","valueRequired":true,"valueName":"search_term_string"}}],"inLanguage":"ar"},{"@type":"Organization","@id":"https:\/\/stocklot.com.tr\/#organization","name":"Stocklot D\u0131\u015f Ticaret LTD \u015eT\u0130","url":"https:\/\/stocklot.com.tr\/","logo":{"@type":"ImageObject","inLanguage":"ar","@id":"https:\/\/stocklot.com.tr\/#\/schema\/logo\/image\/","url":"https:\/\/stocklot.com.tr\/wp-content\/uploads\/2018\/08\/logo.png","contentUrl":"https:\/\/stocklot.com.tr\/wp-content\/uploads\/2018\/08\/logo.png","width":329,"height":100,"caption":"Stocklot D\u0131\u015f Ticaret LTD \u015eT\u0130"},"image":{"@id":"https:\/\/stocklot.com.tr\/#\/schema\/logo\/image\/"},"sameAs":["https:\/\/www.facebook.com\/stocklot.branda.7","https:\/\/x.com\/stocklottr","https:\/\/www.instagram.com\/stocklot.tr\/","https:\/\/www.linkedin.com\/company\/stocklot-dis-ticaret\/","http:\/\/www.youtube.com\/channel\/UC3vVOrCxsWCI7flcrjAglzA"]}]}},"_links":{"self":[{"href":"https:\/\/stocklot.com.tr\/ar\/wp-json\/wp\/v2\/product\/135","targetHints":{"allow":["GET"]}}],"collection":[{"href":"https:\/\/stocklot.com.tr\/ar\/wp-json\/wp\/v2\/product"}],"about":[{"href":"https:\/\/stocklot.com.tr\/ar\/wp-json\/wp\/v2\/types\/product"}],"wp:featuredmedia":[{"embeddable":true,"href":"https:\/\/stocklot.com.tr\/ar\/wp-json\/wp\/v2\/media\/136"}],"wp:attachment":[{"href":"https:\/\/stocklot.com.tr\/ar\/wp-json\/wp\/v2\/media?parent=135"}],"wp:term":[{"taxonomy":"product_brand","embeddable":true,"href":"https:\/\/stocklot.com.tr\/ar\/wp-json\/wp\/v2\/product_brand?post=135"},{"taxonomy":"product_cat","embeddable":true,"href":"https:\/\/stocklot.com.tr\/ar\/wp-json\/wp\/v2\/product_cat?post=135"},{"taxonomy":"product_tag","embeddable":true,"href":"https:\/\/stocklot.com.tr\/ar\/wp-json\/wp\/v2\/product_tag?post=135"}],"curies":[{"name":"wp","href":"https:\/\/api.w.org\/{rel}","templated":true}]}}