{"id":212,"date":"2018-10-15T12:10:47","date_gmt":"2018-10-15T09:10:47","guid":{"rendered":"https:\/\/stocklot.com.tr\/?page_id=212"},"modified":"2019-01-02T12:36:33","modified_gmt":"2019-01-02T09:36:33","slug":"teklif-verin","status":"publish","type":"page","link":"https:\/\/stocklot.com.tr\/ar\/teklif-verin\/","title":{"rendered":"\u0627\u0639\u0631\u0636 \u0639\u0644\u064a\u0646\u0627"},"content":{"rendered":"<p class=\"translation-block\">Elinizde bulunan \u00fcretim fazlas\u0131, sat\u0131\u015f iptali, \u00e7arp\u0131k \u00f6l\u00e7\u00fcl\u00fc, raf \u00f6mr\u00fcn\u00fc doldurmu\u015f, stok temizli\u011fi ile bitirilmeye \u00e7al\u0131\u015f\u0131lan, tasar\u0131m\u0131 sezon de\u011fi\u015fikli\u011fine u\u011fram\u0131\u015f, iflas mal\u0131, vb <em>stocklot<\/em> \u00fcr\u00fcnleriniz i\u00e7in bize teklif verebilirsiniz. Bunun i\u00e7in a\u015fa\u011f\u0131daki formu doldurun ya da bizi aray\u0131n. Sizi yerinizde ziyaret edelim.<\/p>","protected":false},"excerpt":{"rendered":"<p class=\"translation-block\">Elinizde bulunan \u00fcretim fazlas\u0131, sat\u0131\u015f iptali, \u00e7arp\u0131k \u00f6l\u00e7\u00fcl\u00fc, raf \u00f6mr\u00fcn\u00fc doldurmu\u015f, stok temizli\u011fi ile bitirilmeye \u00e7al\u0131\u015f\u0131lan, tasar\u0131m\u0131 sezon de\u011fi\u015fikli\u011fine u\u011fram\u0131\u015f, iflas mal\u0131, vb <em>stocklot<\/em> \u00fcr\u00fcnleriniz i\u00e7in bize teklif verebilirsiniz. Bunun i\u00e7in a\u015fa\u011f\u0131daki formu doldurun ya da bizi aray\u0131n. Sizi yerinizde ziyaret edelim.<\/p>","protected":false},"author":1,"featured_media":0,"parent":0,"menu_order":0,"comment_status":"closed","ping_status":"closed","template":"","meta":{"footnotes":""},"class_list":["post-212","page","type-page","status-publish","hentry"],"yoast_head":"<!-- This site is optimized with the Yoast SEO plugin v25.3.1 - https:\/\/yoast.com\/wordpress\/plugins\/seo\/ -->\n<title>Teklif Verin<\/title>\n<meta name=\"description\" content=\"Elinizde bulunan stocklot \u00fcr\u00fcnlerinizi sat\u0131n almam\u0131z i\u00e7in bize teklif sunabilirsiniz. Bunun i\u00e7in sayfada yer alan formu doldurun ya da bizi aray\u0131n.\" \/>\n<meta name=\"robots\" content=\"index, follow, max-snippet:-1, max-image-preview:large, max-video-preview:-1\" \/>\n<link rel=\"canonical\" href=\"https:\/\/stocklot.com.tr\/ar\/teklif-verin\/\" \/>\n<meta property=\"og:locale\" content=\"ar_AR\" \/>\n<meta property=\"og:type\" content=\"article\" \/>\n<meta property=\"og:title\" content=\"Teklif Verin\" \/>\n<meta property=\"og:description\" content=\"Elinizde bulunan stocklot \u00fcr\u00fcnlerinizi sat\u0131n almam\u0131z i\u00e7in bize teklif sunabilirsiniz. Bunun i\u00e7in sayfada yer alan formu doldurun ya da bizi aray\u0131n.\" \/>\n<meta property=\"og:url\" content=\"https:\/\/stocklot.com.tr\/ar\/teklif-verin\/\" \/>\n<meta property=\"og:site_name\" content=\"Stocklot D\u0131\u015f Ticaret\" \/>\n<meta property=\"article:publisher\" content=\"https:\/\/www.facebook.com\/stocklot.branda.7\" \/>\n<meta property=\"article:modified_time\" content=\"2019-01-02T09:36:33+00:00\" \/>\n<meta name=\"twitter:card\" content=\"summary_large_image\" \/>\n<meta name=\"twitter:site\" content=\"@stocklottr\" \/>\n<script type=\"application\/ld+json\" class=\"yoast-schema-graph\">{\"@context\":\"https:\/\/schema.org\",\"@graph\":[{\"@type\":\"WebPage\",\"@id\":\"https:\/\/stocklot.com.tr\/ar\/teklif-verin\/\",\"url\":\"https:\/\/stocklot.com.tr\/ar\/teklif-verin\/\",\"name\":\"Teklif Verin\",\"isPartOf\":{\"@id\":\"https:\/\/stocklot.com.tr\/#website\"},\"datePublished\":\"2018-10-15T09:10:47+00:00\",\"dateModified\":\"2019-01-02T09:36:33+00:00\",\"description\":\"Elinizde bulunan stocklot \u00fcr\u00fcnlerinizi sat\u0131n almam\u0131z i\u00e7in bize teklif sunabilirsiniz. Bunun i\u00e7in sayfada yer alan formu doldurun ya da bizi aray\u0131n.\",\"breadcrumb\":{\"@id\":\"https:\/\/stocklot.com.tr\/ar\/teklif-verin\/#breadcrumb\"},\"inLanguage\":\"ar\",\"potentialAction\":[{\"@type\":\"ReadAction\",\"target\":[\"https:\/\/stocklot.com.tr\/ar\/teklif-verin\/\"]}]},{\"@type\":\"BreadcrumbList\",\"@id\":\"https:\/\/stocklot.com.tr\/ar\/teklif-verin\/#breadcrumb\",\"itemListElement\":[{\"@type\":\"ListItem\",\"position\":1,\"name\":\"Ana sayfa\",\"item\":\"https:\/\/stocklot.com.tr\/\"},{\"@type\":\"ListItem\",\"position\":2,\"name\":\"Teklif Verin\"}]},{\"@type\":\"WebSite\",\"@id\":\"https:\/\/stocklot.com.tr\/#website\",\"url\":\"https:\/\/stocklot.com.tr\/\",\"name\":\"Stocklot D\u0131\u015f Ticaret\",\"description\":\"\",\"publisher\":{\"@id\":\"https:\/\/stocklot.com.tr\/#organization\"},\"potentialAction\":[{\"@type\":\"SearchAction\",\"target\":{\"@type\":\"EntryPoint\",\"urlTemplate\":\"https:\/\/stocklot.com.tr\/?s={search_term_string}\"},\"query-input\":{\"@type\":\"PropertyValueSpecification\",\"valueRequired\":true,\"valueName\":\"search_term_string\"}}],\"inLanguage\":\"ar\"},{\"@type\":\"Organization\",\"@id\":\"https:\/\/stocklot.com.tr\/#organization\",\"name\":\"Stocklot D\u0131\u015f Ticaret LTD \u015eT\u0130\",\"url\":\"https:\/\/stocklot.com.tr\/\",\"logo\":{\"@type\":\"ImageObject\",\"inLanguage\":\"ar\",\"@id\":\"https:\/\/stocklot.com.tr\/#\/schema\/logo\/image\/\",\"url\":\"https:\/\/stocklot.com.tr\/wp-content\/uploads\/2018\/08\/logo.png\",\"contentUrl\":\"https:\/\/stocklot.com.tr\/wp-content\/uploads\/2018\/08\/logo.png\",\"width\":329,\"height\":100,\"caption\":\"Stocklot D\u0131\u015f Ticaret LTD \u015eT\u0130\"},\"image\":{\"@id\":\"https:\/\/stocklot.com.tr\/#\/schema\/logo\/image\/\"},\"sameAs\":[\"https:\/\/www.facebook.com\/stocklot.branda.7\",\"https:\/\/x.com\/stocklottr\",\"https:\/\/www.instagram.com\/stocklot.tr\/\",\"https:\/\/www.linkedin.com\/company\/stocklot-dis-ticaret\/\",\"http:\/\/www.youtube.com\/channel\/UC3vVOrCxsWCI7flcrjAglzA\"]}]}<\/script>\n<!-- \/ Yoast SEO plugin. -->","yoast_head_json":{"title":"Teklif Verin","description":"Elinizde bulunan stocklot \u00fcr\u00fcnlerinizi sat\u0131n almam\u0131z i\u00e7in bize teklif sunabilirsiniz. Bunun i\u00e7in sayfada yer alan formu doldurun ya da bizi aray\u0131n.","robots":{"index":"index","follow":"follow","max-snippet":"max-snippet:-1","max-image-preview":"max-image-preview:large","max-video-preview":"max-video-preview:-1"},"canonical":"https:\/\/stocklot.com.tr\/ar\/teklif-verin\/","og_locale":"ar_AR","og_type":"article","og_title":"Teklif Verin","og_description":"Elinizde bulunan stocklot \u00fcr\u00fcnlerinizi sat\u0131n almam\u0131z i\u00e7in bize teklif sunabilirsiniz. Bunun i\u00e7in sayfada yer alan formu doldurun ya da bizi aray\u0131n.","og_url":"https:\/\/stocklot.com.tr\/ar\/teklif-verin\/","og_site_name":"Stocklot D\u0131\u015f Ticaret","article_publisher":"https:\/\/www.facebook.com\/stocklot.branda.7","article_modified_time":"2019-01-02T09:36:33+00:00","twitter_card":"summary_large_image","twitter_site":"@stocklottr","schema":{"@context":"https:\/\/schema.org","@graph":[{"@type":"WebPage","@id":"https:\/\/stocklot.com.tr\/ar\/teklif-verin\/","url":"https:\/\/stocklot.com.tr\/ar\/teklif-verin\/","name":"Teklif Verin","isPartOf":{"@id":"https:\/\/stocklot.com.tr\/#website"},"datePublished":"2018-10-15T09:10:47+00:00","dateModified":"2019-01-02T09:36:33+00:00","description":"Elinizde bulunan stocklot \u00fcr\u00fcnlerinizi sat\u0131n almam\u0131z i\u00e7in bize teklif sunabilirsiniz. Bunun i\u00e7in sayfada yer alan formu doldurun ya da bizi aray\u0131n.","breadcrumb":{"@id":"https:\/\/stocklot.com.tr\/ar\/teklif-verin\/#breadcrumb"},"inLanguage":"ar","potentialAction":[{"@type":"ReadAction","target":["https:\/\/stocklot.com.tr\/ar\/teklif-verin\/"]}]},{"@type":"BreadcrumbList","@id":"https:\/\/stocklot.com.tr\/ar\/teklif-verin\/#breadcrumb","itemListElement":[{"@type":"ListItem","position":1,"name":"Ana sayfa","item":"https:\/\/stocklot.com.tr\/"},{"@type":"ListItem","position":2,"name":"Teklif Verin"}]},{"@type":"WebSite","@id":"https:\/\/stocklot.com.tr\/#website","url":"https:\/\/stocklot.com.tr\/","name":"Stocklot D\u0131\u015f Ticaret","description":"","publisher":{"@id":"https:\/\/stocklot.com.tr\/#organization"},"potentialAction":[{"@type":"SearchAction","target":{"@type":"EntryPoint","urlTemplate":"https:\/\/stocklot.com.tr\/?s={search_term_string}"},"query-input":{"@type":"PropertyValueSpecification","valueRequired":true,"valueName":"search_term_string"}}],"inLanguage":"ar"},{"@type":"Organization","@id":"https:\/\/stocklot.com.tr\/#organization","name":"Stocklot D\u0131\u015f Ticaret LTD \u015eT\u0130","url":"https:\/\/stocklot.com.tr\/","logo":{"@type":"ImageObject","inLanguage":"ar","@id":"https:\/\/stocklot.com.tr\/#\/schema\/logo\/image\/","url":"https:\/\/stocklot.com.tr\/wp-content\/uploads\/2018\/08\/logo.png","contentUrl":"https:\/\/stocklot.com.tr\/wp-content\/uploads\/2018\/08\/logo.png","width":329,"height":100,"caption":"Stocklot D\u0131\u015f Ticaret LTD \u015eT\u0130"},"image":{"@id":"https:\/\/stocklot.com.tr\/#\/schema\/logo\/image\/"},"sameAs":["https:\/\/www.facebook.com\/stocklot.branda.7","https:\/\/x.com\/stocklottr","https:\/\/www.instagram.com\/stocklot.tr\/","https:\/\/www.linkedin.com\/company\/stocklot-dis-ticaret\/","http:\/\/www.youtube.com\/channel\/UC3vVOrCxsWCI7flcrjAglzA"]}]}},"_links":{"self":[{"href":"https:\/\/stocklot.com.tr\/ar\/wp-json\/wp\/v2\/pages\/212","targetHints":{"allow":["GET"]}}],"collection":[{"href":"https:\/\/stocklot.com.tr\/ar\/wp-json\/wp\/v2\/pages"}],"about":[{"href":"https:\/\/stocklot.com.tr\/ar\/wp-json\/wp\/v2\/types\/page"}],"author":[{"embeddable":true,"href":"https:\/\/stocklot.com.tr\/ar\/wp-json\/wp\/v2\/users\/1"}],"replies":[{"embeddable":true,"href":"https:\/\/stocklot.com.tr\/ar\/wp-json\/wp\/v2\/comments?post=212"}],"version-history":[{"count":5,"href":"https:\/\/stocklot.com.tr\/ar\/wp-json\/wp\/v2\/pages\/212\/revisions"}],"predecessor-version":[{"id":541,"href":"https:\/\/stocklot.com.tr\/ar\/wp-json\/wp\/v2\/pages\/212\/revisions\/541"}],"wp:attachment":[{"href":"https:\/\/stocklot.com.tr\/ar\/wp-json\/wp\/v2\/media?parent=212"}],"curies":[{"name":"wp","href":"https:\/\/api.w.org\/{rel}","templated":true}]}}