{"id":11,"date":"2018-08-04T02:35:35","date_gmt":"2018-08-03T23:35:35","guid":{"rendered":"http:\/\/stocklot.com.tr\/?page_id=11"},"modified":"2025-05-19T07:34:25","modified_gmt":"2025-05-19T04:34:25","slug":"anasayfa","status":"publish","type":"page","link":"https:\/\/stocklot.com.tr\/ar\/","title":{"rendered":"Anasayfa"},"content":{"rendered":"<div data-elementor-type=\"wp-page\" data-elementor-id=\"11\" class=\"elementor elementor-11\">\n\t\t\t\t\t\t<section class=\"elementor-section elementor-top-section elementor-element elementor-element-3962b663 elementor-section-boxed elementor-section-height-default elementor-section-height-default\" data-id=\"3962b663\" data-element_type=\"section\">\n\t\t\t\t\t\t<div class=\"elementor-container elementor-column-gap-default\">\n\t\t\t\t\t<div class=\"elementor-column elementor-col-100 elementor-top-column elementor-element elementor-element-333ce1b6\" data-id=\"333ce1b6\" data-element_type=\"column\">\n\t\t\t<div class=\"elementor-widget-wrap elementor-element-populated\">\n\t\t\t\t\t\t<div class=\"elementor-element elementor-element-6a37bdd5 elementor-widget elementor-widget-text-editor\" data-id=\"6a37bdd5\" data-element_type=\"widget\" data-widget_type=\"text-editor.default\">\n\t\t\t\t<div class=\"elementor-widget-container\">\n\t\t\t\t\t\t\t\t\t<a href=\"https:\/\/stocklot.com.tr\/ar\/stocklot-nedir\/\" style=\"font-color: white;\"><span style=\"font-size: 36px; color: #ffffff;\"><strong><\/span>\u0645\u0627 \u0647\u0648 \u0627\u0644\u0633\u062a\u0648\u0643\u0644\u0648\u062a\u061f<span style=\"font-family: Roboto\"><\/strong><\/span><\/a>\n<br>\n<span style=\"font-size:18px;\"><strong>\u0633\u062a\u0648\u0643\u0644\u0648\u062a<\/strong> \u0647\u0648 \u0627\u062e\u0631\u0627\u062c \u0627\u0644\u0633\u0644\u0639 \u0627\u0644\u0632\u0627\u0626\u062f\u0629 \u0627\u0648 \u0627\u0644\u0633\u0644\u0639 \u0627\u0644\u0642\u062f\u064a\u0645\u0629 \u0641\u064a \u0627\u0644\u0633\u0648\u0642 \u0645\u0646 \u0627\u0644\u0645\u0639\u0627\u0645\u0644 \u0627\u0644\u0636\u062e\u0645\u0629 \u0648 \u0628\u064a\u0639\u0647\u0627 \u0628\u0627\u0631\u062e\u0635 \u0645\u0646 \u0627\u0644\u0633\u0639\u0631 \u0627\u0644\u0645\u0639\u062a\u0627\u062f.<br>\n<span style=\"font-size: 12px;\">*\u00dcretim fazlas\u0131, sat\u0131\u015f iptali, Avrupa Standartlar\u0131na uygun olmayan, \u00e7arp\u0131k \u00f6l\u00e7\u00fcl\u00fc, raf \u00f6mr\u00fcn\u00fc doldurmu\u015f, stok temizli\u011fi ile bitirilmeye \u00e7al\u0131\u015f\u0131lan, tasar\u0131m\u0131 sezon de\u011fi\u015fikli\u011fine u\u011fram\u0131\u015f, iflas mal\u0131, vb.<\/span>\t\t\t\t\t\t\t\t<\/div>\n\t\t\t\t<\/div>\n\t\t\t\t\t<\/div>\n\t\t<\/div>\n\t\t\t\t\t<\/div>\n\t\t<\/section>\n\t\t\t\t<\/div>","protected":false},"excerpt":{"rendered":"<p>Stocklot Nedir? Stocklot b\u00fcy\u00fck fabrikalar\u0131n \u00fcretim fazlas\u0131 veya stoklar\u0131nda uzun s\u00fcredir bulunan \u00fcr\u00fcnleri normal fiyatlar\u0131n alt\u0131nda elden \u00e7\u0131kartmas\u0131 olay\u0131d\u0131r. *\u00dcretim fazlas\u0131, sat\u0131\u015f iptali, Avrupa Standartlar\u0131na uygun olmayan, \u00e7arp\u0131k \u00f6l\u00e7\u00fcl\u00fc, raf \u00f6mr\u00fcn\u00fc doldurmu\u015f, stok temizli\u011fi ile bitirilmeye \u00e7al\u0131\u015f\u0131lan, tasar\u0131m\u0131 sezon de\u011fi\u015fikli\u011fine u\u011fram\u0131\u015f, iflas mal\u0131, vb.<\/p>","protected":false},"author":1,"featured_media":96,"parent":0,"menu_order":0,"comment_status":"closed","ping_status":"closed","template":"","meta":{"footnotes":""},"class_list":["post-11","page","type-page","status-publish","has-post-thumbnail","hentry"],"yoast_head":"<!-- This site is optimized with the Yoast SEO plugin v25.3.1 - https:\/\/yoast.com\/wordpress\/plugins\/seo\/ -->\n<title>Stocklot D\u0131\u015f Ticaret LTD \u015eT\u0130<\/title>\n<meta name=\"description\" content=\"Avrupa&#039;n\u0131n stok fazlas\u0131 \u00fcr\u00fcnlerini uygun fiyatlarla tedarik ediyoruz.\" \/>\n<meta name=\"robots\" content=\"index, follow, max-snippet:-1, max-image-preview:large, max-video-preview:-1\" \/>\n<link rel=\"canonical\" href=\"https:\/\/stocklot.com.tr\/ar\/\" \/>\n<meta property=\"og:locale\" content=\"ar_AR\" \/>\n<meta property=\"og:type\" content=\"article\" \/>\n<meta property=\"og:title\" content=\"Stocklot D\u0131\u015f Ticaret LTD \u015eT\u0130\" \/>\n<meta property=\"og:description\" content=\"Avrupa&#039;n\u0131n stok fazlas\u0131 \u00fcr\u00fcnlerini uygun fiyatlarla tedarik ediyoruz.\" \/>\n<meta property=\"og:url\" content=\"https:\/\/stocklot.com.tr\/ar\/\" \/>\n<meta property=\"og:site_name\" content=\"Stocklot D\u0131\u015f Ticaret\" \/>\n<meta property=\"article:publisher\" content=\"https:\/\/www.facebook.com\/stocklot.branda.7\" \/>\n<meta property=\"article:modified_time\" content=\"2025-05-19T04:34:25+00:00\" \/>\n<meta property=\"og:image\" content=\"https:\/\/stocklot.com.tr\/wp-content\/uploads\/2018\/10\/banner.png\" \/>\n\t<meta property=\"og:image:width\" content=\"1920\" \/>\n\t<meta property=\"og:image:height\" content=\"850\" \/>\n\t<meta property=\"og:image:type\" content=\"image\/png\" \/>\n<meta name=\"twitter:card\" content=\"summary_large_image\" \/>\n<meta name=\"twitter:site\" content=\"@stocklottr\" \/>\n<meta name=\"twitter:label1\" content=\"\u0648\u0642\u062a \u0627\u0644\u0642\u0631\u0627\u0621\u0629 \u0627\u0644\u0645\u064f\u0642\u062f\u0651\u0631\" \/>\n\t<meta name=\"twitter:data1\" content=\"\u062f\u0642\u064a\u0642\u0629 \u0648\u0627\u062d\u062f\u0629\" \/>\n<script type=\"application\/ld+json\" class=\"yoast-schema-graph\">{\"@context\":\"https:\/\/schema.org\",\"@graph\":[{\"@type\":\"WebPage\",\"@id\":\"https:\/\/stocklot.com.tr\/\",\"url\":\"https:\/\/stocklot.com.tr\/\",\"name\":\"Stocklot D\u0131\u015f Ticaret LTD \u015eT\u0130\",\"isPartOf\":{\"@id\":\"https:\/\/stocklot.com.tr\/#website\"},\"primaryImageOfPage\":{\"@id\":\"https:\/\/stocklot.com.tr\/#primaryimage\"},\"image\":{\"@id\":\"https:\/\/stocklot.com.tr\/#primaryimage\"},\"thumbnailUrl\":\"https:\/\/stocklot.com.tr\/wp-content\/uploads\/2018\/10\/banner.png\",\"datePublished\":\"2018-08-03T23:35:35+00:00\",\"dateModified\":\"2025-05-19T04:34:25+00:00\",\"description\":\"Avrupa'n\u0131n stok fazlas\u0131 \u00fcr\u00fcnlerini uygun fiyatlarla tedarik ediyoruz.\",\"breadcrumb\":{\"@id\":\"https:\/\/stocklot.com.tr\/#breadcrumb\"},\"inLanguage\":\"ar\",\"potentialAction\":[{\"@type\":\"ReadAction\",\"target\":[\"https:\/\/stocklot.com.tr\/\"]}]},{\"@type\":\"ImageObject\",\"inLanguage\":\"ar\",\"@id\":\"https:\/\/stocklot.com.tr\/#primaryimage\",\"url\":\"https:\/\/stocklot.com.tr\/wp-content\/uploads\/2018\/10\/banner.png\",\"contentUrl\":\"https:\/\/stocklot.com.tr\/wp-content\/uploads\/2018\/10\/banner.png\",\"width\":1920,\"height\":850},{\"@type\":\"BreadcrumbList\",\"@id\":\"https:\/\/stocklot.com.tr\/#breadcrumb\",\"itemListElement\":[{\"@type\":\"ListItem\",\"position\":1,\"name\":\"Ana sayfa\",\"item\":\"https:\/\/stocklot.com.tr\/\"},{\"@type\":\"ListItem\",\"position\":2,\"name\":\"Anasayfa\"}]},{\"@type\":\"WebSite\",\"@id\":\"https:\/\/stocklot.com.tr\/#website\",\"url\":\"https:\/\/stocklot.com.tr\/\",\"name\":\"Stocklot D\u0131\u015f Ticaret\",\"description\":\"\",\"publisher\":{\"@id\":\"https:\/\/stocklot.com.tr\/#organization\"},\"potentialAction\":[{\"@type\":\"SearchAction\",\"target\":{\"@type\":\"EntryPoint\",\"urlTemplate\":\"https:\/\/stocklot.com.tr\/?s={search_term_string}\"},\"query-input\":{\"@type\":\"PropertyValueSpecification\",\"valueRequired\":true,\"valueName\":\"search_term_string\"}}],\"inLanguage\":\"ar\"},{\"@type\":\"Organization\",\"@id\":\"https:\/\/stocklot.com.tr\/#organization\",\"name\":\"Stocklot D\u0131\u015f Ticaret LTD \u015eT\u0130\",\"url\":\"https:\/\/stocklot.com.tr\/\",\"logo\":{\"@type\":\"ImageObject\",\"inLanguage\":\"ar\",\"@id\":\"https:\/\/stocklot.com.tr\/#\/schema\/logo\/image\/\",\"url\":\"https:\/\/stocklot.com.tr\/wp-content\/uploads\/2018\/08\/logo.png\",\"contentUrl\":\"https:\/\/stocklot.com.tr\/wp-content\/uploads\/2018\/08\/logo.png\",\"width\":329,\"height\":100,\"caption\":\"Stocklot D\u0131\u015f Ticaret LTD \u015eT\u0130\"},\"image\":{\"@id\":\"https:\/\/stocklot.com.tr\/#\/schema\/logo\/image\/\"},\"sameAs\":[\"https:\/\/www.facebook.com\/stocklot.branda.7\",\"https:\/\/x.com\/stocklottr\",\"https:\/\/www.instagram.com\/stocklot.tr\/\",\"https:\/\/www.linkedin.com\/company\/stocklot-dis-ticaret\/\",\"http:\/\/www.youtube.com\/channel\/UC3vVOrCxsWCI7flcrjAglzA\"]}]}<\/script>\n<!-- \/ Yoast SEO plugin. -->","yoast_head_json":{"title":"Stocklot D\u0131\u015f Ticaret LTD \u015eT\u0130","description":"Avrupa'n\u0131n stok fazlas\u0131 \u00fcr\u00fcnlerini uygun fiyatlarla tedarik ediyoruz.","robots":{"index":"index","follow":"follow","max-snippet":"max-snippet:-1","max-image-preview":"max-image-preview:large","max-video-preview":"max-video-preview:-1"},"canonical":"https:\/\/stocklot.com.tr\/ar\/","og_locale":"ar_AR","og_type":"article","og_title":"Stocklot D\u0131\u015f Ticaret LTD \u015eT\u0130","og_description":"Avrupa'n\u0131n stok fazlas\u0131 \u00fcr\u00fcnlerini uygun fiyatlarla tedarik ediyoruz.","og_url":"https:\/\/stocklot.com.tr\/ar\/","og_site_name":"Stocklot D\u0131\u015f Ticaret","article_publisher":"https:\/\/www.facebook.com\/stocklot.branda.7","article_modified_time":"2025-05-19T04:34:25+00:00","og_image":[{"width":1920,"height":850,"url":"https:\/\/stocklot.com.tr\/wp-content\/uploads\/2018\/10\/banner.png","type":"image\/png"}],"twitter_card":"summary_large_image","twitter_site":"@stocklottr","twitter_misc":{"\u0648\u0642\u062a \u0627\u0644\u0642\u0631\u0627\u0621\u0629 \u0627\u0644\u0645\u064f\u0642\u062f\u0651\u0631":"\u062f\u0642\u064a\u0642\u0629 \u0648\u0627\u062d\u062f\u0629"},"schema":{"@context":"https:\/\/schema.org","@graph":[{"@type":"WebPage","@id":"https:\/\/stocklot.com.tr\/","url":"https:\/\/stocklot.com.tr\/","name":"Stocklot D\u0131\u015f Ticaret LTD \u015eT\u0130","isPartOf":{"@id":"https:\/\/stocklot.com.tr\/#website"},"primaryImageOfPage":{"@id":"https:\/\/stocklot.com.tr\/#primaryimage"},"image":{"@id":"https:\/\/stocklot.com.tr\/#primaryimage"},"thumbnailUrl":"https:\/\/stocklot.com.tr\/wp-content\/uploads\/2018\/10\/banner.png","datePublished":"2018-08-03T23:35:35+00:00","dateModified":"2025-05-19T04:34:25+00:00","description":"Avrupa'n\u0131n stok fazlas\u0131 \u00fcr\u00fcnlerini uygun fiyatlarla tedarik ediyoruz.","breadcrumb":{"@id":"https:\/\/stocklot.com.tr\/#breadcrumb"},"inLanguage":"ar","potentialAction":[{"@type":"ReadAction","target":["https:\/\/stocklot.com.tr\/"]}]},{"@type":"ImageObject","inLanguage":"ar","@id":"https:\/\/stocklot.com.tr\/#primaryimage","url":"https:\/\/stocklot.com.tr\/wp-content\/uploads\/2018\/10\/banner.png","contentUrl":"https:\/\/stocklot.com.tr\/wp-content\/uploads\/2018\/10\/banner.png","width":1920,"height":850},{"@type":"BreadcrumbList","@id":"https:\/\/stocklot.com.tr\/#breadcrumb","itemListElement":[{"@type":"ListItem","position":1,"name":"Ana sayfa","item":"https:\/\/stocklot.com.tr\/"},{"@type":"ListItem","position":2,"name":"Anasayfa"}]},{"@type":"WebSite","@id":"https:\/\/stocklot.com.tr\/#website","url":"https:\/\/stocklot.com.tr\/","name":"Stocklot D\u0131\u015f Ticaret","description":"","publisher":{"@id":"https:\/\/stocklot.com.tr\/#organization"},"potentialAction":[{"@type":"SearchAction","target":{"@type":"EntryPoint","urlTemplate":"https:\/\/stocklot.com.tr\/?s={search_term_string}"},"query-input":{"@type":"PropertyValueSpecification","valueRequired":true,"valueName":"search_term_string"}}],"inLanguage":"ar"},{"@type":"Organization","@id":"https:\/\/stocklot.com.tr\/#organization","name":"Stocklot D\u0131\u015f Ticaret LTD \u015eT\u0130","url":"https:\/\/stocklot.com.tr\/","logo":{"@type":"ImageObject","inLanguage":"ar","@id":"https:\/\/stocklot.com.tr\/#\/schema\/logo\/image\/","url":"https:\/\/stocklot.com.tr\/wp-content\/uploads\/2018\/08\/logo.png","contentUrl":"https:\/\/stocklot.com.tr\/wp-content\/uploads\/2018\/08\/logo.png","width":329,"height":100,"caption":"Stocklot D\u0131\u015f Ticaret LTD \u015eT\u0130"},"image":{"@id":"https:\/\/stocklot.com.tr\/#\/schema\/logo\/image\/"},"sameAs":["https:\/\/www.facebook.com\/stocklot.branda.7","https:\/\/x.com\/stocklottr","https:\/\/www.instagram.com\/stocklot.tr\/","https:\/\/www.linkedin.com\/company\/stocklot-dis-ticaret\/","http:\/\/www.youtube.com\/channel\/UC3vVOrCxsWCI7flcrjAglzA"]}]}},"_links":{"self":[{"href":"https:\/\/stocklot.com.tr\/ar\/wp-json\/wp\/v2\/pages\/11","targetHints":{"allow":["GET"]}}],"collection":[{"href":"https:\/\/stocklot.com.tr\/ar\/wp-json\/wp\/v2\/pages"}],"about":[{"href":"https:\/\/stocklot.com.tr\/ar\/wp-json\/wp\/v2\/types\/page"}],"author":[{"embeddable":true,"href":"https:\/\/stocklot.com.tr\/ar\/wp-json\/wp\/v2\/users\/1"}],"replies":[{"embeddable":true,"href":"https:\/\/stocklot.com.tr\/ar\/wp-json\/wp\/v2\/comments?post=11"}],"version-history":[{"count":14,"href":"https:\/\/stocklot.com.tr\/ar\/wp-json\/wp\/v2\/pages\/11\/revisions"}],"predecessor-version":[{"id":6966,"href":"https:\/\/stocklot.com.tr\/ar\/wp-json\/wp\/v2\/pages\/11\/revisions\/6966"}],"wp:featuredmedia":[{"embeddable":true,"href":"https:\/\/stocklot.com.tr\/ar\/wp-json\/wp\/v2\/media\/96"}],"wp:attachment":[{"href":"https:\/\/stocklot.com.tr\/ar\/wp-json\/wp\/v2\/media?parent=11"}],"curies":[{"name":"wp","href":"https:\/\/api.w.org\/{rel}","templated":true}]}}